{"id":6624,"date":"2022-05-28T20:36:49","date_gmt":"2022-05-28T18:36:49","guid":{"rendered":"https:\/\/fengchashop.com\/es\/product\/limonska-trava-bio\/"},"modified":"2026-04-25T09:54:12","modified_gmt":"2026-04-25T07:54:12","slug":"hierba-limon-bio","status":"publish","type":"product","link":"https:\/\/fengchashop.com\/es\/product\/hierba-limon-bio\/","title":{"rendered":"Hierba lim\u00f3n BIO 250 g"},"content":{"rendered":"<h2 style=\"text-align: justify\"><span style=\"color: #000000\">Hierba lim\u00f3n (infusi\u00f3n de hierbas)<\/span><\/h2>\n<p style=\"text-align: justify\"><span style=\"color: #000000\">La hierba lim\u00f3n es una hierba tropical con hojas caracter\u00edsticas de color verde oscuro y forma dentada, que puede alcanzar hasta 180 cm de altura. Es muy arom\u00e1tica, sobre todo por su contenido en <strong>citral<\/strong> y <strong>geraniol<\/strong>, que le dan a la planta su caracter\u00edstico <strong>aroma y sabor c\u00edtricos<\/strong>. Como aceite esencial, tambi\u00e9n es muy popular en aromaterapia y en productos cosm\u00e9ticos.<\/span><\/p>\n<p style=\"text-align: justify\"><span style=\"color: #000000\">La hierba lim\u00f3n es un potente <strong>antioxidante<\/strong> y una excelente <strong>fuente de vitamina C<\/strong>, por lo que puede ayudarnos a combatir resfriados, tos, asma y otras afecciones respiratorias. Tambi\u00e9n tiene propiedades antiinflamatorias, antibacterianas y antif\u00fangicas.<\/span><\/p>\n<p style=\"text-align: justify\"><span style=\"color: #000000\">Se puede utilizar seca o fresca y es indispensable en <strong>recetas asi\u00e1ticas<\/strong> con pescado, pollo y cerdo.<\/span><\/p>\n<p style=\"text-align: justify\"><span style=\"color: #000000\">Debido a su sabor c\u00edtrico, las hojas secas se utilizan principalmente en <strong>infusiones de hierbas o t\u00e9s<\/strong>, pero tambi\u00e9n se pueden preparar diversas <strong>bebidas refrescantes fr\u00edas y t\u00e9s helados<\/strong>, que sacian la sed y tienen un efecto beneficioso sobre el bienestar y reducen la tensi\u00f3n. Se combina con jengibre, clavo, lim\u00f3n y lima, menta y melisa. El t\u00e9 regula la digesti\u00f3n y alivia los problemas digestivos leves.<\/span><\/p>\n<h2 style=\"text-align: justify\"><span style=\"color: #000000\">Apariencia<\/span><\/h2>\n<p style=\"text-align: justify\"><span style=\"color: #000000\">Hojas verdes cortadas y secas.<\/span><\/p>\n<h2 style=\"text-align: justify\"><span style=\"color: #000000\">Almacenamiento<\/span><\/h2>\n<p style=\"text-align: justify\"><span style=\"color: #000000\">Conservar en un lugar seco, oscuro y fresco.<\/span><\/p>\n<h2 style=\"text-align: justify\"><span style=\"color: #000000\">Envasado<\/span><\/h2>\n<p><span style=\"color: #000000\">Bolsa herm\u00e9tica con cierre, donde el producto conserva toda su frescura y aroma. El envase protege de la luz y el aire, ya que est\u00e1 compuesto por varias capas de protecci\u00f3n que conservan las propiedades del contenido.<\/span><\/p>\n<p><span style=\"color: #000000\">El envase es muy pr\u00e1ctico y se puede reciclar.<\/span><\/p>\n<h2><span style=\"color: #000000\">Origen<\/span><\/h2>\n<p><span style=\"color: #000000\">Tailandia o India<\/span><\/p>\n","protected":false},"excerpt":{"rendered":"<p>La hierba lim\u00f3n es un potente antioxidante y una excelente fuente de vitamina C, por lo que puede ayudarnos a combatir resfriados, tos, asma y otras afecciones respiratorias. Tambi\u00e9n tiene propiedades antiinflamatorias, antibacterianas y antif\u00fangicas. Se puede utilizar seca o fresca y es indispensable en recetas asi\u00e1ticas con pescado, pollo y cerdo. Se combina con jengibre, clavo, lim\u00f3n y lima, menta y melisa. Las hojas secas se utilizan principalmente:<\/p>\n<p>\ud83d\udc9a en infusiones o t\u00e9s de hierbas, que regulan la digesti\u00f3n y alivian los problemas digestivos leves,<br \/>\n\ud83d\udc9a como refrescantes bebidas fr\u00edas y t\u00e9s helados.<\/p>\n<p>&nbsp;<\/p>\n","protected":false},"featured_media":4767,"comment_status":"open","ping_status":"closed","template":"","meta":{"_acf_changed":false},"product_brand":[],"product_cat":[15,224,216],"product_tag":[],"class_list":{"0":"post-6624","1":"product","2":"type-product","3":"status-publish","4":"has-post-thumbnail","6":"product_cat-uncategorized","7":"product_cat-te-alimentos-y-especias","8":"product_cat-todos-los-productos","10":"first","11":"instock","12":"taxable","13":"shipping-taxable","14":"purchasable","15":"product-type-simple"},"acf":[],"_links":{"self":[{"href":"https:\/\/fengchashop.com\/es\/wp-json\/wp\/v2\/product\/6624","targetHints":{"allow":["GET"]}}],"collection":[{"href":"https:\/\/fengchashop.com\/es\/wp-json\/wp\/v2\/product"}],"about":[{"href":"https:\/\/fengchashop.com\/es\/wp-json\/wp\/v2\/types\/product"}],"replies":[{"embeddable":true,"href":"https:\/\/fengchashop.com\/es\/wp-json\/wp\/v2\/comments?post=6624"}],"wp:featuredmedia":[{"embeddable":true,"href":"https:\/\/fengchashop.com\/es\/wp-json\/wp\/v2\/media\/4767"}],"wp:attachment":[{"href":"https:\/\/fengchashop.com\/es\/wp-json\/wp\/v2\/media?parent=6624"}],"wp:term":[{"taxonomy":"product_brand","embeddable":true,"href":"https:\/\/fengchashop.com\/es\/wp-json\/wp\/v2\/product_brand?post=6624"},{"taxonomy":"product_cat","embeddable":true,"href":"https:\/\/fengchashop.com\/es\/wp-json\/wp\/v2\/product_cat?post=6624"},{"taxonomy":"product_tag","embeddable":true,"href":"https:\/\/fengchashop.com\/es\/wp-json\/wp\/v2\/product_tag?post=6624"}],"curies":[{"name":"wp","href":"https:\/\/api.w.org\/{rel}","templated":true}]}}