{"id":6620,"date":"2022-05-28T15:00:30","date_gmt":"2022-05-28T13:00:30","guid":{"rendered":"https:\/\/fengchashop.com\/es\/product\/sladki-koren-likviricija-v-prahu-bio\/"},"modified":"2026-05-04T08:08:13","modified_gmt":"2026-05-04T06:08:13","slug":"raiz-dulce-licorice-en-polvo-bio","status":"publish","type":"product","link":"https:\/\/fengchashop.com\/es\/product\/raiz-dulce-licorice-en-polvo-bio\/","title":{"rendered":"Ra\u00edz dulce (licorice) en polvo BIO 250 g"},"content":{"rendered":"<h2><strong>\u00bfQu\u00e9 es el regaliz?<\/strong><\/h2>\n<p><strong>El regaliz o liquiricia (<em>Glycyrrhiza glabra<\/em>) <\/strong>es una planta perenne de la familia de las leguminosas, conocida por su caracter\u00edstico sabor dulce. Cada a\u00f1o, la planta produce tallos le\u00f1osos que crecen entre uno y dos metros de altura. La parte m\u00e1s utilizada es su ra\u00edz, que contiene numerosos componentes activos, entre los que destaca la glicirricina, que es 50 veces m\u00e1s dulce que la sacarosa (az\u00facar com\u00fan). La ra\u00edz seca y molida se utiliza como ra\u00edz dulce en polvo, muy popular en la alimentaci\u00f3n, la medicina natural y la cosm\u00e9tica.<\/p>\n<p>El regaliz tiene una larga historia de uso, ya que se conoce desde la \u00e9poca de los antiguos egipcios. Tiene propiedades antiinflamatorias y antiespasm\u00f3dicas, alivia los problemas estomacales (acidez, hinchaz\u00f3n, mala digesti\u00f3n) y puede inhibir el crecimiento de la bacteria Helicobacter pylori, que causa \u00falceras estomacales. Adem\u00e1s de sus beneficios digestivos, tambi\u00e9n se utiliza para tratar problemas respiratorios (resfriados, inflamaci\u00f3n de garganta y bronquitis), ya que facilita la expectoraci\u00f3n y limpia las v\u00edas respiratorias. Tambi\u00e9n se cree que tiene un efecto positivo sobre el funcionamiento del h\u00edgado, el sistema inmunol\u00f3gico y los problemas femeninos de la menopausia. Puede tener un efecto diur\u00e9tico y laxante.<\/p>\n<p>En la medicina tradicional china y en el ayurveda se utiliza como t\u00f3nico para rejuvenecer el coraz\u00f3n y el bazo, as\u00ed como para combatir las \u00falceras y los problemas cut\u00e1neos. Como humedece la garganta seca, lo utilizan a menudo fumadores, cantantes y oradores.<\/p>\n<p>Tambi\u00e9n es un ingrediente habitual en los complementos alimenticios y las f\u00f3rmulas a base de hierbas, donde act\u00faa como aglutinante entre las hierbas y potencia su efecto.<\/p>\n<h2><strong>Efectos curativos<\/strong><\/h2>\n<p>El polvo de ra\u00edz dulce tiene una amplia gama de efectos beneficiosos para el organismo, por lo que se utiliza a menudo en la medicina ayurv\u00e9dica y tradicional china:<\/p>\n<p><strong>\ud83d\udc9a Efecto antiinflamatorio: <\/strong>Sus principios activos ayudan a inhibir las inflamaciones, especialmente las del tracto digestivo, la piel y las v\u00edas respiratorias.<\/p>\n<p><strong>\ud83d\udc9a Apoyo respiratorio:<\/strong> Se utiliza tradicionalmente para aliviar la tos, la inflamaci\u00f3n de garganta, la bronquitis y el asma. Act\u00faa como expectorante (facilita la expulsi\u00f3n de la flema) y alivia la irritaci\u00f3n de la mucosa.<\/p>\n<p><strong>\ud83d\udc9a Protecci\u00f3n de la mucosa g\u00e1strica:<\/strong> La glicirricina y los flavonoides protegen la pared g\u00e1strica de da\u00f1os y ayudan en problemas como \u00falceras, gastritis, reflujo e infecci\u00f3n por <em>Helicobacter pylori<\/em>.<\/p>\n<p><strong>\ud83d\udc9a Apoyo a la gl\u00e1ndula suprarrenal<\/strong>: Equilibra los niveles de cortisol, aumenta la energ\u00eda y tiene un efecto adapt\u00f3geno, lo que significa que ayuda al cuerpo a controlar el estr\u00e9s, el agotamiento y la fatiga.<\/p>\n<p><strong>\ud83d\udc9a Acci\u00f3n antiviral y antibacteriana:<\/strong> Tiene propiedades antimicrobianas naturales y se utiliza como apoyo en infecciones (por ejemplo, herpes, gripe, hepatitis B y C).<\/p>\n<p><strong>\ud83d\udc9a Equilibrio hormonal:<\/strong> Se utiliza tradicionalmente para aliviar los s\u00edntomas del s\u00edndrome premenstrual y la menopausia, ya que influye en el equilibrio del estr\u00f3geno.<\/p>\n<h2><strong>Almacenamiento y advertencias<\/strong><\/h2>\n<p>Almacenar en un lugar seco y fresco a una temperatura m\u00e1xima de 25 \u00b0C. \u00a1Mantenga el complemento alimenticio fuera del alcance de los ni\u00f1os!<\/p>\n<p>No olvide la importancia de una dieta variada y un estilo de vida saludable, por lo que el complemento alimenticio no sustituye una dieta equilibrada y variada. No se debe exceder la dosis diaria recomendada.<\/p>\n<p>No se recomienda el consumo de ra\u00edz dulce a mujeres embarazadas, madres lactantes, ni\u00f1os menores de 12 a\u00f1os, diab\u00e9ticos, personas con hipertensi\u00f3n arterial y pacientes card\u00edacos.<\/p>\n<p>El regaliz es beneficioso incluso en peque\u00f1as cantidades, por lo que no hay que abusar de \u00e9l. La cantidad m\u00e1xima diaria debe ser de 4 a 8 gramos (es decir, de 1 a 2 cucharaditas de t\u00e9). La ra\u00edz dulce tiene un fuerte efecto fisiol\u00f3gico (por ejemplo, puede afectar a la presi\u00f3n arterial), por lo que se recomienda comenzar con una dosis m\u00e1s baja (por ejemplo, 1\/2 cucharadita) y comprobar la respuesta del cuerpo, y luego aumentar el n\u00famero de dosis si es necesario, pero sin aumentar la cantidad de una sola vez. 1\/2 cucharadita es la cantidad \u00f3ptima para una taza de t\u00e9 (aproximadamente 200-250 ml). Una cantidad mayor podr\u00eda resultar demasiado fuerte, espesa o desagradable para beber.<\/p>\n<p>No se recomienda el consumo prolongado sin interrupciones. Lo mejor es hacer una pausa de al menos dos semanas despu\u00e9s de 4 a 6 semanas de consumo.<\/p>\n<p>La ra\u00edz dulce reduce el contenido de potasio en la sangre, por lo que es necesario compensarlo con la alimentaci\u00f3n (por ejemplo, pl\u00e1tanos, albaricoques secos, d\u00e1tiles, espinacas, acelgas, jud\u00edas, lentejas&#8230;) si se consume durante un periodo prolongado.<\/p>\n<h2><strong>Envasado<\/strong><\/h2>\n<p>Bolsa herm\u00e9tica con cierre, donde el producto conserva toda su frescura y aroma. El envase protege de la luz y el aire, ya que est\u00e1 compuesto por varias capas de protecci\u00f3n que conservan las propiedades del contenido.<\/p>\n<p>El envase es muy pr\u00e1ctico y se puede reciclar.<\/p>\n<h2><strong>Origen<\/strong><\/h2>\n<p>India<\/p>\n","protected":false},"excerpt":{"rendered":"<p>El <strong>r\u00e1bano dulce<\/strong> alivia los problemas estomacales causados por la acidez, la hinchaz\u00f3n y la mala digesti\u00f3n, y puede prevenir la proliferaci\u00f3n de la bacteria Helicobacter pylori, que causa \u00falceras estomacales. Adem\u00e1s de los problemas estomacales, el r\u00e1bano dulce tambi\u00e9n se utiliza para tratar problemas respiratorios. Alivia la tos y limpia las v\u00edas respiratorias. Tambi\u00e9n se cree que tiene un efecto positivo sobre el h\u00edgado, el sistema inmunol\u00f3gico y los problemas femeninos de la menopausia. Se utiliza tambi\u00e9n contra las \u00falceras de est\u00f3mago y los problemas de la piel. Como humedece la garganta seca, lo utilizan a menudo los fumadores y los oradores y cantantes profesionales.<\/p>\n<p>\ud83d\udc9a En la medicina tradicional china se utiliza como t\u00f3nico para rejuvenecer el coraz\u00f3n y el bazo.<br \/>\n\ud83d\udc9a La ra\u00edz dulce tiene propiedades antiinflamatorias y antiespasm\u00f3dicas.<\/p>\n<p>&nbsp;<\/p>\n","protected":false},"featured_media":5992,"comment_status":"open","ping_status":"closed","template":"","meta":{"_acf_changed":false},"product_brand":[],"product_cat":[15,194,195,216],"product_tag":[],"class_list":{"0":"post-6620","1":"product","2":"type-product","3":"status-publish","4":"has-post-thumbnail","6":"product_cat-uncategorized","7":"product_cat-ayurveda","8":"product_cat-superalimentos","9":"product_cat-todos-los-productos","11":"first","12":"instock","13":"taxable","14":"shipping-taxable","15":"purchasable","16":"product-type-simple"},"acf":[],"_links":{"self":[{"href":"https:\/\/fengchashop.com\/es\/wp-json\/wp\/v2\/product\/6620","targetHints":{"allow":["GET"]}}],"collection":[{"href":"https:\/\/fengchashop.com\/es\/wp-json\/wp\/v2\/product"}],"about":[{"href":"https:\/\/fengchashop.com\/es\/wp-json\/wp\/v2\/types\/product"}],"replies":[{"embeddable":true,"href":"https:\/\/fengchashop.com\/es\/wp-json\/wp\/v2\/comments?post=6620"}],"wp:featuredmedia":[{"embeddable":true,"href":"https:\/\/fengchashop.com\/es\/wp-json\/wp\/v2\/media\/5992"}],"wp:attachment":[{"href":"https:\/\/fengchashop.com\/es\/wp-json\/wp\/v2\/media?parent=6620"}],"wp:term":[{"taxonomy":"product_brand","embeddable":true,"href":"https:\/\/fengchashop.com\/es\/wp-json\/wp\/v2\/product_brand?post=6620"},{"taxonomy":"product_cat","embeddable":true,"href":"https:\/\/fengchashop.com\/es\/wp-json\/wp\/v2\/product_cat?post=6620"},{"taxonomy":"product_tag","embeddable":true,"href":"https:\/\/fengchashop.com\/es\/wp-json\/wp\/v2\/product_tag?post=6620"}],"curies":[{"name":"wp","href":"https:\/\/api.w.org\/{rel}","templated":true}]}}