{"id":6607,"date":"2022-05-27T15:00:16","date_gmt":"2022-05-27T13:00:16","guid":{"rendered":"https:\/\/fengchashop.com\/es\/product\/zelena-kava-v-prahu-bio\/"},"modified":"2026-04-30T22:01:25","modified_gmt":"2026-04-30T20:01:25","slug":"cafe-verde-en-polvo-bio","status":"publish","type":"product","link":"https:\/\/fengchashop.com\/es\/product\/cafe-verde-en-polvo-bio\/","title":{"rendered":"Caf\u00e9 verde en polvo BIO 500 g"},"content":{"rendered":"<h2 style=\"text-align: justify;\"><span style=\"color: #000000;\">\u00bfQu\u00e9 es el caf\u00e9 verde?<\/span><\/h2>\n<p style=\"text-align: justify;\"><span style=\"color: #000000;\">Los granos de caf\u00e9 verde son simplemente granos sin tostar del caf\u00e9 com\u00fan. Por lo tanto, el caf\u00e9 verde es un producto totalmente natural. Se prepara como una infusi\u00f3n de hierbas normal. Su sabor tambi\u00e9n es muy similar al del t\u00e9 de hierbas.<\/span><\/p>\n<p style=\"text-align: justify;\"><span style=\"color: #000000;\">Los granos de caf\u00e9 se seleccionan especialmente de <strong>plantaciones ecol\u00f3gicas<\/strong> y se muelen de una manera especial para garantizar un efecto \u00f3ptimo y, por supuesto, un sabor \u00f3ptimo durante la preparaci\u00f3n.<\/span><\/p>\n<p style=\"text-align: justify;\"><span style=\"color: #000000;\">El caf\u00e9 verde est\u00e1 ganando cada vez m\u00e1s adeptos debido a sus efectos positivos sobre los <strong>problemas modernos<\/strong>: sobrepeso, estr\u00e9s, falta de energ\u00eda y envejecimiento. Por eso no nos sorprende que, despu\u00e9s de varios a\u00f1os, siga siendo un alimento muy buscado y vendido.<br \/>\nNuestro caf\u00e9 verde es un producto ecol\u00f3gico certificado, totalmente natural y sin aditivos.<\/span><\/p>\n<h2 style=\"text-align: justify;\"><span style=\"color: #000000;\">\u00bfQu\u00e9 es el \u00e1cido clorog\u00e9nico y c\u00f3mo act\u00faa?<\/span><\/h2>\n<p style=\"text-align: justify;\"><span style=\"color: #000000;\">Debido a la presencia de \u00e1cido clorog\u00e9nico, el h\u00edgado deja de liberar glucosa en la sangre. Nuestro cuerpo responde a esto comenzando a utilizar la grasa almacenada. Se mejora el metabolismo y aumenta la p\u00e9rdida de grasa. En otras palabras, el \u00e1cido clorog\u00e9nico ayuda a quemar las reservas de grasa del cuerpo y, por lo tanto, reduce el peso.<\/span><\/p>\n<p style=\"text-align: justify;\"><span style=\"color: #000000;\">Seg\u00fan los resultados de algunas investigaciones, el caf\u00e9 verde tambi\u00e9n previene y reduce la hipertensi\u00f3n arterial, mejora el funcionamiento de la hormona que quema grasas y reduce los niveles de colesterol y triglic\u00e9ridos.<\/span><\/p>\n<p style=\"text-align: justify;\"><span style=\"color: #000000;\">Y aunque el caf\u00e9 verde es conocido principalmente por el \u00e1cido clorog\u00e9nico y su efecto adelgazante, tambi\u00e9n puede ser un buen sustituto del caf\u00e9 o el t\u00e9 habituales. <\/span><\/p>\n<h2 style=\"text-align: justify;\"><span style=\"color: #000000;\">Qu\u00e9 ingredientes contiene el caf\u00e9 verde y c\u00f3mo act\u00faan?<\/span><\/h2>\n<ul>\n<li><span style=\"color: #000000;\"><strong><em>Cafe\u00edna<\/em> <\/strong>\u2013 el caf\u00e9 verde contiene una concentraci\u00f3n ligeramente menor de cafe\u00edna. Las cantidades m\u00e1s peque\u00f1as de cafe\u00edna contrarrestan el <strong>cansancio f\u00edsico y mental<\/strong>. Para tener m\u00e1s energ\u00eda y sentirse mejor. <\/span><\/li>\n<li><span style=\"color: #000000;\"><em><strong>\u00c1cido clorog\u00e9nico<\/strong><\/em>: ayuda a quemar grasas, evita la absorci\u00f3n de az\u00facar en el intestino y regula el az\u00facar en sangre. Gracias al \u00e1cido clorog\u00e9nico, el caf\u00e9 verde puede ayudar a perder peso. Sin embargo, al tostarlo, se pierde la mayor parte de esta sustancia.<\/span><\/li>\n<li><span style=\"color: #000000;\"><em><strong>Antioxidantes<\/strong><\/em>: destruyen los radicales libres y, por lo tanto, pueden prevenir la aparici\u00f3n de ciertas enfermedades. Adem\u00e1s, los antioxidantes tambi\u00e9n act\u00faan contra el envejecimiento o inhiben los procesos que influyen en \u00e9l.<\/span><\/li>\n<li><span style=\"color: #000000;\"><em><strong>Otros<\/strong> <strong>componentes<\/strong> <\/em>\u2013 Vitaminas del complejo B, minerales, polifenoles. Todo lo que nuestro cuerpo necesita a diario. El complejo B contribuye al funcionamiento psicol\u00f3gico normal y a la reducci\u00f3n del cansancio y la fatiga. <\/span><\/li>\n<\/ul>\n<h2 style=\"text-align: justify;\"><span style=\"color: #000000;\">No solo para adelgazar<\/span><\/h2>\n<p style=\"text-align: justify;\"><span style=\"color: #000000;\">El caf\u00e9 verde es una experiencia agradable para todos los amantes de los buenos t\u00e9s de hierbas. Su sabor es muy agradable, interesante y \u00fanico. Aunque normalmente lo asociamos con la p\u00e9rdida de peso, el caf\u00e9 verde tambi\u00e9n se puede consumir con otros fines, y si adem\u00e1s hacemos algo para mejorar nuestro bienestar, matamos (al menos) dos p\u00e1jaros de un tiro. Debido a su compleja composici\u00f3n, rica en antioxidantes, minerales, vitaminas y polifenoles, puede tener un efecto positivo en la reducci\u00f3n de la presi\u00f3n arterial, acelerar el metabolismo, reducir la absorci\u00f3n de az\u00facar y ralentizar el proceso de envejecimiento. <\/span><\/p>\n<h2 style=\"text-align: justify;\"><span style=\"color: #000000;\">\u00bfCu\u00e1ndo se recomienda tomar caf\u00e9 verde?<\/span><\/h2>\n<p style=\"text-align: justify;\"><span style=\"color: #000000;\">Debido a su contenido en cafe\u00edna, no se recomienda tomarlo antes de acostarse, especialmente si la cafe\u00edna tiene un gran efecto sobre su estado de alerta. <\/span><\/p>\n<p style=\"text-align: justify;\"><span style=\"color: #000000;\">Por lo dem\u00e1s, se puede tomar en cualquier ocasi\u00f3n, como el caf\u00e9 o el t\u00e9 habituales. El caf\u00e9 verde nos permite variar la selecci\u00f3n de bebidas que consumimos a diario. Es especialmente bienvenido cuando necesitamos algo para <strong>aumentar la energ\u00eda y el estado de \u00e1nimo<\/strong>. <\/span><\/p>\n<p style=\"text-align: justify;\"><span style=\"color: #000000;\">Sin embargo, si queremos controlar nuestro peso y perder alg\u00fan kilo con la ayuda del caf\u00e9 verde, recomendamos tomarlo al menos 15 minutos antes de cada comida principal. Solo as\u00ed actuar\u00e1 como inhibidor del apetito. Es importante no tomarlo durante o despu\u00e9s de las comidas.<\/span><\/p>\n<h2 style=\"text-align: justify;\"><span style=\"color: #000000;\">\u00bfCu\u00e1nto caf\u00e9 verde se recomienda tomar?<\/span><\/h2>\n<p style=\"text-align: justify;\"><span style=\"color: #000000;\">Para obtener los efectos \u00f3ptimos de esta bebida natural y saludable, que <strong>mejora el bienestar general, aporta energ\u00eda<\/strong> y puede ser de gran <strong>ayuda para perder peso<\/strong>, es necesario beber al menos medio litro al d\u00eda. Si es posible, debe estar siempre reci\u00e9n preparada.<\/span><\/p>\n<h2 style=\"text-align: justify;\"><span style=\"color: #000000;\">\u00bfC\u00f3mo se envasa el caf\u00e9 verde y c\u00f3mo se almacena?<\/span><\/h2>\n<p style=\"text-align: justify;\"><span style=\"color: #000000;\">El caf\u00e9 verde se envasa en una <strong>bolsa herm\u00e9tica con cierre<\/strong>, donde conserva toda su frescura y aroma. El envase protege del luz y el aire, ya que est\u00e1 compuesto por varias capas de protecci\u00f3n que conservan las propiedades del contenido. El caf\u00e9 verde envasado de esta manera se almacena en un lugar seco, oscuro y fresco. Aseg\u00farate de que la bolsa o caja <strong>est\u00e9 siempre bien cerrada<\/strong>.<\/span><\/p>\n<p style=\"text-align: justify;\"><span style=\"color: #000000;\">El envase es muy pr\u00e1ctico y se puede reciclar.<\/span><\/p>\n<h2 style=\"text-align: justify;\"><span style=\"color: #000000;\">Origen<\/span><\/h2>\n<p style=\"text-align: justify;\"><span style=\"color: #000000;\">Sudam\u00e9rica<\/span><\/p>\n","protected":false},"excerpt":{"rendered":"<p>Los granos de caf\u00e9 verde son simplemente granos sin tostar del caf\u00e9 com\u00fan. Por lo tanto, el caf\u00e9 verde es un producto totalmente natural. Se prepara como una infusi\u00f3n de hierbas normal. Su sabor tambi\u00e9n es muy similar al del t\u00e9 de hierbas. El caf\u00e9 verde contiene:<br \/>\n\ud83d\udc9a cafe\u00edna: contiene una concentraci\u00f3n ligeramente menor de cafe\u00edna. Las cantidades m\u00e1s peque\u00f1as de cafe\u00edna combaten el cansancio f\u00edsico y mental. Para tener m\u00e1s energ\u00eda y sentirse mejor.<br \/>\n\ud83d\udc9a \u00c1cido clorog\u00e9nico: ayuda a quemar grasas, evita la absorci\u00f3n de az\u00facar en el intestino y regula el az\u00facar en sangre. Gracias al \u00e1cido clorog\u00e9nico, el caf\u00e9 verde puede ayudar a perder peso. Sin embargo, al tostarlo, se pierde la mayor parte de este \u00e1cido.<br \/>\n\ud83d\udc9a Antioxidantes: destruyen los radicales libres y, por lo tanto, pueden prevenir la aparici\u00f3n de ciertas enfermedades. Adem\u00e1s, los antioxidantes tambi\u00e9n act\u00faan contra el envejecimiento o inhiben los procesos que influyen en \u00e9l.<br \/>\n\ud83d\udc9a Otros componentes: vitaminas del complejo B, minerales, polifenoles. Todo lo que nuestro cuerpo necesita a diario. El complejo B contribuye al funcionamiento psicol\u00f3gico normal y a reducir el cansancio y el agotamiento.<\/p>\n","protected":false},"featured_media":4717,"comment_status":"open","ping_status":"closed","template":"","meta":{"_acf_changed":false},"product_brand":[],"product_cat":[15,224,216],"product_tag":[],"class_list":{"0":"post-6607","1":"product","2":"type-product","3":"status-publish","4":"has-post-thumbnail","6":"product_cat-uncategorized","7":"product_cat-te-alimentos-y-especias","8":"product_cat-todos-los-productos","10":"first","11":"instock","12":"taxable","13":"shipping-taxable","14":"purchasable","15":"product-type-simple"},"acf":[],"_links":{"self":[{"href":"https:\/\/fengchashop.com\/es\/wp-json\/wp\/v2\/product\/6607","targetHints":{"allow":["GET"]}}],"collection":[{"href":"https:\/\/fengchashop.com\/es\/wp-json\/wp\/v2\/product"}],"about":[{"href":"https:\/\/fengchashop.com\/es\/wp-json\/wp\/v2\/types\/product"}],"replies":[{"embeddable":true,"href":"https:\/\/fengchashop.com\/es\/wp-json\/wp\/v2\/comments?post=6607"}],"wp:featuredmedia":[{"embeddable":true,"href":"https:\/\/fengchashop.com\/es\/wp-json\/wp\/v2\/media\/4717"}],"wp:attachment":[{"href":"https:\/\/fengchashop.com\/es\/wp-json\/wp\/v2\/media?parent=6607"}],"wp:term":[{"taxonomy":"product_brand","embeddable":true,"href":"https:\/\/fengchashop.com\/es\/wp-json\/wp\/v2\/product_brand?post=6607"},{"taxonomy":"product_cat","embeddable":true,"href":"https:\/\/fengchashop.com\/es\/wp-json\/wp\/v2\/product_cat?post=6607"},{"taxonomy":"product_tag","embeddable":true,"href":"https:\/\/fengchashop.com\/es\/wp-json\/wp\/v2\/product_tag?post=6607"}],"curies":[{"name":"wp","href":"https:\/\/api.w.org\/{rel}","templated":true}]}}