{"id":6597,"date":"2022-05-23T14:36:27","date_gmt":"2022-05-23T12:36:27","guid":{"rendered":"https:\/\/fengchashop.com\/es\/product\/kajenski-poper-v-prahu-bio\/"},"modified":"2026-04-03T12:16:02","modified_gmt":"2026-04-03T10:16:02","slug":"pimienta-de-cayena-en-polvo-bio","status":"publish","type":"product","link":"https:\/\/fengchashop.com\/es\/product\/pimienta-de-cayena-en-polvo-bio\/","title":{"rendered":"Pimienta de Cayena en polvo BIO 250 g"},"content":{"rendered":"<div class=\"std\">\n<h2 style=\"text-align: justify;\"><span style=\"color: #000000;\">Pimienta de Cayena BIO<\/span><\/h2>\n<p style=\"text-align: justify;\"><span style=\"color: #000000;\">La pimienta de Cayena es originaria de Sudam\u00e9rica. Los conquistadores espa\u00f1oles lo trajeron a Europa y, debido a su f\u00e1cil cultivo, se hizo especialmente popular en el sur y el sudeste de Asia, donde se integr\u00f3 profundamente en la gastronom\u00eda local. Aunque lo llamamos pimienta, <strong>no tiene nada que ver con la pimienta, salvo su picante<\/strong>. La pimienta de Cayena es en realidad una mezcla de diferentes tipos de frutos de chile que se secan y se muelen hasta convertirlos en polvo. La pimienta de Cayena seca es m\u00e1s suave que la fresca, pero durante la cocci\u00f3n esta diferencia se reduce considerablemente. La pimienta de Cayena tambi\u00e9n es un ingrediente importante del chile, la tabasco y otras mezclas de especias indias.<\/span><\/p>\n<h2 style=\"text-align: justify;\"><span style=\"color: #000000;\">Grado de picante<\/span><\/h2>\n<p><span style=\"color: #000000;\">Aunque seg\u00fan la escala de Scoville, al pimiento de Cayena se le atribuyen entre <strong>30 000<\/strong> y <strong>50 000<\/strong> unidades, el nuestro es algo m\u00e1s suave, por lo que en una escala del 1 al 10 lo calificamos con un <strong>6\/10<\/strong>.<\/span><\/p>\n<h2 style=\"text-align: justify;\"><span style=\"color: #000000;\">Almacenamiento<\/span><\/h2>\n<p style=\"text-align: justify;\"><span style=\"color: #000000;\">Almacenar en un lugar seco, oscuro y fresco. Aseg\u00farese de que la bolsa o caja est\u00e9 bien cerrada.<\/span><\/p>\n<h2 style=\"text-align: justify;\"><span style=\"color: #000000;\">Envasado<\/span><\/h2>\n<p style=\"text-align: justify;\"><span style=\"color: #000000;\">Bolsa herm\u00e9tica con cierre, donde el producto conserva toda su frescura y aroma. El envase protege del aire y la luz, ya que est\u00e1 compuesto por varias capas de protecci\u00f3n que conservan las propiedades del contenido.<br \/>\nEl envase es muy pr\u00e1ctico y permite su reciclaje.<\/span><\/p>\n<h2><span style=\"color: #000000;\">Origen<\/span><\/h2>\n<p><span style=\"color: #000000;\">Espa\u00f1a<\/span><\/p>\n<\/div>\n","protected":false},"excerpt":{"rendered":"<p>La sustancia que provoca el sabor picante se llama capsaicina, que tiene una serie de efectos medicinales. La escala de Scoville mide el picante en funci\u00f3n del contenido de capsaicina, que es en realidad un alcaloide que hace que el chile \u00abpique\u00bb. Esta sustancia env\u00eda a nuestro cerebro el mismo mensaje que recibimos cuando ingerimos algo caliente.\u00a0El pimiento de Cayena alivia y elimina ciertos problemas, ya que se ha demostrado que ayuda a la digesti\u00f3n, ya que acelera el metabolismo, la circulaci\u00f3n sangu\u00ednea y la sudoraci\u00f3n, y tambi\u00e9n puede ser de gran ayuda para los problemas respiratorios. Contiene mucha vitamina C, por lo que es excelente para el resfriado y la gripe. Adem\u00e1s, refuerza el sistema inmunol\u00f3gico y tiene propiedades antiinflamatorias y antibacterianas. Si lo a\u00f1adimos al t\u00e9, nos calienta y combate la depresi\u00f3n.<\/p>\n<p>\ud83d\udc9a De cultivo ecol\u00f3gico.<br \/>\n\ud83d\udc9a Tambi\u00e9n ayuda a adelgazar.<br \/>\n\ud83d\udc9a Tiene efectos antiinflamatorios y antibacterianos.<br \/>\n\ud83d\udc9a Contiene capsaicina, que tiene una serie de efectos curativos.<\/p>\n<p>&nbsp;<\/p>\n","protected":false},"featured_media":4684,"comment_status":"open","ping_status":"closed","template":"","meta":{"_acf_changed":false},"product_brand":[],"product_cat":[15,194,224,216],"product_tag":[],"class_list":{"0":"post-6597","1":"product","2":"type-product","3":"status-publish","4":"has-post-thumbnail","6":"product_cat-uncategorized","7":"product_cat-ayurveda","8":"product_cat-te-alimentos-y-especias","9":"product_cat-todos-los-productos","11":"first","12":"instock","13":"sale","14":"taxable","15":"shipping-taxable","16":"purchasable","17":"product-type-simple"},"acf":[],"_links":{"self":[{"href":"https:\/\/fengchashop.com\/es\/wp-json\/wp\/v2\/product\/6597","targetHints":{"allow":["GET"]}}],"collection":[{"href":"https:\/\/fengchashop.com\/es\/wp-json\/wp\/v2\/product"}],"about":[{"href":"https:\/\/fengchashop.com\/es\/wp-json\/wp\/v2\/types\/product"}],"replies":[{"embeddable":true,"href":"https:\/\/fengchashop.com\/es\/wp-json\/wp\/v2\/comments?post=6597"}],"wp:featuredmedia":[{"embeddable":true,"href":"https:\/\/fengchashop.com\/es\/wp-json\/wp\/v2\/media\/4684"}],"wp:attachment":[{"href":"https:\/\/fengchashop.com\/es\/wp-json\/wp\/v2\/media?parent=6597"}],"wp:term":[{"taxonomy":"product_brand","embeddable":true,"href":"https:\/\/fengchashop.com\/es\/wp-json\/wp\/v2\/product_brand?post=6597"},{"taxonomy":"product_cat","embeddable":true,"href":"https:\/\/fengchashop.com\/es\/wp-json\/wp\/v2\/product_cat?post=6597"},{"taxonomy":"product_tag","embeddable":true,"href":"https:\/\/fengchashop.com\/es\/wp-json\/wp\/v2\/product_tag?post=6597"}],"curies":[{"name":"wp","href":"https:\/\/api.w.org\/{rel}","templated":true}]}}