{"id":6595,"date":"2022-05-23T14:14:27","date_gmt":"2022-05-23T12:14:27","guid":{"rendered":"https:\/\/fengchashop.com\/es\/product\/grsko-seno-fenugreek-bio\/"},"modified":"2026-04-03T12:16:45","modified_gmt":"2026-04-03T10:16:45","slug":"heno-griego-triplat-bio","status":"publish","type":"product","link":"https:\/\/fengchashop.com\/es\/product\/heno-griego-triplat-bio\/","title":{"rendered":"Heno griego (Triplat) BIO 500 g"},"content":{"rendered":"<h2 style=\"text-align: justify;\"><span style=\"color: #000000;\">Heno griego o triplat BIO<\/span><\/h2>\n<p style=\"text-align: justify;\"><span style=\"color: #000000;\">El heno griego es una planta anual que crece hasta medio metro de altura. Las semillas, que se utilizan como especia, se encuentran <strong>en las vainas<\/strong> de dicha planta. Tambi\u00e9n se le conoce como triplat o sabljasti triplat, y en ingl\u00e9s como fenugreek.<\/span><\/p>\n<p style=\"text-align: justify;\"><span style=\"color: #000000;\">El heno griego es rico en prote\u00ednas, vitaminas (especialmente vitamina D) y minerales, as\u00ed como en compuestos fen\u00f3licos y flavonoides. Tiene un sabor picante y un aroma fuerte. Se considera una de las plantas m\u00e1s antiguas utilizadas en medicina y en la cocina. Tradicionalmente, el fenogreco se utiliza para tratar la diabetes, el colesterol, la anemia, as\u00ed como trastornos abdominales y digestivos y la tos cr\u00f3nica. Se utiliza en la medicina tradicional china y en la ayurveda. El triplat tambi\u00e9n tiene un efecto positivo en la producci\u00f3n de leche durante la lactancia.<\/span><\/p>\n<p style=\"text-align: justify;\"><span style=\"color: #000000;\">Se utiliza principalmente en la cocina del sur de Asia y Egipto. \u00a0<\/span><\/p>\n<p style=\"text-align: justify;\"><span style=\"color: #000000;\">El sabor de las semillas es dulce y recuerda al de los frutos secos.<\/span><\/p>\n<p style=\"text-align: justify;\"><span style=\"color: #000000;\">Nuestro triplat procede de la agricultura ecol\u00f3gica. <\/span><\/p>\n<h2 style=\"text-align: justify;\"><span style=\"color: #000000;\">Almacenamiento<\/span><\/h2>\n<p style=\"text-align: justify;\"><span style=\"color: #000000;\">Almacenar en un lugar seco, oscuro y fresco. Asegurarse de que la bolsa o caja est\u00e9 bien cerrada.<\/span><\/p>\n<h2 style=\"text-align: justify;\"><span style=\"color: #000000;\">Envasado<\/span><\/h2>\n<p style=\"text-align: justify;\"><span style=\"color: #000000;\">Bolsa herm\u00e9tica con cremallera, donde el producto conserva toda su frescura y aroma. El envase protege del aire y la luz, ya que est\u00e1 compuesto por varias capas protectoras que conservan las propiedades del contenido.<br \/>\nEl envase es muy pr\u00e1ctico y se puede reciclar.<\/span><\/p>\n<h2><span style=\"color: #000000;\">Origen<\/span><\/h2>\n<p><span style=\"color: #000000;\">Sri Lanka o India<\/span><\/p>\n","protected":false},"excerpt":{"rendered":"<p>El heno griego contiene muchas prote\u00ednas, vitaminas (especialmente vitamina D) y minerales, as\u00ed como compuestos fen\u00f3licos y flavonoides. Tiene un sabor picante y un aroma fuerte. Se considera una de las plantas m\u00e1s antiguas utilizadas <strong>en medicina y en la cocina.<\/strong> Tradicionalmente, se utiliza para tratar la diabetes, el colesterol, la anemia, los trastornos estomacales y digestivos y la tos cr\u00f3nica. Se utiliza en la medicina tradicional china y en la ayurveda.<\/p>\n<p>\ud83d\udc9a Regula el colesterol.<br \/>\n\ud83d\udc9a Tiene un efecto positivo en la producci\u00f3n de leche durante la lactancia.<br \/>\n\ud83d\udc9a Reduce el az\u00facar en sangre.<br \/>\n\ud83d\udc9a Mejora la digesti\u00f3n.<\/p>\n","protected":false},"featured_media":4676,"comment_status":"open","ping_status":"closed","template":"","meta":{"_acf_changed":false},"product_brand":[],"product_cat":[15,224,216],"product_tag":[],"class_list":{"0":"post-6595","1":"product","2":"type-product","3":"status-publish","4":"has-post-thumbnail","6":"product_cat-uncategorized","7":"product_cat-te-alimentos-y-especias","8":"product_cat-todos-los-productos","10":"first","11":"instock","12":"taxable","13":"shipping-taxable","14":"purchasable","15":"product-type-simple"},"acf":[],"_links":{"self":[{"href":"https:\/\/fengchashop.com\/es\/wp-json\/wp\/v2\/product\/6595","targetHints":{"allow":["GET"]}}],"collection":[{"href":"https:\/\/fengchashop.com\/es\/wp-json\/wp\/v2\/product"}],"about":[{"href":"https:\/\/fengchashop.com\/es\/wp-json\/wp\/v2\/types\/product"}],"replies":[{"embeddable":true,"href":"https:\/\/fengchashop.com\/es\/wp-json\/wp\/v2\/comments?post=6595"}],"wp:featuredmedia":[{"embeddable":true,"href":"https:\/\/fengchashop.com\/es\/wp-json\/wp\/v2\/media\/4676"}],"wp:attachment":[{"href":"https:\/\/fengchashop.com\/es\/wp-json\/wp\/v2\/media?parent=6595"}],"wp:term":[{"taxonomy":"product_brand","embeddable":true,"href":"https:\/\/fengchashop.com\/es\/wp-json\/wp\/v2\/product_brand?post=6595"},{"taxonomy":"product_cat","embeddable":true,"href":"https:\/\/fengchashop.com\/es\/wp-json\/wp\/v2\/product_cat?post=6595"},{"taxonomy":"product_tag","embeddable":true,"href":"https:\/\/fengchashop.com\/es\/wp-json\/wp\/v2\/product_tag?post=6595"}],"curies":[{"name":"wp","href":"https:\/\/api.w.org\/{rel}","templated":true}]}}