{"id":6594,"date":"2022-05-23T13:45:25","date_gmt":"2022-05-23T11:45:25","guid":{"rendered":"https:\/\/fengchashop.com\/es\/product\/cimet-cejlonski-v-prahu-bio\/"},"modified":"2026-04-15T13:08:08","modified_gmt":"2026-04-15T11:08:08","slug":"canela-de-ceilan-en-polvo-bio","status":"publish","type":"product","link":"https:\/\/fengchashop.com\/es\/product\/canela-de-ceilan-en-polvo-bio\/","title":{"rendered":"Canela de Ceil\u00e1n en polvo BIO 250 g"},"content":{"rendered":"<h2 style=\"text-align: justify\"><span style=\"color: #000000\">Canela de Ceil\u00e1n en polvo BIO<\/span><\/h2>\n<p style=\"text-align: justify\"><span style=\"color: #000000\">La cinnamon de Ceil\u00e1n es originaria de Sri Lanka (antes llamada Ceil\u00e1n, de donde proviene el nombre de la cinnamon). Esta <strong>aut\u00e9ntica canela<\/strong> es m\u00e1s escasa y, por lo tanto, mucho m\u00e1s valiosa que la <strong>canela china<\/strong> o casia, que la mayor\u00eda de nosotros conocemos mejor y que se encuentra disponible en la mayor\u00eda de las tiendas. En Sri Lanka se producen diferentes calidades de canela, y nuestra canela de Ceil\u00e1n seleccionada se caracteriza por su aroma refinado y delicado. Tiene un sabor suave y dulce y se utiliza como aditivo en postres, compotas, pasteles, tartas y galletas, ponche y vino caliente. Se utiliza para condimentar miel, chocolate, frutos secos, chile, productos l\u00e1cteos, ar\u00e1ndanos, manzanas asadas y pl\u00e1tanos. La canela se puede espolvorear sobre frutas (ensaladas de frutas, compotas) y cereales, a\u00f1adir a yogures, arroz con leche, reques\u00f3n y diversas bebidas l\u00e1cteas con frutas. Tambi\u00e9n combina bien con el t\u00e9 y el caf\u00e9, as\u00ed como con el cacao y el chocolate caliente. La canela es tambi\u00e9n la especia m\u00e1s popular en Navidad. De hecho, la canela es una de las <strong>especias m\u00e1s vers\u00e1tiles<\/strong>, que combina bien en diferentes combinaciones, a veces incluso inusuales, especialmente en la cocina oriental y mexicana (por ejemplo, en el curry). Tradicionalmente se utiliza <strong>para mejorar los platos<\/strong>.  <\/span><\/p>\n<p style=\"text-align: justify\"><span style=\"color: #000000\">Nuestra canela es de cultivo ecol\u00f3gico.<\/span><\/p>\n<h2 style=\"text-align: justify\"><span style=\"color: #000000\">Almacenamiento<\/span><\/h2>\n<p style=\"text-align: justify\"><span style=\"color: #000000\">Se almacena en un lugar seco, oscuro y fresco. Aseg\u00farese de que la bolsa o caja est\u00e9 bien cerrada.<\/span><\/p>\n<h2 style=\"text-align: justify\"><span style=\"color: #000000\">Envasado<\/span><\/h2>\n<p style=\"text-align: justify\"><span style=\"color: #000000\">Bolsa herm\u00e9tica con cremallera, donde el producto conserva toda su frescura y aroma. El envase protege del aire y la luz, ya que est\u00e1 compuesto por varias capas protectoras que conservan las propiedades del contenido.<br \/>\nEl envase es muy pr\u00e1ctico y se puede reciclar.<\/p>\n<h2><span style=\"color: #000000\">Origen<\/span><\/h2>\n<p><span style=\"color: #000000\">Sri Lanka<\/span><\/p>\n","protected":false},"excerpt":{"rendered":"<p>La canela se puede combinar con vainilla, cilantro y nuez moscada, pero resulta especialmente sabrosa y beneficiosa para la salud cuando se combina con clavo o c\u00farcuma. Tambi\u00e9n se puede utilizar en cosm\u00e9tica casera y como complemento alimenticio, ya que contiene muchos componentes importantes y beneficiosos para el ser humano, y tambi\u00e9n se utiliza en aromaterapia y para perfumar estancias. Dado que la canela de Ceil\u00e1n contiene menos cumarina, que puede afectar negativamente al h\u00edgado y diluir la sangre, es mucho m\u00e1s adecuada para el consumo regular.<\/p>\n<p>&#128154; Potente antioxidante.<br \/>\n&#128154; Regula el az\u00facar en sangre.<br \/>\n&#128154; Tiene propiedades antif\u00fangicas y antimicrobianas.<br \/>\n&#128154; De cultivo ecol\u00f3gico.<\/p>\n<p>&nbsp;<\/p>\n","protected":false},"featured_media":4673,"comment_status":"open","ping_status":"closed","template":"","meta":{"_acf_changed":false},"product_brand":[],"product_cat":[15,225,224,216],"product_tag":[],"class_list":{"0":"post-6594","1":"product","2":"type-product","3":"status-publish","4":"has-post-thumbnail","6":"product_cat-uncategorized","7":"product_cat-oferta-especial","8":"product_cat-te-alimentos-y-especias","9":"product_cat-todos-los-productos","11":"first","12":"instock","13":"sale","14":"taxable","15":"shipping-taxable","16":"purchasable","17":"product-type-simple"},"acf":[],"_links":{"self":[{"href":"https:\/\/fengchashop.com\/es\/wp-json\/wp\/v2\/product\/6594","targetHints":{"allow":["GET"]}}],"collection":[{"href":"https:\/\/fengchashop.com\/es\/wp-json\/wp\/v2\/product"}],"about":[{"href":"https:\/\/fengchashop.com\/es\/wp-json\/wp\/v2\/types\/product"}],"replies":[{"embeddable":true,"href":"https:\/\/fengchashop.com\/es\/wp-json\/wp\/v2\/comments?post=6594"}],"wp:featuredmedia":[{"embeddable":true,"href":"https:\/\/fengchashop.com\/es\/wp-json\/wp\/v2\/media\/4673"}],"wp:attachment":[{"href":"https:\/\/fengchashop.com\/es\/wp-json\/wp\/v2\/media?parent=6594"}],"wp:term":[{"taxonomy":"product_brand","embeddable":true,"href":"https:\/\/fengchashop.com\/es\/wp-json\/wp\/v2\/product_brand?post=6594"},{"taxonomy":"product_cat","embeddable":true,"href":"https:\/\/fengchashop.com\/es\/wp-json\/wp\/v2\/product_cat?post=6594"},{"taxonomy":"product_tag","embeddable":true,"href":"https:\/\/fengchashop.com\/es\/wp-json\/wp\/v2\/product_tag?post=6594"}],"curies":[{"name":"wp","href":"https:\/\/api.w.org\/{rel}","templated":true}]}}