{"id":6593,"date":"2022-05-23T15:20:59","date_gmt":"2022-05-23T13:20:59","guid":{"rendered":"https:\/\/fengchashop.com\/es\/product\/ingver-v-prahu-bio\/"},"modified":"2026-05-05T18:29:43","modified_gmt":"2026-05-05T16:29:43","slug":"jengibre-en-polvo-bio","status":"publish","type":"product","link":"https:\/\/fengchashop.com\/es\/product\/jengibre-en-polvo-bio\/","title":{"rendered":"Jengibre en polvo BIO 250 g"},"content":{"rendered":"<h2 style=\"text-align: justify\"><span style=\"color: #000000\">Jengibre en polvo BIO<\/span><\/h2>\n<p style=\"text-align: justify\"><span style=\"color: #000000\">El jengibre es una planta originaria de Asia. La parte que se consume es, en realidad, el <strong>tallo subterr\u00e1neo engrosado<\/strong> o ra\u00edz. Se utiliza con fines medicinales y alimenticios desde hace <strong>milenios<\/strong>, y su eficacia sigue sorprendiendo hoy en d\u00eda. Tradicionalmente, el jengibre se ha utilizado en medicina para tratar la artritis, es decir, la inflamaci\u00f3n de las articulaciones. El jengibre contiene muchos antioxidantes, minerales y sustancias que act\u00faan contra la inflamaci\u00f3n en nuestro cuerpo, por lo que se utiliza principalmente en combinaci\u00f3n con lim\u00f3n y miel durante la temporada de gripe, faringitis y resfriados, ya que tiene un efecto beneficioso sobre todos los s\u00edntomas de estas enfermedades. Tambi\u00e9n es bueno para combatir las n\u00e1useas, ya que calma el est\u00f3mago irritado y alivia el dolor, de hecho, calienta agradablemente el est\u00f3mago y el cuerpo. El jengibre seco en polvo tiene un sabor intenso y arom\u00e1tico, que recuerda un poco al lim\u00f3n, y tiene una nota picante caracter\u00edstica. En comparaci\u00f3n con el fresco, el jengibre seco es <strong>m\u00e1s arom\u00e1tico y picante<\/strong>, por lo que debemos tener cuidado con la dosis. Se utiliza para:<\/span><\/p>\n<ul style=\"text-align: justify\">\n<li><span style=\"color: #000000\">mejorar el <strong>sabor<\/strong> de comidas y bebidas;<\/span><\/li>\n<li><span style=\"color: #000000\">aliviar las <strong>n\u00e1useas<\/strong> y los <strong>v\u00f3mitos<\/strong>, los <strong>flatulencias<\/strong> y la <strong>indigesti\u00f3n<\/strong>;<\/span><\/li>\n<li><span style=\"color: #000000\">fortalecimiento del <strong>sistema inmunol\u00f3gico<\/strong>;<\/span><\/li>\n<li><span style=\"color: #000000\">reducci\u00f3n del colesterol, el az\u00facar en sangre y la presi\u00f3n arterial;<\/span><\/li>\n<li><span style=\"color: #000000\">diluci\u00f3n de la sangre y prevenci\u00f3n de la obstrucci\u00f3n de las arterias: act\u00faa de forma similar a la aspirina.<\/span><\/li>\n<li><span style=\"color: #000000\">alivio del dolor muscular y articular sin efectos secundarios, tambi\u00e9n para aliviar <strong>los dolores menstruales<\/strong>;<\/span><\/li>\n<li><span style=\"color: #000000\">seg\u00fan los resultados de algunas investigaciones, tambi\u00e9n tendr\u00eda efectos anticancer\u00edgenos;<\/span><\/li>\n<li><span style=\"color: #000000\">ayuda a <strong>adelgazar<\/strong>, ya que, seg\u00fan los resultados de las investigaciones, regula el nivel de leptina, responsable de la sensaci\u00f3n de saciedad. <\/span><\/li>\n<\/ul>\n<p><span style=\"color: #000000\">Este jengibre molido procede de <strong>cultivos ecol\u00f3gicos<\/strong>.<\/span><\/p>\n<h2 style=\"text-align: justify\"><span style=\"color: #000000\">Conservaci\u00f3n<\/span><\/h2>\n<p style=\"text-align: justify\"><span style=\"color: #000000\">Conservar en un lugar seco, oscuro y fresco. Asegurarse de que la bolsa o caja est\u00e9 bien cerrada.<\/span><\/p>\n<h2 style=\"text-align: justify\"><span style=\"color: #000000\">Envasado<\/span><\/h2>\n<p style=\"text-align: justify\"><span style=\"color: #000000\">Bolsa herm\u00e9tica con cierre, donde el producto conserva toda su frescura y aroma. El envase protege del aire y la luz, ya que est\u00e1 compuesto por varias capas de protecci\u00f3n que conservan las propiedades del contenido.<br \/>\nEl envase es muy pr\u00e1ctico y se puede reciclar.<\/p>\n<h2><span style=\"color: #000000\">Origen<\/span><\/h2>\n<p><span style=\"color: #000000\">Per\u00fa<\/span><\/p>\n","protected":false},"excerpt":{"rendered":"<p>Se utiliza con fines medicinales y alimenticios desde hace milenios, y su eficacia sigue sorprendiendo hoy en d\u00eda. Tradicionalmente, el jengibre se ha utilizado en medicina para tratar la artritis, es decir, la inflamaci\u00f3n de las articulaciones. El jengibre contiene muchos antioxidantes, minerales y sustancias que act\u00faan contra la inflamaci\u00f3n en nuestro cuerpo, por lo que se utiliza principalmente en combinaci\u00f3n con lim\u00f3n y miel durante la temporada de gripe, faringitis y resfriados, ya que tiene un efecto beneficioso sobre todos los s\u00edntomas de estas enfermedades. Tambi\u00e9n es bueno para combatir las n\u00e1useas, ya que calma el est\u00f3mago irritado y alivia el dolor, de hecho, calienta agradablemente el est\u00f3mago y el cuerpo.<\/p>\n<p>&#128154; Tiene propiedades antiinflamatorias.<br \/>\n&#128154; Limpia el h\u00edgado.<br \/>\n&#128154; Alivia los problemas menstruales.<br \/>\n&#128154; Potente antioxidante.<\/p>\n<p>&nbsp;<\/p>\n","protected":false},"featured_media":4670,"comment_status":"open","ping_status":"closed","template":"","meta":{"_acf_changed":false},"product_brand":[],"product_cat":[15,194,224,216],"product_tag":[],"class_list":{"0":"post-6593","1":"product","2":"type-product","3":"status-publish","4":"has-post-thumbnail","6":"product_cat-uncategorized","7":"product_cat-ayurveda","8":"product_cat-te-alimentos-y-especias","9":"product_cat-todos-los-productos","11":"first","12":"instock","13":"taxable","14":"shipping-taxable","15":"purchasable","16":"product-type-simple"},"acf":[],"_links":{"self":[{"href":"https:\/\/fengchashop.com\/es\/wp-json\/wp\/v2\/product\/6593","targetHints":{"allow":["GET"]}}],"collection":[{"href":"https:\/\/fengchashop.com\/es\/wp-json\/wp\/v2\/product"}],"about":[{"href":"https:\/\/fengchashop.com\/es\/wp-json\/wp\/v2\/types\/product"}],"replies":[{"embeddable":true,"href":"https:\/\/fengchashop.com\/es\/wp-json\/wp\/v2\/comments?post=6593"}],"wp:featuredmedia":[{"embeddable":true,"href":"https:\/\/fengchashop.com\/es\/wp-json\/wp\/v2\/media\/4670"}],"wp:attachment":[{"href":"https:\/\/fengchashop.com\/es\/wp-json\/wp\/v2\/media?parent=6593"}],"wp:term":[{"taxonomy":"product_brand","embeddable":true,"href":"https:\/\/fengchashop.com\/es\/wp-json\/wp\/v2\/product_brand?post=6593"},{"taxonomy":"product_cat","embeddable":true,"href":"https:\/\/fengchashop.com\/es\/wp-json\/wp\/v2\/product_cat?post=6593"},{"taxonomy":"product_tag","embeddable":true,"href":"https:\/\/fengchashop.com\/es\/wp-json\/wp\/v2\/product_tag?post=6593"}],"curies":[{"name":"wp","href":"https:\/\/api.w.org\/{rel}","templated":true}]}}