{"id":6592,"date":"2022-05-23T14:56:49","date_gmt":"2022-05-23T12:56:49","guid":{"rendered":"https:\/\/fengchashop.com\/es\/product\/kurkuma-v-prahu-bio\/"},"modified":"2026-05-05T18:29:43","modified_gmt":"2026-05-05T16:29:43","slug":"curcuma-en-polvo-bio","status":"publish","type":"product","link":"https:\/\/fengchashop.com\/es\/product\/curcuma-en-polvo-bio\/","title":{"rendered":"C\u00farcuma en polvo BIO 500 g"},"content":{"rendered":"<h2 style=\"text-align: justify\"><span style=\"color: #000000\">C\u00farcuma BIO<\/span><\/h2>\n<p style=\"text-align: justify\"><span style=\"color: #000000\">La c\u00farcuma es una planta conocida en Europa desde la antig\u00fcedad y en su pa\u00eds de origen desde hace al menos 4000 a\u00f1os. Originalmente se utilizaba como planta medicinal y colorante, y m\u00e1s tarde se impuso como especia. Al igual que el jengibre, la c\u00farcuma es una especia que se obtiene del <strong>tallo subterr\u00e1neo engrosado<\/strong> de una planta perenne asi\u00e1tica. En la medicina ayurv\u00e9dica, la c\u00farcuma se utiliza tradicionalmente para tratar enfermedades cancerosas y la psoriasis. Tambi\u00e9n es conocida como ingrediente en productos cosm\u00e9ticos. Aunque en Occidente algunos la conocen \u00fanicamente como especia, esconde mucho m\u00e1s.\u00a0Adem\u00e1s de minerales, vitaminas B6 y B3, \u00e1cido f\u00f3lico, potasio, hierro y manganeso, y \u00e1cidos grasos omega 3, la c\u00farcuma tambi\u00e9n contiene <strong>curcumina polifen\u00f3lica<\/strong>, que es un <strong>potente antioxidante<\/strong> y un eficaz <strong>compuesto antiinflamatorio<\/strong>. Se ha demostrado que la curcumina tiene un efecto positivo sobre el h\u00edgado y los vasos sangu\u00edneos, alivia la inflamaci\u00f3n de la artritis y reduce los factores de riesgo de diabetes. Tambi\u00e9n tiene un efecto positivo en la salud del cerebro y reduce el riesgo de c\u00e1ncer. La curcumina previene con \u00e9xito todas las inflamaciones cr\u00f3nicas de nuestro cuerpo, ya que todas las enfermedades comienzan con una inflamaci\u00f3n. Con su acci\u00f3n antibacteriana, <strong>tambi\u00e9n previene el crecimiento de bacterias nocivas<\/strong> en nuestro tracto digestivo, como la <strong><em>Helicobacter pylori<\/em><\/strong> en nuestro est\u00f3mago y la <em><strong>c\u00e1ndida<\/strong><\/em> en nuestra boca e intestinos. <\/span><\/p>\n<p style=\"text-align: justify\"><span style=\"color: #000000\">La curcumina presente en la c\u00farcuma tambi\u00e9n tiene un efecto positivo en la prevenci\u00f3n del desarrollo de enfermedades relacionadas con el envejecimiento (enfermedad de Alzheimer).<\/span><\/p>\n<p style=\"text-align: justify\"><span style=\"color: #000000\">El sabor de la c\u00farcuma es ligeramente amargo, picante, pero al mismo tiempo dulce y recuerda al jengibre, la naranja y la pimienta.<\/span><\/p>\n<p style=\"text-align: justify\"><span style=\"color: #000000\">Lo t\u00edpico de la c\u00farcuma es que:<\/span><\/p>\n<ul style=\"text-align: justify\">\n<li><span style=\"color: #000000\">tiene <strong>efectos antiinflamatorios<\/strong>, antif\u00fangicos y antimicrobianos, por lo que reduce la inflamaci\u00f3n;<\/span><\/li>\n<li><span style=\"color: #000000\">limpia el h\u00edgado, ya que tiene un efecto depurativo y <strong>evita la acumulaci\u00f3n de \u00e1cidos grasos en el h\u00edgado<\/strong>;<\/span><\/li>\n<li><span style=\"color: #000000\">alivia<strong> los problemas menstruales<\/strong> y los relacionados con la digesti\u00f3n;<\/span><\/li>\n<li><span style=\"color: #000000\">su consumo regular previene el desarrollo de diabetes tipo 2 en personas prediab\u00e9ticas;<\/span><\/li>\n<li><span style=\"color: #000000\">en forma de pasta, <strong>alivia las inflamaciones<\/strong> y <strong>las irritaciones de la piel<\/strong>;<\/span><\/li>\n<li><span style=\"color: #000000\">favorece una digesti\u00f3n m\u00e1s r\u00e1pida de las grasas, lo que puede ayudar a <strong>adelgazar<\/strong>;<\/span><\/li>\n<li><span style=\"color: #000000\">contribuye a una mayor <strong>eficacia cerebral<\/strong> y previene enfermedades relacionadas, como el Alzheimer;<\/span><\/li>\n<li><span style=\"color: #000000\"><strong>mejora el estado de \u00e1nimo<\/strong>;<\/span><\/li>\n<li><span style=\"color: #000000\">alivia los dolores musculares y articulares;<\/span><\/li>\n<li><span style=\"color: #000000\">combate el mal aliento y es beneficioso para las enfermedades periodontales;<\/span><\/li>\n<li><span style=\"color: #000000\">tambi\u00e9n se cree que tiene propiedades anticancer\u00edgenas.<\/span><\/li>\n<\/ul>\n<h2><span style=\"color: #000000\">Almacenamiento<\/span><\/h2>\n<p style=\"text-align: justify\"><span style=\"color: #000000\">Almacenar en un lugar seco, oscuro y fresco. Asegurarse de que la bolsa o caja est\u00e9 bien cerrada.<\/span><\/p>\n<h2 style=\"text-align: justify\"><span style=\"color: #000000\">Envasado<\/span><\/h2>\n<p style=\"text-align: justify\"><span style=\"color: #000000\">Bolsa herm\u00e9tica con cremallera, donde el producto conserva toda su frescura y aroma. El envase protege del aire y la luz, ya que est\u00e1 compuesto por varias capas protectoras que conservan las propiedades del contenido.<br \/>\nEl envase es muy pr\u00e1ctico y se puede reciclar.<\/span><\/p>\n<h2><span style=\"color: #000000\">Origen<\/span><\/h2>\n<p><span style=\"color: #000000\">India<\/span><\/p>\n","protected":false},"excerpt":{"rendered":"<p>Adem\u00e1s de minerales, vitaminas B6 y B3, \u00e1cido f\u00f3lico, potasio, hierro y manganeso, y \u00e1cidos grasos omega 3, la c\u00farcuma tambi\u00e9n contiene el polifenol curcumina, que es un antioxidante muy potente y un compuesto antiinflamatorio eficaz. Se ha demostrado que la curcumina tiene un efecto positivo sobre el h\u00edgado y los vasos sangu\u00edneos, alivia la inflamaci\u00f3n en la artritis y reduce los factores de riesgo de diabetes. Tambi\u00e9n tiene un efecto positivo en la salud del cerebro y reduce el riesgo de c\u00e1ncer. La curcumina previene con \u00e9xito todas las inflamaciones cr\u00f3nicas de nuestro cuerpo, ya que todas las enfermedades comienzan con una inflamaci\u00f3n. Con su acci\u00f3n antibacteriana, tambi\u00e9n previene el crecimiento de bacterias nocivas en nuestro tracto digestivo, como la <em>Helicobacter pylori<\/em> en nuestro est\u00f3mago y la <em>c\u00e1ndida<\/em> en nuestra boca e intestino.\u00a0La curcumina presente en la c\u00farcuma tambi\u00e9n tiene un efecto positivo en la prevenci\u00f3n del desarrollo de enfermedades relacionadas con el envejecimiento (enfermedad de Alzheimer).<\/p>\n<p>\ud83d\udc9a Tiene un efecto antiinflamatorio.<br \/>\n\ud83d\udc9a Limpia el h\u00edgado.<br \/>\n\ud83d\udc9a Alivia los problemas menstruales.<br \/>\n\ud83d\udc9a Es un potente antioxidante.<\/p>\n<p>&nbsp;<\/p>\n","protected":false},"featured_media":4666,"comment_status":"open","ping_status":"closed","template":"","meta":{"_acf_changed":false},"product_brand":[],"product_cat":[15,194,225,224,216],"product_tag":[],"class_list":{"0":"post-6592","1":"product","2":"type-product","3":"status-publish","4":"has-post-thumbnail","6":"product_cat-uncategorized","7":"product_cat-ayurveda","8":"product_cat-oferta-especial","9":"product_cat-te-alimentos-y-especias","10":"product_cat-todos-los-productos","12":"first","13":"instock","14":"sale","15":"taxable","16":"shipping-taxable","17":"purchasable","18":"product-type-simple"},"acf":[],"_links":{"self":[{"href":"https:\/\/fengchashop.com\/es\/wp-json\/wp\/v2\/product\/6592","targetHints":{"allow":["GET"]}}],"collection":[{"href":"https:\/\/fengchashop.com\/es\/wp-json\/wp\/v2\/product"}],"about":[{"href":"https:\/\/fengchashop.com\/es\/wp-json\/wp\/v2\/types\/product"}],"replies":[{"embeddable":true,"href":"https:\/\/fengchashop.com\/es\/wp-json\/wp\/v2\/comments?post=6592"}],"wp:featuredmedia":[{"embeddable":true,"href":"https:\/\/fengchashop.com\/es\/wp-json\/wp\/v2\/media\/4666"}],"wp:attachment":[{"href":"https:\/\/fengchashop.com\/es\/wp-json\/wp\/v2\/media?parent=6592"}],"wp:term":[{"taxonomy":"product_brand","embeddable":true,"href":"https:\/\/fengchashop.com\/es\/wp-json\/wp\/v2\/product_brand?post=6592"},{"taxonomy":"product_cat","embeddable":true,"href":"https:\/\/fengchashop.com\/es\/wp-json\/wp\/v2\/product_cat?post=6592"},{"taxonomy":"product_tag","embeddable":true,"href":"https:\/\/fengchashop.com\/es\/wp-json\/wp\/v2\/product_tag?post=6592"}],"curies":[{"name":"wp","href":"https:\/\/api.w.org\/{rel}","templated":true}]}}