{"id":6591,"date":"2022-05-23T12:49:05","date_gmt":"2022-05-23T10:49:05","guid":{"rendered":"https:\/\/fengchashop.com\/es\/product\/hibiskus-bio\/"},"modified":"2026-04-03T12:18:54","modified_gmt":"2026-04-03T10:18:54","slug":"hibisco-ecologico","status":"publish","type":"product","link":"https:\/\/fengchashop.com\/es\/product\/hibisco-ecologico\/","title":{"rendered":"Hibisco ecol\u00f3gico 250 g"},"content":{"rendered":"<h2 style=\"text-align: justify;\"><span style=\"color: #000000;\">Hibisco ecol\u00f3gico<\/span><\/h2>\n<p style=\"text-align: justify;\"><span style=\"color: #000000;\">El hibisco es una planta con grandes flores rojas. El hibisco <strong>es muy beneficioso para la salud<\/strong>. Contiene vitamina A, vitamina C, zinc, vitamina B, fibra, cobre, prote\u00ednas y vitamina B2. Es muy popular como <strong>planta ornamental<\/strong> y, al mismo tiempo, las flores de hibisco son el <strong>ingrediente principal<\/strong> de la mayor\u00eda de los t\u00e9s de frutas que se encuentran en los estantes de los supermercados.<\/span><\/p>\n<p style=\"text-align: justify;\"><span style=\"color: #000000;\">Aunque normalmente solo pensamos en el t\u00e9, las flores de hibisco se pueden utilizar para muchas otras cosas en la cocina.<\/span><\/p>\n<h2 style=\"text-align: justify;\"><span style=\"color: #000000;\">Almacenamiento<\/span><\/h2>\n<p style=\"text-align: justify;\"><span style=\"color: #000000;\">Almacenar en un lugar seco, oscuro y fresco. Aseg\u00farate de que la bolsa o caja est\u00e9 bien cerrada.<\/span><\/p>\n<h2 style=\"text-align: justify;\"><span style=\"color: #000000;\">Envasado<\/span><\/h2>\n<p style=\"text-align: justify;\"><span style=\"color: #000000;\"><span style=\"color: #000000;\">Bolsa herm\u00e9tica con cierre, donde el producto conserva toda su frescura y aroma. El envase protege de la luz y el aire, ya que est\u00e1 compuesto por varias capas de protecci\u00f3n que conservan las propiedades del contenido.<\/span><\/span><\/p>\n<p><span style=\"color: #000000;\">El envase es muy pr\u00e1ctico y se puede reciclar.<\/span><\/p>\n<h2><span style=\"color: #000000;\">Origen<\/span><\/h2>\n<p><span style=\"color: #000000;\">N\u00edger<\/span><\/p>\n","protected":false},"excerpt":{"rendered":"<p style=\"text-align: justify;\">Las flores de hibisco son el ingrediente principal de la mayor\u00eda de los t\u00e9s de frutas. Las flores de hibisco tambi\u00e9n se pueden a\u00f1adir a diversas bebidas alcoh\u00f3licas y no alcoh\u00f3licas. Con el hibisco se puede preparar ginebra, a la que el hibisco le da un precioso color rosa y un sabor caracter\u00edstico.\u00a0 El hibisco tambi\u00e9n puede ser un ingrediente de mezclas de especias, un aditivo para ensaladas, platos de verduras y carne, postres y cremas.<br \/>\n\ud83d\udc9a El hibisco es excelente para reducir la hipertensi\u00f3n arterial.<\/p>\n<p>\ud83d\udc9a Ayuda a aliviar los s\u00edntomas de la depresi\u00f3n y la nerviosidad.<\/p>\n<p>\ud83d\udc9a Gracias a la vitamina C y A, es excelente para la piel.<\/p>\n<p>\ud83d\udc9a Tiene propiedades antioxidantes.<\/p>\n","protected":false},"featured_media":4662,"comment_status":"open","ping_status":"closed","template":"","meta":{"_acf_changed":false},"product_brand":[],"product_cat":[15,224,216],"product_tag":[],"class_list":{"0":"post-6591","1":"product","2":"type-product","3":"status-publish","4":"has-post-thumbnail","6":"product_cat-uncategorized","7":"product_cat-te-alimentos-y-especias","8":"product_cat-todos-los-productos","10":"first","11":"instock","12":"sale","13":"taxable","14":"shipping-taxable","15":"purchasable","16":"product-type-simple"},"acf":[],"_links":{"self":[{"href":"https:\/\/fengchashop.com\/es\/wp-json\/wp\/v2\/product\/6591","targetHints":{"allow":["GET"]}}],"collection":[{"href":"https:\/\/fengchashop.com\/es\/wp-json\/wp\/v2\/product"}],"about":[{"href":"https:\/\/fengchashop.com\/es\/wp-json\/wp\/v2\/types\/product"}],"replies":[{"embeddable":true,"href":"https:\/\/fengchashop.com\/es\/wp-json\/wp\/v2\/comments?post=6591"}],"wp:featuredmedia":[{"embeddable":true,"href":"https:\/\/fengchashop.com\/es\/wp-json\/wp\/v2\/media\/4662"}],"wp:attachment":[{"href":"https:\/\/fengchashop.com\/es\/wp-json\/wp\/v2\/media?parent=6591"}],"wp:term":[{"taxonomy":"product_brand","embeddable":true,"href":"https:\/\/fengchashop.com\/es\/wp-json\/wp\/v2\/product_brand?post=6591"},{"taxonomy":"product_cat","embeddable":true,"href":"https:\/\/fengchashop.com\/es\/wp-json\/wp\/v2\/product_cat?post=6591"},{"taxonomy":"product_tag","embeddable":true,"href":"https:\/\/fengchashop.com\/es\/wp-json\/wp\/v2\/product_tag?post=6591"}],"curies":[{"name":"wp","href":"https:\/\/api.w.org\/{rel}","templated":true}]}}