{"id":6586,"date":"2022-05-23T11:50:42","date_gmt":"2022-05-23T09:50:42","guid":{"rendered":"https:\/\/fengchashop.com\/es\/product\/jiaogulan-caj\/"},"modified":"2026-04-03T12:19:43","modified_gmt":"2026-04-03T10:19:43","slug":"te-de-jiaogulan","status":"publish","type":"product","link":"https:\/\/fengchashop.com\/es\/product\/te-de-jiaogulan\/","title":{"rendered":"T\u00e9 de jiaogulan 100 g"},"content":{"rendered":"<h2 style=\"text-align: justify\"><span style=\"color: #000000\">Jiaogulan (t\u00e9 de hierbas)<\/span><\/h2>\n<p style=\"text-align: justify\"><span style=\"color: #000000\">El jiaogulan es un t\u00e9 de hierbas medicinal, tambi\u00e9n conocido como Jiao Gu Lan o <strong>Gynostemma<\/strong>. El t\u00e9 de hierbas goza de la reputaci\u00f3n de ser el <strong>t\u00e9 de la inmortalidad o la longevidad<\/strong>, ya que contiene numerosos principios activos importantes para una vida larga. Los primeros registros conocidos sobre el t\u00e9 se remontan al siglo XIV a. C. y se encontraron en China, donde la planta sigue siendo indispensable en la medicina tradicional.<\/span><\/p>\n<p style=\"text-align: justify\"><span style=\"color: #000000\">El jiaogulan es tambi\u00e9n una hierba muy estudiada cient\u00edficamente, a la que se le atribuyen numerosos efectos positivos. Sobre todo, <strong>act\u00faa contra las inflamaciones<\/strong>, <strong>desintoxica<\/strong> y <strong>tiene un efecto antienvejecimiento<\/strong>. Adem\u00e1s, el jiaogulan es tambi\u00e9n un <strong>potente antioxidante<\/strong>. Al igual que el ginseng, <strong>aumenta la energ\u00eda<\/strong>, <strong>equilibra<\/strong> el cuerpo y <strong>mejora el bienestar general<\/strong>. Seg\u00fan la medicina tradicional china, tiene un efecto beneficioso sobre el s\u00edndrome de fatiga cr\u00f3nica y las palpitaciones card\u00edacas (sensaci\u00f3n de latidos fuertes en el pecho). A menudo se utiliza para tratar afecciones m\u00e9dicas que incluyen la prevenci\u00f3n y el alivio de la <strong>diabetes<\/strong> y el <strong>colesterol alto<\/strong>, as\u00ed como para prevenir las consecuencias del estr\u00e9s que conducen a la <strong>ansiedad<\/strong>. Con un uso regular, se pueden aprovechar al m\u00e1ximo sus efectos, y su moderaci\u00f3n tambi\u00e9n garantiza un consumo seguro sin efectos secundarios ni indeseables.<\/p>\n<h2 style=\"text-align: justify\"><span style=\"color: #000000\">Ayuda a nuestro cuerpo a equilibrarse por s\u00ed mismo<\/span><\/h2>\n<p style=\"text-align: justify\"><span style=\"color: #000000\">El jiaogulan tambi\u00e9n es <strong>adapt\u00f3geno<\/strong>. Las plantas adapt\u00f3genas ayudan al cuerpo a adaptarse a diversos factores negativos del entorno. Tienen la capacidad de regular y controlar el sistema glandular y hormonal, el sistema nervioso y cardiovascular y los m\u00fasculos.<br \/>\n<span style=\"color: #000000\">Los adapt\u00f3genos cuidan la salud de los \u00f3rganos vitales y ayudan a regular el az\u00facar en sangre, mejoran el funcionamiento del h\u00edgado, el aparato digestivo y la piel. Fortalecen y revitalizan el cuerpo. Tambi\u00e9n estimulan el funcionamiento de la gl\u00e1ndula suprarrenal, lo que ayuda al cuerpo a afrontar eficazmente el estr\u00e9s causado por factores f\u00edsicos (infecciones, lesiones, falta de sue\u00f1o) o psicol\u00f3gicos (ansiedad).<\/span><\/p>\n<h2 style=\"text-align: justify\"><span style=\"color: #000000\">Otros nombres<\/span><\/h2>\n<p style=\"text-align: justify\"><span style=\"color: #000000\"><em>Gynostemma pentalhyllum<\/em>. Debido a sus efectos y sabor similares al ginseng, a veces se le denomina \u00abginseng del sur\u00bb, ya que proviene de las regiones meridionales de China.<\/p>\n<h2><span style=\"color: #000000\">Apariencia<\/span><\/h2>\n<p style=\"text-align: justify\"><span style=\"color: #000000\">Hojas enrolladas de color verde oscuro con peque\u00f1as ramificaciones.<\/p>\n<h2 style=\"text-align: justify\"><span style=\"color: #000000\">Sabor y aroma<\/span><\/h2>\n<p style=\"text-align: justify\"><span style=\"color: #000000\">Nuestro jiaogulan se recolecta en lugares silvestres de naturaleza virgen. Tiene un interesante <strong>sabor dulce<\/strong>, muy similar al del ginseng. El jiaogulan es sin duda una opci\u00f3n sabrosa y, sobre todo, saludable para los amantes de las infusiones de hierbas.<\/p>\n<h2 style=\"text-align: justify\"><span style=\"color: #000000\">Almacenamiento<\/span><\/h2>\n<p style=\"text-align: justify\"><span style=\"color: #000000\">El jiaogulan debe almacenarse en un lugar seco, oscuro y fresco. El envase debe estar bien cerrado.<\/span><\/p>\n<h2 style=\"text-align: justify\"><span style=\"color: #000000\">Envasado<\/span><\/h2>\n<p style=\"text-align: justify\"><span style=\"color: #000000\">Bolsa herm\u00e9tica con cremallera, donde el producto conserva toda su frescura y aroma. El envase protege del aire y la luz, ya que est\u00e1 compuesto por varias capas protectoras que conservan las propiedades del contenido.<br \/>\nEl envase es muy pr\u00e1ctico y se puede reciclar.<\/p>\n<h2 style=\"text-align: justify\"><span style=\"color: #000000\">Origen<\/span><\/h2>\n<p style=\"text-align: justify\"><span style=\"color: #000000\">China. Contamos con proveedores muy fiables que nos env\u00edan un an\u00e1lisis qu\u00edmico detallado del alimento para cada serie. En m\u00e1s de diez a\u00f1os, no hemos tenido ninguna devoluci\u00f3n ni ning\u00fan otro problema con este art\u00edculo, ni tampoco con otros art\u00edculos del mismo proveedor.<\/p>\n","protected":false},"excerpt":{"rendered":"<p>Planta medicinal muy estudiada cient\u00edficamente, a la que se le atribuyen numerosos efectos positivos. Sobre todo, <strong>act\u00faa contra la inflamaci\u00f3n<\/strong>, <strong>desintoxica<\/strong> y <strong>tiene un efecto antienvejecimiento<\/strong>. Seg\u00fan la medicina tradicional china, tiene un efecto beneficioso sobre el s\u00edndrome de fatiga cr\u00f3nica y las palpitaciones card\u00edacas (sensaci\u00f3n de latidos fuertes en el pecho). A menudo se utiliza para tratar afecciones que incluyen la prevenci\u00f3n y el alivio de la <strong>diabetes<\/strong> y el <strong>colesterol alto<\/strong>, as\u00ed como para prevenir las consecuencias del estr\u00e9s que conducen a la <strong>ansiedad<\/strong>.<\/p>\n<p>&#128154; Es un t\u00e9 de hierbas medicinal.<br \/>\n&#128154; T\u00e9 de la inmortalidad o la longevidad.<br \/>\n&#128154; Es adapt\u00f3geno.<br \/>\n&#128154; Potente antioxidante.<\/p>\n","protected":false},"featured_media":4645,"comment_status":"open","ping_status":"closed","template":"","meta":{"_acf_changed":false},"product_brand":[],"product_cat":[15,223,224,216],"product_tag":[],"class_list":{"0":"post-6586","1":"product","2":"type-product","3":"status-publish","4":"has-post-thumbnail","6":"product_cat-uncategorized","7":"product_cat-te","8":"product_cat-te-alimentos-y-especias","9":"product_cat-todos-los-productos","11":"first","12":"instock","13":"sale","14":"taxable","15":"shipping-taxable","16":"purchasable","17":"product-type-simple"},"acf":[],"_links":{"self":[{"href":"https:\/\/fengchashop.com\/es\/wp-json\/wp\/v2\/product\/6586","targetHints":{"allow":["GET"]}}],"collection":[{"href":"https:\/\/fengchashop.com\/es\/wp-json\/wp\/v2\/product"}],"about":[{"href":"https:\/\/fengchashop.com\/es\/wp-json\/wp\/v2\/types\/product"}],"replies":[{"embeddable":true,"href":"https:\/\/fengchashop.com\/es\/wp-json\/wp\/v2\/comments?post=6586"}],"wp:featuredmedia":[{"embeddable":true,"href":"https:\/\/fengchashop.com\/es\/wp-json\/wp\/v2\/media\/4645"}],"wp:attachment":[{"href":"https:\/\/fengchashop.com\/es\/wp-json\/wp\/v2\/media?parent=6586"}],"wp:term":[{"taxonomy":"product_brand","embeddable":true,"href":"https:\/\/fengchashop.com\/es\/wp-json\/wp\/v2\/product_brand?post=6586"},{"taxonomy":"product_cat","embeddable":true,"href":"https:\/\/fengchashop.com\/es\/wp-json\/wp\/v2\/product_cat?post=6586"},{"taxonomy":"product_tag","embeddable":true,"href":"https:\/\/fengchashop.com\/es\/wp-json\/wp\/v2\/product_tag?post=6586"}],"curies":[{"name":"wp","href":"https:\/\/api.w.org\/{rel}","templated":true}]}}