{"id":6566,"date":"2022-05-21T04:15:13","date_gmt":"2022-05-21T02:15:13","guid":{"rendered":"https:\/\/fengchashop.com\/es\/product\/rooibos-bio\/"},"modified":"2026-04-02T19:10:15","modified_gmt":"2026-04-02T17:10:15","slug":"rooibos-bio","status":"publish","type":"product","link":"https:\/\/fengchashop.com\/es\/product\/rooibos-bio\/","title":{"rendered":"Rooibos BIO 200 g"},"content":{"rendered":"<h2><span style=\"color: #000000\">Rooibos BIO<\/span><\/h2>\n<p><span style=\"color: #000000\">El rooibos es un arbusto herb\u00e1ceo que crece en la Rep\u00fablica de Sud\u00e1frica. Los lugare\u00f1os lo llaman \u00abarbusto rojo\u00bb. Las hojas con ramitas se recogen y se secan al sol. Durante este proceso se produce una fermentaci\u00f3n que hace que las hojas verdes se vuelvan rojas. El t\u00e9 no contiene cafe\u00edna y se puede tomar tambi\u00e9n por la noche.<\/p>\n<p><span style=\"color: #000000\">Es una bebida muy popular en todo el mundo, ya que destaca por su sabor dulce natural y sus numerosos efectos beneficiosos. El t\u00e9 rooibos contiene muchos antioxidantes, oligoelementos y minerales. Nuestro t\u00e9 rooibos procede de cultivos ecol\u00f3gicos.<\/p>\n<h2><span style=\"color: #000000\">Almacenamiento<\/span><\/h2>\n<p><span style=\"color: #000000\">El rooibos se almacena en un lugar seco, oscuro y fresco.<\/p>\n<h2><span style=\"color: #000000\">Envasado<\/span><\/h2>\n<p><span style=\"color: #000000\">Bolsa herm\u00e9tica con cierre, donde el producto conserva toda su frescura y aroma. El envase protege del aire y la luz. Est\u00e1 compuesto por varias capas de protecci\u00f3n que conservan las propiedades del producto.<\/p>\n<p>El envase es muy pr\u00e1ctico y se puede reciclar.<\/p>\n<h2>Origen<\/h2>\n<p>Rep\u00fablica Sudafricana<\/p>\n","protected":false},"excerpt":{"rendered":"<p>El rooibos es una bebida muy popular en todo el mundo, ya que destaca por su sabor dulce natural y sus numerosos efectos beneficiosos.<\/p>\n<p>&#128154; Contiene muchos antioxidantes, oligoelementos y minerales.<br \/>\n&#128154; Es de cultivo ecol\u00f3gico.<\/p>\n<p>&nbsp;<\/p>\n","protected":false},"featured_media":4589,"comment_status":"open","ping_status":"open","template":"","meta":{"_acf_changed":false},"product_brand":[],"product_cat":[15,223,224,216],"product_tag":[],"class_list":{"0":"post-6566","1":"product","2":"type-product","3":"status-publish","4":"has-post-thumbnail","6":"product_cat-uncategorized","7":"product_cat-te","8":"product_cat-te-alimentos-y-especias","9":"product_cat-todos-los-productos","11":"first","12":"instock","13":"sale","14":"taxable","15":"shipping-taxable","16":"purchasable","17":"product-type-simple"},"acf":[],"_links":{"self":[{"href":"https:\/\/fengchashop.com\/es\/wp-json\/wp\/v2\/product\/6566","targetHints":{"allow":["GET"]}}],"collection":[{"href":"https:\/\/fengchashop.com\/es\/wp-json\/wp\/v2\/product"}],"about":[{"href":"https:\/\/fengchashop.com\/es\/wp-json\/wp\/v2\/types\/product"}],"replies":[{"embeddable":true,"href":"https:\/\/fengchashop.com\/es\/wp-json\/wp\/v2\/comments?post=6566"}],"wp:featuredmedia":[{"embeddable":true,"href":"https:\/\/fengchashop.com\/es\/wp-json\/wp\/v2\/media\/4589"}],"wp:attachment":[{"href":"https:\/\/fengchashop.com\/es\/wp-json\/wp\/v2\/media?parent=6566"}],"wp:term":[{"taxonomy":"product_brand","embeddable":true,"href":"https:\/\/fengchashop.com\/es\/wp-json\/wp\/v2\/product_brand?post=6566"},{"taxonomy":"product_cat","embeddable":true,"href":"https:\/\/fengchashop.com\/es\/wp-json\/wp\/v2\/product_cat?post=6566"},{"taxonomy":"product_tag","embeddable":true,"href":"https:\/\/fengchashop.com\/es\/wp-json\/wp\/v2\/product_tag?post=6566"}],"curies":[{"name":"wp","href":"https:\/\/api.w.org\/{rel}","templated":true}]}}