{"id":6562,"date":"2022-05-20T16:37:52","date_gmt":"2022-05-20T14:37:52","guid":{"rendered":"https:\/\/fengchashop.com\/es\/product\/koloidno-srebro\/"},"modified":"2026-05-04T20:50:12","modified_gmt":"2026-05-04T18:50:12","slug":"plata-coloidal","status":"publish","type":"product","link":"https:\/\/fengchashop.com\/es\/product\/plata-coloidal\/","title":{"rendered":"Plata coloidal 100 ml"},"content":{"rendered":"<h2><span style=\"color: #000000;\">Plata coloidal: plata coloidal de alta calidad 30 ppm<\/span><\/h2>\n<p><span style=\"color: #000000;\">La plata coloidal es un <strong>l\u00edquido<\/strong> que contiene <strong>peque\u00f1as part\u00edculas de plata pura<\/strong> y, por cada mill\u00f3n de part\u00edculas, varias veces m\u00e1s <strong>agua desionizada destilada<\/strong>. La plata coloidal es un <strong>sustituto natural muy eficaz de los antibi\u00f3ticos sint\u00e9ticos<\/strong>. A diferencia de los antibi\u00f3ticos fabricados, la plata coloidal, adem\u00e1s de las bacterias (par\u00e1sitos), <strong>tambi\u00e9n destruye virus, hongos y otros organismos pat\u00f3genos<\/strong>.<\/span><\/p>\n<p><span style=\"color: #000000;\">En Europa, el plata coloidal se utiliza desde hace muchos a\u00f1os con fines m\u00e9dicos, y tambi\u00e9n lo utilizaban los romanos y los griegos para tratar diversas enfermedades. Cada vez m\u00e1s personas <strong>utilizan este eficaz m\u00e9todo de tratamiento<\/strong> de numerosas enfermedades tambi\u00e9n en Eslovenia.<\/span><\/p>\n<p><span style=\"color: #000000;\">Tiene <strong>efecto antibacteriano y es eficaz contra micoplasmas, virus, hongos y algunos par\u00e1sitos,<\/strong> al mismo tiempo, debido a sus propiedades antibacterianas, la plata se ha utilizado en el pasado como remedio general <strong>para tratar diversas infecciones y enfermedades<\/strong>. De hecho, la plata se utiliz\u00f3 por primera vez como medicamento durante la dinast\u00eda Han en China (1500 a\u00f1os antes de nuestra era). Su eficacia se ha documentado en numerosas enfermedades diferentes. Tambi\u00e9n es importante que puede <strong>sustituir o reforzar el sistema inmunol\u00f3gico natural del organismo<\/strong>, lo que resulta \u00fatil tanto para la prevenci\u00f3n como para apoyar el tratamiento.<\/span><\/p>\n<p><span style=\"color: #000000;\">El plata coloidal comenz\u00f3 a <strong>recuperar su popularidad como medicina alternativa en la d\u00e9cada de 1990<\/strong>, y sus defensores afirmaban que pod\u00eda utilizarse para tratar enfermedades bacterianas, v\u00edricas y f\u00fangicas en lugar de antibi\u00f3ticos u otros procedimientos m\u00e9dicos convencionales.<\/span><\/p>\n<p><span style=\"color: #000000;\">Hoy en d\u00eda, las personas que utilizan el plata coloidal lo ingieren por v\u00eda oral como suplemento diet\u00e9tico o lo aplican directamente sobre la piel.<\/span><\/p>\n<h2><span style=\"color: #000000;\">\u00bfC\u00f3mo funciona el plata coloidal?<\/span><\/h2>\n<p><span style=\"color: #000000;\">Se cree que el plata coloidal tiene <strong>amplios efectos antibacterianos y antis\u00e9pticos<\/strong> cuando se aplica sobre una herida o se consume internamente. Cuando las part\u00edculas de plata entran en contacto con la humedad, por ejemplo, con los fluidos corporales, liberan iones de plata. Se cree que estos son el componente del coloide de plata que es fisiol\u00f3gicamente activo y responsable de sus efectos antibacterianos.<\/span><\/p>\n<p><span style=\"color: #000000;\">El plata afecta a las prote\u00ednas que contienen virus, por lo que <strong>intenta detener la reproducci\u00f3n del virus<\/strong>.<\/span><\/p>\n<p><span style=\"color: #000000;\">Cuando las part\u00edculas de plata entran en contacto con la humedad, por ejemplo, con los fluidos corporales, liberan iones de plata. Se cree que estos son el componente del plata coloidal que es fisiol\u00f3gicamente activo y responsable de sus efectos antibacterianos.<\/span><\/p>\n<h2><span style=\"color: #000000;\">\u00bfPor qu\u00e9 es beneficioso el plata coloidal?<\/span><\/h2>\n<p><span style=\"color: #000000;\">\ud83d\udc9a favorece la r\u00e1pida <strong>curaci\u00f3n de cicatrices y quemaduras<\/strong>,<\/span><br \/>\n<span style=\"color: #000000;\">\ud83d\udc9a para <strong>erupciones cut\u00e1neas, picaduras de insectos, cortes, quemaduras solares<\/strong> y otras <strong>irritaciones de la piel<\/strong>,<\/span><br \/>\n<span style=\"color: #000000;\">\ud83d\udc9a para <strong>eliminar la mayor\u00eda de los hongos<\/strong> en los zapatos y entre los dedos de los pies,<\/span><br \/>\n<span style=\"color: #000000;\">\ud83d\udc9a reduce la <strong>psoriasis, la caspa, la irritaci\u00f3n<\/strong> y el <strong>picor de la piel<\/strong>, etc.,<\/span><br \/>\n<span style=\"color: #000000;\">\ud83d\udc9a inhibe la <strong>formaci\u00f3n de acn\u00e9 y granos<\/strong>,<\/span><br \/>\n<span style=\"color: #000000;\">\ud83d\udc9a ayuda en caso de <strong>inflamaci\u00f3n de los o\u00eddos y de los ojos<\/strong>,<\/span><br \/>\n<span style=\"color: #000000;\">\ud83d\udc9a acorta el tiempo necesario para curar <strong>las infecciones respiratorias y los rinovirus, el resfriado, la gripe y la neumon\u00eda<\/strong>,<\/span><br \/>\n<span style=\"color: #000000;\">\ud83d\udc9a ayuda a <strong>eliminar m\u00e1s r\u00e1pidamente las verrugas<\/strong>,<\/span><br \/>\n<span style=\"color: #000000;\">\ud83d\udc9a para <strong>reducir las infecciones, inflamaciones y dolores de muelas<\/strong>.<\/span><\/p>\n<p><span style=\"color: #000000;\"><em><strong>Tambi\u00e9n se utiliza para:<\/strong><\/em><\/span><\/p>\n<p><span style=\"color: #000000;\">\ud83d\udc9a esterilizar objetos (de cocina, dom\u00e9sticos, m\u00e9dicos, etc.),<\/span><br \/>\n<span style=\"color: #000000;\">\ud83d\udc9a a\u00f1adirlo a enjuagues bucales, lavados intestinales, sprays nasales y duchas,<\/span><br \/>\n<span style=\"color: #000000;\">\ud83d\udc9a desinfecci\u00f3n del agua (mezclar en 1 l de agua y esperar 6 minutos),<\/span><br \/>\n<span style=\"color: #000000;\">\ud83d\udc9a limpieza de recipientes de almacenamiento, pr\u00f3tesis dentales,<\/span><br \/>\n<span style=\"color: #000000;\">\ud83d\udc9a eliminaci\u00f3n de microorganismos indeseables de los sistemas de agua y del suelo,<\/span><br \/>\n<span style=\"color: #000000;\">\ud83d\udc9a estimulaci\u00f3n del crecimiento de las plantas, etc.<\/span><\/p>\n<h2><span style=\"color: #000000;\">Cantidad<\/span><\/h2>\n<p><span style=\"color: #000000;\">100 ml<\/span><\/p>\n<h2 style=\"text-align: justify;\"><span style=\"color: #000000;\">Envase<\/span><\/h2>\n<p><span style=\"color: #000000;\"> En envase de vidrio con gotero para facilitar la dosificaci\u00f3n.<br \/>\n<\/span><\/p>\n<h2 style=\"text-align: justify;\"><span style=\"color: #000000;\">Advertencias<\/span><\/h2>\n<p style=\"text-align: justify;\"><span style=\"color: #000000;\">Mantener fuera del alcance de los ni\u00f1os, en un lugar oscuro y alejado de dispositivos electr\u00f3nicos.<br \/>\n<\/span><\/p>\n<h2 style=\"text-align: justify;\"><span style=\"color: #000000;\">Origen<\/span><\/h2>\n<p style=\"text-align: justify;\"><span style=\"color: #000000;\">UE<\/span><\/p>\n","protected":false},"excerpt":{"rendered":"<p>Plata coloidal de alta calidad 30 ppm. La plata coloidal es un l\u00edquido que contiene peque\u00f1as part\u00edculas de plata pura y un mill\u00f3n de part\u00edculas de agua desionizada destilada varias veces. La plata coloidal es un sustituto natural muy eficaz de los antibi\u00f3ticos sint\u00e9ticos. A diferencia de los antibi\u00f3ticos fabricados, la plata coloidal destruye, adem\u00e1s de las bacterias (par\u00e1sitos), los virus, hongos y otros organismos pat\u00f3genos. En Europa, la plata coloidal se utiliza desde hace muchos a\u00f1os con fines m\u00e9dicos, y tambi\u00e9n la utilizaban los romanos y los griegos para tratar diversas enfermedades.<\/p>\n<p>\ud83d\udc9a Ayuda a tratar la inflamaci\u00f3n de los o\u00eddos y la inflamaci\u00f3n o infecci\u00f3n de los ojos.<br \/>\n\ud83d\udc9a Ayuda a eliminar las verrugas m\u00e1s r\u00e1pidamente.<br \/>\n\ud83d\udc9a Para estimular el crecimiento de las plantas.<br \/>\n\ud83d\udc9a Para desinfectar el agua.<\/p>\n","protected":false},"featured_media":4570,"comment_status":"open","ping_status":"closed","template":"","meta":{"_acf_changed":false},"product_brand":[],"product_cat":[15,208,216],"product_tag":[],"class_list":{"0":"post-6562","1":"product","2":"type-product","3":"status-publish","4":"has-post-thumbnail","6":"product_cat-uncategorized","7":"product_cat-otros","8":"product_cat-todos-los-productos","10":"first","11":"outofstock","12":"taxable","13":"shipping-taxable","14":"purchasable","15":"product-type-simple"},"acf":[],"_links":{"self":[{"href":"https:\/\/fengchashop.com\/es\/wp-json\/wp\/v2\/product\/6562","targetHints":{"allow":["GET"]}}],"collection":[{"href":"https:\/\/fengchashop.com\/es\/wp-json\/wp\/v2\/product"}],"about":[{"href":"https:\/\/fengchashop.com\/es\/wp-json\/wp\/v2\/types\/product"}],"replies":[{"embeddable":true,"href":"https:\/\/fengchashop.com\/es\/wp-json\/wp\/v2\/comments?post=6562"}],"wp:featuredmedia":[{"embeddable":true,"href":"https:\/\/fengchashop.com\/es\/wp-json\/wp\/v2\/media\/4570"}],"wp:attachment":[{"href":"https:\/\/fengchashop.com\/es\/wp-json\/wp\/v2\/media?parent=6562"}],"wp:term":[{"taxonomy":"product_brand","embeddable":true,"href":"https:\/\/fengchashop.com\/es\/wp-json\/wp\/v2\/product_brand?post=6562"},{"taxonomy":"product_cat","embeddable":true,"href":"https:\/\/fengchashop.com\/es\/wp-json\/wp\/v2\/product_cat?post=6562"},{"taxonomy":"product_tag","embeddable":true,"href":"https:\/\/fengchashop.com\/es\/wp-json\/wp\/v2\/product_tag?post=6562"}],"curies":[{"name":"wp","href":"https:\/\/api.w.org\/{rel}","templated":true}]}}