{"id":6561,"date":"2022-05-20T16:33:35","date_gmt":"2022-05-20T14:33:35","guid":{"rendered":"https:\/\/fengchashop.com\/es\/product\/dmso\/"},"modified":"2026-05-04T18:52:01","modified_gmt":"2026-05-04T16:52:01","slug":"dmso","status":"publish","type":"product","link":"https:\/\/fengchashop.com\/es\/product\/dmso\/","title":{"rendered":"DMSO 100 ml"},"content":{"rendered":"<h2><span style=\"color: #000000;\">DMSO de alta calidad<\/span><\/h2>\n<p><span style=\"color: #000000;\"><strong>El dimetilsulf\u00f3xido<\/strong>, tambi\u00e9n conocido como <strong>DMSO<\/strong>, tiene una historia peculiar. A finales del siglo XIX, este subproducto de la <strong>fabricaci\u00f3n del papel<\/strong> se descubri\u00f3 en Alemania, se utiliza como disolvente y se obtiene a partir de una sustancia qu\u00edmica presente en la madera.<\/span><\/p>\n<p><span style=\"color: #000000;\">Se trata de un <strong>producto natural<\/strong> que se fabrica a partir de <strong>celulosa de madera<\/strong> y que, si se utiliza correctamente, no supone ning\u00fan riesgo para la salud. El DMSO es un <strong>l\u00edquido org\u00e1nico, incoloro, natural y no sint\u00e9tico<\/strong> obtenido a partir de la lignina, que se hizo famoso por su capacidad para atravesar membranas biol\u00f3gicas, como la piel.<\/span><\/p>\n<p><span style=\"color: #000000;\">Los cient\u00edficos comenzaron a estudiar los efectos antiinflamatorios de esta sustancia a mediados del siglo XX. El DMSO es un medicamento con receta que la <strong>FDA<\/strong> (Administraci\u00f3n de Alimentos y Medicamentos) Administraci\u00f3n de Alimentos y Medicamentos) <strong>para tratar los signos y s\u00edntomas del s\u00edndrome de vejiga dolorosa<\/strong>. Tambi\u00e9n se utiliza, cuando es necesario, para <strong>tratar otras afecciones m\u00e9dicas<\/strong>. Se puede adquirir sin receta m\u00e9dica y se encuentra principalmente en forma de gel o crema.<\/span><\/p>\n<p><span style=\"color: #000000;\">El DMSO es un disolvente muy vers\u00e1til. Se puede administrar <strong>por v\u00eda intravenosa y oral<\/strong>, pero como se absorbe r\u00e1pidamente, <strong>se absorbe bien a trav\u00e9s de la piel<\/strong>. Se utiliza a menudo para <strong>mejorar la absorci\u00f3n de otros medicamentos<\/strong> en el organismo y para <strong>tratar la amiloidosis<\/strong>, una enfermedad en la que se depositan de forma incorrecta determinadas prote\u00ednas en los tejidos y \u00f3rganos.<\/span><\/p>\n<h2><span style=\"color: #000000;\">\u00bfQu\u00e9 enfermedades se pueden tratar con DMSO?<\/span><\/h2>\n<p><span style=\"color: #000000;\"><em>\u00a0 \u00a0 \u00a0\ud83d\udc9a Con aplicaci\u00f3n local<\/em>: <strong>en heridas, quemaduras y lesiones musculoesquel\u00e9ticas<\/strong>, <strong>reduce las molestias y acelera la cicatrizaci\u00f3n, disminuyendo la aparici\u00f3n de cicatrices<\/strong>.<\/span><\/p>\n<p><span style=\"color: #000000;\"><em>\u00a0 \u00a0 \u00a0\ud83d\udc9a Para el tratamiento<\/em>: <strong>de inflamaciones, artritis reumatoide, osteoartritis, cataratas, glaucoma, hongos en las u\u00f1as, enfermedades de la piel<\/strong> (tratamiento de la esclerodermia, una enfermedad que provoca cicatrices en la piel),\u00a0<strong>efectos secundarios de la quimioterapia y dolores de cabeza<\/strong>.<\/span><\/p>\n<p><span style=\"color: #000000;\">Debido al hecho de que el DMSO puede reducir o eliminar el dolor en pocos minutos tras su aplicaci\u00f3n, como han demostrado numerosos estudios, su uso est\u00e1 aumentando. Sin embargo, las personas que se tratan con DMSO se quejan principalmente del olor demasiado fuerte de la sustancia, que recuerda al ajo.<\/span><\/p>\n<p><span style=\"color: #000000;\">El uso del DMSO es seguro si se siguen las instrucciones, ya que <strong>act\u00faa en el organismo como un antioxidante<\/strong> totalmente at\u00f3xico.<\/span><\/p>\n<p><span style=\"color: #000000;\"><em><strong>\u00bfC\u00f3mo act\u00faa el DMSO?<\/strong><\/em><\/span><\/p>\n<p><span style=\"color: #000000;\">\ud83d\udc9a contra la coagulaci\u00f3n de la sangre,<\/span><br \/>\n<span style=\"color: #000000;\">\ud83d\udc9a antiinflamatorio,<\/span><br \/>\n<span style=\"color: #000000;\">\ud83d\udc9a antiviral y antibacteriano,<\/span><br \/>\n<span style=\"color: #000000;\">\ud83d\udc9a antif\u00fangico,<\/span><br \/>\n<span style=\"color: #000000;\">\ud83d\udc9a estimulante (es decir, estimula el sistema inmunol\u00f3gico),<\/span><br \/>\n<span style=\"color: #000000;\">\ud83d\udc9a vasodilatador y<\/span><br \/>\n<span style=\"color: #000000;\">\ud83d\udc9a analg\u00e9sico o analg\u00e9sico.<\/span><\/p>\n<h2><span style=\"color: #000000;\">Datos interesantes<\/span><\/h2>\n<p><span style=\"color: #000000;\"><span style=\"color: #000000;\">A finales de la d\u00e9cada de 1970, la FDA aprob\u00f3 el DMSO para <strong>ayudar en el tratamiento de la cistitis intersticial<\/strong> (enfermedad de la vejiga). Sigue siendo el \u00fanico m\u00e9todo de lavado (o instilaci\u00f3n) de la vejiga para esta enfermedad aprobado por la FDA. Los efectos del DMSO en personas con cistitis intersticial incluyen los siguientes:<\/span><\/span><\/p>\n<p><span style=\"color: #000000;\">\ud83d\udc9a reduce el dolor asociado a esta afecci\u00f3n,<\/span><br \/>\n<span style=\"color: #000000;\">\ud83d\udc9a relaja la vejiga y<\/span><br \/>\n<span style=\"color: #000000;\">\ud83d\udc9a aumenta la capacidad de la vejiga.<\/span><\/p>\n<p><span style=\"color: #000000;\">La estructura molecular del DMSO permite que numerosas mol\u00e9culas se disuelvan completamente en \u00e9l y atraviesen las membranas celulares sin da\u00f1arlas, aunque los compuestos en s\u00ed mismos no puedan atravesar la membrana. Por ello, el DMSO se encuentra a menudo en cremas antibacterianas, agentes antimic\u00f3ticos para el tratamiento de los ojos e incluso en esteroides para el tratamiento antiinflamatorio espec\u00edfico.<\/span><\/p>\n<h2><span style=\"color: #000000;\">Cantidad<\/span><\/h2>\n<p><span style=\"color: #000000;\">100 ml<\/span><\/p>\n<h2><span style=\"color: #000000;\">Envase<\/span><\/h2>\n<p><span style=\"color: #000000;\"> En envase de vidrio con gotero para facilitar la dosificaci\u00f3n.<\/span><\/p>\n<h2><span style=\"color: #000000;\">Advertencias<\/span><\/h2>\n<p><span style=\"color: #000000;\">Mantener fuera del alcance de los ni\u00f1os, en un lugar oscuro. Evitar el contacto con los ojos y la ropa. En caso de contacto con los ojos, aclarar inmediatamente con agua. No almacenar cerca de la luz solar directa. Las mujeres embarazadas y en periodo de lactancia no deben utilizar este producto. Si se produce una reacci\u00f3n al\u00e9rgica, interrumpa su uso.<\/span><\/p>\n<h2><span style=\"color: #000000;\">Origen<\/span><\/h2>\n<p><span style=\"color: #000000;\">Alemania<\/span><\/p>\n","protected":false},"excerpt":{"rendered":"<p>DMSO de alta calidad. Se utiliza a menudo para mejorar la absorci\u00f3n de otros medicamentos en el organismo y para tratar la amiloidosis, una enfermedad en la que se depositan de forma incorrecta determinadas prote\u00ednas en los tejidos y \u00f3rganos. Los cient\u00edficos comenzaron a estudiar los efectos antiinflamatorios de esta sustancia a mediados del siglo XX.<\/p>\n<p>\ud83d\udc9a Es de producci\u00f3n natural.<br \/>\n\ud83d\udc9a Se puede administrar por v\u00eda intravenosa y oral.<br \/>\n\ud83d\udc9a Act\u00faa contra la coagulaci\u00f3n de la sangre.<br \/>\n\ud83d\udc9a Aumenta la capacidad de la vejiga.<\/p>\n","protected":false},"featured_media":4568,"comment_status":"open","ping_status":"closed","template":"","meta":{"_acf_changed":false},"product_brand":[],"product_cat":[15,220,208,216],"product_tag":[],"class_list":{"0":"post-6561","1":"product","2":"type-product","3":"status-publish","4":"has-post-thumbnail","6":"product_cat-uncategorized","7":"product_cat-de-nuevo-en-stock","8":"product_cat-otros","9":"product_cat-todos-los-productos","11":"first","12":"instock","13":"taxable","14":"shipping-taxable","15":"purchasable","16":"product-type-simple"},"acf":[],"_links":{"self":[{"href":"https:\/\/fengchashop.com\/es\/wp-json\/wp\/v2\/product\/6561","targetHints":{"allow":["GET"]}}],"collection":[{"href":"https:\/\/fengchashop.com\/es\/wp-json\/wp\/v2\/product"}],"about":[{"href":"https:\/\/fengchashop.com\/es\/wp-json\/wp\/v2\/types\/product"}],"replies":[{"embeddable":true,"href":"https:\/\/fengchashop.com\/es\/wp-json\/wp\/v2\/comments?post=6561"}],"wp:featuredmedia":[{"embeddable":true,"href":"https:\/\/fengchashop.com\/es\/wp-json\/wp\/v2\/media\/4568"}],"wp:attachment":[{"href":"https:\/\/fengchashop.com\/es\/wp-json\/wp\/v2\/media?parent=6561"}],"wp:term":[{"taxonomy":"product_brand","embeddable":true,"href":"https:\/\/fengchashop.com\/es\/wp-json\/wp\/v2\/product_brand?post=6561"},{"taxonomy":"product_cat","embeddable":true,"href":"https:\/\/fengchashop.com\/es\/wp-json\/wp\/v2\/product_cat?post=6561"},{"taxonomy":"product_tag","embeddable":true,"href":"https:\/\/fengchashop.com\/es\/wp-json\/wp\/v2\/product_tag?post=6561"}],"curies":[{"name":"wp","href":"https:\/\/api.w.org\/{rel}","templated":true}]}}