{"id":6560,"date":"2022-05-20T16:28:31","date_gmt":"2022-05-20T14:28:31","guid":{"rendered":"https:\/\/fengchashop.com\/es\/product\/lugolova-raztopina\/"},"modified":"2026-05-04T20:58:03","modified_gmt":"2026-05-04T18:58:03","slug":"solucion-de-lugol","status":"publish","type":"product","link":"https:\/\/fengchashop.com\/es\/product\/solucion-de-lugol\/","title":{"rendered":"Soluci\u00f3n de Lugol 50 ml"},"content":{"rendered":"<h2><span style=\"color: #000000;\">Soluci\u00f3n de Lugol (gotas de yodo de alta calidad &#8211; 5 %)<\/span><\/h2>\n<p><span style=\"color: #000000;\"><strong>El yodo<\/strong> (I) y el <strong>yoduro de potasio<\/strong> (KI) se combinan con <strong>agua destilada en la soluci\u00f3n de Lugol<\/strong>, conocida com\u00fanmente como <strong>yodo de Lugol<\/strong>. Jean Francois Coindet (1774-1834) fue el primero en utilizar el yodo con <strong>fines terap\u00e9uticos<\/strong>.<\/span><\/p>\n<p>El m\u00e9dico franc\u00e9s <strong>Jean Guillaume Auguste Lugol<\/strong> desarroll\u00f3 la soluci\u00f3n de Lugol por primera vez en <strong>1829<\/strong>. El Dr. Lugol descubri\u00f3 que el yoduro de potasio aumenta la solubilidad del yodo en el agua. La soluci\u00f3n de Lugol es una mezcla de yodo y yoduro de potasio en una proporci\u00f3n de 1:2. El Dr. Lugol tambi\u00e9n descubri\u00f3 que el yodo era una sustancia qu\u00edmica que pod\u00eda utilizarse y demostr\u00f3 que era prometedora en el tratamiento de infecciones. La soluci\u00f3n de Lugol se ha combinado con otras sustancias durante muchos a\u00f1os y se ha utilizado como materia prima para diversos fines.<\/p>\n<h2><span style=\"color: #000000;\">\u00bfQu\u00e9 importancia tiene el yodo para la salud?<\/span><\/h2>\n<p><span style=\"color: #000000;\">El yodo es un <strong>mineral<\/strong> que <strong>todos los mam\u00edferos necesitan<\/strong> para sobrevivir. Tambi\u00e9n es un componente importante de las <strong>hormonas tiroideas<\/strong>, que <strong>influyen en el metabolismo, el crecimiento y el desarrollo<\/strong>. El yodo tambi\u00e9n es fundamental <strong>para el desarrollo del cerebro<\/strong>, especialmente <strong>durante el embarazo y la primera infancia<\/strong>. Controla numerosos procesos bioqu\u00edmicos importantes, como la s\u00edntesis de prote\u00ednas y la actividad de las enzimas, que son <strong>esenciales para el metabolismo y el crecimiento adecuado de los huesos y el sistema nervioso del feto y del ni\u00f1o<\/strong>.<\/span><\/p>\n<p><span style=\"color: #000000;\">El yodo tambi\u00e9n es fundamental para <strong>mantener la salud de la piel, el cabello y las u\u00f1as<\/strong>, adem\u00e1s de para el <strong>funcionamiento adecuado de la tiroides y la liberaci\u00f3n de energ\u00eda durante la metabolizaci\u00f3n<\/strong>, y tambi\u00e9n tiene una <strong>funci\u00f3n cognitiva<\/strong>. <strong>Efectos antivirales, antibacterianos, antiparasitarios y anticancer\u00edgenos<\/strong>, que son esenciales para el yodo.<\/span><\/p>\n<p><span style=\"color: #000000;\">La soluci\u00f3n de Lugol tambi\u00e9n es esencial para la <strong>salud ocular y la hidrataci\u00f3n<\/strong>.<\/span><\/p>\n<p><span style=\"color: #000000;\">Sin duda, el yodo tambi\u00e9n es m\u00e1s conocido como <strong>desinfectante o antis\u00e9ptico<\/strong>.<\/span><\/p>\n<h2><span style=\"color: #000000;\">\u00bfA qui\u00e9n recomendamos la soluci\u00f3n de Lugol y por qu\u00e9 la utilizamos?<\/span><\/h2>\n<p><span style=\"color: #000000;\">Todos los tejidos y \u00f3rganos humanos contienen trazas de yodo. La mayor parte del yodo se encuentra en la gl\u00e1ndula tiroides, las gl\u00e1ndulas salivales mayores, el p\u00e1ncreas, las gl\u00e1ndulas lacrimales, los tejidos reproductivos, como los senos, los ovarios y la pr\u00f3stata, as\u00ed como en la mucosa g\u00e1strica, el l\u00edquido cefalorraqu\u00eddeo y la piel humana.<\/span><\/p>\n<p><span style=\"color: #000000;\">Es fundamental <strong>para la producci\u00f3n de hormonas tiroideas y la regulaci\u00f3n del metabolismo<\/strong>, lo que influye en los niveles de energ\u00eda y la claridad mental. <strong>Los efectos de la deficiencia de yodo provocan:<\/strong><\/span><\/p>\n<p>&#8211; bajos niveles de energ\u00eda,<br \/>\n&#8211; aumento de peso,<br \/>\n&#8211; calvicie y<br \/>\n&#8211; mayor riesgo de c\u00e1ncer.<\/p>\n<p><span style=\"color: #000000;\">El yodo tambi\u00e9n ayuda al organismo a <strong>eliminar el plomo y el mercurio<\/strong> y <strong>protege contra toxinas comunes<\/strong> como el bromo, el fl\u00faor y el cloro.<\/span><\/p>\n<p><span style=\"color: #000000;\"><em><strong>Los s\u00edntomas de la falta de yodo son:<\/strong><\/em><\/span><\/p>\n<p><span style=\"color: #000000;\">&#8211; calambres musculares,<\/span><br \/>\n<span style=\"color: #000000;\">&#8211; mayor riesgo de obesidad,<\/span><br \/>\n<span style=\"color: #000000;\">&#8211; depresi\u00f3n,<\/span><br \/>\n<span style=\"color: #000000;\">&#8211; p\u00e9rdida de memoria,<\/span><br \/>\n<span style=\"color: #000000;\">&#8211; estre\u00f1imiento,<\/span><br \/>\n<span style=\"color: #000000;\">&#8211; debilidad,<\/span><br \/>\n<span style=\"color: #000000;\">&#8211; u\u00f1as quebradizas y piel agrietada,<\/span><br \/>\n<span style=\"color: #000000;\">&#8211; pies y manos fr\u00edos.<\/span><\/p>\n<p><span style=\"color: #000000;\"><em><strong>El consumo de yodo puede prevenir y tratar:<\/strong><\/em><\/span><\/p>\n<p><span style=\"color: #000000;\">\ud83d\udc9a problemas de pr\u00f3stata,<\/span><br \/>\n<span style=\"color: #000000;\">\ud83d\udc9a enfermedades fibroqu\u00edsticas y otras enfermedades de las mamas,<\/span><br \/>\n<span style=\"color: #000000;\">\ud83d\udc9a infecciones vaginales,<\/span><br \/>\n<span style=\"color: #000000;\">\ud83d\udc9a problemas de tiroides,<\/span><br \/>\n<span style=\"color: #000000;\">\ud83d\udc9a problemas de h\u00edgado,<\/span><br \/>\n<span style=\"color: #000000;\">\ud83d\udc9a tumores benignos,<\/span><br \/>\n<span style=\"color: #000000;\">\ud83d\udc9a crecimiento y desarrollo mental de los ni\u00f1os,<\/span><br \/>\n<span style=\"color: #000000;\">\ud83d\udc9a dolores de cabeza (incluida la migra\u00f1a),<\/span><br \/>\n<span style=\"color: #000000;\">\ud83d\udc9a calvicie,<\/span><br \/>\n<span style=\"color: #000000;\">\ud83d\udc9a hemorroides,<\/span><br \/>\n<span style=\"color: #000000;\">\ud83d\udc9a hiperactividad y trastornos de atenci\u00f3n,<\/span><br \/>\n<span style=\"color: #000000;\">\ud83d\udc9a aterosclerosis,<\/span><br \/>\n<span style=\"color: #000000;\">\ud83d\udc9a depresi\u00f3n,<\/span><br \/>\n<span style=\"color: #000000;\">\ud83d\udc9a fatiga,&#8230;<\/span><\/p>\n<h2><span style=\"color: #000000;\">Datos interesantes<\/span><\/h2>\n<p><span style=\"color: #000000;\">En Eslovenia se ha detectado en el pasado una grave carencia de yodo en ni\u00f1os y adultos, ya que la mayor\u00eda de las comidas contienen de forma natural solo una cantidad modesta de yodo.<\/span><\/p>\n<p><span style=\"color: #000000;\">Tras el accidente nuclear de Chern\u00f3bil, la soluci\u00f3n de Lugol tambi\u00e9n se utiliz\u00f3 para proteger a las personas de la radiaci\u00f3n radioactiva.<\/span><\/p>\n<p><span style=\"color: #000000;\">Encontrar yodo puede ser dif\u00edcil, pero muchos alimentos lo contienen en cantidades naturales. Entre ellos se encuentran el pescado, la carne de cerdo, el queso, las algas marinas o el kelp marino.<\/span><\/p>\n<p><span style=\"color: #000000;\">Hoy en d\u00eda, la falta de yodo es un problema com\u00fan. El yodo se a\u00f1ad\u00eda a menudo al pan y a los pasteles, pero ahora solo se encuentra en algunas ensaladas. El yodo se evapora de la sal, lo que es menos conocido, y no est\u00e1 claro cu\u00e1nto de lo que se evapora llega al cuerpo. El contenido de yodo en la dieta es limitado debido al agotamiento del suelo, que es consecuencia del uso excesivo e inadecuado de la tierra.<\/span><\/p>\n<h2><span style=\"color: #000000;\">Cantidad<\/span><\/h2>\n<p><span style=\"color: #000000;\">50 ml<\/span><\/p>\n<h2 style=\"text-align: justify;\"><span style=\"color: #000000;\">Envase<\/span><\/h2>\n<p><span style=\"color: #000000;\"> En envase de vidrio con gotero para facilitar la dosificaci\u00f3n.<br \/>\n<\/span><\/p>\n<h2 style=\"text-align: justify;\"><span style=\"color: #000000;\">Advertencias<\/span><\/h2>\n<p style=\"text-align: justify;\"><span style=\"color: #000000;\">Mantener fuera del alcance de los ni\u00f1os, en un lugar oscuro. <\/span><\/p>\n<h2 style=\"text-align: justify;\"><span style=\"color: #000000;\">Origen<\/span><\/h2>\n<p style=\"text-align: justify;\"><span style=\"color: #000000;\">UE<\/span><\/p>\n","protected":false},"excerpt":{"rendered":"<p>Soluci\u00f3n de Lugol &#8211; 5 %. El m\u00e9dico franc\u00e9s Jean Guillaume Auguste Lugol desarroll\u00f3 la soluci\u00f3n de Lugol por primera vez en 1829. El Dr. Lugol descubri\u00f3 que el yoduro de potasio aumenta la solubilidad del yodo en el agua. La soluci\u00f3n de Lugol es una mezcla de yodo y yoduro de potasio en una proporci\u00f3n de 1:2. El yodo es un mineral que todos los mam\u00edferos necesitan para sobrevivir. Tambi\u00e9n es un componente importante de las hormonas tiroideas, que influyen en el metabolismo, el crecimiento y el desarrollo.<\/p>\n<p>\ud83d\udc9a Previene y cura los dolores de cabeza (incluida la migra\u00f1a).<br \/>\n\ud83d\udc9a Protege contra toxinas comunes.<br \/>\n\ud83d\udc9a Es fundamental para la producci\u00f3n de hormonas tiroideas y la regulaci\u00f3n del metabolismo.<br \/>\n\ud83d\udc9a Previene un mayor riesgo de c\u00e1ncer.<\/p>\n","protected":false},"featured_media":4565,"comment_status":"open","ping_status":"closed","template":"","meta":{"_acf_changed":false},"product_brand":[],"product_cat":[15,220,208,216],"product_tag":[],"class_list":{"0":"post-6560","1":"product","2":"type-product","3":"status-publish","4":"has-post-thumbnail","6":"product_cat-uncategorized","7":"product_cat-de-nuevo-en-stock","8":"product_cat-otros","9":"product_cat-todos-los-productos","11":"first","12":"instock","13":"taxable","14":"shipping-taxable","15":"purchasable","16":"product-type-simple"},"acf":[],"_links":{"self":[{"href":"https:\/\/fengchashop.com\/es\/wp-json\/wp\/v2\/product\/6560","targetHints":{"allow":["GET"]}}],"collection":[{"href":"https:\/\/fengchashop.com\/es\/wp-json\/wp\/v2\/product"}],"about":[{"href":"https:\/\/fengchashop.com\/es\/wp-json\/wp\/v2\/types\/product"}],"replies":[{"embeddable":true,"href":"https:\/\/fengchashop.com\/es\/wp-json\/wp\/v2\/comments?post=6560"}],"wp:featuredmedia":[{"embeddable":true,"href":"https:\/\/fengchashop.com\/es\/wp-json\/wp\/v2\/media\/4565"}],"wp:attachment":[{"href":"https:\/\/fengchashop.com\/es\/wp-json\/wp\/v2\/media?parent=6560"}],"wp:term":[{"taxonomy":"product_brand","embeddable":true,"href":"https:\/\/fengchashop.com\/es\/wp-json\/wp\/v2\/product_brand?post=6560"},{"taxonomy":"product_cat","embeddable":true,"href":"https:\/\/fengchashop.com\/es\/wp-json\/wp\/v2\/product_cat?post=6560"},{"taxonomy":"product_tag","embeddable":true,"href":"https:\/\/fengchashop.com\/es\/wp-json\/wp\/v2\/product_tag?post=6560"}],"curies":[{"name":"wp","href":"https:\/\/api.w.org\/{rel}","templated":true}]}}