{"id":6558,"date":"2022-05-20T16:14:53","date_gmt":"2022-05-20T14:14:53","guid":{"rendered":"https:\/\/fengchashop.com\/es\/product\/indijski-orescki-bio\/"},"modified":"2026-04-03T13:03:49","modified_gmt":"2026-04-03T11:03:49","slug":"nueces-de-la-india-bio","status":"publish","type":"product","link":"https:\/\/fengchashop.com\/es\/product\/nueces-de-la-india-bio\/","title":{"rendered":"Nueces de la India BIO 500 g"},"content":{"rendered":"<h2 style=\"text-align: justify;\"><span style=\"color: #000000;\">Nueces de la India BIO<\/span><\/h2>\n<p style=\"text-align: justify;\"><span style=\"color: #000000;\">Las nueces de la India proceden de Brasil y son <strong>las semillas de un \u00e1rbol de hoja perenne<\/strong> llamado acaj\u00fa. Se trata de un \u00e1rbol que da frutos similares a las peras, los cuales tienen unas protuberancias caracter\u00edsticas en la c\u00e1scara, de las que se extraen las llamadas nueces de la India. La c\u00e1scara se suele quitar inmediatamente despu\u00e9s de la recolecci\u00f3n del fruto, ya que est\u00e1 recubierta de un l\u00edquido aceitoso que irrita la piel.<\/p>\n<p style=\"text-align: justify;\"><span style=\"color: #000000;\">Las nueces de la India se consideran unas de las nueces m\u00e1s saludables debido a su contenido en <strong>vitaminas y minerales<\/strong>, entre los que se encuentran el potasio, las vitaminas B y K, el manganeso, el magnesio, el f\u00f3sforo, el zinc, el cobre y el hierro. En comparaci\u00f3n con otros frutos secos, tambi\u00e9n tienen un menor contenido en grasas (se trata de <strong>grasas insaturadas<\/strong>, que a menudo se consideran grasas saludables) y un contenido ligeramente superior en carbohidratos. Adem\u00e1s, son una fuente rica en <strong>antioxidantes<\/strong>. En algunos lugares, incluso se consideran los frutos secos m\u00e1s saludables que nos ofrece la naturaleza. El consumo regular, y sobre todo moderado, de nueces de la India puede ayudar a reducir el riesgo de enfermedades cardiovasculares, a disminuir el az\u00facar y la presi\u00f3n arterial, y al mismo tiempo a mantener los niveles de colesterol bueno, lo que se puede atribuir principalmente a su contenido en grasas monoinsaturadas.<\/span><\/p>\n<p style=\"text-align: justify;\"><span style=\"color: #000000;\">Las nueces de la India se pueden consumir como <strong>aperitivo<\/strong>, como complemento de ensaladas, cereales, fruta o batidos. Debido a su textura cremosa, son ideales para <strong>postres crudos<\/strong>, cremas saladas y dulces, y tambi\u00e9n se pueden utilizar para preparar una deliciosa y saludable <strong>bebida vegetal<\/strong>.<\/span><\/p>\n<p style=\"text-align: justify;\"><span style=\"color: #000000;\">Sin conservantes, aditivos ni sal a\u00f1adidos.<\/span><\/p>\n<p style=\"text-align: justify;\"><span style=\"color: #000000;\">Puede contener trazas de otros frutos secos, cacahuetes y s\u00e9samo.<\/span><\/p>\n<h2 style=\"text-align: justify;\"><span style=\"color: #000000;\">Conservaci\u00f3n<\/span><\/h2>\n<p style=\"text-align: justify;\"><span style=\"color: #000000;\">Una vez abierto, conservar el producto en un lugar seco y oscuro y consumirlo lo antes posible.<\/p>\n<h2 style=\"text-align: justify;\"><span style=\"color: #000000;\">Envasado<\/span><\/h2>\n<p style=\"text-align: justify;\"><span style=\"color: #000000;\">Bolsa herm\u00e9tica con cierre, donde el producto conserva toda su frescura y aroma. El envase protege del aire y la luz, ya que est\u00e1 compuesto por varias capas protectoras que conservan las propiedades del contenido.<br \/>\nEl envase es muy pr\u00e1ctico y se puede reciclar.<\/p>\n<h2 style=\"text-align: justify;\"><span style=\"color: #000000;\">Origen<\/span><\/h2>\n<p style=\"text-align: justify;\"><span style=\"color: #000000;\">Vietnam<\/span><\/p>\n","protected":false},"excerpt":{"rendered":"<p>Los anacardos se consideran uno de los frutos secos m\u00e1s saludables debido a su contenido en vitaminas y minerales, entre los que se encuentran el potasio, las vitaminas B y K, el manganeso, el magnesio, el f\u00f3sfor, el zinc, el cobre y el hierro. En comparaci\u00f3n con otros frutos secos, tambi\u00e9n tienen un menor contenido en grasas (se trata de grasas insaturadas, que a menudo se consideran grasas saludables) y un contenido ligeramente superior en carbohidratos. En algunos lugares se consideran incluso los frutos secos m\u00e1s saludables que nos ofrece la naturaleza. El consumo regular, y sobre todo moderado, de nueces de la India puede ayudar a reducir el riesgo de enfermedades cardiovasculares, a disminuir el az\u00facar y la presi\u00f3n arterial, y al mismo tiempo a mantener los niveles de colesterol bueno, lo que se puede atribuir principalmente a su contenido en grasas monoinsaturadas.<\/p>\n<p>&#128154; Rica fuente de antioxidantes.<br \/>\n&#128154; Procedente de cultivo ecol\u00f3gico.<br \/>\n&#128154; Sin conservantes, aditivos ni sal a\u00f1adidos.<\/p>\n<p>&nbsp;<\/p>\n","protected":false},"featured_media":4560,"comment_status":"open","ping_status":"closed","template":"","meta":{"_acf_changed":false},"product_brand":[],"product_cat":[15,224,216],"product_tag":[],"class_list":{"0":"post-6558","1":"product","2":"type-product","3":"status-publish","4":"has-post-thumbnail","6":"product_cat-uncategorized","7":"product_cat-te-alimentos-y-especias","8":"product_cat-todos-los-productos","10":"first","11":"outofstock","12":"taxable","13":"shipping-taxable","14":"purchasable","15":"product-type-simple"},"acf":[],"_links":{"self":[{"href":"https:\/\/fengchashop.com\/es\/wp-json\/wp\/v2\/product\/6558","targetHints":{"allow":["GET"]}}],"collection":[{"href":"https:\/\/fengchashop.com\/es\/wp-json\/wp\/v2\/product"}],"about":[{"href":"https:\/\/fengchashop.com\/es\/wp-json\/wp\/v2\/types\/product"}],"replies":[{"embeddable":true,"href":"https:\/\/fengchashop.com\/es\/wp-json\/wp\/v2\/comments?post=6558"}],"wp:featuredmedia":[{"embeddable":true,"href":"https:\/\/fengchashop.com\/es\/wp-json\/wp\/v2\/media\/4560"}],"wp:attachment":[{"href":"https:\/\/fengchashop.com\/es\/wp-json\/wp\/v2\/media?parent=6558"}],"wp:term":[{"taxonomy":"product_brand","embeddable":true,"href":"https:\/\/fengchashop.com\/es\/wp-json\/wp\/v2\/product_brand?post=6558"},{"taxonomy":"product_cat","embeddable":true,"href":"https:\/\/fengchashop.com\/es\/wp-json\/wp\/v2\/product_cat?post=6558"},{"taxonomy":"product_tag","embeddable":true,"href":"https:\/\/fengchashop.com\/es\/wp-json\/wp\/v2\/product_tag?post=6558"}],"curies":[{"name":"wp","href":"https:\/\/api.w.org\/{rel}","templated":true}]}}