{"id":6557,"date":"2022-05-20T16:04:08","date_gmt":"2022-05-20T14:04:08","guid":{"rendered":"https:\/\/fengchashop.com\/es\/product\/brazilski-orescki-bio\/"},"modified":"2026-04-03T13:04:43","modified_gmt":"2026-04-03T11:04:43","slug":"nueces-de-brasil-bio","status":"publish","type":"product","link":"https:\/\/fengchashop.com\/es\/product\/nueces-de-brasil-bio\/","title":{"rendered":"Nueces de Brasil BIO 500 g"},"content":{"rendered":"<h2><span style=\"color: #000000;\">Nueces de Brasil BIO<\/span><\/h2>\n<p style=\"text-align: justify;\"><span style=\"color: #000000;\">Las nueces de Brasil crecen en un \u00e1rbol de varias decenas de metros de altura llamado <em>bertolecia<\/em>. Son originarios de las selvas tropicales del Amazonas y, en realidad, son las semillas de este imponente \u00e1rbol, que puede llegar a vivir hasta 700 a\u00f1os. En su mayor\u00eda crecen en estado silvestre y no se cultivan en plantaciones. El mayor exportador de esta nuez tan nutritiva es Bolivia.<\/p>\n<p style=\"text-align: justify;\"><span style=\"color: #000000;\">En primer lugar, la nuez de Brasil es conocida como un aperitivo saludable que contiene muchas <strong>grasas saludables<\/strong>, <strong>fibra diet\u00e9tica<\/strong> y <strong>selenio<\/strong>. El selenio es un elemento muy importante que la <strong>gl\u00e1ndula tiroides<\/strong> necesita <strong>para funcionar correctamente<\/strong>. Esta gl\u00e1ndula tambi\u00e9n es responsable del equilibrio hormonal. El desequilibrio hormonal puede provocar diversas afecciones indeseables, ya que las hormonas regulan el estado de \u00e1nimo y diversas funciones del organismo. Debido a su alto contenido en selenio, tambi\u00e9n tienen un efecto positivo en el <strong>aspecto<\/strong> de la <strong>piel<\/strong>. Gracias a la fibra diet\u00e9tica, son buenos para la <strong>digesti\u00f3n<\/strong> y dan sensaci\u00f3n de saciedad. Tambi\u00e9n son importantes la <strong>vitamina C<\/strong> y el <strong>zinc<\/strong>, que, entre otras cosas, aumentan la resistencia inmunol\u00f3gica y protegen contra enfermedades, entre las que se incluyen las cardiovasculares. La nuez de Brasil tambi\u00e9n contiene <strong>hierro<\/strong> y <strong>cobre<\/strong>, que desempe\u00f1an un papel fundamental en la prevenci\u00f3n de la anemia. Si se consumen diariamente en peque\u00f1as cantidades, <strong>nos proporcionan muy r\u00e1pidamente las necesidades diarias de vitaminas y minerales importantes<\/strong>: basta con 10 g de nueces al d\u00eda.<\/p>\n<p style=\"text-align: justify;\"><span style=\"color: #000000;\">Sin embargo, los frutos secos brasile\u00f1os tambi\u00e9n son bastante <strong>cal\u00f3ricos<\/strong>, por lo que siempre es muy importante consumirlos con moderaci\u00f3n. Esto tambi\u00e9n es importante debido a su alto contenido en selenio, que en cantidades excesivas puede tener el efecto contrario (si se consumen grandes cantidades de nueces todos los d\u00edas).<\/span><\/p>\n<h2><span style=\"color: #000000;\">Almacenamiento<\/span><\/h2>\n<p style=\"text-align: justify;\"><span style=\"color: #000000;\">Una vez abierto, mantenga el producto en un lugar seco y oscuro y cons\u00famelo lo antes posible.<\/p>\n<h2><span style=\"color: #000000;\">Envasado<\/span><\/h2>\n<p style=\"text-align: justify;\"><span style=\"color: #000000;\">Bolsa herm\u00e9tica con cierre, donde el producto conserva toda su frescura y aroma. El envase protege del aire y la luz, ya que est\u00e1 compuesto por varias capas protectoras que conservan las propiedades del contenido.<br \/>\nEl envase es muy pr\u00e1ctico y se puede reciclar.<\/p>\n<h2><span style=\"color: #000000;\">Origen<\/span><\/h2>\n<p style=\"text-align: justify;\"><span style=\"color: #000000;\">Brasil o Bolivia<\/span><\/p>\n","protected":false},"excerpt":{"rendered":"<p>En primer lugar, la nuez de Brasil es conocida como un aperitivo saludable que contiene muchas grasas saludables, fibra diet\u00e9tica y selenio. El selenio es un elemento extremadamente importante que la gl\u00e1ndula tiroides necesita para funcionar correctamente. Esta gl\u00e1ndula tambi\u00e9n es responsable del equilibrio hormonal. El desequilibrio hormonal puede provocar diversas afecciones indeseables, ya que las hormonas regulan el estado de \u00e1nimo y diversas funciones del organismo. Tambi\u00e9n son importantes la vitamina C y el zinc, que, entre otras cosas, aumentan la resistencia inmunol\u00f3gica y protegen contra enfermedades, entre las que se incluyen las cardiovasculares. La nuez de Brasil tambi\u00e9n contiene hierro y cobre, que desempe\u00f1an un papel fundamental en la prevenci\u00f3n de la anemia. Si se consumen diariamente en peque\u00f1as cantidades, cubren r\u00e1pidamente las necesidades diarias de vitaminas y minerales importantes: basta con 10 g de nueces al d\u00eda.<\/p>\n<p>&#128154; Gracias a su fibra diet\u00e9tica, son buenos para la digesti\u00f3n y dan sensaci\u00f3n de saciedad.<br \/>\n&#128154; Son de cultivo ecol\u00f3gico.<br \/>\n&#128154; Debido a su alto contenido en selenio, tambi\u00e9n tienen un efecto positivo en el aspecto de la piel.<\/p>\n<p>&nbsp;<\/p>\n","protected":false},"featured_media":4557,"comment_status":"open","ping_status":"closed","template":"","meta":{"_acf_changed":false},"product_brand":[],"product_cat":[15,224,216],"product_tag":[],"class_list":{"0":"post-6557","1":"product","2":"type-product","3":"status-publish","4":"has-post-thumbnail","6":"product_cat-uncategorized","7":"product_cat-te-alimentos-y-especias","8":"product_cat-todos-los-productos","10":"first","11":"outofstock","12":"taxable","13":"shipping-taxable","14":"purchasable","15":"product-type-simple"},"acf":[],"_links":{"self":[{"href":"https:\/\/fengchashop.com\/es\/wp-json\/wp\/v2\/product\/6557","targetHints":{"allow":["GET"]}}],"collection":[{"href":"https:\/\/fengchashop.com\/es\/wp-json\/wp\/v2\/product"}],"about":[{"href":"https:\/\/fengchashop.com\/es\/wp-json\/wp\/v2\/types\/product"}],"replies":[{"embeddable":true,"href":"https:\/\/fengchashop.com\/es\/wp-json\/wp\/v2\/comments?post=6557"}],"wp:featuredmedia":[{"embeddable":true,"href":"https:\/\/fengchashop.com\/es\/wp-json\/wp\/v2\/media\/4557"}],"wp:attachment":[{"href":"https:\/\/fengchashop.com\/es\/wp-json\/wp\/v2\/media?parent=6557"}],"wp:term":[{"taxonomy":"product_brand","embeddable":true,"href":"https:\/\/fengchashop.com\/es\/wp-json\/wp\/v2\/product_brand?post=6557"},{"taxonomy":"product_cat","embeddable":true,"href":"https:\/\/fengchashop.com\/es\/wp-json\/wp\/v2\/product_cat?post=6557"},{"taxonomy":"product_tag","embeddable":true,"href":"https:\/\/fengchashop.com\/es\/wp-json\/wp\/v2\/product_tag?post=6557"}],"curies":[{"name":"wp","href":"https:\/\/api.w.org\/{rel}","templated":true}]}}