{"id":6550,"date":"2022-05-20T14:38:02","date_gmt":"2022-05-20T12:38:02","guid":{"rendered":"https:\/\/fengchashop.com\/es\/product\/kakav-zrna-bio\/"},"modified":"2026-05-04T20:41:57","modified_gmt":"2026-05-04T18:41:57","slug":"cacao-en-grano-bio","status":"publish","type":"product","link":"https:\/\/fengchashop.com\/es\/product\/cacao-en-grano-bio\/","title":{"rendered":"Cacao en grano BIO 250 g"},"content":{"rendered":"<h2 style=\"text-align: justify;\"><span style=\"color: #000000;\">Cacao en grano criollo BIO<\/span><\/h2>\n<p style=\"text-align: justify;\"><span style=\"color: #000000;\">Los granos o semillas de cacao, de los que se obtiene el cacao, crecen en racimos en un \u00e1rbol llamado <strong>cacaotero<\/strong> o <strong>Theobroma cacao<\/strong>. En el pasado, los granos de cacao eran tan apreciados que los mayas y los aztecas de Am\u00e9rica Central y del Sur los utilizaban como medio de pago, adem\u00e1s del oro. <\/span><\/p>\n<p style=\"text-align: justify;\"><span style=\"color: #000000;\">El cacao contiene, con diferencia, m\u00e1s antioxidantes que cualquier otro alimento, adem\u00e1s de numerosos minerales, como potasio, zinc, magnesio, hierro y calcio. Debido a su contenido en zinc, los granos de cacao tambi\u00e9n son importantes <strong>para ayudar en las reacciones enzim\u00e1ticas<\/strong>. Al mismo tiempo, tambi\u00e9n es una fuente de prote\u00ednas y fibra. Todos estos elementos son importantes para mantener nuestra salud. Tambi\u00e9n contiene numerosos nutrientes que tienen un efecto positivo en nuestro sistema circulatorio, ya que diluyen la sangre y previenen la formaci\u00f3n de co\u00e1gulos. Al mismo tiempo, mejora el estado de \u00e1nimo al aumentar los niveles de serotonina en el cerebro. De hecho, contiene hasta <strong>300 compuestos diferentes<\/strong> que pueden influir en la mejora de nuestro estado de \u00e1nimo. Los granos de cacao contienen tript\u00f3fano, que es importante para la producci\u00f3n de serotonina, conocida como la hormona de la felicidad. Adem\u00e1s, los granos de cacao tambi\u00e9n contienen sustancias qu\u00edmicas que el cuerpo produce cuando nos enamoramos, por lo que no es de extra\u00f1ar que <strong>a menudo asociemos el cacao con el amor<\/strong>.<\/span><\/p>\n<p style=\"text-align: justify;\"><span style=\"color: #000000;\">Para aprovechar todos sus efectos positivos, basta con consumir entre 25 y 30 gramos de cacao al d\u00eda, lo que equivale a unos diez granos.<\/span><\/p>\n<p style=\"text-align: justify;\"><span style=\"color: #000000;\">El cacao de la variedad <em><strong>criollo <\/strong><\/em>es el m\u00e1s apreciado del mundo. Estos granos de cacao tambi\u00e9n son de cultivo ecol\u00f3gico.<br \/>\nPor su sabor, recuerdan al chocolate y, al mismo tiempo, a los frutos secos.<\/span><\/p>\n<h2 style=\"text-align: justify;\"><span style=\"color: #000000;\">\u00bfPor qu\u00e9 comprar nuestros granos de cacao?<\/span><\/h2>\n<p style=\"text-align: justify;\"><span style=\"color: #000000;\">Simplemente porque:<\/span><\/p>\n<p style=\"text-align: justify;\"><span style=\"color: #000000;\">1. Provienen de <b>cultivos ecol\u00f3gicos<\/b> controlados y, por lo tanto, son lo mejor que podemos ofrecerte.<\/span><\/p>\n<p style=\"text-align: justify;\"><span style=\"color: #000000;\">2. Son <b>crudos<\/b>. <i>Qu\u00e9 significa esto exactamente? <\/i>Significa que los granos o semillas de cacao, tras su recolecci\u00f3n, solo se fermentan y se secan a bajas temperaturas. No se tuestan ni se someten a ning\u00fan tratamiento qu\u00edmico. De este modo, este \u00abalimento de los dioses\u00bb, como se le suele llamar, conserva la mayor parte de sus propiedades nutricionales, entre ellas los antioxidantes, tan importantes para nosotros.<\/span><\/p>\n<p style=\"text-align: justify;\"><span style=\"color: #000000;\">3. No contienen <b>aditivos<\/b> ni otros ingredientes innecesarios.<\/span><\/p>\n<p style=\"text-align: justify;\"><span style=\"color: #000000;\">4. El cacao <em><strong>criollo<\/strong> <\/em>es la variedad de cacao m\u00e1s apreciada y de mayor calidad del mundo.<br \/>\nUna combinaci\u00f3n ganadora que satisface incluso a los paladares m\u00e1s exigentes.<\/span><\/p>\n<h2 style=\"text-align: justify;\"><span style=\"color: #000000;\">Almacenamiento<\/span><\/h2>\n<p style=\"text-align: justify;\"><span style=\"color: #000000;\">Almacenar en un lugar seco, oscuro y fresco. Aseg\u00farese de que la bolsa est\u00e9 bien cerrada.<\/span><\/p>\n<h2 style=\"text-align: justify;\"><span style=\"color: #000000;\">Envasado<\/span><\/h2>\n<p style=\"text-align: justify;\"><span style=\"color: #000000;\">Bolsa herm\u00e9tica con cierre, donde el producto conserva toda su frescura y aroma. El envase protege del aire y la luz, ya que est\u00e1 compuesto por varias capas protectoras que conservan las propiedades del contenido.<br \/>\nEl envase es muy pr\u00e1ctico y se puede reciclar.<\/span><\/p>\n<h2 style=\"text-align: justify;\"><span style=\"color: #000000;\">Origen<\/span><\/h2>\n<p style=\"text-align: justify;\"><span style=\"color: #000000;\">Per\u00fa<\/span><\/p>\n","protected":false},"excerpt":{"rendered":"<p>El cacao contiene, con diferencia, m\u00e1s antioxidantes que cualquier otro alimento, adem\u00e1s de numerosos minerales, como potasio, zinc, magnesio, hierro y calcio. Debido a su contenido en zinc, los granos de cacao tambi\u00e9n son una ayuda importante en las reacciones enzim\u00e1ticas. Al mismo tiempo, es una fuente de prote\u00ednas y fibra. Todos ellos son importantes para mantener nuestra salud. Tambi\u00e9n contiene numerosos nutrientes que tienen un efecto positivo en nuestro sistema circulatorio, ya que diluyen la sangre y previenen la formaci\u00f3n de co\u00e1gulos. Al mismo tiempo, mejora el estado de \u00e1nimo al aumentar los niveles de serotonina en el cerebro. De hecho, contiene hasta 300 compuestos diferentes que pueden influir en la mejora de nuestro estado de \u00e1nimo. Los granos de cacao contienen tript\u00f3fano, que es importante para la producci\u00f3n de serotonina, conocida como la hormona de la felicidad.<\/p>\n<p>\ud83d\udc9a Procede de cultivos ecol\u00f3gicos controlados.<br \/>\n\ud83d\udc9a No contiene aditivos.<br \/>\n\ud83d\udc9a El cacao de la variedad criollo es el m\u00e1s apreciado del mundo.<\/p>\n","protected":false},"featured_media":4148,"comment_status":"open","ping_status":"closed","template":"","meta":{"_acf_changed":false},"product_brand":[],"product_cat":[15,224,216],"product_tag":[],"class_list":{"0":"post-6550","1":"product","2":"type-product","3":"status-publish","4":"has-post-thumbnail","6":"product_cat-uncategorized","7":"product_cat-te-alimentos-y-especias","8":"product_cat-todos-los-productos","10":"first","11":"instock","12":"sale","13":"taxable","14":"shipping-taxable","15":"purchasable","16":"product-type-simple"},"acf":[],"_links":{"self":[{"href":"https:\/\/fengchashop.com\/es\/wp-json\/wp\/v2\/product\/6550","targetHints":{"allow":["GET"]}}],"collection":[{"href":"https:\/\/fengchashop.com\/es\/wp-json\/wp\/v2\/product"}],"about":[{"href":"https:\/\/fengchashop.com\/es\/wp-json\/wp\/v2\/types\/product"}],"replies":[{"embeddable":true,"href":"https:\/\/fengchashop.com\/es\/wp-json\/wp\/v2\/comments?post=6550"}],"wp:featuredmedia":[{"embeddable":true,"href":"https:\/\/fengchashop.com\/es\/wp-json\/wp\/v2\/media\/4148"}],"wp:attachment":[{"href":"https:\/\/fengchashop.com\/es\/wp-json\/wp\/v2\/media?parent=6550"}],"wp:term":[{"taxonomy":"product_brand","embeddable":true,"href":"https:\/\/fengchashop.com\/es\/wp-json\/wp\/v2\/product_brand?post=6550"},{"taxonomy":"product_cat","embeddable":true,"href":"https:\/\/fengchashop.com\/es\/wp-json\/wp\/v2\/product_cat?post=6550"},{"taxonomy":"product_tag","embeddable":true,"href":"https:\/\/fengchashop.com\/es\/wp-json\/wp\/v2\/product_tag?post=6550"}],"curies":[{"name":"wp","href":"https:\/\/api.w.org\/{rel}","templated":true}]}}