{"id":6549,"date":"2022-05-20T14:26:40","date_gmt":"2022-05-20T12:26:40","guid":{"rendered":"https:\/\/fengchashop.com\/es\/product\/kakav-zdrobljena-zrna-bio\/"},"modified":"2026-05-04T20:41:44","modified_gmt":"2026-05-04T18:41:44","slug":"cacao-en-grano-triturado-bio","status":"publish","type":"product","link":"https:\/\/fengchashop.com\/es\/product\/cacao-en-grano-triturado-bio\/","title":{"rendered":"Cacao en grano triturado BIO 250 g"},"content":{"rendered":"<h2 style=\"text-align: justify;\"><span style=\"color: #000000;\">Granos de cacao criollo triturados BIO<\/span><\/h2>\n<p style=\"text-align: justify;\"><span style=\"color: #000000;\">Los granos o semillas de cacao, de los que se obtiene el cacao, crecen en racimos en un \u00e1rbol llamado <strong>cacaotero<\/strong> o <strong><i>Theobroma cacao<\/i><\/strong>. Los granos de cacao triturados eran tan apreciados en el pasado que los mayas y los aztecas de Am\u00e9rica Central y del Sur los utilizaban <strong>junto con el oro <\/strong>como <strong>medio de pago<\/strong>.<\/span><\/p>\n<p style=\"text-align: justify;\"><span style=\"color: #000000;\">El cacao contiene, con diferencia, m\u00e1s <strong>antioxidantes<\/strong> que cualquier otro alimento, adem\u00e1s de numerosos <strong>minerales<\/strong> como potasio, zinc, magnesio, hierro y calcio. Al mismo tiempo, es una fuente rica en <strong>prote\u00ednas<\/strong> y <strong>fibra<\/strong>. Todos estos nutrientes son importantes para mantener nuestra salud. Tambi\u00e9n contiene numerosos nutrientes que tienen un efecto positivo en nuestro sistema circulatorio, ya que diluyen la sangre y previenen la formaci\u00f3n de co\u00e1gulos. Al aumentar los niveles de serotonina en el cerebro, mejora el estado de \u00e1nimo. De hecho, contiene hasta 300 compuestos diferentes que pueden influir en la mejora de nuestro estado de \u00e1nimo. Al ser cacao crudo, es un poco m\u00e1s amargo de lo que estamos acostumbrados, pero mucho m\u00e1s saludable. Para aprovechar todos sus efectos positivos, basta con consumir entre 25 y 30 gramos de cacao al d\u00eda.<\/span><\/p>\n<p style=\"text-align: justify;\"><span style=\"color: #000000;\">El cacao de la variedad <em>criollo<\/em> es <strong>el m\u00e1s apreciado del mundo<\/strong>. Estos granos de cacao tambi\u00e9n son de <strong>cultivo ecol\u00f3gico<\/strong>.<\/span><\/p>\n<p style=\"text-align: justify;\"><span style=\"color: #000000;\">Para facilitar su consumo, los granos de cacao duros se trituran en trozos m\u00e1s peque\u00f1os.<\/span><\/p>\n<p style=\"text-align: justify;\"><span style=\"color: #000000;\">Su sabor recuerda al chocolate y, al mismo tiempo, a los frutos secos.<\/span><\/p>\n<h2 style=\"text-align: justify;\"><span style=\"color: #000000;\">\u00bfPor qu\u00e9 comprar nuestros granos de cacao triturados?<\/span><\/h2>\n<p style=\"text-align: justify;\"><span style=\"color: #000000;\">Simplemente porque:<\/span><\/p>\n<p style=\"text-align: justify;\"><span style=\"color: #000000;\">1. Provienen de <b>cultivos ecol\u00f3gicos<\/b> controlados y, por lo tanto, son lo mejor que podemos ofrecerle.<\/span><\/p>\n<p style=\"text-align: justify;\"><span style=\"color: #000000;\">2. Son <b>granos crudos<\/b>. <i>Qu\u00e9 significa esto exactamente? <\/i>Significa que los granos o semillas de cacao, despu\u00e9s de la cosecha, solo se fermentan y se secan a bajas temperaturas. No se tuestan ni se someten a ning\u00fan tratamiento qu\u00edmico. De este modo, este <i>alimento de los dioses<\/i>, como se le suele llamar, conserva la mayor parte de sus propiedades nutricionales, entre ellas los antioxidantes, tan importantes para nosotros.<\/span><\/p>\n<p style=\"text-align: justify;\"><span style=\"color: #000000;\">3. No contienen <b>aditivos<\/b> ni otros ingredientes innecesarios.<\/span><\/p>\n<p style=\"text-align: justify;\"><span style=\"color: #000000;\">4. El cacao <em><strong>criollo<\/strong> <\/em>es la variedad de cacao m\u00e1s apreciada y de mayor calidad del mundo.<br \/>\nUna combinaci\u00f3n ganadora que satisface incluso a los paladares m\u00e1s exigentes.<\/span><\/p>\n<h2 style=\"text-align: justify;\"><span style=\"color: #000000;\">Almacenamiento<\/span><\/h2>\n<p style=\"text-align: justify;\"><span style=\"color: #000000;\">Almacenar en un lugar seco, oscuro y fresco. Aseg\u00farese de que la bolsa est\u00e9 bien cerrada.<\/span><\/p>\n<h2 style=\"text-align: justify;\"><span style=\"color: #000000;\">Envasado<\/span><\/h2>\n<p style=\"text-align: justify;\"><span style=\"color: #000000;\">Bolsa herm\u00e9tica con cremallera, donde el producto conserva toda su frescura y aroma. El envase protege del aire y la luz, ya que est\u00e1 compuesto por varias capas protectoras que conservan las propiedades del contenido.<br \/>\nEl envase es muy pr\u00e1ctico y se puede reciclar.<\/span><\/p>\n<h2 style=\"text-align: justify;\"><span style=\"color: #000000;\">Origen<\/span><\/h2>\n<p style=\"text-align: justify;\"><span style=\"color: #000000;\">Per\u00fa<\/span><\/p>\n","protected":false},"excerpt":{"rendered":"<p>El cacao contiene, con diferencia, m\u00e1s antioxidantes que cualquier otro alimento, adem\u00e1s de numerosos minerales, como potasio, zinc, magnesio, hierro y calcio. Al mismo tiempo, es una fuente rica en prote\u00ednas y fibra. Todos estos elementos son importantes para mantener nuestra salud. Tambi\u00e9n contiene numerosos nutrientes que tienen un efecto positivo en nuestro sistema circulatorio, ya que diluyen la sangre y previenen la formaci\u00f3n de co\u00e1gulos. Al aumentar los niveles de serotonina en el cerebro, mejora el estado de \u00e1nimo. De hecho, contiene hasta 300 compuestos diferentes que pueden influir en la mejora de nuestro estado de \u00e1nimo. Al ser cacao crudo, es un poco m\u00e1s amargo de lo que estamos acostumbrados, pero mucho m\u00e1s saludable. Para aprovechar todos sus efectos positivos, basta con consumir entre 25 y 30 gramos de cacao al d\u00eda.<\/p>\n<p>\ud83d\udc9a Procede de cultivos ecol\u00f3gicos controlados.<br \/>\n\ud83d\udc9a No contiene aditivos.<br \/>\n\ud83d\udc9a El cacao de la variedad <em>criollo<\/em> es el m\u00e1s apreciado del mundo.<\/p>\n","protected":false},"featured_media":4155,"comment_status":"open","ping_status":"closed","template":"","meta":{"_acf_changed":false},"product_brand":[],"product_cat":[15,224,216],"product_tag":[],"class_list":{"0":"post-6549","1":"product","2":"type-product","3":"status-publish","4":"has-post-thumbnail","6":"product_cat-uncategorized","7":"product_cat-te-alimentos-y-especias","8":"product_cat-todos-los-productos","10":"first","11":"instock","12":"taxable","13":"shipping-taxable","14":"purchasable","15":"product-type-simple"},"acf":[],"_links":{"self":[{"href":"https:\/\/fengchashop.com\/es\/wp-json\/wp\/v2\/product\/6549","targetHints":{"allow":["GET"]}}],"collection":[{"href":"https:\/\/fengchashop.com\/es\/wp-json\/wp\/v2\/product"}],"about":[{"href":"https:\/\/fengchashop.com\/es\/wp-json\/wp\/v2\/types\/product"}],"replies":[{"embeddable":true,"href":"https:\/\/fengchashop.com\/es\/wp-json\/wp\/v2\/comments?post=6549"}],"wp:featuredmedia":[{"embeddable":true,"href":"https:\/\/fengchashop.com\/es\/wp-json\/wp\/v2\/media\/4155"}],"wp:attachment":[{"href":"https:\/\/fengchashop.com\/es\/wp-json\/wp\/v2\/media?parent=6549"}],"wp:term":[{"taxonomy":"product_brand","embeddable":true,"href":"https:\/\/fengchashop.com\/es\/wp-json\/wp\/v2\/product_brand?post=6549"},{"taxonomy":"product_cat","embeddable":true,"href":"https:\/\/fengchashop.com\/es\/wp-json\/wp\/v2\/product_cat?post=6549"},{"taxonomy":"product_tag","embeddable":true,"href":"https:\/\/fengchashop.com\/es\/wp-json\/wp\/v2\/product_tag?post=6549"}],"curies":[{"name":"wp","href":"https:\/\/api.w.org\/{rel}","templated":true}]}}