{"id":6546,"date":"2022-05-20T15:37:07","date_gmt":"2022-05-20T13:37:07","guid":{"rendered":"https:\/\/fengchashop.com\/es\/product\/kakav-v-prahu-bio\/"},"modified":"2026-05-05T15:01:49","modified_gmt":"2026-05-05T13:01:49","slug":"kakav-v-prahu-bio","status":"publish","type":"product","link":"https:\/\/fengchashop.com\/es\/product\/kakav-v-prahu-bio\/","title":{"rendered":"Cacao en polvo BIO 250 g"},"content":{"rendered":"<h2 style=\"text-align: justify;\"><span style=\"color: #000000;\">Cacao en polvo BIO<\/span><\/h2>\n<p style=\"text-align: justify;\"><span style=\"color: #000000;\">Los granos o semillas de cacao, de los que se obtiene el cacao, crecen en racimos en un \u00e1rbol llamado <b>cacaotero<\/b> o <b><i>Theobroma cacao<\/i><\/b>. El cacao es un alimento muy popular desde hace milenios. Crece de forma aut\u00f3ctona en Am\u00e9rica del Sur y Central. Es la materia prima b\u00e1sica para la elaboraci\u00f3n de todo tipo de chocolates.<br \/>\nEl cacao contiene, con diferencia, m\u00e1s antioxidantes que cualquier otro alimento. Contiene tres veces m\u00e1s que el t\u00e9 verde. Adem\u00e1s, contiene numerosos <b>minerales<\/b>, como potasio, zinc, magnesio, hierro y calcio. Al mismo tiempo, es una fuente de <b>prote\u00ednas<\/b> y <b>fibra<\/b>. Todos ellos son importantes para mantener nuestra salud. Tambi\u00e9n contiene nutrientes que tienen un efecto positivo en nuestro sistema circulatorio, ya que diluyen la sangre y previenen la formaci\u00f3n de co\u00e1gulos. Al aumentar los niveles de serotonina en el cerebro, mejora el estado de \u00e1nimo. De hecho, contiene hasta <b>300 compuestos diferentes<\/b> que pueden influir en la mejora de nuestro estado de \u00e1nimo.<br \/>\nLos granos de cacao de este cacao se recogen a mano. Los granos seleccionados se fermentan primero para suavizar un poco su caracter\u00edstico sabor amargo. De esta manera, los granos de cacao conservan su valor nutricional sin a\u00f1adir aditivos innecesarios. Para aprovechar todos los efectos positivos, basta con consumir entre 25 y 30 gramos de cacao al d\u00eda.<\/span><\/p>\n<h2><span style=\"color: #000000;\">\u00bfPor qu\u00e9 comprar precisamente esta mezcla de cacao en polvo?<\/span><\/h2>\n<p style=\"text-align: justify;\"><span style=\"color: #000000;\">Simplemente porque:<\/span><\/p>\n<p style=\"text-align: justify;\"><span style=\"color: #000000;\">1. Proviene de <b>cultivos ecol\u00f3gicos<\/b> controlados y, por lo tanto, es lo mejor que podemos ofrecerle.<\/span><\/p>\n<p style=\"text-align: justify;\"><span style=\"color: #000000;\">2. Es un <b>producto galardonado<\/b> por su mezcla especial de granos de cacao molidos de diferentes or\u00edgenes, procedentes de tres pa\u00edses africanos. <\/span><\/p>\n<p style=\"text-align: justify;\"><span style=\"color: #000000;\">3. No contiene <b>aditivos<\/b> ni otros ingredientes innecesarios, como az\u00facar u otros edulcorantes.<\/span><\/p>\n<p style=\"text-align: justify;\"><span style=\"color: #000000;\">Una combinaci\u00f3n ganadora que satisface incluso a los m\u00e1s exigentes. Una variante de cacao que no es demasiado dulce ni demasiado amarga, indispensable para hornear postres, pero tambi\u00e9n para cocinar. El sabor afrutado se complementa con el <b>sabor de los granos de cacao tostados<\/b>. Excelente para preparar bebidas de cacao con leche normal o bebidas vegetales. <\/span><\/p>\n<h2><span style=\"color: #000000;\">Almacenamiento<\/span><\/h2>\n<p style=\"text-align: justify;\"><span style=\"color: #000000;\">Almacenar en un lugar seco, oscuro y fresco. Asegurarse de que la bolsa est\u00e9 bien cerrada.<\/span><\/p>\n<h2><span style=\"color: #000000;\">Envasado<\/span><\/h2>\n<p style=\"text-align: justify;\"><span style=\"color: #000000;\">Bolsa herm\u00e9tica con cierre, donde el producto conserva toda su frescura y aroma. El envase protege del aire y la luz, ya que est\u00e1 compuesto por varias capas protectoras que conservan las propiedades del contenido.<br \/>\nEl envase es muy pr\u00e1ctico y se puede reciclar.<\/span><\/p>\n<h2><span style=\"color: #000000;\">Origen<\/span><\/h2>\n<p style=\"text-align: justify;\"><span style=\"color: #000000;\">Sierra Leona, Ghana y Costa de Marfil<\/span><\/p>\n","protected":false},"excerpt":{"rendered":"<p>El cacao contiene, con diferencia, m\u00e1s antioxidantes que cualquier otro alimento. Contiene tres veces m\u00e1s que el t\u00e9 verde. Adem\u00e1s, contiene numerosos minerales, como potasio, zinc, magnesio, hierro y calcio. Al mismo tiempo, es una fuente de prote\u00ednas y fibra. Todos ellos son importantes para mantener nuestra salud. Tambi\u00e9n contiene nutrientes que tienen un efecto positivo en nuestro sistema circulatorio, ya que diluyen la sangre y previenen la formaci\u00f3n de co\u00e1gulos. Al aumentar los niveles de serotonina en el cerebro, mejora el estado de \u00e1nimo. De hecho, contiene hasta 300 compuestos diferentes que pueden influir en la mejora de nuestro estado de \u00e1nimo.<\/p>\n<p>\ud83d\udc9a Procede de una producci\u00f3n ecol\u00f3gica controlada.<br \/>\n\ud83d\udc9a Producto galardonado por su mezcla especial de granos de cacao molidos de diferentes or\u00edgenes, procedentes de tres pa\u00edses africanos.<br \/>\n\ud83d\udc9a No contiene aditivos ni otros ingredientes innecesarios, como az\u00facar u otros edulcorantes.<\/p>\n","protected":false},"featured_media":4156,"comment_status":"open","ping_status":"closed","template":"","meta":{"_acf_changed":false},"product_brand":[],"product_cat":[15,225,224,216],"product_tag":[],"class_list":{"0":"post-6546","1":"product","2":"type-product","3":"status-publish","4":"has-post-thumbnail","6":"product_cat-uncategorized","7":"product_cat-oferta-especial","8":"product_cat-te-alimentos-y-especias","9":"product_cat-todos-los-productos","11":"first","12":"instock","13":"sale","14":"taxable","15":"shipping-taxable","16":"purchasable","17":"product-type-simple"},"acf":[],"_links":{"self":[{"href":"https:\/\/fengchashop.com\/es\/wp-json\/wp\/v2\/product\/6546","targetHints":{"allow":["GET"]}}],"collection":[{"href":"https:\/\/fengchashop.com\/es\/wp-json\/wp\/v2\/product"}],"about":[{"href":"https:\/\/fengchashop.com\/es\/wp-json\/wp\/v2\/types\/product"}],"replies":[{"embeddable":true,"href":"https:\/\/fengchashop.com\/es\/wp-json\/wp\/v2\/comments?post=6546"}],"wp:featuredmedia":[{"embeddable":true,"href":"https:\/\/fengchashop.com\/es\/wp-json\/wp\/v2\/media\/4156"}],"wp:attachment":[{"href":"https:\/\/fengchashop.com\/es\/wp-json\/wp\/v2\/media?parent=6546"}],"wp:term":[{"taxonomy":"product_brand","embeddable":true,"href":"https:\/\/fengchashop.com\/es\/wp-json\/wp\/v2\/product_brand?post=6546"},{"taxonomy":"product_cat","embeddable":true,"href":"https:\/\/fengchashop.com\/es\/wp-json\/wp\/v2\/product_cat?post=6546"},{"taxonomy":"product_tag","embeddable":true,"href":"https:\/\/fengchashop.com\/es\/wp-json\/wp\/v2\/product_tag?post=6546"}],"curies":[{"name":"wp","href":"https:\/\/api.w.org\/{rel}","templated":true}]}}