{"id":6544,"date":"2022-05-20T12:55:43","date_gmt":"2022-05-20T10:55:43","guid":{"rendered":"https:\/\/fengchashop.com\/es\/product\/golden-latte-bio\/"},"modified":"2026-05-04T19:05:36","modified_gmt":"2026-05-04T17:05:36","slug":"golden-latte-bio","status":"publish","type":"product","link":"https:\/\/fengchashop.com\/es\/product\/golden-latte-bio\/","title":{"rendered":"Golden latte BIO 250 g"},"content":{"rendered":"<h2><span style=\"color: #000000;\">Golden latte BIO<\/span><\/h2>\n<p style=\"text-align: justify;\"><span style=\"color: #000000;\">Golden latte es una bebida deliciosa y reconstituyente que se prepara con solo <strong>cinco ingredientes<\/strong>, siendo el principal de ellos la <strong>c\u00farcuma<\/strong>. Tambi\u00e9n se le pueden a\u00f1adir otros ingredientes que nos gusten y nos apetezcan. El consumo de leche con c\u00farcuma puede tener numerosos efectos beneficiosos para nuestro organismo, adem\u00e1s de tener un sabor agradable. La mezcla Golden latte BIO es una mezcla preparada que le ahorra tiempo en la preparaci\u00f3n de la bebida, ya que no tiene que preocuparse por dosificar las cantidades de todos los ingredientes. Es f\u00e1cil de usar y tiene un sabor excelente. La mezcla se compone de <b>c\u00farcuma<\/b> y <b>un aditivo de canela de Ceil\u00e1n (10 %)<\/b> y <b>jengibre (10 %)<\/b>.<\/span><\/p>\n<p style=\"text-align: justify;\"><span style=\"color: #000000;\"><em>Solo se seleccionan ingredientes de primera calidad procedentes de la agricultura ecol\u00f3gica.<\/em><\/span><\/p>\n<p style=\"text-align: justify;\"><span style=\"color: #000000;\">A la mezcla tambi\u00e9n se le a\u00f1ade <b>una pizca de pimienta negra molida<\/b>, ya que gracias a ella los principios activos de la c\u00farcuma, especialmente la curcumina, se absorben m\u00e1s f\u00e1cil y mejor en el organismo.<\/span><\/p>\n<p style=\"text-align: justify;\"><span style=\"color: #000000;\">La bebida se puede preparar con <b>leche, bebidas vegetales<\/b> u otros l\u00edquidos. Se puede tomar <b>por la ma\u00f1ana<\/b> o <b>por la noche<\/b>, aunque lo m\u00e1s habitual es tomarla por la noche antes de acostarse. Cambie su ritual y disfrute de <b>los beneficios curativos de la c\u00farcuma<\/b>. Las bebidas con c\u00farcuma son <b>una moda<\/b> en todo el mundo, ya que combinan <b>salud y buen sabor<\/b>.<\/span><\/p>\n<p style=\"text-align: justify;\"><span style=\"color: #000000;\">Y lo que hace que nuestra mezcla sea especial es que no le hemos a\u00f1adido az\u00facar ni ning\u00fan otro edulcorante. Puedes a\u00f1adirlo t\u00fa mismo al gusto o no endulzar la bebida, ya que la canela y la c\u00farcuma le dan un agradable sabor dulce.<\/span><\/p>\n<h2><span style=\"color: #000000;\">\u00bfPor qu\u00e9 c\u00farcuma?<\/span><\/h2>\n<p style=\"text-align: justify;\"><span style=\"color: #000000;\">Los efectos curativos de la c\u00farcuma en la medicina tradicional del Lejano Oriente son inestimables. Entre otras cosas, debido a su principal <b>principio activo, la curcumina<\/b><strong>a<\/strong>, se utiliza para limpiar la sangre y los intestinos, para desintoxicar el h\u00edgado y la ves\u00edcula biliar, ya que acelera la secreci\u00f3n de bilis, bilirrubina y colesterol. Muchos la consumen para combatir la hepatitis viral y las enfermedades cancerosas, la psoriasis, la enfermedad de Alzheimer y la depresi\u00f3n, y tambi\u00e9n se utiliza en productos cosm\u00e9ticos.<\/span><\/p>\n<p style=\"text-align: justify;\"><span style=\"color: #000000;\">Los efectos beneficiosos de la c\u00farcuma tambi\u00e9n han sido <b>demostrados por cient\u00edficos<\/b>, que afirman que su consumo regular puede prevenir los efectos nocivos de las sustancias cancer\u00edgenas de los alimentos en el organismo. Adem\u00e1s de todo lo anterior, se cree que la curcumina previene la oxidaci\u00f3n del colesterol, cuyo efecto negativo provoca el avance de la aterosclerosis, una enfermedad mortal.<\/span><\/p>\n<p style=\"text-align: justify;\"><span style=\"color: #000000;\">La c\u00farcuma, como <b>potente antioxidante<\/b>, protege el intestino de los radicales libres y elimina eficazmente la acidez del cuerpo. Los m\u00e9dicos ayurv\u00e9dicos la utilizan como antis\u00e9ptico y antibacteriano para desinfectar heridas y quemaduras. Algunas mujeres est\u00e1n convencidas de que ayuda a acelerar la digesti\u00f3n y regula el metabolismo, por lo que es eficaz para perder peso.<\/span><\/p>\n<p style=\"text-align: justify;\"><span style=\"color: #000000;\">La canela le da a la bebida un sabor agradable. En combinaci\u00f3n con la leche, aprovechamos al m\u00e1ximo todas sus ventajas, como la reducci\u00f3n de los niveles de az\u00facar y colesterol en sangre y la regulaci\u00f3n de la presi\u00f3n arterial. La canela tambi\u00e9n ayuda a digerir las grasas y a aliviar problemas digestivos como la diarrea. El jengibre estimula la digesti\u00f3n, calienta desde dentro, mejora la resistencia y acelera el metabolismo. Ambos alivian los s\u00edntomas del s\u00edndrome premenstrual y los dolores menstruales.<\/span><\/p>\n<h2><span style=\"color: #000000;\">\u00bfQu\u00e9 otras ventajas tiene beber leche con c\u00farcuma?<\/span><\/h2>\n<p style=\"text-align: justify;\"><span style=\"color: #000000;\">La c\u00farcuma es una especia muy apreciada en todo el mundo. En la medicina ayurv\u00e9dica se utiliza para <strong>m\u00e1s de 150 posibles efectos terap\u00e9uticos<\/strong>. En la ciencia moderna es objeto de numerosas investigaciones, algunas de las cuales ya han sido confirmadas, y se utiliza como agente terap\u00e9utico en enfermedades inflamatorias intestinales y artritis. Los efectos positivos que puede tener el consumo regular de leche de c\u00farcuma o c\u00farcuma son los siguientes:<\/span><\/p>\n<ul style=\"text-align: justify;\">\n<li><span style=\"color: #000000;\">ayuda a tratar las enfermedades intestinales,<\/span><\/li>\n<li><span style=\"color: #000000;\">reduce el colesterol,<\/span><\/li>\n<li><span style=\"color: #000000;\">es excelente como bebida antes de acostarse, ya que nos relaja,<\/span><\/li>\n<li><span style=\"color: #000000;\">tambi\u00e9n act\u00faa contra los dolores de cabeza y el dolor,<\/span><\/li>\n<li><span style=\"color: #000000;\">ayuda a la digesti\u00f3n,<\/span><\/li>\n<li><span style=\"color: #000000;\">limpia el h\u00edgado,<\/span><\/li>\n<li><span style=\"color: #000000;\">alivia los dolores menstruales,<\/span><\/li>\n<li><span style=\"color: #000000;\">tiene propiedades antiinflamatorias.<\/span><\/li>\n<\/ul>\n<h2><span style=\"color: #000000;\">Almacenamiento<\/span><\/h2>\n<p style=\"text-align: justify;\"><span style=\"color: #000000;\">Almacenar en un lugar seco, oscuro y fresco. Asegurarse de que la bolsa o caja est\u00e9 bien cerrada.<\/span><\/p>\n<h2><span style=\"color: #000000;\">Envasado<\/span><\/h2>\n<p style=\"text-align: justify;\"><span style=\"color: #000000;\">Bolsa herm\u00e9tica con cremallera, donde el producto conserva toda su frescura y aroma. El envase protege del aire y la luz, ya que est\u00e1 compuesto por varias capas protectoras que conservan las propiedades del contenido.<br \/>\nEl envase es muy pr\u00e1ctico y se puede reciclar.<\/span><\/p>\n<h2><span style=\"color: #000000;\">Origen<\/span><\/h2>\n<p style=\"text-align: justify;\"><span style=\"color: #000000;\">Eslovenia<\/span><\/p>\n","protected":false},"excerpt":{"rendered":"<p>El golden latte es una bebida deliciosa y reconfortante que se prepara con solo <strong>cinco ingredientes<\/strong>, siendo el principal de ellos la <strong>c\u00farcuma<\/strong>. Tambi\u00e9n se pueden a\u00f1adir otros ingredientes que nos gusten y nos apetezcan. El consumo de leche con c\u00farcuma puede tener numerosos efectos beneficiosos para nuestro organismo, adem\u00e1s de tener un sabor agradable. La mezcla Golden latte BIO es una mezcla preparada que le ahorra tiempo en la preparaci\u00f3n de la bebida, ya que no tiene que preocuparse por dosificar las cantidades de todos los ingredientes. Es f\u00e1cil de usar y tiene un sabor excelente. La mezcla se compone de <b>c\u00farcuma<\/b> y <b>un aditivo de canela de Ceil\u00e1n (10 %)<\/b> y <b>jengibre (10 %)<\/b>. A la mezcla tambi\u00e9n se le a\u00f1ade una pizca de pimienta negra molida, ya que gracias a ella los principios activos de la c\u00farcuma, especialmente la curcumina, se absorben m\u00e1s f\u00e1cil y mejor en el organismo. Los efectos positivos que puede aportar el consumo regular de leche de c\u00farcuma son:<\/p>\n<p>\ud83d\udc9a ayuda a tratar las enfermedades intestinales,<br \/>\n\ud83d\udc9a reduce el colesterol,<br \/>\n\ud83d\udc9a limpia el h\u00edgado,<br \/>\n\ud83d\udc9a ayuda con los dolores menstruales,<br \/>\n\ud83d\udc9a tiene propiedades antiinflamatorias.<\/p>\n<p>&nbsp;<\/p>\n","protected":false},"featured_media":4526,"comment_status":"open","ping_status":"closed","template":"","meta":{"_acf_changed":false},"product_brand":[],"product_cat":[15,194,195,224,216],"product_tag":[],"class_list":{"0":"post-6544","1":"product","2":"type-product","3":"status-publish","4":"has-post-thumbnail","6":"product_cat-uncategorized","7":"product_cat-ayurveda","8":"product_cat-superalimentos","9":"product_cat-te-alimentos-y-especias","10":"product_cat-todos-los-productos","12":"first","13":"instock","14":"taxable","15":"shipping-taxable","16":"purchasable","17":"product-type-simple"},"acf":[],"_links":{"self":[{"href":"https:\/\/fengchashop.com\/es\/wp-json\/wp\/v2\/product\/6544","targetHints":{"allow":["GET"]}}],"collection":[{"href":"https:\/\/fengchashop.com\/es\/wp-json\/wp\/v2\/product"}],"about":[{"href":"https:\/\/fengchashop.com\/es\/wp-json\/wp\/v2\/types\/product"}],"replies":[{"embeddable":true,"href":"https:\/\/fengchashop.com\/es\/wp-json\/wp\/v2\/comments?post=6544"}],"wp:featuredmedia":[{"embeddable":true,"href":"https:\/\/fengchashop.com\/es\/wp-json\/wp\/v2\/media\/4526"}],"wp:attachment":[{"href":"https:\/\/fengchashop.com\/es\/wp-json\/wp\/v2\/media?parent=6544"}],"wp:term":[{"taxonomy":"product_brand","embeddable":true,"href":"https:\/\/fengchashop.com\/es\/wp-json\/wp\/v2\/product_brand?post=6544"},{"taxonomy":"product_cat","embeddable":true,"href":"https:\/\/fengchashop.com\/es\/wp-json\/wp\/v2\/product_cat?post=6544"},{"taxonomy":"product_tag","embeddable":true,"href":"https:\/\/fengchashop.com\/es\/wp-json\/wp\/v2\/product_tag?post=6544"}],"curies":[{"name":"wp","href":"https:\/\/api.w.org\/{rel}","templated":true}]}}