{"id":6543,"date":"2022-05-20T12:42:32","date_gmt":"2022-05-20T10:42:32","guid":{"rendered":"https:\/\/fengchashop.com\/es\/product\/chia-semena-bio\/"},"modified":"2026-05-04T14:20:13","modified_gmt":"2026-05-04T12:20:13","slug":"semillas-de-chia-ecologicas","status":"publish","type":"product","link":"https:\/\/fengchashop.com\/es\/product\/semillas-de-chia-ecologicas\/","title":{"rendered":"Semillas de ch\u00eda ecol\u00f3gicas 500 g"},"content":{"rendered":"<h2><span style=\"color: #000000;\">Semillas de ch\u00eda ecol\u00f3gicas<\/span><\/h2>\n<p><span style=\"color: #000000;\">Las semillas de ch\u00eda son semillas comestibles de la planta <i>Salvia hispanica<\/i>, tambi\u00e9n conocida en espa\u00f1ol como <strong>ch\u00eda<\/strong>. Son originarias de Am\u00e9rica Central y del Sur, y ya las consum\u00edan los antiguos guerreros para tener m\u00e1s energ\u00eda en las batallas. Los mayas y los aztecas ya las conoc\u00edan y las inclu\u00edan regularmente en su dieta, ya que estaban convencidos de que les proporcionaban fuerza, energ\u00eda y resistencia. Las semillas de ch\u00eda son m\u00e1s conocidas por su contenido en \u00e1cidos grasos omega 3, ya que superan con creces el contenido de estos en comparaci\u00f3n con el pescado o las semillas de lino y son <strong>la fuente m\u00e1s rica en \u00e1cidos grasos omega 3 de origen vegetal<\/strong>. Tambi\u00e9n contienen otras grasas saludables, entre ellas omega 6 y omega 9.<\/span><\/p>\n<p>Las semillas de ch\u00eda destacan por su contenido en:<\/p>\n<p><span style=\"color: #000000;\">\ud83d\udc9a \u00e1cidos grasos omega 3,<\/span><br \/>\n<span style=\"color: #000000;\">\ud83d\udc9a prote\u00ednas,<\/span><br \/>\n<span style=\"color: #000000;\">\ud83d\udc9a carbohidratos,<\/span><br \/>\n<span style=\"color: #000000;\">\ud83d\udc9a minerales como hierro, magnesio, potasio y calcio,<\/span><br \/>\n<span style=\"color: #000000;\">\ud83d\udc9a fibra diet\u00e9tica,<\/span><br \/>\n<span style=\"color: #000000;\">\ud83d\udc9a antioxidantes.<\/span><\/p>\n<p><span style=\"color: #000000;\">Nuestras semillas de ch\u00eda proceden de <strong>cultivos ecol\u00f3gicos<\/strong>.<\/span><\/p>\n<h2><span style=\"color: #000000;\">\u00bfPor qu\u00e9 son buenas las semillas de ch\u00eda?<\/span><\/h2>\n<p><span style=\"color: #000000;\">Adem\u00e1s de su alto contenido en \u00e1cidos grasos omega 3, que son esenciales para el ser humano, pero que el cuerpo no puede producir por s\u00ed mismo, las semillas son <strong>ricas en vitaminas, minerales, prote\u00ednas y fibra diet\u00e9tica<\/strong>. Solo 20 g de semillas de ch\u00eda al d\u00eda cubren casi el 30 % de las necesidades de fibra diet\u00e9tica. Absorben agua y, por lo tanto, ralentizan la digesti\u00f3n en el est\u00f3mago. Como resultado, nos sentimos saciados durante m\u00e1s tiempo y nuestro cuerpo ralentiza la digesti\u00f3n de los carbohidratos en az\u00facar en sangre, ya que la ch\u00eda tambi\u00e9n tiene un \u00edndice gluc\u00e9mico bajo. Esto puede tener un efecto positivo en la reducci\u00f3n de nuestro peso corporal y puede prevenir la aparici\u00f3n de enfermedades cardiovasculares y diabetes.<\/span><\/p>\n<h2><span style=\"color: #000000;\">Algunos datos sobre las semillas de ch\u00eda<\/span><\/h2>\n<p><span style=\"color: #000000;\">\ud83d\udc9a Su contenido en \u00e1cidos grasos omega 3 es dos veces mayor que el del salm\u00f3n.<br \/>\n<span style=\"color: #000000;\">\ud83d\udc9a Las semillas de ch\u00eda contienen tres veces m\u00e1s antioxidantes que los ar\u00e1ndanos y otras bayas.<br \/>\n<span style=\"color: #000000;\">\ud83d\udc9a 100 g de semillas de ch\u00eda contienen al menos el doble de potasio que dos pl\u00e1tanos.<br \/>\n<span style=\"color: #000000;\">\ud83d\udc9a Contienen tres veces m\u00e1s hierro que las espinacas, que son ricas en este mineral.<br \/>\n<span style=\"color: #000000;\">\ud83d\udc9a Tambi\u00e9n contienen tres veces m\u00e1s fibra diet\u00e9tica que la misma cantidad de salvado.<br \/>\n<span style=\"color: #000000;\">\ud83d\udc9a Contienen diez veces m\u00e1s magnesio que las almendras.<br \/>\n<span style=\"color: #000000;\">\ud83d\udc9a 100 g de semillas de ch\u00eda contienen tanto calcio como medio litro de leche de vaca.<\/span><\/span><\/span><\/span><\/span><\/span><\/span><\/p>\n<h2><span style=\"color: #000000;\">Almacenamiento<\/span><\/h2>\n<p><span style=\"color: #000000;\">Una vez abierto, guarde el producto en un lugar seco y oscuro y cons\u00famelo lo antes posible. Aseg\u00farese de que la bolsa est\u00e9 bien cerrada.<\/span><\/p>\n<h2><span style=\"color: #000000;\">Envasado<\/span><\/h2>\n<p><span style=\"color: #000000;\"><span style=\"color: #000000;\">Bolsa herm\u00e9tica con cierre, donde el producto conserva toda su frescura y aroma. El envase protege de la luz y el aire, ya que est\u00e1 compuesto por varias capas de protecci\u00f3n que conservan las propiedades del contenido.<\/span><\/span><\/p>\n<p><span style=\"color: #000000;\">El envase es muy pr\u00e1ctico y se puede reciclar.<\/span><\/p>\n<h2><span style=\"color: #000000;\">Origen<\/span><\/h2>\n<p><span style=\"color: #000000;\">Sudam\u00e9rica<\/span><\/p>\n","protected":false},"excerpt":{"rendered":"<p>Adem\u00e1s de su rico contenido en \u00e1cidos grasos omega 3, que son esenciales para el ser humano, pero que el cuerpo no puede producir por s\u00ed mismo, las semillas son ricas en vitaminas, minerales, prote\u00ednas y fibra diet\u00e9tica. Solo 20 g de semillas de ch\u00eda al d\u00eda cubren casi el 30 % de las necesidades de fibra diet\u00e9tica. Absorben agua y, por lo tanto, ralentizan la digesti\u00f3n en el est\u00f3mago. Como resultado, nos sentimos saciados durante m\u00e1s tiempo y nuestro cuerpo ralentiza la digesti\u00f3n de los carbohidratos en az\u00facar en sangre, ya que la ch\u00eda tambi\u00e9n tiene un \u00edndice gluc\u00e9mico bajo.<\/p>\n<p>\ud83d\udc9a Tiene un efecto positivo en la p\u00e9rdida de peso.<br \/>\n\ud83d\udc9a Previene la aparici\u00f3n de enfermedades cardiovasculares.<br \/>\n\ud83d\udc9a Previene la aparici\u00f3n de diabetes.<\/p>\n<p>&nbsp;<\/p>\n","protected":false},"featured_media":4166,"comment_status":"open","ping_status":"closed","template":"","meta":{"_acf_changed":false},"product_brand":[],"product_cat":[15,195,224,216],"product_tag":[],"class_list":{"0":"post-6543","1":"product","2":"type-product","3":"status-publish","4":"has-post-thumbnail","6":"product_cat-uncategorized","7":"product_cat-superalimentos","8":"product_cat-te-alimentos-y-especias","9":"product_cat-todos-los-productos","11":"first","12":"instock","13":"taxable","14":"shipping-taxable","15":"purchasable","16":"product-type-simple"},"acf":[],"_links":{"self":[{"href":"https:\/\/fengchashop.com\/es\/wp-json\/wp\/v2\/product\/6543","targetHints":{"allow":["GET"]}}],"collection":[{"href":"https:\/\/fengchashop.com\/es\/wp-json\/wp\/v2\/product"}],"about":[{"href":"https:\/\/fengchashop.com\/es\/wp-json\/wp\/v2\/types\/product"}],"replies":[{"embeddable":true,"href":"https:\/\/fengchashop.com\/es\/wp-json\/wp\/v2\/comments?post=6543"}],"wp:featuredmedia":[{"embeddable":true,"href":"https:\/\/fengchashop.com\/es\/wp-json\/wp\/v2\/media\/4166"}],"wp:attachment":[{"href":"https:\/\/fengchashop.com\/es\/wp-json\/wp\/v2\/media?parent=6543"}],"wp:term":[{"taxonomy":"product_brand","embeddable":true,"href":"https:\/\/fengchashop.com\/es\/wp-json\/wp\/v2\/product_brand?post=6543"},{"taxonomy":"product_cat","embeddable":true,"href":"https:\/\/fengchashop.com\/es\/wp-json\/wp\/v2\/product_cat?post=6543"},{"taxonomy":"product_tag","embeddable":true,"href":"https:\/\/fengchashop.com\/es\/wp-json\/wp\/v2\/product_tag?post=6543"}],"curies":[{"name":"wp","href":"https:\/\/api.w.org\/{rel}","templated":true}]}}