{"id":6539,"date":"2022-05-20T06:51:51","date_gmt":"2022-05-20T04:51:51","guid":{"rendered":"https:\/\/fengchashop.com\/es\/product\/atraktilis-v-prahu\/"},"modified":"2026-04-30T12:05:24","modified_gmt":"2026-04-30T10:05:24","slug":"atractilis-en-polvo","status":"publish","type":"product","link":"https:\/\/fengchashop.com\/es\/product\/atractilis-en-polvo\/","title":{"rendered":"Atractilis en polvo 250 g"},"content":{"rendered":"<h2><span style=\"color: #000000;\"><strong>Atractylodes en polvo<\/strong><\/span><\/h2>\n<p><span style=\"color: #000000;\">El atractylodes (Atractylodes macrocephala) es una planta perenne que alcanza aproximadamente medio metro de altura. Tiene ra\u00edces carnosas y un tallo m\u00e1s estrecho con hojas ramificadas. Da frutos a finales del verano o en oto\u00f1o. En China tambi\u00e9n se conoce con el nombre de bai zhu. Las ra\u00edces, que se utilizan con fines medicinales, se extraen en invierno y se secan para prepararlas para su consumo. Tradicionalmente, en China se utilizan <strong>para fortalecer la energ\u00eda Qi, fortalecer el cuerpo y aumentar la resistencia a las enfermedades.<\/strong> En la herborister\u00eda tradicional china se considera <strong>uno de los ingredientes m\u00e1s importantes en muchas mezclas de hierbas.<\/strong> Se combina especialmente bien con el ginseng.<\/span><\/p>\n<h2><span style=\"color: #000000;\">\u00bf<\/span><span style=\"color: #000000;\"><strong>A qui\u00e9n se recomienda su consumo?<\/strong><\/span><\/h2>\n<p><span style=\"color: #000000;\">Se utiliza principalmente <strong>para fortalecer el bazo y el est\u00f3mago.<\/strong> El atractilis puede hacer que la digesti\u00f3n sea m\u00e1s eficaz, <strong>regular el apetito y ayudar a adelgazar o engordar.<\/strong> Si se combina con actividad f\u00edsica, contribuye al crecimiento de la masa muscular y, por lo tanto, a una mejor preparaci\u00f3n f\u00edsica y resistencia.<\/span><\/p>\n<p><span style=\"color: #000000;\">El atractilis tiene un efecto especialmente beneficioso sobre la digesti\u00f3n y ayuda a las personas que sufren con frecuencia de hinchaz\u00f3n, dolor de est\u00f3mago, diarrea y v\u00f3mitos, as\u00ed como de anemia y desmayos. Tambi\u00e9n act\u00faa como diur\u00e9tico y acelera la eliminaci\u00f3n del exceso de agua del cuerpo. Se cree que tambi\u00e9n es eficaz como preventivo contra los abortos espont\u00e1neos.<\/span><\/p>\n<p><span style=\"color: #000000;\">El atractilis tiene un sabor dulce, pero al mismo tiempo ligeramente amargo y picante.<\/span><\/p>\n<h2><span style=\"color: #000000;\">\u00bf<\/span><span style=\"color: #000000;\"><strong>Qu\u00e9 otros beneficios tiene su consumo?<\/strong><\/span><\/h2>\n<p><span style=\"color: #000000;\">El atractilis es muy popular en la medicina china, ya que devuelve la fuerza y la energ\u00eda, restaura la resistencia y favorece la salud intestinal. A menudo se combina con otras hierbas, especialmente con ginseng, astr\u00e1galo y reishi. Se considera que el atractilis:<\/span><\/p>\n<p><span style=\"color: #000000;\">\ud83d\udc9a proporciona una buena <strong>protecci\u00f3n del h\u00edgado<\/strong>,<\/span><br \/>\n<span style=\"color: #000000;\">\ud83d\udc9a<strong>protege contra las enfermedades del cuello uterino, las mamas y el est\u00f3mago<\/strong>,<\/span><br \/>\n<span style=\"color: #000000;\">\ud83d\udc9a <strong>mejora la forma f\u00edsica<\/strong>,<\/span><br \/>\n<span style=\"color: #000000;\">\ud83d\udc9a refuerza el <strong>sistema inmunol\u00f3gico<\/strong>,<\/span><br \/>\n<span style=\"color: #000000;\">\ud83d\udc9a seg\u00fan algunos datos, reduce o controla el nivel de az\u00facar en sangre,<\/span><br \/>\n<span style=\"color: #000000;\">\ud83d\udc9a ayuda con <strong>la hinchaz\u00f3n, los dolores de est\u00f3mago<\/strong> y el mareo,<\/span><br \/>\n<span style=\"color: #000000;\">\ud83d\udc9a <strong>aumenta los niveles de energ\u00eda<\/strong> y reduce la fatiga.<\/span><\/p>\n<h2><span style=\"color: #000000;\">Almacenamiento y advertencias<\/span><\/h2>\n<p><span style=\"color: #000000;\">Almacenar en un lugar seco y fresco a una temperatura m\u00e1xima de 25 \u00b0C. Mantener el complemento alimenticio fuera del alcance de los ni\u00f1os.<\/span><\/p>\n<p><span style=\"color: #000000;\">No olvide la importancia de una dieta variada y un estilo de vida saludable, por lo que el complemento alimenticio no sustituye una dieta equilibrada y variada. No se debe exceder la dosis diaria recomendada. Se recomienda a las mujeres embarazadas y en periodo de lactancia que consulten siempre a su m\u00e9dico antes de utilizar este producto.<\/span><\/p>\n<h2><span style=\"color: #000000;\">Envase<\/span><\/h2>\n<p><span style=\"color: #000000;\">Bolsa herm\u00e9tica con cierre, donde el producto conserva toda su frescura y aroma. El envase protege de la luz y el aire, ya que est\u00e1 compuesto por varias capas de protecci\u00f3n que conservan las propiedades del contenido.<\/span><\/p>\n<p><span style=\"color: #000000;\">El envase es muy pr\u00e1ctico y se puede reciclar.<\/span><\/p>\n<h2><span style=\"color: #000000;\">Origen<\/span><\/h2>\n<p><span style=\"color: #000000;\">China. Contamos con proveedores muy fiables que nos env\u00edan un an\u00e1lisis qu\u00edmico detallado del alimento para cada lote. En m\u00e1s de diez a\u00f1os, no hemos tenido ninguna devoluci\u00f3n ni ning\u00fan otro problema con este art\u00edculo, ni tampoco con otros art\u00edculos del mismo proveedor.<\/span><\/p>\n","protected":false},"excerpt":{"rendered":"<p>El atractilis es muy popular en la medicina china, ya que devuelve la fuerza, la energ\u00eda, restaura la resistencia y favorece la salud intestinal. A menudo se combina con otras hierbas, especialmente con ginseng, astr\u00e1galo y reishi. Se considera que el atractilis:<\/p>\n<p>\ud83d\udc9a protege el h\u00edgado,<br \/>\n\ud83d\udc9a protege contra enfermedades del cuello uterino, los senos y el est\u00f3mago,<br \/>\n\ud83d\udc9a refuerza el sistema inmunol\u00f3gico,<br \/>\n\ud83d\udc9a ayuda a combatir la hinchaz\u00f3n, los dolores de est\u00f3mago y los mareos,<br \/>\n\ud83d\udc9a aumenta los niveles de energ\u00eda y reduce la fatiga.<\/p>\n<p>&nbsp;<\/p>\n","protected":false},"featured_media":4512,"comment_status":"open","ping_status":"closed","template":"","meta":{"_acf_changed":false},"product_brand":[],"product_cat":[195,216],"product_tag":[],"class_list":{"0":"post-6539","1":"product","2":"type-product","3":"status-publish","4":"has-post-thumbnail","6":"product_cat-superalimentos","7":"product_cat-todos-los-productos","9":"first","10":"instock","11":"sale","12":"taxable","13":"shipping-taxable","14":"purchasable","15":"product-type-simple"},"acf":[],"_links":{"self":[{"href":"https:\/\/fengchashop.com\/es\/wp-json\/wp\/v2\/product\/6539","targetHints":{"allow":["GET"]}}],"collection":[{"href":"https:\/\/fengchashop.com\/es\/wp-json\/wp\/v2\/product"}],"about":[{"href":"https:\/\/fengchashop.com\/es\/wp-json\/wp\/v2\/types\/product"}],"replies":[{"embeddable":true,"href":"https:\/\/fengchashop.com\/es\/wp-json\/wp\/v2\/comments?post=6539"}],"wp:featuredmedia":[{"embeddable":true,"href":"https:\/\/fengchashop.com\/es\/wp-json\/wp\/v2\/media\/4512"}],"wp:attachment":[{"href":"https:\/\/fengchashop.com\/es\/wp-json\/wp\/v2\/media?parent=6539"}],"wp:term":[{"taxonomy":"product_brand","embeddable":true,"href":"https:\/\/fengchashop.com\/es\/wp-json\/wp\/v2\/product_brand?post=6539"},{"taxonomy":"product_cat","embeddable":true,"href":"https:\/\/fengchashop.com\/es\/wp-json\/wp\/v2\/product_cat?post=6539"},{"taxonomy":"product_tag","embeddable":true,"href":"https:\/\/fengchashop.com\/es\/wp-json\/wp\/v2\/product_tag?post=6539"}],"curies":[{"name":"wp","href":"https:\/\/api.w.org\/{rel}","templated":true}]}}