{"id":6538,"date":"2022-05-20T06:18:20","date_gmt":"2022-05-20T04:18:20","guid":{"rendered":"https:\/\/fengchashop.com\/es\/product\/ajurvedsko-mazilo-siddhalepa\/"},"modified":"2026-04-07T11:33:32","modified_gmt":"2026-04-07T09:33:32","slug":"pomada-ayurvedica-siddhalepa","status":"publish","type":"product","link":"https:\/\/fengchashop.com\/es\/product\/pomada-ayurvedica-siddhalepa\/","title":{"rendered":"Pomada ayurv\u00e9dica Siddhalepa 50 g"},"content":{"rendered":"<div class=\"std\">\n<h2>Pomada ayurv\u00e9dica Siddhalepa<\/h2>\n<p>Siddhalepa es una marca reconocida que se encuentra en el mercado desde 1934, y la f\u00f3rmula de sus productos tiene m\u00e1s de 200 a\u00f1os de tradici\u00f3n. La pomada ayurv\u00e9dica Siddhalepa es una pomada a base de hierbas, compuesta por diversas plantas asi\u00e1ticas. Se fabrica en Sri Lanka (pa\u00eds insular situado en la costa sureste del subcontinente indio) seg\u00fan la <b>tradici\u00f3n ayurv\u00e9dica<\/b> contrastada. La ventaja de la pomada es que contiene <b>ingredientes exclusivamente naturales<\/b>.<\/p>\n<h2>Advertencia<\/h2>\n<p>El producto solo es apto para uso externo sobre piel sana. No utilice el producto en la zona de los ojos, las mucosas, heridas abiertas ni piel da\u00f1ada.<\/p>\n<p>El producto no es recomendable para ni\u00f1os menores de tres a\u00f1os. Mantenga el producto fuera del alcance de los ni\u00f1os.<\/p>\n<h2>Envase<\/h2>\n<p>La pomada se presenta en un envase de vidrio. El envase es muy pr\u00e1ctico y reciclable.<\/p>\n<h2>Almacenamiento y advertencias<\/h2>\n<p>Almacenar en un lugar seco, fresco y oscuro.<\/p>\n<h2>Origen<\/h2>\n<p>Sri Lanka<\/p>\n<p>&nbsp;<\/p>\n<p>Fabricado bajo supervisi\u00f3n constante de acuerdo con las normas internacionales ISO 9001, ISO 14001 y GMP en Sri Lanka.<\/p>\n<p>Fabricante: Siddhalepa Pvt (Ltd),  Sri Lanka. Responsable: Samahan GmbH, Breitenbachstr. 24-29, Berl\u00edn, Alemania<\/p>\n<p>Distribuidor: Feng cha d.o.o., Rej\u010deva 5, 5000 Nova Gorica, Eslovenia.<\/p>\n<\/div>\n","protected":false},"excerpt":{"rendered":"<p>Siddhalepa es una marca reconocida, presente en el mercado desde 1934, y la f\u00f3rmula de sus productos cuenta con m\u00e1s de 200 a\u00f1os de tradici\u00f3n. El ung\u00fcento ayurv\u00e9dico de Siddhalepa es un ung\u00fcento a base de hierbas, compuesto por diversas plantas asi\u00e1ticas. Se fabrica en Sri Lanka (pa\u00eds insular situado en la costa sureste del subcontinente indio) seg\u00fan la <b>tradici\u00f3n ayurv\u00e9dica<\/b> contrastada. La ventaja de la pomada es que contiene <b>ingredientes exclusivamente naturales<\/b>.<\/p>\n","protected":false},"featured_media":4509,"comment_status":"open","ping_status":"closed","template":"","meta":{"_acf_changed":false},"product_brand":[],"product_cat":[218,208,216],"product_tag":[],"class_list":{"0":"post-6538","1":"product","2":"type-product","3":"status-publish","4":"has-post-thumbnail","6":"product_cat-mas-vendidos","7":"product_cat-otros","8":"product_cat-todos-los-productos","10":"first","11":"instock","12":"sale","13":"taxable","14":"shipping-taxable","15":"purchasable","16":"product-type-simple"},"acf":[],"_links":{"self":[{"href":"https:\/\/fengchashop.com\/es\/wp-json\/wp\/v2\/product\/6538","targetHints":{"allow":["GET"]}}],"collection":[{"href":"https:\/\/fengchashop.com\/es\/wp-json\/wp\/v2\/product"}],"about":[{"href":"https:\/\/fengchashop.com\/es\/wp-json\/wp\/v2\/types\/product"}],"replies":[{"embeddable":true,"href":"https:\/\/fengchashop.com\/es\/wp-json\/wp\/v2\/comments?post=6538"}],"wp:featuredmedia":[{"embeddable":true,"href":"https:\/\/fengchashop.com\/es\/wp-json\/wp\/v2\/media\/4509"}],"wp:attachment":[{"href":"https:\/\/fengchashop.com\/es\/wp-json\/wp\/v2\/media?parent=6538"}],"wp:term":[{"taxonomy":"product_brand","embeddable":true,"href":"https:\/\/fengchashop.com\/es\/wp-json\/wp\/v2\/product_brand?post=6538"},{"taxonomy":"product_cat","embeddable":true,"href":"https:\/\/fengchashop.com\/es\/wp-json\/wp\/v2\/product_cat?post=6538"},{"taxonomy":"product_tag","embeddable":true,"href":"https:\/\/fengchashop.com\/es\/wp-json\/wp\/v2\/product_tag?post=6538"}],"curies":[{"name":"wp","href":"https:\/\/api.w.org\/{rel}","templated":true}]}}