{"id":6537,"date":"2022-03-15T17:45:33","date_gmt":"2022-03-15T16:45:33","guid":{"rendered":"https:\/\/fengchashop.com\/es\/product\/stevia\/"},"modified":"2026-05-04T08:04:43","modified_gmt":"2026-05-04T06:04:43","slug":"stevia","status":"publish","type":"product","link":"https:\/\/fengchashop.com\/es\/product\/stevia\/","title":{"rendered":"Stevia 125 g"},"content":{"rendered":"<h2><span style=\"color: #000000;\">Stevia en polvo<\/span><\/h2>\n<p><span style=\"color: #000000;\">La stevia, un arbusto sudamericano que puede sobrevivir en condiciones dif\u00edciles, tambi\u00e9n se conoce como hierba dulce. Sus hojas son mucho m\u00e1s dulces que el az\u00facar com\u00fan. Tradicionalmente, en su tierra natal (Paraguay) se utilizaba para endulzar el amargo t\u00e9 mate y <strong>como hierba medicinal para tratar la diabetes y la hipoglucemia.<\/strong> Contiene vitamina C, betacaroteno, cromo, cobalto, grasas vegetales, fibra y prote\u00ednas. Tambi\u00e9n contiene hierro, selenio, silicio, sodio, tiamina, agua, zinc, magnesio, manganeso, niacina, f\u00f3sforo y potasio.<\/span><\/p>\n<p><span style=\"color: #000000;\">La stevia es un edulcorante natural que <strong>no contiene carbohidratos ni calor\u00edas.<\/strong> Diversos estudios han demostrado que la stevia no tiene efectos adversos, ni siquiera en dosis considerablemente superiores a las habituales. Sin embargo, nos ofrece m\u00faltiples beneficios:<\/span><\/p>\n<p>\ud83d\udc9a Es un sustituto saludable del az\u00facar.<br \/>\n<span style=\"color: #000000;\">\ud83d\udc9a tiene un \u00edndice gluc\u00e9mico de 0, por lo que la stevia <strong>tambi\u00e9n es adecuada para diab\u00e9ticos,<\/strong><\/span><br \/>\n<span style=\"color: #000000;\">\ud83d\udc9a <strong>reduce el deseo de comer alimentos dulces y grasos,<\/strong><\/span><br \/>\n<span style=\"color: #000000;\">\ud83d\udc9a como <strong>no contiene calor\u00edas<\/strong> y provoca una sensaci\u00f3n de saciedad m\u00e1s r\u00e1pida, su uso puede ayudarte a perder alg\u00fan kilo de m\u00e1s.<\/span><\/p>\n<h2><span style=\"color: #000000;\">\u00bfPor qu\u00e9 la stevia es un buen sustituto del az\u00facar?<\/span><\/h2>\n<p><span style=\"color: #000000;\">La stevia se elabora a partir de las hojas dulces del arbusto de stevia, con las que se prepara un extracto dulce que se utiliza para endulzar alimentos y bebidas. Los extractos de stevia suelen ser de color blanco o amarillo p\u00e1lido. Su dulzor puede variar, entre otras cosas, debido a los diferentes porcentajes de edulcorante que se extraen de la stevia.<\/span><\/p>\n<p><span style=\"color: #000000;\">Nuestra stevia simplemente se <strong>seca y se muele hasta obtener un polvo fino de color verde<\/strong>. Su dulzor tambi\u00e9n depende de la variedad y del momento de la recolecci\u00f3n.<\/span><\/p>\n<p><span style=\"color: #000000;\">Dado que tiene un \u00edndice gluc\u00e9mico de 0 (lo que significa que la glucosa en sangre no se dispara al consumirla),<strong> tambi\u00e9n es adecuada para diab\u00e9ticos<\/strong>. De hecho, puede incluso ayudar a aliviar los s\u00edntomas de la diabetes o impedir la aparici\u00f3n de los s\u00edntomas de la enfermedad. Con un uso regular, <strong>reduce la sensaci\u00f3n de hambre, disminuye la presi\u00f3n arterial y equilibra el nivel de az\u00facar en sangre<\/strong>. La stevia tambi\u00e9n tiene <strong>propiedades antibacterianas<\/strong>, por lo que se a\u00f1ade a menudo a las pastas dent\u00edfricas, ya que inhibe el desarrollo de bacterias y la aparici\u00f3n de caries. Tambi\u00e9n se considera que la stevia mejora la digesti\u00f3n, calma el est\u00f3mago y, aplicada localmente, tiene un efecto positivo en la cicatrizaci\u00f3n de heridas y protege contra el envejecimiento prematuro de la piel.<\/span><\/p>\n<p><span style=\"color: #000000;\">A diferencia del az\u00facar com\u00fan, no se carameliza ni fermenta en alcohol.<\/span><\/p>\n<h2><span style=\"color: #000000;\">Envasado<\/span><\/h2>\n<p><span style=\"color: #000000;\">Bolsa herm\u00e9tica con cierre, donde el producto conserva toda su frescura y aroma. El envase protege del aire y la luz, ya que est\u00e1 compuesto por varias capas protectoras que conservan las propiedades del contenido.<\/span><\/p>\n<p><span style=\"color: #000000;\">El envase es muy pr\u00e1ctico y reciclable.<\/span><\/p>\n<h2><span style=\"color: #000000;\">Almacenamiento y advertencias<\/span><\/h2>\n<p><span style=\"color: #000000;\">Almacenar en un lugar seco, oscuro y fresco. Aseg\u00farese de que la bolsa est\u00e9 bien cerrada. Mantener fuera del alcance de los ni\u00f1os.<\/span><\/p>\n<p><span style=\"color: #000000;\">No olvide la importancia de una dieta variada y un estilo de vida saludable, por lo que los complementos alimenticios no sustituyen una dieta equilibrada y variada. No se debe exceder la dosis diaria recomendada. Siempre recomendamos a las mujeres embarazadas y en periodo de lactancia que consulten a su m\u00e9dico antes de usar este producto.<\/span><\/p>\n<h2><span style=\"color: #000000;\">Origen<\/span><\/h2>\n<p><span style=\"color: #000000;\">India, China o Sudam\u00e9rica<\/span><\/p>\n","protected":false},"excerpt":{"rendered":"<p>La stevia es un edulcorante natural que no contiene carbohidratos ni calor\u00edas. Diversos estudios han demostrado que la stevia no tiene efectos adversos, ni siquiera en dosis considerablemente superiores a las habituales. Adem\u00e1s, nos ofrece m\u00faltiples beneficios:<\/p>\n<p>\ud83d\udc9a es un sustituto saludable del az\u00facar,<br \/>\n\ud83d\udc9a tiene un \u00edndice gluc\u00e9mico de 0, por lo que la stevia tambi\u00e9n es adecuada para diab\u00e9ticos,<br \/>\n\ud83d\udc9a reduce el deseo de comer alimentos dulces y grasos,<br \/>\n\ud83d\udc9a como no contiene calor\u00edas y provoca una sensaci\u00f3n de saciedad m\u00e1s r\u00e1pida, su uso puede ayudarte a perder alg\u00fan kilo de m\u00e1s.<\/p>\n","protected":false},"featured_media":4304,"comment_status":"open","ping_status":"closed","template":"","meta":{"_acf_changed":false},"product_brand":[],"product_cat":[15,224,216],"product_tag":[],"class_list":{"0":"post-6537","1":"product","2":"type-product","3":"status-publish","4":"has-post-thumbnail","6":"product_cat-uncategorized","7":"product_cat-te-alimentos-y-especias","8":"product_cat-todos-los-productos","10":"first","11":"outofstock","12":"sale","13":"taxable","14":"shipping-taxable","15":"purchasable","16":"product-type-simple"},"acf":[],"_links":{"self":[{"href":"https:\/\/fengchashop.com\/es\/wp-json\/wp\/v2\/product\/6537","targetHints":{"allow":["GET"]}}],"collection":[{"href":"https:\/\/fengchashop.com\/es\/wp-json\/wp\/v2\/product"}],"about":[{"href":"https:\/\/fengchashop.com\/es\/wp-json\/wp\/v2\/types\/product"}],"replies":[{"embeddable":true,"href":"https:\/\/fengchashop.com\/es\/wp-json\/wp\/v2\/comments?post=6537"}],"wp:featuredmedia":[{"embeddable":true,"href":"https:\/\/fengchashop.com\/es\/wp-json\/wp\/v2\/media\/4304"}],"wp:attachment":[{"href":"https:\/\/fengchashop.com\/es\/wp-json\/wp\/v2\/media?parent=6537"}],"wp:term":[{"taxonomy":"product_brand","embeddable":true,"href":"https:\/\/fengchashop.com\/es\/wp-json\/wp\/v2\/product_brand?post=6537"},{"taxonomy":"product_cat","embeddable":true,"href":"https:\/\/fengchashop.com\/es\/wp-json\/wp\/v2\/product_cat?post=6537"},{"taxonomy":"product_tag","embeddable":true,"href":"https:\/\/fengchashop.com\/es\/wp-json\/wp\/v2\/product_tag?post=6537"}],"curies":[{"name":"wp","href":"https:\/\/api.w.org\/{rel}","templated":true}]}}