{"id":6535,"date":"2022-03-15T10:18:31","date_gmt":"2022-03-15T09:18:31","guid":{"rendered":"https:\/\/fengchashop.com\/es\/product\/kurkuma-v-kapsulah-bio\/"},"modified":"2026-04-07T11:33:54","modified_gmt":"2026-04-07T09:33:54","slug":"curcuma-en-capsulas-bio","status":"publish","type":"product","link":"https:\/\/fengchashop.com\/es\/product\/curcuma-en-capsulas-bio\/","title":{"rendered":"C\u00farcuma en c\u00e1psulas BIO 240 c\u00e1psulas"},"content":{"rendered":"<h2><span style=\"color: #000000;\">C\u00farcuma en c\u00e1psulas BIO<\/span><\/h2>\n<p><span style=\"color: #000000;\">La c\u00farcuma es una planta conocida en Europa desde la antig\u00fcedad, pero en su pa\u00eds de origen se conoce desde hace al menos 4000 a\u00f1os. Originalmente se utilizaba como planta medicinal y colorante, y m\u00e1s tarde se impuso como especia. Al igual que el jengibre, la c\u00farcuma es una especia que se obtiene del tallo subterr\u00e1neo engrosado de una planta perenne asi\u00e1tica. Aunque hoy en d\u00eda algunos la conocen \u00fanicamente como especia, esconde mucho m\u00e1s. Adem\u00e1s de minerales, vitaminas B6 y B3, \u00e1cido f\u00f3lico, potasio, hierro y manganeso, y \u00e1cidos grasos omega 3, la c\u00farcuma tambi\u00e9n contiene <strong>polifenol curcumina<\/strong>, que es un <strong>potente antioxidante<\/strong> y un eficaz <strong>compuesto antiinflamatorio.<\/strong> Se ha demostrado que la curcumina tiene un efecto positivo sobre el h\u00edgado y los vasos sangu\u00edneos, alivia la inflamaci\u00f3n en la artritis y reduce los factores de riesgo de diabetes. <strong>Tambi\u00e9n tiene un efecto positivo sobre la salud del cerebro<\/strong> y reduce el riesgo de c\u00e1ncer. La curcumina previene eficazmente todas las inflamaciones cr\u00f3nicas de nuestro cuerpo, y todas las enfermedades comienzan, de hecho, con una inflamaci\u00f3n. Con su acci\u00f3n antibacteriana, <strong>tambi\u00e9n previene la proliferaci\u00f3n de bacterias nocivas<\/strong> en nuestro tracto digestivo, como la <strong>Helicobacter pylori<\/strong> en nuestro est\u00f3mago y la <strong>c\u00e1ndida<\/strong> en nuestra boca e intestino.<\/span><\/p>\n<p><span style=\"color: #000000;\">El sabor de la c\u00farcuma es ligeramente amargo, picante, pero al mismo tiempo dulce y recuerda al jengibre, la naranja y la pimienta.<\/span><\/p>\n<p><span style=\"color: #000000;\">Lo t\u00edpico de la c\u00farcuma es que:<\/span><\/p>\n<p><span style=\"color: #000000;\">\ud83d\udc9a tiene propiedades antiinflamatorias, <strong>antif\u00fangicas<\/strong> y antimicrobianas, por lo que reduce la inflamaci\u00f3n;<\/span><br \/>\n<span style=\"color: #000000;\">\ud83d\udc9a limpia el h\u00edgado, ya que tiene un efecto depurativo y <strong>evita la acumulaci\u00f3n de \u00e1cidos grasos en el h\u00edgado<\/strong>;<\/span><br \/>\n<span style=\"color: #000000;\">\ud83d\udc9a <strong>alivia los problemas menstruales<\/strong> y los relacionados con la digesti\u00f3n;<\/span><br \/>\n<span style=\"color: #000000;\">\ud83d\udc9a su consumo regular<strong> impide el desarrollo de la diabetes tipo 2 en las personas prediab\u00e9ticas;<\/strong><\/span><br \/>\n<span style=\"color: #000000;\">\ud83d\udc9a en forma de pasta <strong>alivia la inflamaci\u00f3n<\/strong> y la irritaci\u00f3n de la piel;<\/span><br \/>\n<span style=\"color: #000000;\">\ud83d\udc9a favorece una digesti\u00f3n m\u00e1s r\u00e1pida de las grasas, lo que puede ayudar a perder peso;<\/span><br \/>\n<span style=\"color: #000000;\">\ud83d\udc9a contribuye a una mayor eficacia cerebral y previene enfermedades relacionadas, como el Alzheimer;<\/span><br \/>\n<span style=\"color: #000000;\">\ud83d\udc9a mejora el estado de \u00e1nimo;<\/span><br \/>\n<span style=\"color: #000000;\">\ud83d\udc9a<strong>alivia los dolores musculares y articulares;<\/strong><\/span><br \/>\n<span style=\"color: #000000;\">\ud83d\udc9atambi\u00e9n tiene propiedades anticancer\u00edgenas.<\/span><\/p>\n<p><span style=\"color: #000000;\">Los efectos curativos de la c\u00farcuma en la medicina tradicional del Lejano Oriente son inestimables. Entre otras cosas, debido a su principal principio activo, llamado <strong>curcumina<\/strong>, se utiliza para purificar la sangre y los intestinos, y para desintoxicar el h\u00edgado y la ves\u00edcula biliar, ya que acelera la secreci\u00f3n de bilis, bilirrubina y colesterol.<\/span><\/p>\n<p><span style=\"color: #000000;\">Muchos la consumen para combatir la hepatitis viral y las enfermedades cancerosas, la psoriasis, la enfermedad de Alzheimer y la depresi\u00f3n, y tambi\u00e9n se utiliza en productos cosm\u00e9ticos.<\/span><\/p>\n<p><span style=\"color: #000000;\">Los efectos beneficiosos de la c\u00farcuma<strong> tambi\u00e9n han sido demostrados por cient\u00edficos<\/strong>, que afirman que su consumo regular puede prevenir los efectos nocivos de las sustancias cancer\u00edgenas de los alimentos en el organismo. Adem\u00e1s de todo lo anterior, se cree que la curcumina previene la oxidaci\u00f3n del colesterol, cuyo efecto negativo provoca el avance de la aterosclerosis, una enfermedad mortal.<\/span><\/p>\n<p><span style=\"color: #000000;\">La c\u00farcuma, como <strong>potente antioxidante<\/strong>, protege el intestino de los radicales libres y elimina eficazmente la acidez del cuerpo. Los m\u00e9dicos ayurv\u00e9dicos la utilizan como antis\u00e9ptico y antibacteriano para desinfectar heridas y quemaduras. Algunas mujeres est\u00e1n convencidas de que ayuda a acelerar la digesti\u00f3n y equilibra el metabolismo, por lo que es eficaz para perder los kilos de m\u00e1s.<\/span><\/p>\n<h2><span style=\"color: #000000;\">Almacenamiento y advertencias<\/span><\/h2>\n<p><span style=\"color: #000000;\">Almacenar en un lugar seco y fresco a una temperatura m\u00e1xima de 25 \u00b0C. Mantener el complemento alimenticio fuera del alcance de los ni\u00f1os.<\/span><\/p>\n<p><span style=\"color: #000000;\">No olvide la importancia de una dieta variada y un estilo de vida saludable, por lo que el complemento alimenticio no sustituye una dieta equilibrada y variada. No se debe exceder la dosis diaria recomendada. Se recomienda a las mujeres embarazadas y en periodo de lactancia que consulten siempre a su m\u00e9dico antes de utilizar este producto.<\/span><\/p>\n<h2><span style=\"color: #000000;\">Envase<\/span><\/h2>\n<p><span style=\"color: #000000;\">El producto se presenta en un elegante envase de vidrio con una capa de l\u00e1mina negra que no deja pasar la luz. La tapa permite un cierre herm\u00e9tico, lo que significa que los olores externos no pueden afectar al contenido del frasco. Adem\u00e1s, el vidrio es impermeable, no absorbe olores y no afecta en absoluto al sabor del contenido. Este tipo de envase tampoco contiene pl\u00e1sticos perjudiciales para el medio ambiente, por lo que es m\u00e1s ecol\u00f3gico y sostenible. De hecho, es el envase ideal, fabricado con componentes naturales y sostenibles, que simboliza la m\u00e1xima calidad.<\/span><\/p>\n<p>En el caso de los envases m\u00e1s grandes (rinfuza), el producto se presenta en una bolsa herm\u00e9tica con cremallera, donde conserva toda su frescura y aroma. El envase protege del aire y la luz, ya que est\u00e1 compuesto por varias capas protectoras que conservan las propiedades del contenido.<\/p>\n<p><span style=\"color: #000000;\">Ambos envases protegen el contenido del aire y la luz, son muy pr\u00e1cticos y se pueden reciclar.<\/span><\/p>\n<h2><span style=\"color: #000000;\">Origen<\/span><\/h2>\n<p><span style=\"color: #000000;\">India<\/span><\/p>\n","protected":false},"excerpt":{"rendered":"<p align=\"JUSTIFY\">La c\u00farcuma es una planta conocida en Europa desde la antig\u00fcedad, pero en su pa\u00eds de origen se conoce desde hace al menos 4000 a\u00f1os. Adem\u00e1s de minerales, vitaminas B6 y B3, \u00e1cido f\u00f3lico, potasio, hierro y manganeso, y \u00e1cidos grasos omega 3, la c\u00farcuma tambi\u00e9n contiene polifenol curcumina, un antioxidante muy potente y un compuesto antiinflamatorio eficaz. Las propiedades t\u00edpicas de la c\u00farcuma son las siguientes:<br \/>\n\ud83d\udc9a tiene efectos antiinflamatorios, antif\u00fangicos y antimicrobianos, por lo que reduce la inflamaci\u00f3n,<br \/>\n\ud83d\udc9a limpia el h\u00edgado, ya que tiene un efecto depurativo y evita la acumulaci\u00f3n de \u00e1cidos grasos en el h\u00edgado,<br \/>\n\ud83d\udc9a alivia los problemas menstruales y los relacionados con la digesti\u00f3n,<br \/>\n\ud83d\udc9a su consumo regular impide el desarrollo de la diabetes tipo 2 en las personas prediab\u00e9ticas,<br \/>\n\ud83d\udc9a contribuye a una mayor eficacia del cerebro y previene enfermedades relacionadas con \u00e9l, como el Alzheimer.<\/p>\n<p align=\"JUSTIFY\">\n","protected":false},"featured_media":4505,"comment_status":"open","ping_status":"closed","template":"","meta":{"_acf_changed":false},"product_brand":[],"product_cat":[15,194,224,216],"product_tag":[],"class_list":{"0":"post-6535","1":"product","2":"type-product","3":"status-publish","4":"has-post-thumbnail","6":"product_cat-uncategorized","7":"product_cat-ayurveda","8":"product_cat-te-alimentos-y-especias","9":"product_cat-todos-los-productos","11":"first","12":"instock","13":"sale","14":"taxable","15":"shipping-taxable","16":"purchasable","17":"product-type-simple"},"acf":[],"_links":{"self":[{"href":"https:\/\/fengchashop.com\/es\/wp-json\/wp\/v2\/product\/6535","targetHints":{"allow":["GET"]}}],"collection":[{"href":"https:\/\/fengchashop.com\/es\/wp-json\/wp\/v2\/product"}],"about":[{"href":"https:\/\/fengchashop.com\/es\/wp-json\/wp\/v2\/types\/product"}],"replies":[{"embeddable":true,"href":"https:\/\/fengchashop.com\/es\/wp-json\/wp\/v2\/comments?post=6535"}],"wp:featuredmedia":[{"embeddable":true,"href":"https:\/\/fengchashop.com\/es\/wp-json\/wp\/v2\/media\/4505"}],"wp:attachment":[{"href":"https:\/\/fengchashop.com\/es\/wp-json\/wp\/v2\/media?parent=6535"}],"wp:term":[{"taxonomy":"product_brand","embeddable":true,"href":"https:\/\/fengchashop.com\/es\/wp-json\/wp\/v2\/product_brand?post=6535"},{"taxonomy":"product_cat","embeddable":true,"href":"https:\/\/fengchashop.com\/es\/wp-json\/wp\/v2\/product_cat?post=6535"},{"taxonomy":"product_tag","embeddable":true,"href":"https:\/\/fengchashop.com\/es\/wp-json\/wp\/v2\/product_tag?post=6535"}],"curies":[{"name":"wp","href":"https:\/\/api.w.org\/{rel}","templated":true}]}}