{"id":6532,"date":"2022-03-15T07:57:14","date_gmt":"2022-03-15T06:57:14","guid":{"rendered":"https:\/\/fengchashop.com\/es\/product\/eritritol\/"},"modified":"2026-05-04T18:55:17","modified_gmt":"2026-05-04T16:55:17","slug":"eritritol-bio","status":"publish","type":"product","link":"https:\/\/fengchashop.com\/es\/product\/eritritol-bio\/","title":{"rendered":"Eritritol bio 500 g"},"content":{"rendered":"<h2><span style=\"color: #000000;\">Eritritol BIO<\/span><\/h2>\n<p><span style=\"color: #000000;\">El eritritol es, al igual que el xilitol, un edulcorante natural destinado a todos aquellos que buscan una alternativa natural entre la gran cantidad de edulcorantes artificiales que existen. El eritritol es un alcohol de az\u00facar que se obtiene mediante un proceso de fermentaci\u00f3n y se encuentra principalmente en algunos tipos de fruta. En comparaci\u00f3n con el az\u00facar blanco refinado o el az\u00facar moreno de ca\u00f1a habituales, el edulcorante eritritol no tiene ning\u00fan valor energ\u00e9tico y su \u00edndice gluc\u00e9mico es cero (IG = 0). El bajo \u00edndice gluc\u00e9mico es una buena propiedad del edulcorante para todos aquellos que mantienen su peso ideal con la ayuda de la dieta IG, as\u00ed como para los diab\u00e9ticos, ya que el IG de los alimentos influye en el aumento del az\u00facar en sangre. Adem\u00e1s, el eritritol tampoco contiene gluten, lo que puede ser una buena noticia para muchos.<\/span><\/p>\n<p><span style=\"color: #000000;\">En cuanto a su forma, el eritritol es similar al az\u00facar blanco, pero sus cristales blancos <strong>no tienen sabor espec\u00edfico<\/strong> y, por lo tanto, son aptos para uso general. Se puede utilizar en platos y bebidas fr\u00edos y calientes. Puede utilizarlo para cocinar y hornear sus platos favoritos sin comprometer el sabor, ya que el eritritol tiene el sabor m\u00e1s neutro de todos los edulcorantes (naturales) populares. Con el eritritol, realmente puede endulzar sin remordimientos ni concesiones.<\/span><\/p>\n<h2><span style=\"color: #000000;\">\u00bfPor qu\u00e9 el eritritol es un buen sustituto del az\u00facar com\u00fan?<\/span><\/h2>\n<p><span style=\"color: #000000;\">El eritritol es, de hecho, un edulcorante natural casi perfecto. Si lo sustituimos por el az\u00facar blanco convencional, podemos obtener a\u00fan m\u00e1s beneficios, ya que:<\/span><\/p>\n<p><span style=\"color: #000000;\">\ud83d\udc9a su <strong>\u00edndice gluc\u00e9mico es 0<\/strong>, por lo que se absorbe lentamente y evita los picos repentinos de az\u00facar en sangre,<br \/>\n<span style=\"color: #000000;\">\ud83d\udc9a es adecuado para quienes siguen una dieta IG y para quienes desean limitar o abandonar por completo el consumo de az\u00facar com\u00fan,<\/span><br \/>\n<span style=\"color: #000000;\">\ud83d\udc9a excelente para<strong> ayudar a controlar el peso corporal<\/strong><\/span><br \/>\n<span style=\"color: #000000;\">\ud83d\udc9a adecuado<strong> para diab\u00e9ticos<\/strong><\/span><br \/>\n<span style=\"color: #000000;\">\ud83d\udc9a edulcorante<strong> sin calor\u00edas,<\/strong><\/span><br \/>\n<span style=\"color: #000000;\">\ud83d\udc9a sin <strong>sabor residual,<\/strong><\/span><br \/>\n<span style=\"color: #000000;\">\ud83d\udc9a similar en estructura al az\u00facar blanco, lo que facilita la transici\u00f3n,<\/span><br \/>\n<span style=\"color: #000000;\">\ud83d\udc9a apto para platos y bebidas fr\u00edos y calientes, se puede utilizar para cocinar y hornear.<\/span><\/span><\/p>\n<p><span style=\"color: #000000;\">El eritritol mantiene el equilibrio gluc\u00e9mico, que el az\u00facar com\u00fan altera. Destaca por su sabor neutro, su nulo aporte cal\u00f3rico y por no tener efectos secundarios para la salud humana. <\/span><\/p>\n<h2><span style=\"color: #000000;\">Almacenamiento<\/span><\/h2>\n<p><span style=\"color: #000000;\">Almacenar en un lugar seco, oscuro y fresco. Aseg\u00farese de que la bolsa est\u00e9 bien cerrada.<\/span><\/p>\n<h2><span style=\"color: #000000;\">Envasado<\/span><\/h2>\n<p><span style=\"color: #000000;\">Bolsa herm\u00e9tica con cierre, donde el producto conserva toda su frescura y aroma. El envase protege de la luz y el aire, ya que est\u00e1 compuesto por varias capas de protecci\u00f3n que conservan las propiedades del contenido.<\/span><\/p>\n<p><span style=\"color: #000000;\">El envase es muy pr\u00e1ctico y se puede reciclar.<\/span><\/p>\n<h2><span style=\"color: #000000;\">Origen<\/span><\/h2>\n<p><span style=\"color: #000000;\">Francia<\/span><\/p>\n","protected":false},"excerpt":{"rendered":"<p>El eritritol es un alcohol de az\u00facar que se obtiene mediante un proceso de fermentaci\u00f3n y se encuentra principalmente en algunos tipos de fruta. Si lo sustituimos por el az\u00facar blanco convencional, podemos obtener a\u00fan m\u00e1s beneficios, ya que:<\/p>\n<p>\ud83d\udc9a tiene un \u00edndice gluc\u00e9mico de 0, por lo que se absorbe lentamente y evita los picos repentinos de az\u00facar en sangre,<br \/>\n\ud83d\udc9a es adecuado para quienes siguen una dieta IG y para quienes desean limitar o abandonar por completo el consumo de az\u00facar com\u00fan,<br \/>\n\ud83d\udc9a es excelente para ayudar a controlar el peso corporal,<br \/>\n\ud83d\udc9a es adecuado para diab\u00e9ticos,<br \/>\n\ud83d\udc9a es un edulcorante sin calor\u00edas,<br \/>\n\ud83d\udc9a no tiene sabor.<\/p>\n<p>&nbsp;<\/p>\n","protected":false},"featured_media":4173,"comment_status":"open","ping_status":"closed","template":"","meta":{"_acf_changed":false},"product_brand":[],"product_cat":[15,224,216],"product_tag":[],"class_list":{"0":"post-6532","1":"product","2":"type-product","3":"status-publish","4":"has-post-thumbnail","6":"product_cat-uncategorized","7":"product_cat-te-alimentos-y-especias","8":"product_cat-todos-los-productos","10":"first","11":"outofstock","12":"taxable","13":"shipping-taxable","14":"purchasable","15":"product-type-simple"},"acf":[],"_links":{"self":[{"href":"https:\/\/fengchashop.com\/es\/wp-json\/wp\/v2\/product\/6532","targetHints":{"allow":["GET"]}}],"collection":[{"href":"https:\/\/fengchashop.com\/es\/wp-json\/wp\/v2\/product"}],"about":[{"href":"https:\/\/fengchashop.com\/es\/wp-json\/wp\/v2\/types\/product"}],"replies":[{"embeddable":true,"href":"https:\/\/fengchashop.com\/es\/wp-json\/wp\/v2\/comments?post=6532"}],"wp:featuredmedia":[{"embeddable":true,"href":"https:\/\/fengchashop.com\/es\/wp-json\/wp\/v2\/media\/4173"}],"wp:attachment":[{"href":"https:\/\/fengchashop.com\/es\/wp-json\/wp\/v2\/media?parent=6532"}],"wp:term":[{"taxonomy":"product_brand","embeddable":true,"href":"https:\/\/fengchashop.com\/es\/wp-json\/wp\/v2\/product_brand?post=6532"},{"taxonomy":"product_cat","embeddable":true,"href":"https:\/\/fengchashop.com\/es\/wp-json\/wp\/v2\/product_cat?post=6532"},{"taxonomy":"product_tag","embeddable":true,"href":"https:\/\/fengchashop.com\/es\/wp-json\/wp\/v2\/product_tag?post=6532"}],"curies":[{"name":"wp","href":"https:\/\/api.w.org\/{rel}","templated":true}]}}