{"id":6531,"date":"2022-03-11T19:09:14","date_gmt":"2022-03-11T18:09:14","guid":{"rendered":"https:\/\/fengchashop.com\/es\/product\/kolagen-kompleks-v-prahu\/"},"modified":"2026-05-04T20:49:54","modified_gmt":"2026-05-04T18:49:54","slug":"complejo-de-colageno-en-polvo","status":"publish","type":"product","link":"https:\/\/fengchashop.com\/es\/product\/complejo-de-colageno-en-polvo\/","title":{"rendered":"Complejo de col\u00e1geno en polvo 200 g"},"content":{"rendered":"<h2><span style=\"color: #000000;\"><b>Complejo de col\u00e1geno en polvo<\/b><\/span><\/h2>\n<p><span style=\"color: #000000;\">El complejo de col\u00e1geno es un complemento alimenticio que contiene una combinaci\u00f3n de diferentes ingredientes para <b>ayudar al cuerpo a producir y mantener el col\u00e1geno<\/b>. El col\u00e1geno es una prote\u00edna clave que forma la mayor parte de los tejidos conectivos del cuerpo, incluyendo la piel, los huesos, las articulaciones, los m\u00fasculos, los ligamentos y el cart\u00edlago. Con la edad, su producci\u00f3n natural disminuye, lo que puede provocar diversos problemas, como arrugas, p\u00e9rdida de elasticidad de la piel, dolor en las articulaciones y u\u00f1as y cabello m\u00e1s d\u00e9biles.Su consumo regular puede ayudar a estimular eficazmente la producci\u00f3n natural de col\u00e1geno y proporcionar al cuerpo los nutrientes necesarios para una salud y un bienestar \u00f3ptimos.<\/span><\/p>\n<h2><span style=\"color: #000000;\"><b>\u00bfQui\u00e9n necesita el complejo de col\u00e1geno?<\/b><\/span><\/h2>\n<p><span style=\"color: #000000;\">El complejo de col\u00e1geno es recomendable para todas las personas que desean mantener una apariencia juvenil y un buen bienestar f\u00edsico, especialmente:<\/span><\/p>\n<ul>\n<li><span style=\"color: #000000;\">Personas mayores de 25 a\u00f1os, cuando comienza a disminuir la producci\u00f3n natural de col\u00e1geno.<\/span><\/li>\n<li><span style=\"color: #000000;\">Deportistas que desean fortalecer las articulaciones y los m\u00fasculos.<\/span><\/li>\n<li><span style=\"color: #000000;\">Personas con problemas en las articulaciones, cart\u00edlagos u osteoporosis.<\/span><\/li>\n<li><span style=\"color: #000000;\">Aquellos que tienen problemas de piel seca y fl\u00e1cida, ca\u00edda del cabello o u\u00f1as quebradizas. <\/span><\/li>\n<\/ul>\n<h2><span style=\"color: #000000;\"><b>\u00bfPor qu\u00e9 es importante consumir col\u00e1geno?<\/b><\/span><\/h2>\n<p><span style=\"color: #000000;\">A partir de los 25 a\u00f1os, el cuerpo reduce gradualmente la producci\u00f3n de col\u00e1geno, lo que puede manifestarse en forma de primeras arrugas, piel menos firme, cabello m\u00e1s fino, u\u00f1as quebradizas y problemas en las articulaciones y los m\u00fasculos. La falta de col\u00e1geno se puede compensar con una dieta equilibrada y suplementos alimenticios de calidad.<\/span><\/p>\n<p><span style=\"color: #000000;\">El complejo de col\u00e1geno contiene solo ingredientes naturales cuidadosamente seleccionados que proporcionan un apoyo \u00f3ptimo al cuerpo.<\/span><\/p>\n<h2><span style=\"color: #000000;\"><b>Ventajas del consumo regular de col\u00e1geno:<\/b><\/span><\/h2>\n<p><span style=\"color: #000000;\"><b>\ud83d\udc9a Vitamina C<\/b><\/span><\/p>\n<ul>\n<li><span style=\"color: #000000;\">desempe\u00f1a un papel en la formaci\u00f3n de col\u00e1geno para el funcionamiento normal de los vasos sangu\u00edneos, los huesos, el cart\u00edlago, las enc\u00edas, la piel y los dientes<\/span><\/li>\n<li><span style=\"color: #000000;\">contribuye a la liberaci\u00f3n de energ\u00eda en el metabolismo, al funcionamiento del sistema nervioso y al funcionamiento psicol\u00f3gico normal<\/span><\/li>\n<li><span style=\"color: #000000;\">desempe\u00f1a un papel en el funcionamiento del sistema inmunitario<\/span><\/li>\n<li><span style=\"color: #000000;\">aumenta la absorci\u00f3n de hierro<\/span><\/li>\n<li><span style=\"color: #000000;\">contribuye a reducir el cansancio y la fatiga<\/span><\/li>\n<li><span style=\"color: #000000;\">desempe\u00f1a un papel en la protecci\u00f3n de las c\u00e9lulas frente al estr\u00e9s oxidativo<\/span><\/li>\n<li><span style=\"color: #000000;\">contribuye a la regeneraci\u00f3n de la forma reducida de la vitamina E<\/span><\/li>\n<\/ul>\n<p><span style=\"color: #000000;\"><b>\ud83d\udc9a Biotina<\/b><\/span><\/p>\n<ul>\n<li><span style=\"color: #000000;\">contribuye a la liberaci\u00f3n de energ\u00eda en el metabolismo<\/span><\/li>\n<li><span style=\"color: #000000;\">contribuye al funcionamiento del sistema nervioso<\/span><\/li>\n<li><span style=\"color: #000000;\">contribuye al funcionamiento psicol\u00f3gico normal<\/span><\/li>\n<li><span style=\"color: #000000;\">contribuye al metabolismo de los macronutrientes<\/span><\/li>\n<li><span style=\"color: #000000;\">contribuye al mantenimiento de un cabello sano<\/span><\/li>\n<li><span style=\"color: #000000;\">contribuye al mantenimiento de las mucosas y la piel sanas<\/span><\/li>\n<\/ul>\n<p><span style=\"color: #000000;\"><b>\ud83d\udc9a Vitamina D<\/b><\/span><\/p>\n<ul>\n<li><span style=\"color: #000000;\">contribuye a la absorci\u00f3n\/utilizaci\u00f3n normal del calcio y el f\u00f3sforo<\/span><\/li>\n<li><span style=\"color: #000000;\">contribuye a mantener niveles normales de calcio en sangre<\/span><\/li>\n<li><span style=\"color: #000000;\">contribuye al mantenimiento de huesos y dientes sanos<\/span><\/li>\n<li><span style=\"color: #000000;\">contribuye al funcionamiento de los m\u00fasculos<\/span><\/li>\n<li><span style=\"color: #000000;\">contribuye al funcionamiento del sistema inmunitario<\/span><\/li>\n<li><span style=\"color: #000000;\">interviene en la divisi\u00f3n celular<\/span><\/li>\n<\/ul>\n<h2><span style=\"color: #000000;\"><b>Almacenamiento y advertencias<\/b><\/span><\/h2>\n<p><span style=\"color: #000000;\">Almacenar en un lugar seco a una temperatura m\u00e1xima de 25 \u00b0C, protegido de la humedad y la luz. Aseg\u00farese de que la bolsa o el envase est\u00e9n bien cerrados.<\/span><\/p>\n<p><span style=\"color: #000000;\">El producto no es adecuado para ni\u00f1os, j\u00f3venes, mujeres embarazadas y lactantes. Las personas diab\u00e9ticas, con intolerancia a la glucosa, en tratamiento con anticoagulantes cumar\u00ednicos, con enfermedades cardiovasculares conocidas y asm\u00e1ticas deben consultar a su m\u00e9dico antes de utilizar el producto, por precauci\u00f3n. En caso de n\u00e1useas, dolor abdominal, mala digesti\u00f3n, diarrea, estre\u00f1imiento, mareos, somnolencia y dolor de cabeza, erupciones cut\u00e1neas, picor o enrojecimiento de la piel, deje de tomar el producto.<\/span><\/p>\n<h2><span style=\"color: #000000;\"><b>Envase<\/b><\/span><\/h2>\n<p><span style=\"color: #000000;\">Bolsa herm\u00e9tica con cremallera o caja que conserva toda la frescura y el aroma del producto. El envase protege del aire y la luz. Est\u00e1 compuesto por varias capas de protecci\u00f3n que conservan las propiedades del producto.<\/span><\/p>\n<p>El envase es muy pr\u00e1ctico y se puede reciclar.<\/p>\n<h2><span style=\"color: #000000;\"><b>Origen<\/b><\/span><\/h2>\n<p><span style=\"color: #000000;\">Los ingredientes del complejo de col\u00e1geno proceden de la UE y de fuera de la UE, y han sido cuidadosamente seleccionados para garantizar la m\u00e1xima calidad.<\/span><\/p>\n","protected":false},"excerpt":{"rendered":"<p>El complejo de col\u00e1geno contiene solo ingredientes naturales cuidadosamente seleccionados que proporcionan un apoyo \u00f3ptimo al organismo:<\/p>\n<p>\ud83d\udc9a mejora la salud de la piel, la renueva y estimula su elasticidad, y elimina las arrugas<br \/>\n\ud83d\udc9a regenera las c\u00e9lulas y los tejidos da\u00f1ados<br \/>\n\ud83d\udc9a ayuda a aliviar el dolor en las articulaciones<br \/>\n\ud83d\udc9a fortalece los huesos,<br \/>\n\ud83d\udc9a proporciona un cabello bonito y brillante y unas u\u00f1as fuertes,<br \/>\n\ud83d\udc9a tiene un efecto antienvejecimiento y aumenta la hidrataci\u00f3n.<\/p>\n","protected":false},"featured_media":4169,"comment_status":"open","ping_status":"closed","template":"","meta":{"_acf_changed":false},"product_brand":[],"product_cat":[15,218,203,195,216],"product_tag":[],"class_list":{"0":"post-6531","1":"product","2":"type-product","3":"status-publish","4":"has-post-thumbnail","6":"product_cat-uncategorized","7":"product_cat-mas-vendidos","8":"product_cat-minerales-y-vitaminas","9":"product_cat-superalimentos","10":"product_cat-todos-los-productos","12":"first","13":"instock","14":"sale","15":"taxable","16":"shipping-taxable","17":"purchasable","18":"product-type-simple"},"acf":[],"_links":{"self":[{"href":"https:\/\/fengchashop.com\/es\/wp-json\/wp\/v2\/product\/6531","targetHints":{"allow":["GET"]}}],"collection":[{"href":"https:\/\/fengchashop.com\/es\/wp-json\/wp\/v2\/product"}],"about":[{"href":"https:\/\/fengchashop.com\/es\/wp-json\/wp\/v2\/types\/product"}],"replies":[{"embeddable":true,"href":"https:\/\/fengchashop.com\/es\/wp-json\/wp\/v2\/comments?post=6531"}],"wp:featuredmedia":[{"embeddable":true,"href":"https:\/\/fengchashop.com\/es\/wp-json\/wp\/v2\/media\/4169"}],"wp:attachment":[{"href":"https:\/\/fengchashop.com\/es\/wp-json\/wp\/v2\/media?parent=6531"}],"wp:term":[{"taxonomy":"product_brand","embeddable":true,"href":"https:\/\/fengchashop.com\/es\/wp-json\/wp\/v2\/product_brand?post=6531"},{"taxonomy":"product_cat","embeddable":true,"href":"https:\/\/fengchashop.com\/es\/wp-json\/wp\/v2\/product_cat?post=6531"},{"taxonomy":"product_tag","embeddable":true,"href":"https:\/\/fengchashop.com\/es\/wp-json\/wp\/v2\/product_tag?post=6531"}],"curies":[{"name":"wp","href":"https:\/\/api.w.org\/{rel}","templated":true}]}}