{"id":6529,"date":"2022-03-11T18:29:12","date_gmt":"2022-03-11T17:29:12","guid":{"rendered":"https:\/\/fengchashop.com\/es\/product\/omega-3-mascobne-kisline-v-kapsulah\/"},"modified":"2026-05-04T10:34:16","modified_gmt":"2026-05-04T08:34:16","slug":"acidos-grasos-omega-3-en-capsulas","status":"publish","type":"product","link":"https:\/\/fengchashop.com\/es\/product\/acidos-grasos-omega-3-en-capsulas\/","title":{"rendered":"\u00c1cidos grasos omega 3 en c\u00e1psulas 180 c\u00e1psulas"},"content":{"rendered":"<h2><span style=\"color: #000000;\">\u00c1cidos grasos omega 3<\/span><\/h2>\n<p><span style=\"color: #000000;\">Los \u00e1cidos grasos omega 3 son <strong>\u00e1cidos esenciales<\/strong> para el ser humano, pero el cuerpo no puede producirlos por s\u00ed mismo. Dado que son indispensables<strong> para el correcto funcionamiento de varios procesos del organismo<\/strong>, es necesario consumirlas a trav\u00e9s de una dieta adecuada, rica en estas valiosas grasas. Si no ingerimos suficientes \u00e1cidos grasos omega 3 con la alimentaci\u00f3n, una de las formas m\u00e1s eficaces y sencillas de obtenerlos es mediante suplementos alimenticios. Debemos tener en cuenta que hay una gran oferta en el mercado, pero no todos los complementos alimenticios con aceite de pescado (o de origen vegetal) son lo suficientemente buenos. Debemos prestar especial atenci\u00f3n si tenemos intenci\u00f3n de tomar el complemento alimenticio durante un periodo de tiempo prolongado. Las impurezas y los aditivos innecesarios, que pueden incluso ser perjudiciales, pueden causar m\u00e1s da\u00f1o que beneficio.<\/span><\/p>\n<p>Nuestras c\u00e1psulas de \u00e1cidos grasos omega 3 est\u00e1n elaboradas con el aceite de pescado m\u00e1s puro. Proceden de pescado de aguas salvajes, se procesan adecuadamente y se encapsulan en c\u00e1psulas blandas, que son m\u00e1s peque\u00f1as y est\u00e1n dise\u00f1adas para facilitar su ingesti\u00f3n. Son un complemento alimenticio de primera calidad elaborado con los mejores ingredientes. <strong>No provocan eructos y no tienen un sabor a pescado desagradable.<\/strong><\/p>\n<h2><span style=\"color: #000000;\">\u00bfCu\u00e1les son los beneficios de tomar \u00e1cidos grasos omega 3?<\/span><\/h2>\n<p><span style=\"color: #000000;\">Los \u00e1cidos grasos omega 3 tienen al menos dos funciones importantes en nuestro organismo. Las investigaciones han demostrado que influyen en el <strong>funcionamiento adecuado del sistema cardiovascular<\/strong> y <strong>reducen la inflamaci\u00f3n<\/strong>. Si resumimos algunos de los efectos del consumo de \u00e1cidos grasos omega 3, podemos concluir que:<\/span><\/p>\n<p><span style=\"color: #000000;\">\ud83d\udc9a Contribuyen al <em>funcionamiento normal del coraz\u00f3n y del sistema cardiovascular<\/em>, incluyendo la regulaci\u00f3n del ritmo card\u00edaco y <strong>ayudando a regular la presi\u00f3n arterial y el colesterol.<\/strong><\/span><br \/>\n<span style=\"color: #000000;\">\ud83d\udc9a Contribuyen <strong>al mantenimiento de la visi\u00f3n normal.<\/strong><\/span><br \/>\n<span style=\"color: #000000;\">\ud83d\udc9a Contribuyen al <strong>mantenimiento del funcionamiento normal del cerebro,<\/strong> incluyendo la funci\u00f3n de la memoria y la regulaci\u00f3n del estado de \u00e1nimo y el equilibrio emocional.<\/span><br \/>\n<span style=\"color: #000000;\">\ud83d\udc9a Contribuyen al mantenimiento de <strong>niveles normales de triglic\u00e9ridos en sangre.<\/strong><\/span><br \/>\n<span style=\"color: #000000;\">\ud83d\udc9a Favorecen <strong>el funcionamiento adecuado del sistema inmunitario.<\/strong><\/span><br \/>\n<span style=\"color: #000000;\">\ud83d\udc9a Regulan el estado de \u00e1nimo y las funciones cognitivas (conductuales).<\/span><br \/>\n<span style=\"color: #000000;\">\ud83d\udc9a Son extremadamente <strong>importantes para un embarazo saludable y el desarrollo saludable del feto y del lactante.<\/strong> Para estimular las capacidades intelectuales, motoras y visuales del ni\u00f1o, mejorar la memoria y la atenci\u00f3n, y prevenir trastornos del comportamiento y el desarrollo de alergias alimentarias.<\/span><br \/>\n<span style=\"color: #000000;\">\ud83d\udc9a <strong>Ayudan a mejorar los s\u00edntomas de las enfermedades autoinmunes<\/strong> y el TDAH en los ni\u00f1os.<br \/>\n<span style=\"color: #000000;\">\ud83d\udc9a Hidratan de forma natural nuestra piel y nuestro cabello, d\u00e1ndoles un aspecto saludable.<br \/>\n<span style=\"color: #000000;\">\ud83d\udc9a <strong>Reducen la inflamaci\u00f3n,<\/strong> lo que tambi\u00e9n alivia problemas cut\u00e1neos como el eccema, el acn\u00e9, la ros\u00e1cea y la psoriasis.<br \/>\n<span style=\"color: #000000;\">\ud83d\udc9a <strong>Permiten una regeneraci\u00f3n muscular m\u00e1s r\u00e1pida<\/strong> despu\u00e9s de entrenamientos deportivos intensos u otras actividades f\u00edsicas; tambi\u00e9n previenen la p\u00e9rdida de masa muscular y, al mismo tiempo, aumentan la p\u00e9rdida de reservas de grasa.<\/span><\/span><\/span><\/span><\/p>\n<h2><span style=\"color: #000000;\">\u00bfPor qu\u00e9 elegir nuestras c\u00e1psulas de omega 3?<\/span><\/h2>\n<p><span style=\"color: #000000;\">El consumo de \u00e1cidos grasos omega 3 es, por s\u00ed solo, una buena inversi\u00f3n para nuestra salud f\u00edsica y mental. Al elegir un suplemento puro y lo m\u00e1s natural posible, como es el nuestro, podemos disfrutar de otras ventajas, ya que:<\/span><\/p>\n<p><span style=\"color: #000000;\">\ud83d\udc9a El complemento alimenticio <strong>no se elabora mediante la concentraci\u00f3n de aceite de pescado<\/strong> y la adici\u00f3n de ingredientes artificiales. Nuestro complemento alimenticio est\u00e1 m\u00ednimamente procesado, es mucho m\u00e1s natural y, por lo tanto, nuestro cuerpo aprovecha mejor sus ventajas.<br \/>\n<span style=\"color: #000000;\">\ud83d\udc9a <strong>Son c\u00e1psulas sin sabor ni olor caracter\u00edsticos<\/strong>. Adem\u00e1s, no nos provocan n\u00e1useas.<br \/>\n\ud83d\udc9a Las <strong>c\u00e1psulas blandas m\u00e1s peque\u00f1as<\/strong> son m\u00e1s f\u00e1ciles de tragar.<br \/>\n\ud83d\udc9a Contienen un m\u00ednimo del <strong>90 % de triglic\u00e9ridos naturales<\/strong>, sin \u00e9steres et\u00edlicos, que se utilizan en la producci\u00f3n de aceite de pescado concentrado para garantizar valores de DHA y EPA superiores a los caracter\u00edsticos del aceite de pescado normal. Este tipo de complemento alimenticio est\u00e1 mejorado artificialmente y, por lo tanto, es m\u00e1s dif\u00edcil de digerir, menos natural y, si se toma durante mucho tiempo, puede incluso resultar perjudicial para nuestro organismo.<br \/>\n<span style=\"color: #000000;\">\ud83d\udc9a El aceite es especialmente<strong> puro<\/strong>, elaborado mediante un proceso especial de filtraci\u00f3n, destilaci\u00f3n y refinado.<br \/>\n<span style=\"color: #000000;\">\ud83d\udc9a Contiene un m\u00ednimo del <strong>65 % de \u00e1cido docosahexaenoico (DHA) y \u00e1cido eicosapentaenoico (EPA).<\/strong><\/span><br \/>\n<span style=\"color: #000000;\">\ud83d\udc9a Para una mayor conservaci\u00f3n, se a\u00f1ade al producto un antioxidante natural en forma de tocoferol (vitamina E).<\/span><br \/>\n<span style=\"color: #000000;\">\ud83d\udc9a Adem\u00e1s, los peces se capturan siguiendo los principios de la pesca sostenible. Cada envase del proveedor tambi\u00e9n lleva un n\u00famero de trazabilidad. Tambi\u00e9n se garantiza un suministro constante de aceites de la m\u00e1xima calidad. Estos son siempre puros, seguros y sin problemas. El compromiso con la pureza, la calidad y la innovaci\u00f3n del producto garantiza que los productos cumplan con los m\u00e1s altos est\u00e1ndares industriales en materia de seguridad, trazabilidad y sostenibilidad. Los valores l\u00edmite m\u00ednimos de las especificaciones garantizan que los productos cumplen o superan todas las normas de pureza mundialmente conocidas. Garantizamos incondicionalmente la consistencia, seguridad y pureza de cada producto.<\/span><\/span><\/span><\/span><\/p>\n<h2><span style=\"color: #000000;\">Almacenamiento y advertencias<\/span><\/h2>\n<p><span style=\"color: #000000;\">Almacenar en un lugar seco y fresco a una temperatura m\u00e1xima de 25 \u00b0C. Mantener el complemento alimenticio fuera del alcance de los ni\u00f1os.<\/span><\/p>\n<p><span style=\"color: #000000;\">No olvide la importancia de una dieta variada y un estilo de vida saludable, por lo que el complemento alimenticio no sustituye una dieta equilibrada y variada. No se debe exceder la cantidad diaria recomendada o la dosis.<\/span><\/p>\n<h2>Envase<\/h2>\n<p>Bolsa herm\u00e9tica con cierre, donde el producto conserva toda su frescura y aroma. El envase protege del aire y la luz, ya que est\u00e1 compuesto por varias capas de protecci\u00f3n que conservan las propiedades del contenido.<\/p>\n<p>El envase es muy pr\u00e1ctico y reciclable.<\/p>\n<h2><span style=\"color: #000000;\">Origen<\/span><\/h2>\n<p><span style=\"color: #000000;\">Noruega<\/span><\/p>\n","protected":false},"excerpt":{"rendered":"<p>Los \u00e1cidos grasos omega 3 tienen al menos dos funciones importantes en nuestro organismo. Las investigaciones han demostrado que influyen en el correcto funcionamiento del sistema cardiovascular y reducen la inflamaci\u00f3n. Los \u00e1cidos grasos omega 3:<\/p>\n<p>\ud83d\udc9a contribuyen al funcionamiento normal del coraz\u00f3n y del sistema cardiovascular, incluyendo la regulaci\u00f3n del ritmo card\u00edaco y ayudando a controlar la presi\u00f3n arterial y el colesterol,<br \/>\n\ud83d\udc9a contribuyen al mantenimiento del funcionamiento normal del cerebro, incluyendo la memoria y la regulaci\u00f3n del estado de \u00e1nimo y el equilibrio emocional,<br \/>\n\ud83d\udc9a contribuyen al mantenimiento de los niveles normales de triglic\u00e9ridos en sangre,<br \/>\n\ud83d\udc9a favorecen el funcionamiento adecuado del sistema inmunitario,<br \/>\n\ud83d\udc9a reducen la inflamaci\u00f3n.<\/p>\n","protected":false},"featured_media":4490,"comment_status":"open","ping_status":"closed","template":"","meta":{"_acf_changed":false},"product_brand":[],"product_cat":[15,203,216],"product_tag":[],"class_list":{"0":"post-6529","1":"product","2":"type-product","3":"status-publish","4":"has-post-thumbnail","6":"product_cat-uncategorized","7":"product_cat-minerales-y-vitaminas","8":"product_cat-todos-los-productos","10":"first","11":"instock","12":"taxable","13":"shipping-taxable","14":"purchasable","15":"product-type-simple"},"acf":[],"_links":{"self":[{"href":"https:\/\/fengchashop.com\/es\/wp-json\/wp\/v2\/product\/6529","targetHints":{"allow":["GET"]}}],"collection":[{"href":"https:\/\/fengchashop.com\/es\/wp-json\/wp\/v2\/product"}],"about":[{"href":"https:\/\/fengchashop.com\/es\/wp-json\/wp\/v2\/types\/product"}],"replies":[{"embeddable":true,"href":"https:\/\/fengchashop.com\/es\/wp-json\/wp\/v2\/comments?post=6529"}],"wp:featuredmedia":[{"embeddable":true,"href":"https:\/\/fengchashop.com\/es\/wp-json\/wp\/v2\/media\/4490"}],"wp:attachment":[{"href":"https:\/\/fengchashop.com\/es\/wp-json\/wp\/v2\/media?parent=6529"}],"wp:term":[{"taxonomy":"product_brand","embeddable":true,"href":"https:\/\/fengchashop.com\/es\/wp-json\/wp\/v2\/product_brand?post=6529"},{"taxonomy":"product_cat","embeddable":true,"href":"https:\/\/fengchashop.com\/es\/wp-json\/wp\/v2\/product_cat?post=6529"},{"taxonomy":"product_tag","embeddable":true,"href":"https:\/\/fengchashop.com\/es\/wp-json\/wp\/v2\/product_tag?post=6529"}],"curies":[{"name":"wp","href":"https:\/\/api.w.org\/{rel}","templated":true}]}}