{"id":6528,"date":"2022-03-11T16:52:40","date_gmt":"2022-03-11T15:52:40","guid":{"rendered":"https:\/\/fengchashop.com\/es\/product\/vitamin-c-v-prahu\/"},"modified":"2026-04-30T12:25:56","modified_gmt":"2026-04-30T10:25:56","slug":"vitamina-c-en-polvo","status":"publish","type":"product","link":"https:\/\/fengchashop.com\/es\/product\/vitamina-c-en-polvo\/","title":{"rendered":"Vitamina C en polvo 500 g"},"content":{"rendered":"<h2><span style=\"color: #000000;\">\u00c1cido L-asc\u00f3rbico<\/span><\/h2>\n<p><span style=\"color: #000000;\">La vitamina C, o \u00e1cido asc\u00f3rbico qu\u00edmico, es una vitamina esencial para el ser humano, lo que significa que es necesaria para el correcto funcionamiento de nuestro organismo, pero nuestro cuerpo no es capaz de sintetizarla o producirla, por lo que es muy importante que la ingieramos a trav\u00e9s de los alimentos. La vitamina C est\u00e1 presente en la mayor\u00eda de las frutas y verduras, por lo que quienes consumen regularmente al menos 5 raciones de fruta y\/o verdura al d\u00eda ingieren cantidades suficientes. Sin embargo, a veces tambi\u00e9n es conveniente a\u00f1adir esta vitamina tan importante, responsable de numerosos procesos en nuestro organismo, ya que tambi\u00e9n es un <strong>antioxidante que protege nuestras c\u00e9lulas del estr\u00e9s oxidativo<\/strong>, que se manifiesta con mayor frecuencia en nuestra piel. La falta de vitamina C puede provocar el envejecimiento de la piel y la aparici\u00f3n de arrugas, ya que la vitamina C es en gran medida responsable de la formaci\u00f3n de col\u00e1geno, por lo que desempe\u00f1a un papel importante en el funcionamiento normal de la piel, as\u00ed como de los huesos y los vasos sangu\u00edneos. Sin duda, tambi\u00e9n tiene un efecto beneficioso sobre nuestro sistema inmunol\u00f3gico, ya que su consumo preventivo puede prevenir o acelerar la recuperaci\u00f3n de resfriados estacionales e infecciones virales de las v\u00edas respiratorias.<\/span><\/p>\n<p><span style=\"color: #000000;\">Las frutas y verduras que consumimos cada vez est\u00e1n m\u00e1s empobrecidas en vitaminas debido al m\u00e9todo de cultivo, el transporte y el tiempo que transcurre desde la recolecci\u00f3n hasta el consumo. La falta de vitamina C puede manifestarse en forma de cansancio f\u00edsico y mental general, peor cicatrizaci\u00f3n de las heridas, hemorragias, recuperaci\u00f3n m\u00e1s lenta tras una enfermedad, debilitamiento del sistema inmunitario, etc. En esos casos, es bueno proporcionar al organismo un mayor aporte de vitaminas, tambi\u00e9n con la ayuda de complementos alimenticios. Los fumadores, los trabajadores f\u00edsicos y los deportistas, as\u00ed como las mujeres embarazadas y lactantes, necesitan en general mucha m\u00e1s vitamina C, pero antes de tomar suplementos alimenticios siempre deben consultar con su m\u00e9dico.<\/span><\/p>\n<p><span style=\"color: #000000;\">Nuestro cuerpo no almacena vitamina C, por lo que es imprescindible consumir frutas y verduras a diario y, si es necesario, a\u00f1adir suplementos alimenticios con \u00e1cido L-asc\u00f3rbico.<\/span><\/p>\n<h2><span style=\"color: #000000;\">\u00bfPor qu\u00e9 elegir la vitamina C en forma de \u00e1cido L-asc\u00f3rbico en polvo?<\/span><\/h2>\n<p><span style=\"color: #000000;\">Nuestra L-ascorbina pura es, en realidad, la forma natural de la vitamina C, que puede ser de origen natural o sint\u00e9tico, pero ambas formas son tan similares, tanto en estructura como en eficacia, que los expertos las consideran equivalentes (lo que no ocurre con la \u00e1cido D-asc\u00f3rbico sint\u00e9tico, que el cuerpo no puede sintetizar y, por lo tanto, no se utiliza en los complementos alimenticios).<\/span><\/p>\n<p><span style=\"color: #000000;\">Tomar \u00e1cido L-asc\u00f3rbico o vitamina C contribuir\u00e1 (las siguientes ventajas de la vitamina C tambi\u00e9n han sido aprobadas por la EFSA, la Agencia Europea de Seguridad Alimentaria):<\/span><\/p>\n<p><span style=\"color: #000000;\">\ud83d\udc9a a <strong>una mejor absorci\u00f3n del hierro<\/strong>, que es esencial para la sangre sana;<\/span><br \/>\n<span style=\"color: #000000;\">\ud83d\udc9a a <strong>mejorar la formaci\u00f3n de col\u00e1geno<\/strong> y, con ello, el funcionamiento normal de los huesos, la piel, los dientes, los vasos sangu\u00edneos, el cart\u00edlago y las enc\u00edas;<\/span><br \/>\n<span style=\"color: #000000;\">\ud83d\udc9a al <strong>funcionamiento psicol\u00f3gico normal;<\/strong><\/span><br \/>\n<span style=\"color: #000000;\">\ud83d\udc9a a la <strong>protecci\u00f3n de las c\u00e9lulas frente al estr\u00e9s oxidativo; <\/strong><\/span><br \/>\n<span style=\"color: #000000;\">\ud83d\udc9a un mejor funcionamiento del sistema inmunitario;<\/span><br \/>\n<span style=\"color: #000000;\">\ud83d\udc9a la reducci\u00f3n del cansancio y la fatiga.<\/span><\/p>\n<p><span style=\"color: #000000;\">El complemento alimenticio en polvo tambi\u00e9n es pr\u00e1ctico de usar, y la bebida preparada es sabrosa y refrescante. <\/span><\/p>\n<h2><span style=\"color: #000000;\">Almacenamiento y advertencias<\/span><\/h2>\n<p><span style=\"color: #000000;\">Almacenar en un lugar seco y fresco a una temperatura m\u00e1xima de 25 \u00b0C. Mantener el complemento alimenticio fuera del alcance de los ni\u00f1os.<\/span><\/p>\n<p><span style=\"color: #000000;\">No olvide la importancia de una dieta variada y un estilo de vida saludable, por lo que el complemento alimenticio no sustituye una dieta equilibrada y variada. No se debe exceder la cantidad diaria recomendada. Recomendamos a las mujeres embarazadas y en periodo de lactancia que consulten siempre a su m\u00e9dico antes de utilizar este producto. No es adecuado para ni\u00f1os menores de 14 a\u00f1os.<\/span><\/p>\n<h2><span style=\"color: #000000;\">Envase<\/span><\/h2>\n<p><span style=\"color: #000000;\">Bolsa herm\u00e9tica con cierre, donde el producto conserva toda su frescura y aroma. El envase protege de la luz y el aire, ya que est\u00e1 compuesto por varias capas de protecci\u00f3n que conservan las propiedades del contenido.<\/span><\/p>\n<p><span style=\"color: #000000;\">El envase es muy pr\u00e1ctico y se puede reciclar.<\/span><\/p>\n<h2><span style=\"color: #000000;\">Origen<\/span><\/h2>\n<p><span style=\"color: #000000;\">China.<\/span><\/p>\n<p><span style=\"color: #000000;\">Contamos con proveedores muy fiables que nos env\u00edan un an\u00e1lisis qu\u00edmico detallado de los alimentos para cada lote. En m\u00e1s de diez a\u00f1os, no hemos tenido ninguna retirada del mercado ni ning\u00fan otro problema con este art\u00edculo, ni tampoco con otros art\u00edculos del mismo proveedor.<\/span><\/p>\n","protected":false},"excerpt":{"rendered":"<p>Tomar \u00e1cido L-asc\u00f3rbico o vitamina C contribuir\u00e1 a lo siguiente (las siguientes ventajas de la vitamina C tambi\u00e9n han sido aprobadas por la EFSA, la Agencia Europea de Seguridad Alimentaria):<\/p>\n<p>\ud83d\udc9a a una mejor absorci\u00f3n del hierro, que es esencial para la sangre sana,<br \/>\n\ud83d\udc9a a la mejora de la formaci\u00f3n de col\u00e1geno y, por lo tanto, al funcionamiento normal de los huesos, la piel, los dientes, los vasos sangu\u00edneos, el cart\u00edlago y las enc\u00edas,<br \/>\n\ud83d\udc9a funcionamiento psicol\u00f3gico normal,<br \/>\n\ud83d\udc9a protecci\u00f3n de las c\u00e9lulas frente al estr\u00e9s oxidativo,<br \/>\n\ud83d\udc9a mejor funcionamiento del sistema inmunitario,<br \/>\n\ud83d\udc9a reducci\u00f3n del cansancio y la fatiga.<\/p>\n","protected":false},"featured_media":4310,"comment_status":"open","ping_status":"closed","template":"","meta":{"_acf_changed":false},"product_brand":[],"product_cat":[15,203,216],"product_tag":[],"class_list":{"0":"post-6528","1":"product","2":"type-product","3":"status-publish","4":"has-post-thumbnail","6":"product_cat-uncategorized","7":"product_cat-minerales-y-vitaminas","8":"product_cat-todos-los-productos","10":"first","11":"instock","12":"taxable","13":"shipping-taxable","14":"purchasable","15":"product-type-simple"},"acf":[],"_links":{"self":[{"href":"https:\/\/fengchashop.com\/es\/wp-json\/wp\/v2\/product\/6528","targetHints":{"allow":["GET"]}}],"collection":[{"href":"https:\/\/fengchashop.com\/es\/wp-json\/wp\/v2\/product"}],"about":[{"href":"https:\/\/fengchashop.com\/es\/wp-json\/wp\/v2\/types\/product"}],"replies":[{"embeddable":true,"href":"https:\/\/fengchashop.com\/es\/wp-json\/wp\/v2\/comments?post=6528"}],"wp:featuredmedia":[{"embeddable":true,"href":"https:\/\/fengchashop.com\/es\/wp-json\/wp\/v2\/media\/4310"}],"wp:attachment":[{"href":"https:\/\/fengchashop.com\/es\/wp-json\/wp\/v2\/media?parent=6528"}],"wp:term":[{"taxonomy":"product_brand","embeddable":true,"href":"https:\/\/fengchashop.com\/es\/wp-json\/wp\/v2\/product_brand?post=6528"},{"taxonomy":"product_cat","embeddable":true,"href":"https:\/\/fengchashop.com\/es\/wp-json\/wp\/v2\/product_cat?post=6528"},{"taxonomy":"product_tag","embeddable":true,"href":"https:\/\/fengchashop.com\/es\/wp-json\/wp\/v2\/product_tag?post=6528"}],"curies":[{"name":"wp","href":"https:\/\/api.w.org\/{rel}","templated":true}]}}