{"id":6526,"date":"2022-03-11T09:03:16","date_gmt":"2022-03-11T08:03:16","guid":{"rendered":"https:\/\/fengchashop.com\/es\/product\/magnezijev-klorid-v-prahu\/"},"modified":"2026-05-04T10:59:09","modified_gmt":"2026-05-04T08:59:09","slug":"cloruro-de-magnesio-en-polvo","status":"publish","type":"product","link":"https:\/\/fengchashop.com\/es\/product\/cloruro-de-magnesio-en-polvo\/","title":{"rendered":"Cloruro de magnesio en polvo 500 g"},"content":{"rendered":"<h2><span style=\"color: #000000;\">Cloruro de magnesio<\/span><\/h2>\n<p><span style=\"color: #000000;\">El magnesio es un mineral muy importante que interviene en m\u00e1s de 300 reacciones metab\u00f3licas del cuerpo humano. Los expertos suelen denominarlo \u00abel rey de los minerales\u00bb. Desempe\u00f1a un papel muy importante en el <strong>correcto funcionamiento de los huesos, los m\u00fasculos y el sistema nervioso.<\/strong> A menudo lo tomamos <strong>para prevenir los calambres (en las piernas), el cansancio, el agotamiento y para un funcionamiento ps\u00edquico normal.<\/strong> El magnesio equilibra la relaci\u00f3n con el calcio y, de este modo, previene la acidificaci\u00f3n del cuerpo y el \u00abcrujido\u00bb de las articulaciones, que son consecuencia de la calcificaci\u00f3n. Debido al estilo de vida moderno (falta de sue\u00f1o, estr\u00e9s, h\u00e1bitos alimenticios), a menudo recurrimos a suplementos alimenticios con magnesio. Y aunque se encuentra en abundancia en las verduras de hoja verde, el pescado, las semillas de girasol y calabaza, la fruta y los frutos secos, simplemente consumimos m\u00e1s de lo que ingerimos. Los deportistas y las personas muy activas, las mujeres embarazadas y las personas mayores tienen mayores necesidades de magnesio. En la naturaleza, el magnesio siempre est\u00e1 unido a otro compuesto, lo que le confiere propiedades espec\u00edficas, especialmente en lo que respecta a la absorci\u00f3n y los efectos adicionales. Por lo tanto, es importante elegir el magnesio adecuado para nuestras necesidades.<\/span><\/p>\n<p>El magnesio en forma de cloruro de magnesio es una de las formas m\u00e1s comunes de magnesio en nuestro mercado. Existen m\u00e1s de una docena de formas diferentes de magnesio, y se desaconseja el uso de algunas de ellas (por ejemplo, el aspartato de magnesio y el glutamato de magnesio). Por lo tanto, no todos los magnesios satisfar\u00e1n nuestras necesidades. Elija formas de magnesio de calidad y, sobre todo, adecuadas para usted.<\/p>\n<p>La falta de magnesio se asocia con numerosas enfermedades, como la migra\u00f1a, la fatiga cr\u00f3nica, la hipertensi\u00f3n arterial, la ansiedad y otros trastornos mentales. El magnesio se encarga indirectamente de la reparaci\u00f3n de las c\u00e9lulas da\u00f1adas, lo que previene el desarrollo de enfermedades relacionadas con el da\u00f1o celular, como el c\u00e1ncer. Al mismo tiempo, la falta de magnesio reduce el efecto de la importante vitamina D.<\/p>\n<p><span style=\"color: #000000;\">Nuestro cloruro de magnesio es de primera calidad.<\/span><\/p>\n<h2><span style=\"color: #000000;\">\u00bfPor qu\u00e9 elegir el cloruro de magnesio?<\/span><\/h2>\n<p><span style=\"color: #000000;\"><span style=\"color: #000000;\">Es interesante saber que el cuerpo tambi\u00e9n puede absorber el magnesio a trav\u00e9s de la piel. Por eso, cuando hay falta de magnesio, tambi\u00e9n son buenas las ba\u00f1eras. Son especialmente beneficiosas para los m\u00fasculos agotados, ya que el magnesio penetra a trav\u00e9s de la piel en el torrente sangu\u00edneo y, de este modo, tambi\u00e9n abastece a los \u00f3rganos internos. La forma m\u00e1s adecuada de magnesio para los ba\u00f1os es precisamente el cloruro de magnesio. A partir del polvo tambi\u00e9n se puede preparar el llamado <strong>aceite de magnesio. Este es muy popular para la regeneraci\u00f3n r\u00e1pida y eficaz de los m\u00fasculos cansados y doloridos tras un esfuerzo f\u00edsico intenso. El cuerpo lo absorbe y cubre las necesidades diarias de magnesio. El cloruro de magnesio tambi\u00e9n se puede tomar por v\u00eda oral como complemento alimenticio.<\/strong><\/span><\/span><\/p>\n<p>Esta forma de magnesio es la m\u00e1s adecuada para proporcionar magnesio r\u00e1pidamente a los m\u00fasculos cansados y para romper las calcificaciones articulares mediante ba\u00f1os y aceite de magnesio. Adem\u00e1s, el magnesio administrado de esta forma tiene un efecto m\u00ednimo sobre la digesti\u00f3n y la consiguiente aparici\u00f3n de diarrea. Por lo tanto, es especialmente adecuado para personas m\u00e1s sensibles al consumo de magnesio.<\/p>\n<p><span style=\"color: #000000;\">El magnesio en forma de cloruro de magnesio se absorbe peor y m\u00e1s lentamente que, por ejemplo, el bisglicinato de magnesio. Sin embargo, su ventaja es que se puede administrar a trav\u00e9s de la piel en forma de spray o ba\u00f1o.<\/span><\/p>\n<h2><span style=\"color: #000000;\">\u00bfQu\u00e9 efecto tiene el consumo de magnesio en nuestro organismo?<\/span><\/h2>\n<p><span style=\"color: #000000;\">El consumo de magnesio o la preparaci\u00f3n de aceites y ba\u00f1os de magnesio tiene los siguientes efectos positivos sobre nosotros, reconocidos tambi\u00e9n por la ciencia:<\/span><\/p>\n<p><span style=\"color: #000000;\">\ud83d\udc9a contribuye a <strong>reducir la fatiga y el agotamiento,<\/strong><\/span><br \/>\n<span style=\"color: #000000;\">\ud83d\udc9a<strong> favorece el equilibrio electrol\u00edtico<\/strong>, que necesitamos sobre todo durante el esfuerzo f\u00edsico,<\/span><br \/>\n<span style=\"color: #000000;\">\ud83d\udc9a contribuye a <strong>la liberaci\u00f3n de energ\u00eda en el metabolismo,<\/strong><\/span><br \/>\n<span style=\"color: #000000;\">\ud83d\udc9a tiene un efecto beneficioso sobre <strong>el sistema nervioso,<\/strong><\/span><br \/>\n<span style=\"color: #000000;\">\ud83d\udc9a contribuye al <strong>funcionamiento normal de los m\u00fasculos y a las funciones psicol\u00f3gicas normales<\/strong><\/span><br \/>\n<span style=\"color: #000000;\">\ud83d\udc9a desempe\u00f1a un papel en la <strong>s\u00edntesis de prote\u00ednas<\/strong><\/span><br \/>\n<span style=\"color: #000000;\">\ud83d\udc9a mantiene<strong> los huesos y los dientes sanos,<\/strong><\/span><br \/>\n<span style=\"color: #000000;\">\ud83d\udc9a interviene en la divisi\u00f3n celular.<\/span><\/p>\n<h2><span style=\"color: #000000;\">Envase<\/span><\/h2>\n<p><span style=\"color: #000000;\">Bolsa herm\u00e9tica con cierre, donde el producto conserva toda su frescura y aroma. El envase protege del aire y la luz, ya que est\u00e1 compuesto por varias capas protectoras que conservan las propiedades del contenido.<\/span><\/p>\n<p><span style=\"color: #000000;\">El envase es muy pr\u00e1ctico y se puede reciclar.<\/span><\/p>\n<h2><span style=\"color: #000000;\">Almacenamiento y advertencias<\/span><\/h2>\n<p><span style=\"color: #000000;\">Almacenar en un lugar seco y fresco a una temperatura m\u00e1xima de 25 \u00b0C. Mantener el complemento alimenticio fuera del alcance de los ni\u00f1os.<\/span><\/p>\n<p><span style=\"color: #000000;\">Consulte a su m\u00e9dico si est\u00e1 tomando antibi\u00f3ticos, medicamentos para la osteoporosis o medicamentos para la hipertensi\u00f3n, ya que el magnesio puede afectar a su funcionamiento.<\/span><\/p>\n<p><span style=\"color: #000000;\">No olvide la importancia de una dieta variada y un estilo de vida saludable, por lo que el complemento alimenticio no sustituye una dieta equilibrada y variada. No se debe exceder la dosis diaria recomendada. Siempre recomendamos a las mujeres embarazadas y en periodo de lactancia que consulten a su m\u00e9dico antes de utilizarlo. No es adecuado para ni\u00f1os.<\/span><\/p>\n<h2><span style=\"color: #000000;\">Origen<\/span><\/h2>\n<p><span style=\"color: #000000;\">Rep\u00fablica Checa<\/span><\/p>\n","protected":false},"excerpt":{"rendered":"<p align=\"JUSTIFY\">El magnesio es un mineral muy importante que interviene en m\u00e1s de 300 reacciones metab\u00f3licas del cuerpo humano. Los expertos suelen denominarlo \u00abel rey de los minerales\u00bb. Desempe\u00f1a un papel muy importante en el correcto funcionamiento de los huesos, los m\u00fasculos y el sistema nervioso. Se consume a menudo para prevenir los calambres (en las piernas), el cansancio, el agotamiento y para un funcionamiento ps\u00edquico normal. El magnesio equilibra la relaci\u00f3n con el calcio y, de este modo, previene la acidificaci\u00f3n del cuerpo y el \u00abcrujido\u00bb de las articulaciones, que son consecuencia de la calcificaci\u00f3n.<br \/>\n\ud83d\udc9a Contribuye a reducir la fatiga y el agotamiento.<br \/>\n\ud83d\udc9a Favorece el equilibrio de los electrolitos, que necesitamos especialmente durante el esfuerzo f\u00edsico.<br \/>\n\ud83d\udc9a Contribuye a la liberaci\u00f3n de energ\u00eda en el metabolismo.<br \/>\n\ud83d\udc9a Tiene un efecto beneficioso sobre el sistema nervioso.<br \/>\n\ud83d\udc9a Contribuye al funcionamiento normal de los m\u00fasculos y a las funciones psicol\u00f3gicas normales.<\/p>\n","protected":false},"featured_media":4109,"comment_status":"open","ping_status":"closed","template":"","meta":{"_acf_changed":false},"product_brand":[],"product_cat":[15,203,216],"product_tag":[],"class_list":{"0":"post-6526","1":"product","2":"type-product","3":"status-publish","4":"has-post-thumbnail","6":"product_cat-uncategorized","7":"product_cat-minerales-y-vitaminas","8":"product_cat-todos-los-productos","10":"first","11":"instock","12":"sale","13":"taxable","14":"shipping-taxable","15":"purchasable","16":"product-type-simple"},"acf":[],"_links":{"self":[{"href":"https:\/\/fengchashop.com\/es\/wp-json\/wp\/v2\/product\/6526","targetHints":{"allow":["GET"]}}],"collection":[{"href":"https:\/\/fengchashop.com\/es\/wp-json\/wp\/v2\/product"}],"about":[{"href":"https:\/\/fengchashop.com\/es\/wp-json\/wp\/v2\/types\/product"}],"replies":[{"embeddable":true,"href":"https:\/\/fengchashop.com\/es\/wp-json\/wp\/v2\/comments?post=6526"}],"wp:featuredmedia":[{"embeddable":true,"href":"https:\/\/fengchashop.com\/es\/wp-json\/wp\/v2\/media\/4109"}],"wp:attachment":[{"href":"https:\/\/fengchashop.com\/es\/wp-json\/wp\/v2\/media?parent=6526"}],"wp:term":[{"taxonomy":"product_brand","embeddable":true,"href":"https:\/\/fengchashop.com\/es\/wp-json\/wp\/v2\/product_brand?post=6526"},{"taxonomy":"product_cat","embeddable":true,"href":"https:\/\/fengchashop.com\/es\/wp-json\/wp\/v2\/product_cat?post=6526"},{"taxonomy":"product_tag","embeddable":true,"href":"https:\/\/fengchashop.com\/es\/wp-json\/wp\/v2\/product_tag?post=6526"}],"curies":[{"name":"wp","href":"https:\/\/api.w.org\/{rel}","templated":true}]}}