{"id":6525,"date":"2022-03-11T09:18:33","date_gmt":"2022-03-11T08:18:33","guid":{"rendered":"https:\/\/fengchashop.com\/es\/product\/magnezijev-kompleks-v-prahu\/"},"modified":"2026-05-04T19:53:16","modified_gmt":"2026-05-04T17:53:16","slug":"complejo-de-magnesio-en-polvo","status":"publish","type":"product","link":"https:\/\/fengchashop.com\/es\/product\/complejo-de-magnesio-en-polvo\/","title":{"rendered":"Complejo de magnesio en polvo 200 g"},"content":{"rendered":"<h2 style=\"text-align: justify;\"><span style=\"color: #000000;\"><b>Complejo de magnesio en polvo <\/b><\/span><\/h2>\n<p style=\"text-align: justify;\"><span style=\"color: #000000;\">El magnesio es un mineral extremadamente importante que participa en m\u00e1s de 300 procesos metab\u00f3licos del cuerpo humano. A menudo se le denomina \u00ab<b>el rey de los minerales<\/b>\u00bb, ya que desempe\u00f1a un papel fundamental en el funcionamiento de los m\u00fasculos y el sistema nervioso, as\u00ed como en el mantenimiento de unos huesos sanos. Ayuda a prevenir los calambres musculares, reduce la fatiga y el agotamiento y contribuye al funcionamiento normal de la funci\u00f3n ps\u00edquica. Debido al ritmo acelerado de la vida moderna, el estr\u00e9s, la alimentaci\u00f3n inadecuada y la falta de sue\u00f1o, muchas personas recurren a los suplementos diet\u00e9ticos con magnesio.<\/span><\/p>\n<p style=\"text-align: justify;\"><span style=\"color: #000000;\">Aunque el magnesio se encuentra de forma natural en muchos alimentos, como las verduras de hoja verde, los frutos secos, las semillas, el pescado y los cereales integrales, a menudo consumimos m\u00e1s de lo que ingerimos con los alimentos. Los deportistas, las mujeres embarazadas, las personas mayores y las personas sometidas a un mayor estr\u00e9s f\u00edsico o mental tienen unas necesidades de magnesio m\u00e1s elevadas.<\/span><\/p>\n<p style=\"text-align: justify;\"><span style=\"color: #000000;\">Con el complejo de magnesio, le proporcionar\u00e1 a su cuerpo un apoyo \u00f3ptimo para sentirse mejor, tener m\u00e1s energ\u00eda y un funcionamiento saludable de los m\u00fasculos, los huesos y el sistema nervioso.<\/span><\/p>\n<h2 style=\"text-align: justify;\"><span style=\"color: #000000;\"><b>\u00bfPor qu\u00e9 el complejo de magnesio?<\/b><\/span><\/h2>\n<p style=\"text-align: justify;\"><span style=\"color: #000000;\">El complejo de magnesio combina<strong> cuatro formas de magnesio de alta calidad: bisglicinato de magnesio, citrato de magnesio, malato de magnesio y taurato de magnesio<\/strong>. Cada una de estas formas tiene sus propias propiedades y beneficios espec\u00edficos, por lo que su combinaci\u00f3n permite una absorci\u00f3n y eficacia \u00f3ptimas.<\/span><\/p>\n<h2 style=\"text-align: justify;\"><span style=\"color: #000000;\"><b>Ventajas del complejo de magnesio<\/b><\/span><\/h2>\n<p style=\"text-align: justify;\"><span style=\"color: #000000;\"><b>\ud83d\udc9a Magnesio:<\/b><\/span><\/p>\n<ul style=\"text-align: justify;\">\n<li><span style=\"color: #000000;\">contribuye a reducir el cansancio y la fatiga<\/span><\/li>\n<li><span style=\"color: #000000;\">contribuye al equilibrio electrol\u00edtico<\/span><\/li>\n<li><span style=\"color: #000000;\">contribuye a la liberaci\u00f3n de energ\u00eda en el metabolismo<\/span><\/li>\n<li><span style=\"color: #000000;\">contribuye al funcionamiento del sistema nervioso<\/span><\/li>\n<li><span style=\"color: #000000;\">contribuye al funcionamiento de los m\u00fasculos<\/span><\/li>\n<li><span style=\"color: #000000;\">interviene en la s\u00edntesis de prote\u00ednas<\/span><\/li>\n<li><span style=\"color: #000000;\">contribuye al funcionamiento psicol\u00f3gico normal<\/span><\/li>\n<li><span style=\"color: #000000;\">contribuye al mantenimiento de huesos y dientes sanos<\/span><\/li>\n<li><span style=\"color: #000000;\">desempe\u00f1a un papel en la divisi\u00f3n celular<\/span><\/li>\n<\/ul>\n<p>&nbsp;<\/p>\n<p style=\"text-align: justify;\"><span style=\"color: #000000;\"><b>\ud83d\udc9a Vitamina B6:<\/b><\/span><\/p>\n<ul style=\"text-align: justify;\">\n<li><span style=\"color: #000000;\">desempe\u00f1a un papel en la s\u00edntesis de ciste\u00edna<\/span><\/li>\n<li><span style=\"color: #000000;\">contribuye a la liberaci\u00f3n de energ\u00eda en el metabolismo<\/span><\/li>\n<li><span style=\"color: #000000;\">contribuye al funcionamiento del sistema nervioso<\/span><\/li>\n<li><span style=\"color: #000000;\">contribuye al metabolismo del homociste\u00edna<\/span><\/li>\n<li><span style=\"color: #000000;\">desempe\u00f1a un papel en el metabolismo de las prote\u00ednas y el gluc\u00f3geno<\/span><\/li>\n<li><span style=\"color: #000000;\">contribuye al funcionamiento psicol\u00f3gico normal<\/span><\/li>\n<li><span style=\"color: #000000;\">participa en la formaci\u00f3n de gl\u00f3bulos rojos<\/span><\/li>\n<li><span style=\"color: #000000;\">participa en el funcionamiento del sistema inmunitario<\/span><\/li>\n<li><span style=\"color: #000000;\">contribuye a reducir el cansancio y la fatiga<\/span><\/li>\n<li><span style=\"color: #000000;\">desempe\u00f1a un papel en la regulaci\u00f3n del funcionamiento hormonal<\/span><\/li>\n<\/ul>\n<p style=\"text-align: justify;\"><span style=\"color: #000000;\">Una ingesta adecuada de magnesio puede influir significativamente en la prevenci\u00f3n de estos problemas y mejorar el bienestar y la salud en general.<\/span><\/p>\n<h2 style=\"text-align: justify;\"><span style=\"color: #000000;\"><b>Almacenamiento y advertencias<\/b><\/span><\/h2>\n<p style=\"text-align: justify;\"><span style=\"color: #000000;\">Almacenar en un lugar seco a una temperatura m\u00e1xima de 25 \u00b0C, protegido de la humedad y la luz. Aseg\u00farese de que la bolsa o caja est\u00e9n bien cerradas.<\/span><\/p>\n<p style=\"text-align: justify;\"><span style=\"color: #000000;\">El producto no es adecuado para ni\u00f1os, j\u00f3venes, mujeres embarazadas y lactantes. Las personas diab\u00e9ticas, con intolerancia a la glucosa, en tratamiento con anticoagulantes cumar\u00ednicos, con enfermedades cardiovasculares conocidas y asm\u00e1ticas deben consultar a su m\u00e9dico antes de utilizar el producto, por precauci\u00f3n. En caso de n\u00e1useas, dolor abdominal, mala digesti\u00f3n, diarrea, estre\u00f1imiento, mareos, somnolencia y dolor de cabeza, erupciones cut\u00e1neas, picor o enrojecimiento de la piel, deje de tomar el producto.<\/span><\/p>\n<h2 style=\"text-align: justify;\"><span style=\"color: #000000;\"><b>Envase<\/b><\/span><\/h2>\n<p style=\"text-align: justify;\"><span style=\"color: #000000;\">Bolsa herm\u00e9tica con cremallera o caja que conserva toda la frescura y el aroma del producto. El envase protege del aire y la luz. Est\u00e1 compuesto por varias capas de protecci\u00f3n que conservan las propiedades del producto.<br \/>\nEl envase es muy pr\u00e1ctico y se puede reciclar.<\/span><\/p>\n<h2 style=\"text-align: justify;\"><span style=\"color: #000000;\"><b>Origen<\/b><\/span><\/h2>\n<p style=\"text-align: justify;\"><span style=\"color: #000000;\">Los ingredientes del complejo de magnesio proceden de la UE y de fuera de la UE, y han sido cuidadosamente seleccionados para garantizar la m\u00e1xima calidad.<\/span><\/p>\n","protected":false},"excerpt":{"rendered":"<p align=\"JUSTIFY\"><span style=\"color: #000000;\">El complejo de magnesio combina<strong> cuatro formas de magnesio de alta calidad: bisglicinato de magnesio, citrato de magnesio, malato de magnesio y taurato de magnesio<\/strong><\/span><\/p>\n<p>\ud83d\udc9a Contribuye a reducir el cansancio y la fatiga.<br \/>\n\ud83d\udc9a Favorece el equilibrio electrol\u00edtico, que necesitamos especialmente durante el esfuerzo f\u00edsico.<br \/>\n\ud83d\udc9a Tiene un efecto beneficioso sobre el sistema nervioso.<br \/>\n\ud83d\udc9a Contribuye al funcionamiento normal de los m\u00fasculos y a las funciones psicol\u00f3gicas normales.<br \/>\n\ud83d\udc9a Mantiene los huesos y los dientes sanos.<\/p>\n","protected":false},"featured_media":4483,"comment_status":"open","ping_status":"closed","template":"","meta":{"_acf_changed":false},"product_brand":[],"product_cat":[15,218,203,216],"product_tag":[],"class_list":{"0":"post-6525","1":"product","2":"type-product","3":"status-publish","4":"has-post-thumbnail","6":"product_cat-uncategorized","7":"product_cat-mas-vendidos","8":"product_cat-minerales-y-vitaminas","9":"product_cat-todos-los-productos","11":"first","12":"instock","13":"sale","14":"taxable","15":"shipping-taxable","16":"purchasable","17":"product-type-simple"},"acf":[],"_links":{"self":[{"href":"https:\/\/fengchashop.com\/es\/wp-json\/wp\/v2\/product\/6525","targetHints":{"allow":["GET"]}}],"collection":[{"href":"https:\/\/fengchashop.com\/es\/wp-json\/wp\/v2\/product"}],"about":[{"href":"https:\/\/fengchashop.com\/es\/wp-json\/wp\/v2\/types\/product"}],"replies":[{"embeddable":true,"href":"https:\/\/fengchashop.com\/es\/wp-json\/wp\/v2\/comments?post=6525"}],"wp:featuredmedia":[{"embeddable":true,"href":"https:\/\/fengchashop.com\/es\/wp-json\/wp\/v2\/media\/4483"}],"wp:attachment":[{"href":"https:\/\/fengchashop.com\/es\/wp-json\/wp\/v2\/media?parent=6525"}],"wp:term":[{"taxonomy":"product_brand","embeddable":true,"href":"https:\/\/fengchashop.com\/es\/wp-json\/wp\/v2\/product_brand?post=6525"},{"taxonomy":"product_cat","embeddable":true,"href":"https:\/\/fengchashop.com\/es\/wp-json\/wp\/v2\/product_cat?post=6525"},{"taxonomy":"product_tag","embeddable":true,"href":"https:\/\/fengchashop.com\/es\/wp-json\/wp\/v2\/product_tag?post=6525"}],"curies":[{"name":"wp","href":"https:\/\/api.w.org\/{rel}","templated":true}]}}