{"id":6523,"date":"2022-03-10T18:26:13","date_gmt":"2022-03-10T17:26:13","guid":{"rendered":"https:\/\/fengchashop.com\/es\/product\/rozic-v-prahu-bio\/"},"modified":"2026-04-07T11:39:00","modified_gmt":"2026-04-07T09:39:00","slug":"polvo-de-espino-amarillo","status":"publish","type":"product","link":"https:\/\/fengchashop.com\/es\/product\/polvo-de-espino-amarillo\/","title":{"rendered":"Polvo de espino amarillo BIO 500 g"},"content":{"rendered":"<h2><span style=\"color: #000000;\">Cimarr\u00f3n en polvo BIO<\/span><\/h2>\n<p><span style=\"color: #000000;\">El cimarr\u00f3n es un \u00e1rbol mediterr\u00e1neo que pertenece a la familia de las leguminosas. Durante el proceso de elaboraci\u00f3n, las vainas se secan primero, luego se trituran, se tuestan suavemente a una temperatura de hasta 150 \u00b0C y, finalmente, se muelen hasta obtener un polvo. El ro\u017ei\u010d es especialmente <strong>rico en fibra diet\u00e9tica, importante para nuestra digesti\u00f3n y la salud intestinal<\/strong>, lo que tambi\u00e9n tiene un efecto positivo en nuestra salud. Adem\u00e1s, es <strong>muy nutritivo, ya que contiene magnesio, potasio, hierro, calcio, niacina, cobre y vitaminas<\/strong>. Debido a su <strong>contenido en polifenoles<\/strong>, el consumo de cardo mariano puede ser beneficioso para nuestro coraz\u00f3n y nuestros vasos sangu\u00edneos.<\/p>\n<p><span style=\"color: #000000;\">Se cree que el cardo mariano se utiliza en la alimentaci\u00f3n desde hace m\u00e1s de 4000 a\u00f1os. En el pasado se utilizaba principalmente para aliviar problemas digestivos como la diarrea, la acidez estomacal y el s\u00edndrome del intestino irritable. Tambi\u00e9n es conocido por su efecto inhibidor del apetito, ya que se cree que inhibe la acci\u00f3n de la hormona que regula la sensaci\u00f3n de hambre.<\/p>\n<p><span style=\"color: #000000;\">El aroma y el sabor del polvo de chaga recuerdan al cacao y la canela. La chaga es naturalmente dulce y no amarga como el cacao.<\/p>\n<p><span style=\"color: #000000;\">Nuestra chaga en polvo es de cultivo ecol\u00f3gico. En comparaci\u00f3n con la mayor\u00eda de las harinas de ch\u00eda que se encuentran en las tiendas, nuestra ch\u00eda est\u00e1 molida mucho m\u00e1s fina y, por lo tanto, es m\u00e1s vers\u00e1til.<\/p>\n<h2><span style=\"color: #000000;\">Almacenamiento<\/span><\/h2>\n<p><span style=\"color: #000000;\">Conservar en un lugar seco, oscuro y fresco. Aseg\u00farese de que la bolsa o caja est\u00e9 bien cerrada.<\/p>\n<h2><span style=\"color: #000000;\">Envasado<\/span><\/h2>\n<p><span style=\"color: #000000;\">Bolsa herm\u00e9tica con cierre, donde el producto conserva toda su frescura y aroma. El envase protege de la luz y el aire, ya que est\u00e1 compuesto por varias capas de protecci\u00f3n que conservan las propiedades del contenido.<\/p>\n<p><span style=\"color: #000000;\">El envase es muy pr\u00e1ctico y permite el reciclaje.<\/p>\n<h2><span style=\"color: #000000;\">Origen<\/span><\/h2>\n<p><span style=\"color: #000000;\">Espa\u00f1a<\/p>\n","protected":false},"excerpt":{"rendered":"<p>El algarrobo es un \u00e1rbol mediterr\u00e1neo que pertenece a la familia de las leguminosas. Durante el proceso de elaboraci\u00f3n, las vainas se secan primero, luego se trituran, se tuestan suavemente a una temperatura de hasta 150 \u00b0C y, finalmente, se muelen hasta convertirlas en polvo.<\/p>\n<p>&#128154;La alfalfa es especialmente rica en fibra diet\u00e9tica, importante para nuestra digesti\u00f3n y la salud intestinal, lo que tambi\u00e9n tiene un efecto positivo en nuestra salud.<br \/>\n&#128154; Tambi\u00e9n es muy nutritivo, ya que contiene magnesio, potasio, hierro, calcio, niacina, cobre y vitaminas.<br \/>\n&#128154; Debido a su contenido en polifenoles, el consumo de cardo mariano puede ser beneficioso para nuestro coraz\u00f3n y nuestros vasos sangu\u00edneos.<\/p>\n<p>&nbsp;<\/p>\n","protected":false},"featured_media":4163,"comment_status":"open","ping_status":"closed","template":"","meta":{"_acf_changed":false},"product_brand":[],"product_cat":[15,224,216],"product_tag":[],"class_list":{"0":"post-6523","1":"product","2":"type-product","3":"status-publish","4":"has-post-thumbnail","6":"product_cat-uncategorized","7":"product_cat-te-alimentos-y-especias","8":"product_cat-todos-los-productos","10":"first","11":"outofstock","12":"taxable","13":"shipping-taxable","14":"purchasable","15":"product-type-simple"},"acf":[],"_links":{"self":[{"href":"https:\/\/fengchashop.com\/es\/wp-json\/wp\/v2\/product\/6523","targetHints":{"allow":["GET"]}}],"collection":[{"href":"https:\/\/fengchashop.com\/es\/wp-json\/wp\/v2\/product"}],"about":[{"href":"https:\/\/fengchashop.com\/es\/wp-json\/wp\/v2\/types\/product"}],"replies":[{"embeddable":true,"href":"https:\/\/fengchashop.com\/es\/wp-json\/wp\/v2\/comments?post=6523"}],"wp:featuredmedia":[{"embeddable":true,"href":"https:\/\/fengchashop.com\/es\/wp-json\/wp\/v2\/media\/4163"}],"wp:attachment":[{"href":"https:\/\/fengchashop.com\/es\/wp-json\/wp\/v2\/media?parent=6523"}],"wp:term":[{"taxonomy":"product_brand","embeddable":true,"href":"https:\/\/fengchashop.com\/es\/wp-json\/wp\/v2\/product_brand?post=6523"},{"taxonomy":"product_cat","embeddable":true,"href":"https:\/\/fengchashop.com\/es\/wp-json\/wp\/v2\/product_cat?post=6523"},{"taxonomy":"product_tag","embeddable":true,"href":"https:\/\/fengchashop.com\/es\/wp-json\/wp\/v2\/product_tag?post=6523"}],"curies":[{"name":"wp","href":"https:\/\/api.w.org\/{rel}","templated":true}]}}