{"id":6522,"date":"2022-03-10T17:57:47","date_gmt":"2022-03-10T16:57:47","guid":{"rendered":"https:\/\/fengchashop.com\/es\/product\/kokosovo-mleko-v-prahu-bio\/"},"modified":"2026-05-04T20:49:39","modified_gmt":"2026-05-04T18:49:39","slug":"leche-de-coco-en-polvo-bio","status":"publish","type":"product","link":"https:\/\/fengchashop.com\/es\/product\/leche-de-coco-en-polvo-bio\/","title":{"rendered":"Leche de coco en polvo BIO 250 g"},"content":{"rendered":"<h2><span style=\"color: #000000;\">Leche de coco en polvo BIO<\/span><\/h2>\n<p><span style=\"color: #000000;\">La leche de coco en polvo es uno de los principales ingredientes culinarios de la dieta asi\u00e1tica y <strong>un excelente sustituto de la leche con lactosa<\/strong>, a la que cada vez m\u00e1s personas son al\u00e9rgicas.<\/span><\/p>\n<p><span style=\"color: #000000;\"><strong>La leche de coco en polvo contiene alrededor de un 60 % de grasa de coco y contiene numerosas sustancias beneficiosas para el organismo humano:<\/strong><\/span><\/p>\n<p><span style=\"color: #000000;\">\ud83d\udc9a <strong>mucho hierro<\/strong>, que es el principal componente de los gl\u00f3bulos rojos,<\/span><br \/>\n<span style=\"color: #000000;\">\ud83d\udc9a <strong>\u00e1cidos grasos omega 3 insaturados beneficiosos<\/strong>, que ayudan a regular el colesterol en sangre,<\/span><br \/>\n<span style=\"color: #000000;\">\ud83d\udc9a <strong>\u00e1cidos grasos laurico, capr\u00edlico y capr\u00edlico<\/strong>, conocidos por su acci\u00f3n antiglic\u00e9mica, antibacteriana y antiviral.<\/span><\/p>\n<h2><span style=\"color: #000000;\">La leche de coco en polvo es un excelente complemento para las comidas o un ingrediente para cosm\u00e9ticos naturales<\/span><\/h2>\n<p><span style=\"color: #000000;\">La leche de coco en polvo se elabora secando la leche de coco, que a su vez se obtiene de la pulpa rallada del coco. Debido a su alto porcentaje de grasa, se suele mezclar con almid\u00f3n, al que se adhiere la grasa, dando lugar a la leche de coco en polvo. Es un ingrediente culinario indispensable en la cocina asi\u00e1tica para salsas, sopas y postres, pero tambi\u00e9n se utiliza en cosm\u00e9tica natural, ya que contiene maravillosos componentes que tienen un efecto beneficioso sobre la piel. El polvo se mezcla f\u00e1cilmente con agua para obtener leche de coco o crema de coco, pero tambi\u00e9n se puede a\u00f1adir directamente a los platos para mejorarlos.<\/span><\/p>\n<h2><span style=\"color: #000000;\">Envasado<\/span><\/h2>\n<p><span style=\"color: #000000;\">Bolsa herm\u00e9tica con cremallera o caja, donde el producto conserva toda su frescura y aroma. El envase protege del aire y la luz. Est\u00e1 compuesto por varias capas de protecci\u00f3n que conservan las propiedades del producto.<\/span><\/p>\n<p><span style=\"color: #000000;\">El envase es muy pr\u00e1ctico y se puede reciclar.<\/span><\/p>\n<h2><span style=\"color: #000000;\">Origen<\/span><\/h2>\n<p><span style=\"color: #000000;\">Vietnam<\/span><\/p>\n","protected":false},"excerpt":{"rendered":"<p>La leche de coco en polvo es uno de los principales ingredientes culinarios de la dieta asi\u00e1tica y un excelente sustituto de la leche con lactosa. La leche de coco en polvo contiene alrededor de un 60 % de grasa de coco y contiene numerosas sustancias beneficiosas para el organismo humano:<\/p>\n<p>\ud83d\udc9a mucho hierro, que es el principal componente de los gl\u00f3bulos rojos,<br \/>\n\ud83d\udc9a grasas omega 3 insaturadas beneficiosas, que ayudan a regular el colesterol en sangre,<br \/>\n\ud83d\udc9a \u00e1cidos grasos laurico, capr\u00edlico y capr\u00edlico, conocidos por su acci\u00f3n antiglic\u00e9mica, antibacteriana y antiviral.<\/p>\n","protected":false},"featured_media":4474,"comment_status":"open","ping_status":"closed","template":"","meta":{"_acf_changed":false},"product_brand":[],"product_cat":[15,194,224,216],"product_tag":[],"class_list":{"0":"post-6522","1":"product","2":"type-product","3":"status-publish","4":"has-post-thumbnail","6":"product_cat-uncategorized","7":"product_cat-ayurveda","8":"product_cat-te-alimentos-y-especias","9":"product_cat-todos-los-productos","11":"first","12":"instock","13":"taxable","14":"shipping-taxable","15":"purchasable","16":"product-type-simple"},"acf":[],"_links":{"self":[{"href":"https:\/\/fengchashop.com\/es\/wp-json\/wp\/v2\/product\/6522","targetHints":{"allow":["GET"]}}],"collection":[{"href":"https:\/\/fengchashop.com\/es\/wp-json\/wp\/v2\/product"}],"about":[{"href":"https:\/\/fengchashop.com\/es\/wp-json\/wp\/v2\/types\/product"}],"replies":[{"embeddable":true,"href":"https:\/\/fengchashop.com\/es\/wp-json\/wp\/v2\/comments?post=6522"}],"wp:featuredmedia":[{"embeddable":true,"href":"https:\/\/fengchashop.com\/es\/wp-json\/wp\/v2\/media\/4474"}],"wp:attachment":[{"href":"https:\/\/fengchashop.com\/es\/wp-json\/wp\/v2\/media?parent=6522"}],"wp:term":[{"taxonomy":"product_brand","embeddable":true,"href":"https:\/\/fengchashop.com\/es\/wp-json\/wp\/v2\/product_brand?post=6522"},{"taxonomy":"product_cat","embeddable":true,"href":"https:\/\/fengchashop.com\/es\/wp-json\/wp\/v2\/product_cat?post=6522"},{"taxonomy":"product_tag","embeddable":true,"href":"https:\/\/fengchashop.com\/es\/wp-json\/wp\/v2\/product_tag?post=6522"}],"curies":[{"name":"wp","href":"https:\/\/api.w.org\/{rel}","templated":true}]}}