{"id":6520,"date":"2022-03-10T18:14:36","date_gmt":"2022-03-10T17:14:36","guid":{"rendered":"https:\/\/fengchashop.com\/es\/product\/tulsi-v-prahu-bio\/"},"modified":"2026-05-05T17:08:15","modified_gmt":"2026-05-05T15:08:15","slug":"tulsi-en-polvo-bio","status":"publish","type":"product","link":"https:\/\/fengchashop.com\/es\/product\/tulsi-en-polvo-bio\/","title":{"rendered":"Tulsi en polvo BIO 250 g"},"content":{"rendered":"<h2><span style=\"color: #000000;\">Tulsi en polvo BIO<\/span><\/h2>\n<p><span style=\"color: #000000;\">El tulsi tambi\u00e9n se conoce como <strong>albahaca salvaje o sagrada<\/strong>. Su nombre latino es Ocimum Sanctum. En la medicina ayurv\u00e9dica es una planta muy apreciada, que los hind\u00faes veneran con rituales especiales y que llevan m\u00e1s de 5000 a\u00f1os utilizando como <strong>b\u00e1lsamo curativo para el cuerpo, la mente y el esp\u00edritu<\/strong>. Se utiliza principalmente para preparar t\u00e9. Tambi\u00e9n se utiliza a menudo como aditivo (especia) en diversos platos. Tambi\u00e9n se utiliza en productos cosm\u00e9ticos para la piel y el cabello, ya que limpia la piel y es un antis\u00e9ptico natural, lo que significa que destruye y previene de forma natural el desarrollo de microorganismos en la piel. De este modo, puede limitar y prevenir las infecciones. Al ser totalmente natural, tambi\u00e9n se puede utilizar en la piel afectada por hongos, eccemas, granos, heridas superficiales, etc.<\/span><\/p>\n<p>El tulsi en polvo tiene un aroma muy fuerte, un sabor picante y amargo y un color verde claro.<\/p>\n<p><strong><span style=\"color: #000000;\">Los principales componentes de la albahaca sagrada tienen los siguientes efectos:<\/span><\/strong><\/p>\n<p><span style=\"color: #000000;\">\ud83d\udc9a antiinflamatorio,<\/span><br \/>\n<span style=\"color: #000000;\">\ud83d\udc9a antipir\u00e9tico (contra la fiebre)<\/span><br \/>\n<span style=\"color: #000000;\">\ud83d\udc9a analg\u00e9sico (contra el dolor),<\/span><br \/>\n<span style=\"color: #000000;\">\ud83d\udc9a antimicrobiano,<\/span><br \/>\n<span style=\"color: #000000;\">\ud83d\udc9a antif\u00fangico,<\/span><br \/>\n<span style=\"color: #000000;\">\ud83d\udc9a diafor\u00e9tico (aumenta la sudoraci\u00f3n).<\/span><\/p>\n<h2><span style=\"color: #000000;\">\u00bfCu\u00e1les son los efectos m\u00e1s importantes de la reina de las plantas, Tulsi, sobre la salud del organismo humano?<\/span><\/h2>\n<p><span style=\"color: #000000;\">Gracias a sus <strong>propiedades adapt\u00f3genas<\/strong>, la tulsi tiene la capacidad de <strong>aumentar la energ\u00eda vital y la fuerza,<\/strong> ya que combate eficazmente el estr\u00e9s, los traumas, los estados de ansiedad, la depresi\u00f3n y el cansancio f\u00edsico. Elimina el exceso de aire en el intestino, <strong>alivia los problemas estomacales, mejora la digesti\u00f3n<\/strong> y favorece una mejor absorci\u00f3n de los nutrientes. Aumenta la<strong> resistencia, la vitalidad y fortalece el sistema nervioso<\/strong>. Es excelente para aliviar los dolores de cabeza, la artritis y la reumatismo.<\/span><\/p>\n<p><span style=\"color: #000000;\">La tulsi es una <strong>rica fuente de antioxidantes<\/strong> que protegen nuestro cuerpo de los radicales libres y la oxidaci\u00f3n. Tambi\u00e9n contiene formas org\u00e1nicas de cobre, que son esenciales para que el cuerpo absorba el hierro. La tulsi se considera generalmente una hierba segura.<\/span><\/p>\n<p><span style=\"color: #000000;\">La \u00ab<strong>madre de todas las medicinas de la naturaleza<\/strong>\u00bb, como se la suele llamar, tambi\u00e9n tiene un efecto positivo en nuestro sistema inmunol\u00f3gico, ayuda a combatir las infecciones respiratorias, purifica la sangre y acelera la cicatrizaci\u00f3n de las heridas. Al acelerar el metabolismo, ayuda a perder peso y a mantenerlo. Mejora la memoria, la concentraci\u00f3n y la salud del cerebro. Tambi\u00e9n previene la ca\u00edda del cabello y cuida su aspecto.<\/span><\/p>\n<h2><span style=\"color: #000000;\">Almacenamiento y advertencias<\/span><\/h2>\n<p><span style=\"color: #000000;\">Almacenar en un lugar seco y fresco a una temperatura m\u00e1xima de 25 \u00b0C. Mantener el complemento alimenticio fuera del alcance de los ni\u00f1os.<\/span><\/p>\n<p><span style=\"color: #000000;\">No olvide la importancia de una dieta variada y un estilo de vida saludable, por lo que el complemento alimenticio no sustituye una dieta equilibrada y variada. No se debe exceder la dosis diaria recomendada. Se recomienda a las mujeres embarazadas y en periodo de lactancia que consulten siempre a su m\u00e9dico antes de utilizar este producto.<\/span><\/p>\n<h2><span style=\"color: #000000;\">Envase<\/span><\/h2>\n<p><span style=\"color: #000000;\">Bolsa herm\u00e9tica con cierre, donde el producto conserva toda su frescura y aroma. El envase protege de la luz y el aire, ya que est\u00e1 compuesto por varias capas de protecci\u00f3n que conservan las propiedades del contenido.<\/span><\/p>\n<p><span style=\"color: #000000;\">El envase es muy pr\u00e1ctico y se puede reciclar.<\/span><\/p>\n<h2><span style=\"color: #000000;\">Origen<\/span><\/h2>\n<p><span style=\"color: #000000;\">India<\/span><\/p>\n","protected":false},"excerpt":{"rendered":"<p>El tulsi tambi\u00e9n se conoce como albahaca salvaje o sagrada. Su nombre latino es Ocimum Sanctum. En la medicina ayurv\u00e9dica es una planta muy apreciada, que los hind\u00faes veneran con rituales especiales y que llevan m\u00e1s de 5000 a\u00f1os utilizando como b\u00e1lsamo curativo para el cuerpo, la mente y el esp\u00edritu. Los principales componentes de la albahaca sagrada tienen los siguientes efectos:<\/p>\n<p>\ud83d\udc9a antiinflamatorio,<br \/>\n\ud83d\udc9a antipir\u00e9tico (contra la fiebre)<br \/>\n\ud83d\udc9a analg\u00e9sico (contra el dolor),<br \/>\n\ud83d\udc9a antimicrobiano,<br \/>\n\ud83d\udc9a antif\u00fangico,<br \/>\n\ud83d\udc9a diafor\u00e9tico (aumenta la sudoraci\u00f3n).<\/p>\n","protected":false},"featured_media":4309,"comment_status":"open","ping_status":"closed","template":"","meta":{"_acf_changed":false},"product_brand":[],"product_cat":[15,194,195,216],"product_tag":[],"class_list":{"0":"post-6520","1":"product","2":"type-product","3":"status-publish","4":"has-post-thumbnail","6":"product_cat-uncategorized","7":"product_cat-ayurveda","8":"product_cat-superalimentos","9":"product_cat-todos-los-productos","11":"first","12":"instock","13":"sale","14":"taxable","15":"shipping-taxable","16":"purchasable","17":"product-type-simple"},"acf":[],"_links":{"self":[{"href":"https:\/\/fengchashop.com\/es\/wp-json\/wp\/v2\/product\/6520","targetHints":{"allow":["GET"]}}],"collection":[{"href":"https:\/\/fengchashop.com\/es\/wp-json\/wp\/v2\/product"}],"about":[{"href":"https:\/\/fengchashop.com\/es\/wp-json\/wp\/v2\/types\/product"}],"replies":[{"embeddable":true,"href":"https:\/\/fengchashop.com\/es\/wp-json\/wp\/v2\/comments?post=6520"}],"wp:featuredmedia":[{"embeddable":true,"href":"https:\/\/fengchashop.com\/es\/wp-json\/wp\/v2\/media\/4309"}],"wp:attachment":[{"href":"https:\/\/fengchashop.com\/es\/wp-json\/wp\/v2\/media?parent=6520"}],"wp:term":[{"taxonomy":"product_brand","embeddable":true,"href":"https:\/\/fengchashop.com\/es\/wp-json\/wp\/v2\/product_brand?post=6520"},{"taxonomy":"product_cat","embeddable":true,"href":"https:\/\/fengchashop.com\/es\/wp-json\/wp\/v2\/product_cat?post=6520"},{"taxonomy":"product_tag","embeddable":true,"href":"https:\/\/fengchashop.com\/es\/wp-json\/wp\/v2\/product_tag?post=6520"}],"curies":[{"name":"wp","href":"https:\/\/api.w.org\/{rel}","templated":true}]}}