{"id":6517,"date":"2022-03-10T09:15:47","date_gmt":"2022-03-10T08:15:47","guid":{"rendered":"https:\/\/fengchashop.com\/es\/product\/goji-jagode-bio\/"},"modified":"2026-05-04T19:05:22","modified_gmt":"2026-05-04T17:05:22","slug":"bayas-de-goji-ecologicas","status":"publish","type":"product","link":"https:\/\/fengchashop.com\/es\/product\/bayas-de-goji-ecologicas\/","title":{"rendered":"Bayas de goji ecol\u00f3gicas 500 g"},"content":{"rendered":"<h2><span style=\"color: #000000;\">Bayas de goji BIO<\/span><\/h2>\n<p><span style=\"color: #000000;\">Las bayas de goji, tambi\u00e9n conocidas como bayas de lobo, diamantes rojos o vino de la ley, son superbayas que crecen en un arbusto chino de gran altura. Su forma recuerda mucho a la de una rosa silvestre. En el pasado, en China se consideraban una fruta con superpoderes y se utilizaban para curar a los reyes y alimentar a los guerreros antes de las batallas. En la medicina tradicional china, donde se utilizan desde hace m\u00e1s de 2500 a\u00f1os, se cree que curan la diabetes, la hipertensi\u00f3n y las enfermedades del h\u00edgado y los ri\u00f1ones. Tambi\u00e9n se utilizan para aumentar la energ\u00eda y la libido. Para fines medicinales se utilizan otras partes de la planta, como las semillas, las flores, las ra\u00edces y las hojas.<\/span><\/p>\n<p>Adem\u00e1s del ginseng y las setas reishi, se recomienda consumir regularmente bayas de goji en forma de t\u00e9, as\u00ed como Li Quing Yuen. El caso de longevidad mejor documentado de toda la historia, ya que se dice que un chino vivi\u00f3 hasta los 256 a\u00f1os.<\/p>\n<p><span style=\"color: #000000;\"><strong>Las investigaciones modernas muestran que las bayas de goji son realmente buenas para fortalecer todo el cuerpo<\/strong> y tambi\u00e9n son buenas para nuestra salud. Contienen una cantidad extraordinaria de antioxidantes, que han demostrado tener un efecto positivo en nosotros, ya que nos protegen del estr\u00e9s oxidativo, que a menudo es la causa de las enfermedades modernas.<\/span><\/p>\n<p>Se cree que contienen mucho m\u00e1s betacaroteno (provitamina A) que cualquier otra planta descubierta o estudiada hasta ahora. Nuestro cuerpo lo sintetiza en vitamina A (retinol), responsable del crecimiento normal, el funcionamiento normal de la vista y el metabolismo del hierro, y tambi\u00e9n es importante para el funcionamiento normal del sistema inmunol\u00f3gico. Tambi\u00e9n es importante durante el embarazo y antes de \u00e9l, ya que favorece la reproducci\u00f3n e influye en el desarrollo de las c\u00e9lulas y los tejidos. Las investigaciones muestran que es mejor y m\u00e1s beneficioso para el cuerpo tomar betacarotenos (especialmente con la dieta), que el cuerpo convierte en retinol, que tomar el retinol puro, que es vitamina A de origen animal. Tambi\u00e9n contienen al menos tres veces m\u00e1s antioxidantes que los ar\u00e1ndanos.<\/p>\n<p><strong><span style=\"color: #000000;\">Estos peque\u00f1os frutos rojos contienen:<\/span><\/strong><\/p>\n<p><span style=\"color: #000000;\">\ud83d\udc9a incre\u00edbles principios activos naturales,<\/span><br \/>\n<span style=\"color: #000000;\">\ud83d\udc9a carotenoides, polifenoles, prote\u00ednas,<\/span><br \/>\n<span style=\"color: #000000;\">\ud83d\udc9a polisac\u00e1ridos, que fortalecen el sistema inmunol\u00f3gico, aumentan la absorci\u00f3n de minerales y aumentan la vitalidad del organismo,<\/span><br \/>\n<span style=\"color: #000000;\">\ud83d\udc9a vitaminas C, B y E,<\/span><br \/>\n<span style=\"color: #000000;\">\ud83d\udc9a lute\u00edna y zeaxantina, que fortalecen la vista y previenen su deterioro,<\/span><br \/>\n<span style=\"color: #000000;\">\ud83d\udc9a antioxidantes para la salud y un aspecto juvenil,<\/span><br \/>\n<span style=\"color: #000000;\">\ud83d\udc9a otras vitaminas que combaten numerosas enfermedades.<\/span><\/p>\n<p><span style=\"color: #000000;\">Las bayas de goji <strong>tienen un efecto demostrado en el fortalecimiento del sistema inmunol\u00f3gico. Tambi\u00e9n <strong>tienen un efecto positivo en la libido y la potencia sexual.<\/strong> Cada vez m\u00e1s, se asocian con un metabolismo r\u00e1pido, un mayor bienestar, una menor fatiga general y una mayor vitalidad.<\/strong><\/span><\/p>\n<p><span style=\"color: #000000;\">Nuestras bayas de goji son de <strong>cultivo ecol\u00f3gico.<\/strong> Los frutos secos son ligeramente h\u00famedos, con una textura suave y masticable, lo que los clasifica como alimentos de primera calidad. Las bayas son muy sabrosas. Son m\u00e1s grandes y tienen un sabor m\u00e1s dulce. Mejoran el valor nutricional de los platos y les a\u00f1aden un toque dulce. Su sabor no es demasiado intenso, por lo que se pueden incluir f\u00e1cilmente en las comidas diarias.<\/span><\/p>\n<h2><span style=\"color: #000000;\">\u00bfPara qui\u00e9n son adecuadas?<\/span><\/h2>\n<p><span style=\"color: #000000;\">Las bayas de goji se pueden consumir como tentempi\u00e9 o como parte de una dieta variada y saludable. Sus numerosos efectos positivos y principios activos siguen sorprendiendo a los investigadores, que les prestan una atenci\u00f3n constante. As\u00ed, las bayas de goji:<\/span><\/p>\n<p><span style=\"color: #000000;\">\ud83d\udc9a regulan los problemas de <strong>hipertensi\u00f3n y colesterol malo<\/strong>;<\/span><br \/>\n<span style=\"color: #000000;\">\ud83d\udc9a <strong>regulan la digesti\u00f3n, tienen un efecto alcalino<\/strong> y favorecen la p\u00e9rdida de peso;<\/span><br \/>\n<span style=\"color: #000000;\">\ud83d\udc9a<strong> hidratan<\/strong> el organismo;<\/span><br \/>\n<span style=\"color: #000000;\">\ud83d\udc9a mejoran<strong> el estado de la piel<\/strong>;<\/span><br \/>\n<span style=\"color: #000000;\">\ud83d\udc9a fortalecen<strong> el sistema inmunol\u00f3gico<\/strong>;<\/span><br \/>\n<span style=\"color: #000000;\">\ud83d\udc9a tienen un efecto <strong>adapt\u00f3geno<\/strong>;<\/span><br \/>\n<span style=\"color: #000000;\">\ud83d\udc9a<strong> regulan los niveles de az\u00facar<\/strong> en sangre.<\/span><\/p>\n<h2><span style=\"color: #000000;\">Almacenamiento<\/span><\/h2>\n<p><span style=\"color: #000000;\">Almacenar en un lugar seco y fresco a una temperatura m\u00e1xima de 25 \u00b0C. Mantener el complemento alimenticio fuera del alcance de los ni\u00f1os.<\/span><\/p>\n<p><span style=\"color: #000000;\">No olvide la importancia de una dieta variada y un estilo de vida saludable, por lo que el complemento alimenticio no sustituye una dieta equilibrada y variada. No se debe exceder la cantidad diaria recomendada o la dosis.<\/span><\/p>\n<h2><span style=\"color: #000000;\">Envase<\/span><\/h2>\n<p><span style=\"color: #000000;\">Bolsa herm\u00e9tica con cierre, donde el producto conserva toda su frescura y aroma. El envase protege del aire y la luz, ya que est\u00e1 compuesto por varias capas protectoras que conservan las propiedades del contenido.<\/span><\/p>\n<p><span style=\"color: #000000;\">El envase es muy pr\u00e1ctico y reciclable.<\/span><\/p>\n<h2><span style=\"color: #000000;\">Origen<\/span><\/h2>\n<p><span style=\"color: #000000;\">China. Contamos con proveedores muy fiables que nos env\u00edan un an\u00e1lisis qu\u00edmico detallado del alimento para cada lote. En m\u00e1s de diez a\u00f1os, no hemos tenido ninguna devoluci\u00f3n ni ning\u00fan otro problema con este art\u00edculo, ni tampoco con otros art\u00edculos del mismo proveedor. El art\u00edculo tiene un certificado 100 % ecol\u00f3gico.<\/span><\/p>\n","protected":false},"excerpt":{"rendered":"<p>Las bayas de goji, tambi\u00e9n llamadas bayas de lobo, diamantes rojos o vino de la ley, son superbayas que crecen en un arbusto chino de gran altura. En el pasado, en China se consideraban una fruta con superpoderes y se utilizaban para curar a los reyes y alimentar a los guerreros antes de las batallas. En la medicina tradicional china, donde se utilizan desde hace m\u00e1s de 2500 a\u00f1os, se cree que curan la diabetes, la hipertensi\u00f3n y las enfermedades del h\u00edgado y los ri\u00f1ones. Tambi\u00e9n se utilizan para aumentar la energ\u00eda y la libido.<\/p>\n<p>\ud83d\udc9a Equilibran los problemas de hipertensi\u00f3n y colesterol malo.<br \/>\n\ud83d\udc9a Regulan la digesti\u00f3n, tienen un efecto alcalino y favorecen la p\u00e9rdida de peso.<br \/>\n\ud83d\udc9a Hidratan el organismo.<br \/>\n\ud83d\udc9a Mejoran el estado de la piel.<br \/>\n\ud83d\udc9a Fortalecen el sistema inmunol\u00f3gico.<\/p>\n","protected":false},"featured_media":4175,"comment_status":"open","ping_status":"closed","template":"","meta":{"_acf_changed":false},"product_brand":[],"product_cat":[15,195,224,216],"product_tag":[],"class_list":{"0":"post-6517","1":"product","2":"type-product","3":"status-publish","4":"has-post-thumbnail","6":"product_cat-uncategorized","7":"product_cat-superalimentos","8":"product_cat-te-alimentos-y-especias","9":"product_cat-todos-los-productos","11":"first","12":"instock","13":"taxable","14":"shipping-taxable","15":"purchasable","16":"product-type-simple"},"acf":[],"_links":{"self":[{"href":"https:\/\/fengchashop.com\/es\/wp-json\/wp\/v2\/product\/6517","targetHints":{"allow":["GET"]}}],"collection":[{"href":"https:\/\/fengchashop.com\/es\/wp-json\/wp\/v2\/product"}],"about":[{"href":"https:\/\/fengchashop.com\/es\/wp-json\/wp\/v2\/types\/product"}],"replies":[{"embeddable":true,"href":"https:\/\/fengchashop.com\/es\/wp-json\/wp\/v2\/comments?post=6517"}],"wp:featuredmedia":[{"embeddable":true,"href":"https:\/\/fengchashop.com\/es\/wp-json\/wp\/v2\/media\/4175"}],"wp:attachment":[{"href":"https:\/\/fengchashop.com\/es\/wp-json\/wp\/v2\/media?parent=6517"}],"wp:term":[{"taxonomy":"product_brand","embeddable":true,"href":"https:\/\/fengchashop.com\/es\/wp-json\/wp\/v2\/product_brand?post=6517"},{"taxonomy":"product_cat","embeddable":true,"href":"https:\/\/fengchashop.com\/es\/wp-json\/wp\/v2\/product_cat?post=6517"},{"taxonomy":"product_tag","embeddable":true,"href":"https:\/\/fengchashop.com\/es\/wp-json\/wp\/v2\/product_tag?post=6517"}],"curies":[{"name":"wp","href":"https:\/\/api.w.org\/{rel}","templated":true}]}}