{"id":6514,"date":"2022-03-10T07:38:09","date_gmt":"2022-03-10T06:38:09","guid":{"rendered":"https:\/\/fengchashop.com\/es\/product\/brahmi-v-prahu-bio\/"},"modified":"2026-05-04T14:08:03","modified_gmt":"2026-05-04T12:08:03","slug":"brahmi-en-polvo-bio","status":"publish","type":"product","link":"https:\/\/fengchashop.com\/es\/product\/brahmi-en-polvo-bio\/","title":{"rendered":"Brahmi en polvo BIO 250 g"},"content":{"rendered":"<h2><span style=\"color: #000000;\">\u00bfQu\u00e9 es el brahmi y de d\u00f3nde proviene?<\/span><\/h2>\n<p style=\"text-align: justify;\"><span style=\"color: #000000;\">El brahmi es una de las hierbas medicinales ayurv\u00e9dicas m\u00e1s apreciadas, con <strong>m\u00e1s de 3000 a\u00f1os de uso<\/strong>. Es originaria de las zonas pantanosas de Asia, pero hoy en d\u00eda crece en muchas partes del mundo. Brahmi se reconoce por sus hojas carnosas de color verde y sus flores de color blanco azulado. El brahmi se utiliza como apoyo para el sistema nervioso, el funcionamiento de la mente y la memoria. Es un medicamento a base de hierbas elaborado a partir de las hojas, el tallo y la ra\u00edz, y en la medicina tradicional oriental tambi\u00e9n se le conoce como \u00abla hierba de todas las hierbas\u00bb.<\/span><\/p>\n<h2><span style=\"color: #000000;\">\u00bfPor qu\u00e9 es el brahmi tan especial y diferente?<\/span><\/h2>\n<p style=\"text-align: justify;\"><span style=\"color: #000000;\">El brahmi es conocido por sus <strong>efectos beneficiosos<\/strong> sobre el organismo humano. Tiene un efecto muy beneficioso sobre el crecimiento del cabello, lo fortalece y previene su encanecimiento y ca\u00edda. Tiene un efecto beneficioso sobre la reducci\u00f3n de la ansiedad y la tensi\u00f3n en situaciones de estr\u00e9s y depresi\u00f3n, ya que reduce los niveles de la hormona del estr\u00e9s cortisol. Ayuda a restablecer el equilibrio mental en diversas <strong>enfermedades del sistema nervioso<\/strong>, en problemas de <strong>insomnio<\/strong> y otros s\u00edntomas de envejecimiento prematuro, ya que calma y <strong>fortalece el tejido nervioso<\/strong>, mejora su irrigaci\u00f3n sangu\u00ednea, elimina bloqueos y aporta los elementos necesarios. Tambi\u00e9n tiene un efecto calmante sobre las <strong>enfermedades de la piel<\/strong> y la piel irritada, y permite una cicatrizaci\u00f3n m\u00e1s r\u00e1pida de las heridas. Debido a sus efectos positivos, el brahmi ha recibido el nombre de \u00ab<strong>elixir milagroso de la juventud\u00bb<\/strong>.<\/span><\/p>\n<h2><span style=\"color: #000000;\">Efectos positivos para nuestra salud y nuestro cuerpo<\/span><\/h2>\n<p><span style=\"color: #000000;\">\ud83d\udc9a Fortalece el <strong>sistema inmunol\u00f3gico<\/strong>.<br \/>\n<span style=\"color: #000000;\"><span style=\"text-align: justify;\">\ud83d\udc9a acelera <\/span><strong style=\"text-align: justify;\">la digesti\u00f3n y desintoxica el cuerpo<\/strong><span style=\"text-align: justify;\">,<\/span><\/span><br \/>\n<span style=\"color: #000000;\">\ud83d\udc9a acelera el <strong>funcionamiento \u00f3ptimo del cerebro<\/strong> como t\u00f3nico cerebral,<\/span><br \/>\n<span style=\"color: #000000;\">\ud83d\udc9a act\u00faa eficazmente como <strong>t\u00f3nico nervioso<\/strong>, ya que acelera el funcionamiento saludable de los nervios,<\/span><br \/>\n<span style=\"color: #000000;\">\ud83d\udc9a estimula las <strong>funciones mentales<\/strong> y mejora la <strong>memoria y la concentraci\u00f3n<\/strong>,<\/span><br \/>\n<span style=\"color: #000000;\">\ud83d\udc9a ayuda a las personas mayores con <strong>demencia<\/strong>,<\/span><br \/>\n<span style=\"color: #000000;\">\ud83d\udc9a ayuda a mejorar la <strong>memoria a corto y largo plazo<\/strong>,<\/span><br \/>\n<span style=\"color: #000000;\">\ud83d\udc9a para el tratamiento de <strong>la enfermedad de Parkinson y el Alzheimer, el TDAH, el autismo y la depresi\u00f3n<\/strong>,<\/span><br \/>\n<span style=\"color: #000000;\">\ud83d\udc9a tiene <strong>efectos antitumorales<\/strong>,<\/span><br \/>\n<span style=\"color: #000000;\">\ud83d\udc9a tiene un efecto calmante y <strong>reduce la ansiedad<\/strong>,<\/span><br \/>\n<span style=\"color: #000000;\">\ud83d\udc9a alivia los <strong>dolores menstruales<\/strong>,<\/span><br \/>\n<span style=\"color: #000000;\">\ud83d\udc9a ayuda en casos de <strong>estre\u00f1imiento por estr\u00e9s<\/strong>,<\/span><br \/>\n<span style=\"color: #000000;\">\ud83d\udc9a ayuda en casos de <strong>insomnio<\/strong>,<\/span><br \/>\n<span style=\"color: #000000;\">\ud83d\udc9a tiene un efecto <strong>rejuvenecedor<\/strong> y retrasa el envejecimiento,<\/span><br \/>\n<span style=\"color: #000000;\">\ud83d\udc9a cura <strong>las enfermedades de la piel<\/strong>,<\/span><br \/>\n<span style=\"color: #000000;\">\ud83d\udc9a ayuda a superar la <strong>adicci\u00f3n al tabaco, el az\u00facar y el alcohol<\/strong>.<\/span><\/span><\/p>\n<p style=\"text-align: justify;\"><span style=\"color: #000000;\">Brahmi puede ser utilizado por todas las personas que hayan sufrido da\u00f1os cerebrales o se est\u00e9n recuperando de un derrame cerebral. \u00a1No es adecuado para ni\u00f1os!<\/span><\/p>\n<h2><span style=\"color: #000000;\">Almacenamiento y advertencias<\/span><\/h2>\n<p style=\"text-align: justify;\"><span style=\"color: #000000;\">Almacenar en un lugar seco y fresco. \u00a1Mantener el complemento alimenticio fuera del alcance de los ni\u00f1os!<\/span><\/p>\n<p style=\"text-align: justify;\"><span style=\"color: #000000;\">No olvide la importancia de una dieta variada y un estilo de vida saludable, por lo que el complemento alimenticio no sustituye una dieta equilibrada y variada. No se debe exceder la dosis diaria recomendada. Recomendamos a las mujeres embarazadas, las madres lactantes y las personas que toman medicamentos que consulten siempre a su m\u00e9dico antes de usar este producto. No es adecuado para ni\u00f1os.<\/span><\/p>\n<h2><span style=\"color: #000000;\">Envase<\/span><\/h2>\n<p style=\"text-align: justify;\"><span style=\"color: #000000;\">Bolsa herm\u00e9tica con cremallera o caja que conserva toda la frescura y el aroma del producto. El envase protege del aire y la luz. Est\u00e1 compuesto por varias capas protectoras que conservan las propiedades del producto.<br \/>\nEl envase es muy pr\u00e1ctico y se puede reciclar.<\/span><\/p>\n<h2><span style=\"color: #000000;\">Origen<\/span><\/h2>\n<p><span style=\"color: #000000;\">India<\/span><\/p>\n","protected":false},"excerpt":{"rendered":"<p>El brahmi es una de las hierbas medicinales ayurv\u00e9dicas m\u00e1s apreciadas, con m\u00e1s de 3000 a\u00f1os de uso. Es originaria de las zonas pantanosas de Asia, pero hoy en d\u00eda crece en muchas partes del mundo. El brahmi se reconoce por sus hojas carnosas de color verde y sus flores de color blanco azulado. El remedio herbal elaborado a partir de las hojas, el tallo y la ra\u00edz de la planta Brahmi tiene los siguientes efectos incre\u00edbles:<\/p>\n<p>\ud83d\udc9a Acelera la digesti\u00f3n y desintoxica el cuerpo.<br \/>\n\ud83d\udc9a Acelera el funcionamiento \u00f3ptimo del cerebro como t\u00f3nico cerebral.<br \/>\n\ud83d\udc9a act\u00faa eficazmente como t\u00f3nico nervioso, ya que estimula el funcionamiento saludable de los nervios,<br \/>\n\ud83d\udc9a estimula las funciones mentales y mejora la memoria y la concentraci\u00f3n,<br \/>\n\ud83d\udc9a tiene un efecto beneficioso sobre el crecimiento del cabello.<\/p>\n","protected":false},"featured_media":4146,"comment_status":"open","ping_status":"closed","template":"","meta":{"_acf_changed":false},"product_brand":[],"product_cat":[15,194,195,216],"product_tag":[],"class_list":{"0":"post-6514","1":"product","2":"type-product","3":"status-publish","4":"has-post-thumbnail","6":"product_cat-uncategorized","7":"product_cat-ayurveda","8":"product_cat-superalimentos","9":"product_cat-todos-los-productos","11":"first","12":"instock","13":"sale","14":"taxable","15":"shipping-taxable","16":"purchasable","17":"product-type-simple"},"acf":[],"_links":{"self":[{"href":"https:\/\/fengchashop.com\/es\/wp-json\/wp\/v2\/product\/6514","targetHints":{"allow":["GET"]}}],"collection":[{"href":"https:\/\/fengchashop.com\/es\/wp-json\/wp\/v2\/product"}],"about":[{"href":"https:\/\/fengchashop.com\/es\/wp-json\/wp\/v2\/types\/product"}],"replies":[{"embeddable":true,"href":"https:\/\/fengchashop.com\/es\/wp-json\/wp\/v2\/comments?post=6514"}],"wp:featuredmedia":[{"embeddable":true,"href":"https:\/\/fengchashop.com\/es\/wp-json\/wp\/v2\/media\/4146"}],"wp:attachment":[{"href":"https:\/\/fengchashop.com\/es\/wp-json\/wp\/v2\/media?parent=6514"}],"wp:term":[{"taxonomy":"product_brand","embeddable":true,"href":"https:\/\/fengchashop.com\/es\/wp-json\/wp\/v2\/product_brand?post=6514"},{"taxonomy":"product_cat","embeddable":true,"href":"https:\/\/fengchashop.com\/es\/wp-json\/wp\/v2\/product_cat?post=6514"},{"taxonomy":"product_tag","embeddable":true,"href":"https:\/\/fengchashop.com\/es\/wp-json\/wp\/v2\/product_tag?post=6514"}],"curies":[{"name":"wp","href":"https:\/\/api.w.org\/{rel}","templated":true}]}}