{"id":6511,"date":"2022-03-04T10:07:28","date_gmt":"2022-03-04T09:07:28","guid":{"rendered":"https:\/\/fengchashop.com\/es\/product\/rdeca-pesa-v-prahu-bio\/"},"modified":"2026-05-05T04:18:49","modified_gmt":"2026-05-05T02:18:49","slug":"remolacha-roja-en-polvo-bio","status":"publish","type":"product","link":"https:\/\/fengchashop.com\/es\/product\/remolacha-roja-en-polvo-bio\/","title":{"rendered":"Remolacha roja en polvo BIO 250 g"},"content":{"rendered":"<h2><span style=\"color: #000000;\">Remolacha roja en polvo BIO<\/span><\/h2>\n<p><span style=\"color: #000000;\">La remolacha roja (Beta vulgaris) es una hortaliza baja en calor\u00edas que, en comparaci\u00f3n con otras hortalizas, contiene un mayor porcentaje de carbohidratos y az\u00facar. Es rica en <strong>vitamina C, niacina y \u00e1cido f\u00f3lico<\/strong>. Entre los minerales predominan el <strong>magnesio, el hierro, el f\u00f3sfor y el potasio<\/strong>. Tambi\u00e9n contiene <strong>betala\u00ednas, que son potentes antioxidantes<\/strong> y le dan su intenso color rojo.<\/span><\/p>\n<p><span style=\"color: #000000;\">Nuestra remolacha roja en polvo procede de la agricultura ecol\u00f3gica.<\/span><\/p>\n<h2><span style=\"color: #000000;\">\u00bf<\/span><span style=\"color: #000000;\">Cu\u00e1les son los beneficios de consumir remolacha roja en polvo?<\/span><\/h2>\n<p><span style=\"color: #000000;\"><span style=\"color: #000000;\">La remolacha roja en polvo es un buen sustituto de la remolacha roja normal, ya que contiene la mayor\u00eda de los nutrientes que tiene la fresca. Aporta valor nutricional a los alimentos y, por lo tanto, es especialmente adecuada para aquellas personas que comen pocas verduras, ya que es m\u00e1s f\u00e1cil de ocultar en los platos. La remolacha roja es una fuente rica en \u00e1cido f\u00f3lico, potasio y hierro, que contribuyen a la buena salud de la sangre. La creencia popular de que la remolacha roja es buena para la sangre ha sido confirmada cient\u00edficamente, y la raz\u00f3n radica precisamente en su alto contenido en hierro, potasio y \u00e1cido f\u00f3lico (o vitamina B9). La remolacha roja <strong>ayuda a prevenir la anemia, lo que aumenta la energ\u00eda, mejora el estado de \u00e1nimo y el bienestar general<\/strong>. Dado que es tan rica en nutrientes, basta con consumirla en peque\u00f1as cantidades a diario o varias veces a la semana. <strong>Gracias a su contenido en fibra diet\u00e9tica, tambi\u00e9n es beneficiosa para la salud del tracto digestivo.<\/strong> <strong>Adem\u00e1s, estimula el funcionamiento del h\u00edgado<\/strong> y, con ello, la eliminaci\u00f3n de toxinas y residuos del organismo.<\/span><\/span><\/p>\n<h2><span style=\"color: #000000;\">Almacenamiento y advertencias<\/span><\/h2>\n<p><span style=\"color: #000000;\">Almacenar en un lugar seco y fresco a una temperatura m\u00e1xima de 25 \u00b0C. Mantener el complemento alimenticio fuera del alcance de los ni\u00f1os.<\/span><\/p>\n<p><span style=\"color: #000000;\">No olvide la importancia de una dieta variada y un estilo de vida saludable, por lo que el complemento alimenticio no sustituye una dieta equilibrada y variada. No se debe exceder la cantidad diaria recomendada o la dosis. Siempre recomendamos a las mujeres embarazadas y lactantes que consulten a su m\u00e9dico antes de usar este producto. La remolacha roja es una verdura con un \u00edndice gluc\u00e9mico medio, por lo que no es adecuada para personas con diabetes.<\/span><\/p>\n<h2><span style=\"color: #000000;\">Envase<\/span><\/h2>\n<p><span style=\"color: #000000;\">Bolsa herm\u00e9tica con cierre, donde el producto conserva toda su frescura y aroma. El envase protege de la luz y el aire, ya que est\u00e1 compuesto por varias capas de protecci\u00f3n que conservan las propiedades del contenido.<\/span><\/p>\n<p><span style=\"color: #000000;\">El envase es muy pr\u00e1ctico y se puede reciclar.<\/span><\/p>\n<h2><span style=\"color: #000000;\">Origen<\/span><\/h2>\n<p><span style=\"color: #000000;\">China<\/span><\/p>\n<p><span style=\"color: #000000;\">Contamos con proveedores muy fiables que nos env\u00edan un an\u00e1lisis qu\u00edmico detallado del producto para cada lote. En m\u00e1s de 10 a\u00f1os, nunca hemos tenido una retirada de producto ni ning\u00fan otro problema con este producto o con cualquier otro producto del mismo proveedor.<\/span><\/p>\n<p>Este producto es 100 % org\u00e1nico certificado.<\/p>\n","protected":false},"excerpt":{"rendered":"<p>La remolacha roja (Beta vulgaris) es una hortaliza baja en calor\u00edas, pero que, en comparaci\u00f3n con otras hortalizas, contiene un mayor porcentaje de carbohidratos y az\u00facar. Es rica en <strong>vitamina C<\/strong>, <strong>niacina<\/strong> y <strong>\u00e1cido f\u00f3lico<\/strong>. Entre los minerales predominan el <strong>magnesio<\/strong>, el <strong>hierro<\/strong>, el <strong>f\u00f3sforo<\/strong> y el <strong>potasio<\/strong>. Tambi\u00e9n contiene <strong>betala\u00ednas<\/strong>, que son potentes antioxidantes y le dan su intenso color rojo.<\/p>\n<p align=\"JUSTIFY\">\ud83d\udc9a ayuda a prevenir la anemia,<br \/>\n\ud83d\udc9a tambi\u00e9n es beneficioso para la salud del tracto digestivo,<br \/>\n\ud83d\udc9a tiene un efecto positivo en el bienestar general,<br \/>\n\ud83d\udc9a aumenta los niveles de energ\u00eda.<\/p>\n","protected":false},"featured_media":4145,"comment_status":"open","ping_status":"closed","template":"","meta":{"_acf_changed":false},"product_brand":[],"product_cat":[15,195,216],"product_tag":[],"class_list":{"0":"post-6511","1":"product","2":"type-product","3":"status-publish","4":"has-post-thumbnail","6":"product_cat-uncategorized","7":"product_cat-superalimentos","8":"product_cat-todos-los-productos","10":"first","11":"instock","12":"taxable","13":"shipping-taxable","14":"purchasable","15":"product-type-simple"},"acf":[],"_links":{"self":[{"href":"https:\/\/fengchashop.com\/es\/wp-json\/wp\/v2\/product\/6511","targetHints":{"allow":["GET"]}}],"collection":[{"href":"https:\/\/fengchashop.com\/es\/wp-json\/wp\/v2\/product"}],"about":[{"href":"https:\/\/fengchashop.com\/es\/wp-json\/wp\/v2\/types\/product"}],"replies":[{"embeddable":true,"href":"https:\/\/fengchashop.com\/es\/wp-json\/wp\/v2\/comments?post=6511"}],"wp:featuredmedia":[{"embeddable":true,"href":"https:\/\/fengchashop.com\/es\/wp-json\/wp\/v2\/media\/4145"}],"wp:attachment":[{"href":"https:\/\/fengchashop.com\/es\/wp-json\/wp\/v2\/media?parent=6511"}],"wp:term":[{"taxonomy":"product_brand","embeddable":true,"href":"https:\/\/fengchashop.com\/es\/wp-json\/wp\/v2\/product_brand?post=6511"},{"taxonomy":"product_cat","embeddable":true,"href":"https:\/\/fengchashop.com\/es\/wp-json\/wp\/v2\/product_cat?post=6511"},{"taxonomy":"product_tag","embeddable":true,"href":"https:\/\/fengchashop.com\/es\/wp-json\/wp\/v2\/product_tag?post=6511"}],"curies":[{"name":"wp","href":"https:\/\/api.w.org\/{rel}","templated":true}]}}