{"id":6510,"date":"2022-03-04T09:49:00","date_gmt":"2022-03-04T08:49:00","guid":{"rendered":"https:\/\/fengchashop.com\/es\/product\/sisandra-jagode-v-prahu-bio\/"},"modified":"2026-05-04T08:01:06","modified_gmt":"2026-05-04T06:01:06","slug":"bayas-de-schisandra-en-polvo-bio","status":"publish","type":"product","link":"https:\/\/fengchashop.com\/es\/product\/bayas-de-schisandra-en-polvo-bio\/","title":{"rendered":"Bayas de schisandra en polvo BIO 250 g"},"content":{"rendered":"<h2><span style=\"color: #000000;\">Bayas de schisandra en polvo de cultivo ecol\u00f3gico<\/span><\/h2>\n<p><span style=\"color: #000000;\">La schisandra es un \u00e1rbol peque\u00f1o o una enredadera que da peque\u00f1as bayas rojas muy apreciadas en la medicina tradicional china por sus principios activos. La schisandra es conocida con el nombre de <strong>wu wei zi, que en chino significa \u00abfruto de los cinco sabores\u00bb, ya que estas peque\u00f1as bayas rojas esconden en su interior un sabor dulce, \u00e1cido, salado, amargo y picante.<\/strong> Los sabores coinciden con las cinco energ\u00edas b\u00e1sicas: tierra, madera, agua, metal y fuego, e influyen en los cinco \u00f3rganos m\u00e1s importantes del cuerpo humano: el coraz\u00f3n, el h\u00edgado, los pulmones, el bazo y los ri\u00f1ones.<\/span><\/p>\n<p><span style=\"color: #000000;\">La schisandra es una de las 50 hierbas tradicionales chinas que se utilizan<strong> desde hace m\u00e1s de 2000 a\u00f1os,<\/strong> ya que:<\/span><\/p>\n<p><span style=\"color: #000000;\">\ud83d\udc9a se considera un estimulante de la vitalidad,<\/span><br \/>\n<span style=\"color: #000000;\">\ud83d\udc9a mejora y fortalece el sistema inmunol\u00f3gico,<\/span><br \/>\n<span style=\"color: #000000;\">\ud83d\udc9a mantiene<strong> la piel joven,<\/strong><\/span><br \/>\n<span style=\"color: #000000;\">\ud83d\udc9a ayuda a combatir <strong>el insomnio, los dolores de cabeza y los mareos,<\/strong><\/span><br \/>\n<span style=\"color: #000000;\">\ud83d\udc9a estimula el funcionamiento del cerebro,<\/span><br \/>\n<span style=\"color: #000000;\">\ud83d\udc9a combate<strong> el cansancio y el agotamiento f\u00edsico causados por el estr\u00e9s.<\/strong><\/span><\/p>\n<p><span style=\"color: #000000;\">Como complemento alimenticio, es m\u00e1s adecuado consumirlo en forma de polvo.<\/span><\/p>\n<h2><span style=\"color: #000000;\">\u00bfPor qu\u00e9 la schisandra es una especia cada vez m\u00e1s conocida y popular?<\/span><\/h2>\n<p><span style=\"color: #000000;\">La schisandra contiene muchos <strong>principios activos, como schisandrin, aceites esenciales y vitaminas A, C y E<\/strong>, que intervienen en numerosos procesos del organismo humano. Gracias a estos componentes, tambi\u00e9n tiene un efecto <strong>antiinflamatorio, antioxidante y desintoxicante<\/strong>. Debido a sus efectos positivos en varios sistemas del cuerpo humano, numerosos investigadores la han estudiado y han descubierto que es beneficiosa para diversos problemas de salud. La schisandra act\u00faa como <strong>adapt\u00f3geno<\/strong>, lo que significa que encuentra el punto m\u00e1s d\u00e9bil del cuerpo y act\u00faa sobre \u00e9l para restablecer el equilibrio. <strong>Tiene un efecto calmante<\/strong> y alivia el dolor, al tiempo que estimula la concentraci\u00f3n y el estado de alerta. Tras 100 d\u00edas de consumo de schisandra, mejora la sangre, agudiza la mente y la memoria, mejora la energ\u00eda sexual, fortalece los pulmones y los ri\u00f1ones y embellece la piel. Regula el funcionamiento de la gl\u00e1ndula suprarrenal y, por lo tanto, <strong>reduce los efectos negativos del cortisol<\/strong>. El aumento de los niveles de cortisol, que suele ser consecuencia del estr\u00e9s, tiene un efecto negativo en numerosos procesos de nuestro organismo, desde la digesti\u00f3n hasta el sistema inmunol\u00f3gico.<\/span><\/p>\n<h2><span style=\"color: #000000;\">Almacenamiento y advertencias<\/span><\/h2>\n<p><span style=\"color: #000000;\">Almacenar en un lugar seco y fresco. \u00a1Mantener el complemento alimenticio fuera del alcance de los ni\u00f1os!<\/span><\/p>\n<p><span style=\"color: #000000;\">No olvide la importancia de una dieta variada y un estilo de vida saludable, por lo que el complemento alimenticio no sustituye a una dieta equilibrada y variada. No se debe exceder la cantidad diaria recomendada. No se recomienda su uso en ni\u00f1os, mujeres embarazadas y madres lactantes. Las personas que toman medicamentos deben consultar a su m\u00e9dico antes de usar este producto.<\/span><\/p>\n<h2><span style=\"color: #000000;\">Envase<\/span><\/h2>\n<p><span style=\"color: #000000;\">Bolsa herm\u00e9tica con cierre, donde el producto conserva toda su frescura y aroma. El envase protege de la luz y el aire, ya que est\u00e1 compuesto por varias capas de protecci\u00f3n que conservan las propiedades del contenido.<\/span><\/p>\n<p><span style=\"color: #000000;\">El envase es muy pr\u00e1ctico y se puede reciclar.<\/span><\/p>\n<h2><span style=\"color: #000000;\">Origen<\/span><\/h2>\n<p><span style=\"color: #000000;\">China. Contamos con proveedores muy fiables que nos env\u00edan un an\u00e1lisis qu\u00edmico detallado de los alimentos para cada serie. En m\u00e1s de diez a\u00f1os, no hemos tenido ninguna devoluci\u00f3n ni ning\u00fan otro problema con este art\u00edculo, ni tampoco con otros art\u00edculos del mismo proveedor. El art\u00edculo tiene un certificado 100 % ecol\u00f3gico.<\/span><\/p>\n<p>&nbsp;<\/p>\n<p>&nbsp;<\/p>\n","protected":false},"excerpt":{"rendered":"<p>La schisandra es un \u00e1rbol peque\u00f1o o una enredadera que produce peque\u00f1as bayas rojas muy apreciadas en la medicina tradicional china por sus principios activos. La schisandra es conocida con el nombre de wu wei zi, que en chino significa \u00abfruto de los cinco sabores\u00bb, ya que sus peque\u00f1as bayas rojas esconden un sabor dulce, \u00e1cido, salado, amargo y picante. La schisandra es una de las 50 hierbas tradicionales chinas que se utilizan desde hace m\u00e1s de 2000 a\u00f1os, ya que:<\/p>\n<p align=\"JUSTIFY\">\ud83d\udc9a mejora y fortalece el sistema inmunol\u00f3gico,<br \/>\n\ud83d\udc9a mantiene la piel joven,<br \/>\n\ud83d\udc9a aumenta la vitalidad,<br \/>\n\ud83d\udc9a combate el cansancio y el agotamiento del cuerpo debido al estr\u00e9s.<\/p>\n","protected":false},"featured_media":4299,"comment_status":"open","ping_status":"closed","template":"","meta":{"_acf_changed":false},"product_brand":[],"product_cat":[15,195,216],"product_tag":[],"class_list":{"0":"post-6510","1":"product","2":"type-product","3":"status-publish","4":"has-post-thumbnail","6":"product_cat-uncategorized","7":"product_cat-superalimentos","8":"product_cat-todos-los-productos","10":"first","11":"instock","12":"taxable","13":"shipping-taxable","14":"purchasable","15":"product-type-simple"},"acf":[],"_links":{"self":[{"href":"https:\/\/fengchashop.com\/es\/wp-json\/wp\/v2\/product\/6510","targetHints":{"allow":["GET"]}}],"collection":[{"href":"https:\/\/fengchashop.com\/es\/wp-json\/wp\/v2\/product"}],"about":[{"href":"https:\/\/fengchashop.com\/es\/wp-json\/wp\/v2\/types\/product"}],"replies":[{"embeddable":true,"href":"https:\/\/fengchashop.com\/es\/wp-json\/wp\/v2\/comments?post=6510"}],"wp:featuredmedia":[{"embeddable":true,"href":"https:\/\/fengchashop.com\/es\/wp-json\/wp\/v2\/media\/4299"}],"wp:attachment":[{"href":"https:\/\/fengchashop.com\/es\/wp-json\/wp\/v2\/media?parent=6510"}],"wp:term":[{"taxonomy":"product_brand","embeddable":true,"href":"https:\/\/fengchashop.com\/es\/wp-json\/wp\/v2\/product_brand?post=6510"},{"taxonomy":"product_cat","embeddable":true,"href":"https:\/\/fengchashop.com\/es\/wp-json\/wp\/v2\/product_cat?post=6510"},{"taxonomy":"product_tag","embeddable":true,"href":"https:\/\/fengchashop.com\/es\/wp-json\/wp\/v2\/product_tag?post=6510"}],"curies":[{"name":"wp","href":"https:\/\/api.w.org\/{rel}","templated":true}]}}