{"id":6509,"date":"2022-03-04T08:36:13","date_gmt":"2022-03-04T07:36:13","guid":{"rendered":"https:\/\/fengchashop.com\/es\/product\/macji-krempelj-v-prahu\/"},"modified":"2026-05-04T21:02:37","modified_gmt":"2026-05-04T19:02:37","slug":"unas-de-gato-en-polvo","status":"publish","type":"product","link":"https:\/\/fengchashop.com\/es\/product\/unas-de-gato-en-polvo\/","title":{"rendered":"U\u00f1as de gato en polvo 125 g"},"content":{"rendered":"<h2><span style=\"color: #000000;\">U\u00f1a de gato en polvo<\/span><\/h2>\n<p><span style=\"color: #000000;\">Esta trepadora tropical amaz\u00f3nica tiene dos espinas curvadas en la base de cada hoja, por lo que recibe el nombre de u\u00f1a de gato.<\/span><\/p>\n<p><span style=\"color: #000000;\">La u\u00f1a de gato es especialmente apreciada por sus efectos beneficiosos para el cuerpo humano:<\/span><\/p>\n<p><span style=\"color: #000000;\">\ud83d\udc9a refuerza el funcionamiento<strong> del sistema inmunol\u00f3gico,<\/strong><\/span><br \/>\n<span style=\"color: #000000;\">\ud83d\udc9a<strong>alivia e inhibe las inflamaciones,<\/strong><\/span><br \/>\n<span style=\"color: #000000;\">\ud83d\udc9a <strong>alivia el dolor en caso de infecciones,<\/strong><\/span><br \/>\n<span style=\"color: #000000;\">\ud83d\udc9a <strong>alivia los problemas de enfermedades cr\u00f3nicas.<\/strong><\/span><\/p>\n<h2><span style=\"color: #000000;\">\u00bfC\u00f3mo act\u00faa la u\u00f1a de gato?<\/span><\/h2>\n<p><span style=\"color: #000000;\">La u\u00f1a de gato se considera b\u00e1sicamente un <strong>antibi\u00f3tico natural<\/strong>, ya que combate eficazmente todo tipo de microbios y previene infecciones e inflamaciones. Numerosas investigaciones han demostrado que tiene m\u00faltiples <strong>efectos beneficiosos para el organismo humano<\/strong>, sobre todo <strong>estimula el funcionamiento del sistema inmunol\u00f3gico gracias a su contenido en alcaloides oksinol<\/strong>, que neutralizan eficazmente los radicales libres nocivos del organismo. Muchos otros alcaloides de la u\u00f1a de gato <strong>tambi\u00e9n tienen un efecto beneficioso sobre la memoria y la regulaci\u00f3n de la presi\u00f3n arterial<\/strong>. Dado que <strong>combate eficazmente las infecciones y las inflamaciones, tambi\u00e9n tiene un efecto beneficioso sobre el dolor en enfermedades cr\u00f3nicas como la reumatismo o la artritis<\/strong>.<\/span><\/p>\n<h2><span style=\"color: #000000;\">Almacenamiento y advertencias<\/span><\/h2>\n<p><span style=\"color: #000000;\">Almacenar en un lugar seco y fresco. \u00a1Mantener el complemento alimenticio fuera del alcance de los ni\u00f1os!<\/span><\/p>\n<p><span style=\"color: #000000;\">No olvide la importancia de una dieta variada y un estilo de vida saludable, por lo que el complemento alimenticio no sustituye una dieta equilibrada y variada. No se debe exceder la cantidad diaria recomendada. Recomendamos a las mujeres embarazadas, las madres lactantes y las personas que toman medicamentos que consulten siempre a su m\u00e9dico antes de usar este producto. No es adecuado para ni\u00f1os.<\/span><\/p>\n<h2><span style=\"color: #000000;\">Envase<\/span><\/h2>\n<p><span style=\"color: #000000;\">Bolsa herm\u00e9tica con cremallera o caja que conserva toda la frescura y el aroma del producto. El envase protege del aire y la luz. Est\u00e1 compuesto por varias capas de protecci\u00f3n que conservan las propiedades del producto.<\/span><\/p>\n<p><span style=\"color: #000000;\">El envase es muy pr\u00e1ctico y se puede reciclar.<\/span><\/p>\n<h2><span style=\"color: #000000;\">Origen<\/span><\/h2>\n<p><span style=\"color: #000000;\">Sudam\u00e9rica<\/span><\/p>\n","protected":false},"excerpt":{"rendered":"<p align=\"JUSTIFY\">La enredadera tropical amaz\u00f3nica tiene dos espinas curvadas en la base de cada hoja, por lo que recibe el nombre de u\u00f1a de gato. La u\u00f1a de gato se considera b\u00e1sicamente un antibi\u00f3tico natural, ya que combate con \u00e9xito todo tipo de microbios y previene infecciones e inflamaciones. La u\u00f1a de gato es especialmente apreciada por sus efectos beneficiosos para el cuerpo humano:<\/p>\n<p>\ud83d\udc9a refuerza el funcionamiento del sistema inmunol\u00f3gico,<br \/>\n\ud83d\udc9a alivia e inhibe las inflamaciones,<br \/>\n\ud83d\udc9a alivia el dolor en caso de infecciones,<br \/>\n\ud83d\udc9a alivia los problemas en enfermedades cr\u00f3nicas.<\/p>\n","protected":false},"featured_media":4448,"comment_status":"open","ping_status":"closed","template":"","meta":{"_acf_changed":false},"product_brand":[],"product_cat":[15,195,216],"product_tag":[],"class_list":{"0":"post-6509","1":"product","2":"type-product","3":"status-publish","4":"has-post-thumbnail","6":"product_cat-uncategorized","7":"product_cat-superalimentos","8":"product_cat-todos-los-productos","10":"first","11":"instock","12":"sale","13":"taxable","14":"shipping-taxable","15":"purchasable","16":"product-type-simple"},"acf":[],"_links":{"self":[{"href":"https:\/\/fengchashop.com\/es\/wp-json\/wp\/v2\/product\/6509","targetHints":{"allow":["GET"]}}],"collection":[{"href":"https:\/\/fengchashop.com\/es\/wp-json\/wp\/v2\/product"}],"about":[{"href":"https:\/\/fengchashop.com\/es\/wp-json\/wp\/v2\/types\/product"}],"replies":[{"embeddable":true,"href":"https:\/\/fengchashop.com\/es\/wp-json\/wp\/v2\/comments?post=6509"}],"wp:featuredmedia":[{"embeddable":true,"href":"https:\/\/fengchashop.com\/es\/wp-json\/wp\/v2\/media\/4448"}],"wp:attachment":[{"href":"https:\/\/fengchashop.com\/es\/wp-json\/wp\/v2\/media?parent=6509"}],"wp:term":[{"taxonomy":"product_brand","embeddable":true,"href":"https:\/\/fengchashop.com\/es\/wp-json\/wp\/v2\/product_brand?post=6509"},{"taxonomy":"product_cat","embeddable":true,"href":"https:\/\/fengchashop.com\/es\/wp-json\/wp\/v2\/product_cat?post=6509"},{"taxonomy":"product_tag","embeddable":true,"href":"https:\/\/fengchashop.com\/es\/wp-json\/wp\/v2\/product_tag?post=6509"}],"curies":[{"name":"wp","href":"https:\/\/api.w.org\/{rel}","templated":true}]}}