{"id":6508,"date":"2022-03-04T07:57:04","date_gmt":"2022-03-04T06:57:04","guid":{"rendered":"https:\/\/fengchashop.com\/es\/product\/neem-v-prahu-bio\/"},"modified":"2026-05-04T10:35:50","modified_gmt":"2026-05-04T08:35:50","slug":"neem-en-polvo-bio","status":"publish","type":"product","link":"https:\/\/fengchashop.com\/es\/product\/neem-en-polvo-bio\/","title":{"rendered":"Neem en polvo BIO 500 g"},"content":{"rendered":"<h2><span style=\"color: #000000;\">Neem BIO en polvo<\/span><\/h2>\n<p><span style=\"color: #000000;\">El neem es un \u00e1rbol de hoja perenne muy frondoso originario de la India (Azadirachta Indica). En esloveno se conoce con el nombre de <strong>melia india<\/strong>. Todas las partes de este \u00e1rbol de hoja perenne son \u00fatiles, desde la corteza, las ra\u00edces, las semillas y los frutos hasta las hojas y las flores. Es la planta m\u00e1s utilizada en la medicina popular ayurv\u00e9dica y se utiliza con fines medicinales desde hace m\u00e1s de 2000 a\u00f1os.<\/span><\/p>\n<p><strong><span style=\"color: #000000;\">Se considera que el neem tiene efectos beneficiosos en m\u00e1s de 100 enfermedades diferentes, ya que:<\/span><\/strong><\/p>\n<p><span style=\"color: #000000;\">\ud83d\udc9a estimula la resistencia corporal y tiene un efecto positivo sobre el sistema inmunol\u00f3gico,<\/span><br \/>\n<span style=\"color: #000000;\">\ud83d\udc9a purifica la sangre y desintoxica el cuerpo,<\/span><br \/>\n<span style=\"color: #000000;\">\ud83d\udc9a tiene un efecto beneficioso sobre la piel, el cabello y las u\u00f1as,<\/span><br \/>\n<span style=\"color: #000000;\">\ud83d\udc9a alivia los problemas cut\u00e1neos relacionados con alergias, psoriasis, eccemas, acn\u00e9 y heridas abiertas,<\/span><br \/>\n<span style=\"color: #000000;\">\ud83d\udc9a tiene propiedades antiinflamatorias, antif\u00fangicas y analg\u00e9sicas,<\/span><br \/>\n<span style=\"color: #000000;\">\ud83d\udc9a alivia y elimina los problemas digestivos,<\/span><br \/>\n<span style=\"color: #000000;\">\ud83d\udc9a act\u00faa como desinfectante natural.<\/span><\/p>\n<p><span style=\"color: #000000;\">\u00daltimamente, el neem tambi\u00e9n se conoce como <strong>repelente natural<\/strong> contra insectos y otros par\u00e1sitos.<\/span><\/p>\n<p><span style=\"color: #000000;\">Nuestro neem en polvo es de cultivo ecol\u00f3gico, finamente molido y elaborado solo con los mejores ingredientes.<\/span><\/p>\n<h2><span style=\"color: #000000;\">\u00bfC\u00f3mo act\u00faa el neem y para qu\u00e9 problemas es \u00fatil?<\/span><\/h2>\n<p><span style=\"color: #000000;\">Los curanderos ayurv\u00e9dicos ya sab\u00edan que el neem es una fuente de ingredientes eficaces para numerosos problemas de salud, sin causar ning\u00fan efecto secundario. Por eso es una de las <strong>hierbas ayurv\u00e9dicas indias m\u00e1s utilizadas<\/strong> y, al mismo tiempo, objeto de investigaci\u00f3n cient\u00edfica cada vez m\u00e1s frecuente. Se ha demostrado que puede tener un efecto beneficioso en numerosas enfermedades. En el aceite de neem se han descubierto compuestos especiales que tienen un efecto beneficioso sobre diversos s\u00edntomas m\u00e9dicos. Tiene un efecto <strong>antiinflamatorio<\/strong> contra todo tipo de microbios, por lo que tambi\u00e9n ayuda al sistema inmunol\u00f3gico <strong>a defenderse de las infecciones v\u00edricas y bacterianas<\/strong>. Al controlar eficazmente la inflamaci\u00f3n, tambi\u00e9n alivia el dolor asociado a ella (incluso en enfermedades cr\u00f3nicas como la reumatismo o la artritis). Tiene un amplio espectro de <strong>acci\u00f3n antif\u00fangica<\/strong> y tambi\u00e9n ayuda a combatir la <strong>c\u00e1ndida<\/strong>.<\/span><\/p>\n<h2><span style=\"color: #000000;\">Envase<\/span><\/h2>\n<p><span style=\"color: #000000;\">Bolsa herm\u00e9tica con cremallera, donde el producto conserva toda su frescura y aroma. El envase protege del aire y la luz, ya que est\u00e1 compuesto por varias capas protectoras que conservan las propiedades del contenido.<\/span><\/p>\n<p>El envase es muy pr\u00e1ctico y se puede reciclar.<\/p>\n<h2><span style=\"color: #000000;\">Almacenamiento y advertencias<\/span><\/h2>\n<p><span style=\"color: #000000;\">Almacenar en un lugar seco y fresco. Mantener fuera del alcance de los ni\u00f1os.<\/span><\/p>\n<p><span style=\"color: #000000;\">No olvide la importancia de una dieta variada y un estilo de vida saludable, por lo que los complementos alimenticios no sustituyen a una dieta equilibrada y variada. No se debe exceder la dosis diaria recomendada. Se desaconseja su uso a mujeres embarazadas y lactantes, as\u00ed como a hombres y mujeres que planean tener hijos, ya que act\u00faa como anticonceptivo tanto para mujeres como para hombres.<\/span><\/p>\n<h2><span style=\"color: #000000;\">Es bueno saberlo<\/span><\/h2>\n<p><span style=\"color: #000000;\">El producto tambi\u00e9n es adecuado para animales. Consulte a su veterinario antes de usarlo para saber si es adecuado y cu\u00e1l es la dosis diaria recomendada.<\/span><\/p>\n<h2><span style=\"color: #000000;\">Origen<\/span><\/h2>\n<p><span style=\"color: #000000;\">India<\/span><\/p>\n","protected":false},"excerpt":{"rendered":"<p align=\"JUSTIFY\">El neem es un \u00e1rbol de hoja perenne muy frondoso originario de la India (Azadirachta Indica). En esloveno se conoce con el nombre de \u00abmelia india\u00bb. Todas las partes de este \u00e1rbol de hoja perenne son \u00fatiles, desde la corteza, las ra\u00edces, las semillas y los frutos hasta las hojas y las flores. Es la planta m\u00e1s utilizada en la medicina popular ayurv\u00e9dica y se utiliza con fines medicinales desde hace m\u00e1s de 2000 a\u00f1os.<\/p>\n<p align=\"JUSTIFY\">\ud83d\udc9a Estimula la resistencia corporal y tiene un efecto positivo sobre el sistema inmunol\u00f3gico.<br \/>\n\ud83d\udc9a Limpia la sangre y desintoxica el cuerpo.<br \/>\n\ud83d\udc9a Tiene un efecto beneficioso sobre la piel, el cabello y las u\u00f1as.<br \/>\n\ud83d\udc9a Tiene propiedades antiinflamatorias, antif\u00fangicas y analg\u00e9sicas.<br \/>\n\ud83d\udc9a Alivia y elimina los problemas digestivos.<\/p>\n","protected":false},"featured_media":4293,"comment_status":"open","ping_status":"closed","template":"","meta":{"_acf_changed":false},"product_brand":[],"product_cat":[15,194,218,195,216],"product_tag":[],"class_list":{"0":"post-6508","1":"product","2":"type-product","3":"status-publish","4":"has-post-thumbnail","6":"product_cat-uncategorized","7":"product_cat-ayurveda","8":"product_cat-mas-vendidos","9":"product_cat-superalimentos","10":"product_cat-todos-los-productos","12":"first","13":"instock","14":"sale","15":"taxable","16":"shipping-taxable","17":"purchasable","18":"product-type-simple"},"acf":[],"_links":{"self":[{"href":"https:\/\/fengchashop.com\/es\/wp-json\/wp\/v2\/product\/6508","targetHints":{"allow":["GET"]}}],"collection":[{"href":"https:\/\/fengchashop.com\/es\/wp-json\/wp\/v2\/product"}],"about":[{"href":"https:\/\/fengchashop.com\/es\/wp-json\/wp\/v2\/types\/product"}],"replies":[{"embeddable":true,"href":"https:\/\/fengchashop.com\/es\/wp-json\/wp\/v2\/comments?post=6508"}],"wp:featuredmedia":[{"embeddable":true,"href":"https:\/\/fengchashop.com\/es\/wp-json\/wp\/v2\/media\/4293"}],"wp:attachment":[{"href":"https:\/\/fengchashop.com\/es\/wp-json\/wp\/v2\/media?parent=6508"}],"wp:term":[{"taxonomy":"product_brand","embeddable":true,"href":"https:\/\/fengchashop.com\/es\/wp-json\/wp\/v2\/product_brand?post=6508"},{"taxonomy":"product_cat","embeddable":true,"href":"https:\/\/fengchashop.com\/es\/wp-json\/wp\/v2\/product_cat?post=6508"},{"taxonomy":"product_tag","embeddable":true,"href":"https:\/\/fengchashop.com\/es\/wp-json\/wp\/v2\/product_tag?post=6508"}],"curies":[{"name":"wp","href":"https:\/\/api.w.org\/{rel}","templated":true}]}}