{"id":6505,"date":"2022-03-04T07:26:18","date_gmt":"2022-03-04T06:26:18","guid":{"rendered":"https:\/\/fengchashop.com\/es\/product\/triphala-v-kapsulah-bio\/"},"modified":"2026-04-30T12:29:28","modified_gmt":"2026-04-30T10:29:28","slug":"triphala-en-capsulas","status":"publish","type":"product","link":"https:\/\/fengchashop.com\/es\/product\/triphala-en-capsulas\/","title":{"rendered":"Triphala en c\u00e1psulas BIO 120 c\u00e1psulas"},"content":{"rendered":"<h2><span style=\"color: #000000;\">Triphala en c\u00e1psulas<\/span><\/h2>\n<p><span style=\"color: #000000;\">Triphala es una antigua mezcla de hierbas ayurv\u00e9dicas muy reconocida que contiene tres tipos de superfrutas de la India: amalaki (Emblica officinalis), tambi\u00e9n conocida como amla, bibhitaki (Terminalia belerica) y haritaki (Terminalia chebula). Se utiliza desde hace m\u00e1s de 5000 a\u00f1os, principalmente<strong> para limpiar y desintoxicar todo el organismo.<\/strong><\/span><\/p>\n<p><span style=\"color: #000000;\">Triphala tiene un efecto beneficioso sobre nuestra digesti\u00f3n, la acelera y favorece la absorci\u00f3n de vitaminas y minerales.<\/span><\/p>\n<p><span style=\"color: #000000;\">Es importante que utilicemos productos<strong> elaborados con hierbas de cultivo ecol\u00f3gico<\/strong>, ya que solo as\u00ed podemos controlar y evitar la ingesta de pesticidas y metales pesados en el organismo.<\/span><\/p>\n<p><span style=\"color: #000000;\">Nuestro triphala es de <strong>calidad superior <\/strong>y <strong>cultivo ecol\u00f3gico.<\/strong><\/span><\/p>\n<p><span style=\"color: #000000;\">El triphala es la piedra angular de la medicina ayurv\u00e9dica, ya que tiene muchas propiedades curativas eficaces:<\/span><\/p>\n<p><span style=\"color: #000000;\">\ud83d\udc9a tiene un efecto beneficioso<strong> sobre el sistema digestivo<\/strong> y act\u00faa como un laxante suave que no da\u00f1a la mucosa intestinal,<\/span><br \/>\n<span style=\"color: #000000;\">\ud83d\udc9a ayuda <strong>con la hinchaz\u00f3n y los gases<\/strong>, as\u00ed como con las hemorroides,<\/span><br \/>\n<span style=\"color: #000000;\">\ud83d\udc9a elimina el exceso de grasa del organismo,<\/span><br \/>\n<span style=\"color: #000000;\">\ud83d\udc9a tiene un efecto positivo sobre el funcionamiento del h\u00edgado,<\/span><br \/>\n<span style=\"color: #000000;\">\ud83d\udc9a con un alto contenido en vitamina C, refuerza eficazmente<strong> el sistema inmunol\u00f3gico,<\/strong><\/span><br \/>\n<span style=\"color: #000000;\">\ud83d\udc9a <strong>cuida y fortalece las v\u00edas respiratorias<\/strong> y alivia la tos con mucosidad,<\/span><br \/>\n<span style=\"color: #000000;\">\ud83d\udc9a tiene <strong>propiedades antiinflamatorias y antivirales<\/strong> demostradas,<\/span><br \/>\n<span style=\"color: #000000;\">\ud83d\udc9a <strong>rejuvenece<\/strong> el cuerpo.<\/span><\/p>\n<p><span style=\"color: #000000;\">Para facilitar su consumo, hemos envasado el triphala en c\u00e1psulas de origen vegetal.<\/span><\/p>\n<h2><span style=\"color: #000000;\">\u00bfSab\u00edas que el Triphala cuida de los \u00f3rganos internos como una madre cuida de sus hijos?<\/span><\/h2>\n<p><span style=\"color: #000000;\">La mezcla de Triphala es extremadamente nutritiva, suave y con un alto contenido en vitamina C, bioflavonoides y \u00e1cidos grasos omega 3 linoleicos. Es una fuente excepcional de prote\u00ednas, aceites y antioxidantes, lo que, junto con su capacidad antimicrobiana y antibacteriana, influye en el aumento de la resistencia del organismo. Tiene un buen efecto laxante, por lo que es adecuado para limpiar el intestino y las paredes intestinales y ayuda a reducir el exceso de peso. Desintoxica eficazmente.<\/span><\/p>\n<p>Los tres tipos de frutos de la f\u00f3rmula combinada de triphala nutren, fortalecen, limpian, regeneran en profundidad y rejuvenecen todo el organismo. El consumo regular de Triphale<strong> reduce la fatiga y el agotamiento<\/strong> del organismo y es<strong> un excelente apoyo para el sistema inmunol\u00f3gico.<\/strong> Seg\u00fan la tradici\u00f3n ayurv\u00e9dica, triphala es una de las pocas mezclas que tiene un efecto beneficioso sobre los tres doshas. Por lo tanto, es seguro para el consumo de cualquier persona.<\/p>\n<h2><span style=\"color: #000000;\">Almacenamiento y advertencias<\/span><\/h2>\n<p><span style=\"color: #000000;\">Almacenar en un lugar seco y fresco. Mantener el complemento alimenticio fuera del alcance de los ni\u00f1os.<\/span><\/p>\n<p><span style=\"color: #000000;\">No olvide la importancia de una dieta variada y un estilo de vida saludable, por lo que el complemento alimenticio no sustituye a una dieta equilibrada y variada. No se debe exceder la dosis diaria recomendada. Recomendamos a las mujeres embarazadas, en periodo de lactancia y a las personas que toman medicamentos que consulten siempre a su m\u00e9dico antes de usar este producto. No es adecuado para ni\u00f1os.<\/span><\/p>\n<h2><span style=\"color: #000000;\">Envasado<\/span><\/h2>\n<p><span style=\"color: #000000;\">El producto se envasa en una elegante <\/span><span style=\"color: #000000;\">bolsa herm\u00e9tica con cierre, donde conserva toda su frescura y aroma. El envase protege del aire y la luz, ya que est\u00e1 compuesto por varias capas protectoras que conservan las propiedades del contenido.<\/span><\/p>\n<h2><span style=\"color: #000000;\">Origen<\/span><\/h2>\n<p><span style=\"color: #000000;\">India<\/span><\/p>\n","protected":false},"excerpt":{"rendered":"<p align=\"JUSTIFY\">Triphala es una antigua y muy <strong>reconocida mezcla de hierbas ayurv\u00e9dicas<\/strong> compuesta por tres tipos de superfrutas de la zona de la India: amalaki, bibhitaki y haritaki. <strong>Desde hace m\u00e1s de 5000 a\u00f1os<\/strong> se utiliza principalmente para limpiar y desintoxicar todo el organismo. Triphala es la piedra angular de la medicina ayurv\u00e9dica, ya que tiene muchas <strong>propiedades curativas<\/strong> eficaces:<\/p>\n<p align=\"JUSTIFY\">\ud83d\udc9a tiene un efecto beneficioso sobre el sistema digestivo,<br \/>\n\ud83d\udc9a elimina el exceso de grasa del organismo,<br \/>\n\ud83d\udc9a con su alto contenido en vitamina C, fortalece eficazmente el sistema inmunol\u00f3gico,<br \/>\n\ud83d\udc9a cuida y fortalece las v\u00edas respiratorias,<br \/>\n\ud83d\udc9a rejuvenece el cuerpo.<\/p>\n","protected":false},"featured_media":4443,"comment_status":"open","ping_status":"closed","template":"","meta":{"_acf_changed":false},"product_brand":[],"product_cat":[15,194,195,216],"product_tag":[],"class_list":{"0":"post-6505","1":"product","2":"type-product","3":"status-publish","4":"has-post-thumbnail","6":"product_cat-uncategorized","7":"product_cat-ayurveda","8":"product_cat-superalimentos","9":"product_cat-todos-los-productos","11":"first","12":"instock","13":"taxable","14":"shipping-taxable","15":"purchasable","16":"product-type-simple"},"acf":[],"_links":{"self":[{"href":"https:\/\/fengchashop.com\/es\/wp-json\/wp\/v2\/product\/6505","targetHints":{"allow":["GET"]}}],"collection":[{"href":"https:\/\/fengchashop.com\/es\/wp-json\/wp\/v2\/product"}],"about":[{"href":"https:\/\/fengchashop.com\/es\/wp-json\/wp\/v2\/types\/product"}],"replies":[{"embeddable":true,"href":"https:\/\/fengchashop.com\/es\/wp-json\/wp\/v2\/comments?post=6505"}],"wp:featuredmedia":[{"embeddable":true,"href":"https:\/\/fengchashop.com\/es\/wp-json\/wp\/v2\/media\/4443"}],"wp:attachment":[{"href":"https:\/\/fengchashop.com\/es\/wp-json\/wp\/v2\/media?parent=6505"}],"wp:term":[{"taxonomy":"product_brand","embeddable":true,"href":"https:\/\/fengchashop.com\/es\/wp-json\/wp\/v2\/product_brand?post=6505"},{"taxonomy":"product_cat","embeddable":true,"href":"https:\/\/fengchashop.com\/es\/wp-json\/wp\/v2\/product_cat?post=6505"},{"taxonomy":"product_tag","embeddable":true,"href":"https:\/\/fengchashop.com\/es\/wp-json\/wp\/v2\/product_tag?post=6505"}],"curies":[{"name":"wp","href":"https:\/\/api.w.org\/{rel}","templated":true}]}}