{"id":6503,"date":"2022-03-03T21:27:36","date_gmt":"2022-03-03T20:27:36","guid":{"rendered":"https:\/\/fengchashop.com\/es\/product\/jecmenova-trava-v-prahu-bio\/"},"modified":"2026-05-04T20:36:41","modified_gmt":"2026-05-04T18:36:41","slug":"hierba-de-cebada-en-polvo-bio","status":"publish","type":"product","link":"https:\/\/fengchashop.com\/es\/product\/hierba-de-cebada-en-polvo-bio\/","title":{"rendered":"Hierba de cebada en polvo BIO 250 g"},"content":{"rendered":"<h2><span style=\"color: #000000;\">Hierba de cebada en polvo BIO<\/span><\/h2>\n<p><span style=\"color: #000000;\">Las poderosas civilizaciones de los egipcios, los romanos y los vikingos ya conoc\u00edan los beneficios de la hierba de cebada. Esta planta es originaria de Europa y el cuerpo humano la metaboliza f\u00e1cilmente y utiliza sus micronutrientes para todas sus necesidades. Se digiere muy r\u00e1pidamente y sus nutrientes se absorben muy r\u00e1pido despu\u00e9s de consumirla. Tambi\u00e9n contiene muchas sustancias fitoqu\u00edmicas que protegen nuestro cuerpo de la contaminaci\u00f3n y la radiaci\u00f3n.<\/span><\/p>\n<p><span style=\"color: #000000;\">Nuestra hierba de cebada es <strong>de cultivo ecol\u00f3gico.<\/strong><\/span><\/p>\n<h2><span style=\"color: #000000;\">\u00bfCu\u00e1les son los efectos de tomar hierba de cebada?<\/span><\/h2>\n<p><strong><span style=\"color: #000000;\">La hierba de cebada contiene numerosos principios activos, por lo que tiene un efecto beneficioso sobre:<\/span><\/strong><\/p>\n<p><span style=\"color: #000000;\">\ud83d\udc9a la limpieza y desintoxicaci\u00f3n del organismo humano,<\/span><br \/>\n<span style=\"color: #000000;\">\ud83d\udc9a la mejora del estado de la piel,<\/span><br \/>\n<span style=\"color: #000000;\">\ud83d\udc9a la p\u00e9rdida de peso corporal,<\/span><br \/>\n<span style=\"color: #000000;\">\ud83d\udc9a la reducci\u00f3n del cansancio,<\/span><br \/>\n<span style=\"color: #000000;\">\ud83d\udc9a mejora y regulaci\u00f3n de la digesti\u00f3n,<\/span><br \/>\n<span style=\"color: #000000;\">\ud83d\udc9a reducci\u00f3n de la inflamaci\u00f3n<\/span><br \/>\n<span style=\"color: #000000;\">\ud83d\udc9a mejora de los problemas de anemia,<\/span><br \/>\n<span style=\"color: #000000;\">\ud83d\udc9a equilibrar el calcio en la sangre y disolver los dep\u00f3sitos de calcio en los huesos.<\/span><\/p>\n<p><span style=\"color: #000000;\">La hierba de cebada es una fuente rica en <strong>vitaminas, minerales y otros nutrientes importantes.<\/strong> Tiene un fuerte efecto alcalino en el organismo, lo que proporciona un bienestar general. Su consumo regular puede reducir los niveles de colesterol y radicales libres en la sangre.<\/span><\/p>\n<p><span style=\"color: #000000;\">La hierba de cebada es <strong>extremadamente rica en clorofila<\/strong>, que es tan importante para las plantas como la sangre para los animales. Tambi\u00e9n tiene una estructura molecular similar a la de la hemoglobina, por lo que regenera y purifica la sangre, as\u00ed como el organismo en general. Contiene 11 veces m\u00e1s calcio y 30 veces m\u00e1s vitamina B1 que la leche de vaca, 5 veces m\u00e1s hierro y 7 veces m\u00e1s carotenos que la espinaca y 7 veces m\u00e1s vitamina C que las naranjas. Tambi\u00e9n contiene 80 microgramos de vitamina B12, de la que cada vez m\u00e1s personas tienen deficiencia.<\/span><\/p>\n<p>Adem\u00e1s de vitaminas y numerosos minerales, la hierba de cebada tambi\u00e9n contiene amino\u00e1cidos esenciales, que son los componentes b\u00e1sicos de las prote\u00ednas. Tambi\u00e9n contiene <strong>polisac\u00e1rido \u00df-glucano<\/strong>, que reduce el nivel de colesterol malo y refuerza el mecanismo de defensa del sistema inmunol\u00f3gico. Este <strong>tiene un efecto antioxidante<\/strong> y combate eficazmente los peligrosos radicales libres del organismo. Las <strong>enzimas<\/strong> de la hierba de cebada tambi\u00e9n contribuyen a aprovechar todos los nutrientes, por lo que es muy importante que la hierba de cebada en polvo no se seque a una temperatura superior a 40 \u00b0C.<\/p>\n<h2><span style=\"color: #000000;\">Almacenamiento y advertencias<\/span><\/h2>\n<p><span style=\"color: #000000;\">Almacenar en un lugar seco y fresco a una temperatura m\u00e1xima de 25 \u00b0C. Mantener el complemento alimenticio fuera del alcance de los ni\u00f1os.<\/span><\/p>\n<p><span style=\"color: #000000;\">No olvide la importancia de una dieta variada y un estilo de vida saludable, por lo que el complemento alimenticio no sustituye una dieta equilibrada y variada. No se debe exceder la dosis diaria recomendada. Se recomienda a las mujeres embarazadas y en periodo de lactancia que consulten siempre a su m\u00e9dico antes de utilizar este producto.<\/span><\/p>\n<h2><span style=\"color: #000000;\">Envase<\/span><\/h2>\n<p><span style=\"color: #000000;\">Bolsa herm\u00e9tica con cierre, donde el producto conserva toda su frescura y aroma. El envase protege de la luz y el aire, ya que est\u00e1 compuesto por varias capas de protecci\u00f3n que conservan las propiedades del contenido.<\/span><\/p>\n<p><span style=\"color: #000000;\">El envase es muy pr\u00e1ctico y se puede reciclar.<\/span><\/p>\n<p><span style=\"color: #000000;\">Es bueno saberlo<\/span><br \/>\n<span style=\"color: #000000;\">El producto tambi\u00e9n es adecuado para animales. Es una excelente fuente de vitaminas, minerales y otros nutrientes. Consulte con su veterinario antes de utilizarlo sobre la conveniencia de tomarlo y la dosis diaria recomendada.<\/span><\/p>\n<h2><span style=\"color: #000000;\">Origen<\/span><\/h2>\n<p><span style=\"color: #000000;\">UE (Alemania o Pa\u00edses Bajos)<\/span><\/p>\n","protected":false},"excerpt":{"rendered":"<p>Las poderosas civilizaciones de los egipcios, romanos y vikingos ya conoc\u00edan los beneficios de la hierba de cebada. Esta planta es originaria de Europa y el cuerpo humano la metaboliza f\u00e1cilmente y utiliza sus micronutrientes para todas sus necesidades. Se digiere muy r\u00e1pidamente y sus nutrientes se absorben muy r\u00e1pido despu\u00e9s de consumirla. Tambi\u00e9n contiene muchas sustancias fitoqu\u00edmicas que protegen nuestro cuerpo de la contaminaci\u00f3n y la radiaci\u00f3n.<\/p>\n<p align=\"JUSTIFY\"><span style=\"color: #000000;\">\ud83d\udc9a Limpia y desintoxica<strong>.<\/strong><\/span><br \/>\n<span style=\"color: #000000;\">\ud83d\udc9a Mejora los problemas de anemia.<\/span><br \/>\n<span style=\"color: #000000;\">\ud83d\udc9a Ayuda a perder peso.<\/span><br \/>\n<span style=\"color: #000000;\">\ud83d\udc9a Es una fuente rica en <strong>clorofila.<\/strong><\/span><\/p>\n<p align=\"JUSTIFY\">\n","protected":false},"featured_media":4142,"comment_status":"open","ping_status":"closed","template":"","meta":{"_acf_changed":false},"product_brand":[],"product_cat":[15,222,195,216],"product_tag":[],"class_list":{"0":"post-6503","1":"product","2":"type-product","3":"status-publish","4":"has-post-thumbnail","6":"product_cat-uncategorized","7":"product_cat-algas-y-hierbas","8":"product_cat-superalimentos","9":"product_cat-todos-los-productos","11":"first","12":"instock","13":"sale","14":"taxable","15":"shipping-taxable","16":"purchasable","17":"product-type-simple"},"acf":[],"_links":{"self":[{"href":"https:\/\/fengchashop.com\/es\/wp-json\/wp\/v2\/product\/6503","targetHints":{"allow":["GET"]}}],"collection":[{"href":"https:\/\/fengchashop.com\/es\/wp-json\/wp\/v2\/product"}],"about":[{"href":"https:\/\/fengchashop.com\/es\/wp-json\/wp\/v2\/types\/product"}],"replies":[{"embeddable":true,"href":"https:\/\/fengchashop.com\/es\/wp-json\/wp\/v2\/comments?post=6503"}],"wp:featuredmedia":[{"embeddable":true,"href":"https:\/\/fengchashop.com\/es\/wp-json\/wp\/v2\/media\/4142"}],"wp:attachment":[{"href":"https:\/\/fengchashop.com\/es\/wp-json\/wp\/v2\/media?parent=6503"}],"wp:term":[{"taxonomy":"product_brand","embeddable":true,"href":"https:\/\/fengchashop.com\/es\/wp-json\/wp\/v2\/product_brand?post=6503"},{"taxonomy":"product_cat","embeddable":true,"href":"https:\/\/fengchashop.com\/es\/wp-json\/wp\/v2\/product_cat?post=6503"},{"taxonomy":"product_tag","embeddable":true,"href":"https:\/\/fengchashop.com\/es\/wp-json\/wp\/v2\/product_tag?post=6503"}],"curies":[{"name":"wp","href":"https:\/\/api.w.org\/{rel}","templated":true}]}}