{"id":6501,"date":"2022-03-03T20:49:08","date_gmt":"2022-03-03T19:49:08","guid":{"rendered":"https:\/\/fengchashop.com\/es\/product\/psenicna-trava-v-prahu-bio\/"},"modified":"2026-05-04T09:53:41","modified_gmt":"2026-05-04T07:53:41","slug":"hierba-de-trigo-en-polvo-bio","status":"publish","type":"product","link":"https:\/\/fengchashop.com\/es\/product\/hierba-de-trigo-en-polvo-bio\/","title":{"rendered":"Hierba de trigo en polvo BIO 250 g"},"content":{"rendered":"<h2><span style=\"color: #000000;\">Hierba de trigo en polvo BIO<\/span><\/h2>\n<p><span style=\"color: #000000;\">La hierba de trigo son, en realidad, <strong>brotes de trigo joven.<\/strong> Como tal, no contiene gluten, ya que este se encuentra en la espiga del trigo, m\u00e1s concretamente en el grano. La hierba germinada se cosecha normalmente poco m\u00e1s de una semana despu\u00e9s de la germinaci\u00f3n y se utiliza para preparar zumo. Sin embargo, la hierba de trigo en polvo es mucho m\u00e1s f\u00e1cil de usar. Es adecuada para la desintoxicaci\u00f3n y la purificaci\u00f3n. Contiene muchas vitaminas, minerales, amino\u00e1cidos, enzimas, clorofila, fibra, prote\u00ednas y fitonutrientes.<\/span><\/p>\n<p><span style=\"color: #000000;\">Desde Oriente Medio, el trigo se extendi\u00f3 r\u00e1pidamente por todo el mundo, y la hierba de trigo demostr\u00f3 ser un eficaz purificador y desintoxicante para el organismo humano. Por eso es tan popular como alimento saludable.<\/span><\/p>\n<p><span style=\"color: #000000;\">Nuestra hierba de trigo es de <strong>cultivo ecol\u00f3gico.<\/strong><\/span><\/p>\n<h2><span style=\"color: #000000;\">\u00bf<\/span><span style=\"color: #000000;\">Cu\u00e1les son los efectos de tomar hierba de trigo?<\/span><\/h2>\n<p><strong><span style=\"color: #000000;\">La hierba de trigo contiene numerosos nutrientes y principios activos, por lo que:<\/span><\/strong><\/p>\n<p><span style=\"color: #000000;\">\ud83d\udc9a limpia y mejora la composici\u00f3n de la sangre,<\/span><br \/>\n<span style=\"color: #000000;\">\ud83d\udc9a cuida la salud del intestino grueso y desintoxica el h\u00edgado,<\/span><br \/>\n<span style=\"color: #000000;\">\ud83d\udc9a favorece el buen funcionamiento del coraz\u00f3n,<\/span><br \/>\n<span style=\"color: #000000;\">\ud83d\udc9a estimula la gl\u00e1ndula tiroides,<\/span><br \/>\n<span style=\"color: #000000;\">\ud83d\udc9a sus numerosos antioxidantes combaten los radicales libres y previenen enfermedades y el envejecimiento prematuro,<\/span><br \/>\n<span style=\"color: #000000;\">\ud83d\udc9a es una de las fuentes m\u00e1s ricas en clorofila, que favorece la cicatrizaci\u00f3n de los tejidos, adem\u00e1s de unir toxinas y prevenir su absorci\u00f3n,<\/span><br \/>\n<span style=\"color: #000000;\">\ud83d\udc9a El clorofilo alivia la inflamaci\u00f3n de la cavidad bucal y limpia y cuida la piel.<br \/>\n<span style=\"color: #000000;\">\ud83d\udc9a Gracias a su contenido en vitaminas del grupo B, alivia el estr\u00e9s.<br \/>\n<span style=\"color: #000000;\">\ud83d\udc9a El clorofilo tambi\u00e9n protege contra la radiaci\u00f3n de los dispositivos electr\u00f3nicos.<br \/>\n<span style=\"color: #000000;\">\ud83d\udc9a Contiene todos los amino\u00e1cidos necesarios para el cuerpo humano.<\/span><\/span><\/span><\/span><\/p>\n<p><span style=\"color: #000000;\">La hierba de trigo contiene <strong>una gran cantidad de clorofila<\/strong>, que tiene un efecto purificador y desintoxicante en el cuerpo humano. Tiene propiedades casi milagrosas para la regeneraci\u00f3n del cuerpo. Adem\u00e1s, contiene numerosos nutrientes, <strong>vitaminas<\/strong> (C, E, A, B1, B2, B3, B6, K),<strong> minerales<\/strong> (hierro, potasio, calcio, zinc, selenio, f\u00f3sforo, boro, cloruro, cromo, cobalto, cobre, yodo, hierro, magnesio, manganeso, n\u00edquel), <strong>enzimas,<\/strong> <strong>amino\u00e1cidos, fitoqu\u00edmicos y \u00e1cidos linoleico y linol\u00e9nico.<\/strong> La hierba de trigo<strong> fortalece el sistema inmunol\u00f3gico, inhibe los radicales libres, estimula la producci\u00f3n de la hormona del crecimiento<\/strong> y, por lo tanto, ayuda a la regeneraci\u00f3n de los tejidos. Tambi\u00e9n <strong>regula el colesterol en sangre y previene inflamaciones e infecciones<\/strong>. Al aplicarlo sobre la piel, aliviar\u00e1 los problemas de piel problem\u00e1tica, acn\u00e9 y eccemas, ya que tiene un efecto antimicrobiano y acelera la cicatrizaci\u00f3n de las heridas. Tambi\u00e9n ayuda con el picor y las picaduras de insectos.<\/span><\/p>\n<h2><span style=\"color: #000000;\">Almacenamiento y advertencias<\/span><\/h2>\n<p><span style=\"color: #000000;\">Almacenar en un lugar seco y fresco a una temperatura m\u00e1xima de 25 \u00b0C. Mantener el complemento alimenticio fuera del alcance de los ni\u00f1os.<\/span><\/p>\n<p><span style=\"color: #000000;\">No olvide la importancia de una dieta variada y un estilo de vida saludable, por lo que el complemento alimenticio no sustituye una dieta equilibrada y variada. No se debe exceder la dosis diaria recomendada. Se desaconseja su consumo a mujeres embarazadas y lactantes.<\/span><\/p>\n<h2><span style=\"color: #000000;\">Envase<\/span><\/h2>\n<p><span style=\"color: #000000;\">Bolsa herm\u00e9tica con cierre, donde el producto conserva toda su frescura y aroma. El envase protege de la luz y el aire, ya que est\u00e1 compuesto por varias capas de protecci\u00f3n que conservan las propiedades del contenido.<\/span><\/p>\n<p><span style=\"color: #000000;\">El envase es muy pr\u00e1ctico y se puede reciclar.<\/span><\/p>\n<h2><span style=\"color: #000000;\">Origen<\/span><\/h2>\n<p><span style=\"color: #000000;\">UE (Alemania o Pa\u00edses Bajos)<\/span><\/p>\n","protected":false},"excerpt":{"rendered":"<p align=\"JUSTIFY\">La hierba de trigo es, en realidad, <strong>brotes de trigo joven<\/strong>. Como tal, no contiene gluten, ya que este se encuentra en la espiga del trigo, m\u00e1s concretamente en el grano. Es adecuada para <strong>desintoxicar y purificar<\/strong>. Contiene muchas vitaminas, minerales, amino\u00e1cidos, enzimas, clorofila, fibra, prote\u00ednas y fitonutrientes.<\/p>\n<p align=\"JUSTIFY\"><span style=\"color: #000000;\">\ud83d\udc9a Limpia y mejora la composici\u00f3n de la <strong>sangre.<\/strong><\/span><br \/>\n<span style=\"color: #000000;\">\ud83d\udc9a Cuida la <strong>salud del intestino grueso<\/strong> y <strong>desintoxica el h\u00edgado.<\/strong><\/span><br \/>\n<span style=\"color: #000000;\">\ud83d\udc9a Contiene muchos antioxidantes.<\/span><br \/>\n<span style=\"color: #000000;\">\ud83d\udc9a Es una fuente rica en <strong>clorofila.<\/strong><\/span><\/p>\n<p align=\"JUSTIFY\">\n","protected":false},"featured_media":4311,"comment_status":"open","ping_status":"closed","template":"","meta":{"_acf_changed":false},"product_brand":[],"product_cat":[15,222,195,216],"product_tag":[],"class_list":{"0":"post-6501","1":"product","2":"type-product","3":"status-publish","4":"has-post-thumbnail","6":"product_cat-uncategorized","7":"product_cat-algas-y-hierbas","8":"product_cat-superalimentos","9":"product_cat-todos-los-productos","11":"first","12":"instock","13":"sale","14":"taxable","15":"shipping-taxable","16":"purchasable","17":"product-type-simple"},"acf":[],"_links":{"self":[{"href":"https:\/\/fengchashop.com\/es\/wp-json\/wp\/v2\/product\/6501","targetHints":{"allow":["GET"]}}],"collection":[{"href":"https:\/\/fengchashop.com\/es\/wp-json\/wp\/v2\/product"}],"about":[{"href":"https:\/\/fengchashop.com\/es\/wp-json\/wp\/v2\/types\/product"}],"replies":[{"embeddable":true,"href":"https:\/\/fengchashop.com\/es\/wp-json\/wp\/v2\/comments?post=6501"}],"wp:featuredmedia":[{"embeddable":true,"href":"https:\/\/fengchashop.com\/es\/wp-json\/wp\/v2\/media\/4311"}],"wp:attachment":[{"href":"https:\/\/fengchashop.com\/es\/wp-json\/wp\/v2\/media?parent=6501"}],"wp:term":[{"taxonomy":"product_brand","embeddable":true,"href":"https:\/\/fengchashop.com\/es\/wp-json\/wp\/v2\/product_brand?post=6501"},{"taxonomy":"product_cat","embeddable":true,"href":"https:\/\/fengchashop.com\/es\/wp-json\/wp\/v2\/product_cat?post=6501"},{"taxonomy":"product_tag","embeddable":true,"href":"https:\/\/fengchashop.com\/es\/wp-json\/wp\/v2\/product_tag?post=6501"}],"curies":[{"name":"wp","href":"https:\/\/api.w.org\/{rel}","templated":true}]}}