{"id":6500,"date":"2022-03-03T20:15:49","date_gmt":"2022-03-03T19:15:49","guid":{"rendered":"https:\/\/fengchashop.com\/es\/product\/kelp-v-prahu-bio\/"},"modified":"2026-05-04T20:45:33","modified_gmt":"2026-05-04T18:45:33","slug":"kelp-en-polvo-bio","status":"publish","type":"product","link":"https:\/\/fengchashop.com\/es\/product\/kelp-en-polvo-bio\/","title":{"rendered":"Kelp en polvo BIO 250 g"},"content":{"rendered":"<h2><span style=\"color: #000000;\">Kelp en polvo BIO<\/span><\/h2>\n<p><span style=\"color: #000000;\">En los mares m\u00e1s fr\u00edos del mundo crece un alga parda llamada kelp. Es especialmente rica en minerales, que absorbe del agua pura del mar m\u00e1s fr\u00edo de Noruega. Estos minerales son extremadamente importantes para nuestro organismo y se ha demostrado en numerosas ocasiones que, sin una cantidad suficiente de ellos, nuestro cuerpo no funciona como deber\u00eda, lo que da lugar a la aparici\u00f3n de diversas enfermedades, tanto de origen f\u00edsico como ps\u00edquico.<\/span><\/p>\n<p><span style=\"color: #000000;\">El kelp es un aut\u00e9ntico tesoro de estos minerales, nutrientes y principios activos que tienen un efecto positivo en nuestro organismo, ya que:<\/span><\/p>\n<p><span style=\"color: #000000;\">\ud83d\udc9a con la ayuda de fitoqu\u00edmicos, elimina del cuerpo <strong>los elementos radiactivos y los metales nocivos<\/strong>, que son un problema cada vez mayor en el entorno contaminado en el que vivimos;<\/span><br \/>\n<span style=\"color: #000000;\">\ud83d\udc9a es una de las fuentes m\u00e1s ricas en yodo, que regula el funcionamiento de la tiroides, mejora el metabolismo y ayuda a combatir el exceso de peso;<\/span><br \/>\n<span style=\"color: #000000;\">\ud83d\udc9a Los minerales del kelp<strong> mejoran el funcionamiento de los \u00f3rganos,<\/strong> especialmente la mezcla beneficiosa de minerales del kelp act\u00faa sobre el coraz\u00f3n y los vasos sangu\u00edneos.<br \/>\n<span style=\"color: #000000;\">\ud83d\udc9a es un excelente <strong>prebi\u00f3tico,<\/strong> alimento para nuestras bacterias intestinales beneficiosas;<\/span><br \/>\n<span style=\"color: #000000;\">\ud83d\udc9a su polisac\u00e1rido xilosa <strong>neutraliza las bacterias y los hongos;<\/strong><\/span><br \/>\n<span style=\"color: #000000;\">\ud83d\udc9a debido a su alcalinidad, es de gran ayuda en el frecuente problema de la <strong>acidificaci\u00f3n del organismo,<\/strong> que provoca un malestar general;<\/span><br \/>\n<span style=\"color: #000000;\">\ud83d\udc9a es un <strong>potente antioxidante;<\/strong><\/span><br \/>\n<span style=\"color: #000000;\">\ud83d\udc9a La galactosa favorece la <strong>buena memoria<\/strong> y<strong> acelera la cicatrizaci\u00f3n de las heridas<\/strong>, y gracias a una mejor absorci\u00f3n del calcio, tambi\u00e9n favorece la salud \u00f3sea.<\/span><\/span><\/p>\n<h2><span style=\"color: #000000;\">\u00bfQu\u00e9 contiene realmente el kelp para que tenga un efecto tan positivo en varios sistemas de nuestro organismo?<\/span><\/h2>\n<p><span style=\"color: #000000;\">El kelp es un alga marr\u00f3n que se utiliza tradicionalmente en algunos lugares con fines alimenticios, pero que tambi\u00e9n ha encontrado su lugar en muchos manuales de salud debido a su gran <strong>riqueza en minerales, amino\u00e1cidos, nutrientes y principios activos<\/strong>. Entre los minerales destacan sin duda el calcio y el magnesio, pero el kelp tambi\u00e9n contiene potasio, yodo, hierro, riboflavina, vitamina B6 y mucha fibra, lo que en total suma 46 minerales diferentes, 16 amino\u00e1cidos y 11 vitaminas. Por lo tanto, no nos sorprende que las algas, entre ellas el kelp, hayan sido objeto de numerosas investigaciones cient\u00edficas en las \u00faltimas d\u00e9cadas. El kelp tambi\u00e9n contiene <strong>\u00e1cido glut\u00e1mico<\/strong>, que ablanda los alimentos ricos en fibra y potencia el sabor de los alimentos que consumimos. Los <strong>fitoqu\u00edmicos<\/strong> se encargan de eliminar las sustancias radiactivas y los metales pesados, por lo que se recomienda el consumo de kelp despu\u00e9s de la radioterapia y la quimioterapia. Los fitoqu\u00edmicos no son ni minerales ni amino\u00e1cidos, sino principios activos que previenen enfermedades. Un principio activo muy conocido es, por ejemplo, el alicino del ajo, que todos sabemos que es un antibi\u00f3tico natural. Las algas marrones tambi\u00e9n contienen dos sustancias importantes, el fucano y la fucoxantina. La primera es una buena medida preventiva en la lucha contra el c\u00e1ncer, mientras que la segunda ayuda a combatir el sobrepeso y mejora el metabolismo y la quema de grasas.<\/span><\/p>\n<p><span style=\"color: #000000;\">El elemento m\u00e1s presente en el kelp es el <strong>yodo<\/strong>, un mineral cuya carencia afecta a muchas personas (sobre todo a las mujeres). El yodo regula el metabolismo y el funcionamiento de la tiroides, por lo que con su ayuda mejoraremos la metabolizaci\u00f3n y controlaremos m\u00e1s f\u00e1cilmente nuestro peso, sobre todo el que se debe a problemas de tiroides. No olvidemos que la tiroides segrega hormonas que controlan la velocidad de los procesos metab\u00f3licos e influye indirectamente en casi todas las funciones corporales. En consecuencia, es uno de los \u00f3rganos m\u00e1s importantes de nuestro cuerpo, por lo que es fundamental que cuidemos su funcionamiento normal y adecuado. A veces basta con una ingesta suficiente de yodo, lo que se puede conseguir con el consumo regular de un complemento alimenticio natural: el kelp. En caso de problemas con la tiroides, consulte a su m\u00e9dico antes de tomar kelp. El kelp, rico en minerales, tambi\u00e9n influye en el funcionamiento de otros \u00f3rganos internos, que tienen un efecto decisivo en la lucha eficaz contra las toxinas y los radicales libres, y de este modo tambi\u00e9n tienen un efecto rejuvenecedor.<\/span><\/p>\n<h2>Almacenamiento y advertencias<\/h2>\n<p>Almacenar en un lugar seco y fresco a una temperatura m\u00e1xima de 25 \u00b0C. \u00a1Mantener el complemento alimenticio fuera del alcance de los ni\u00f1os!<\/p>\n<p>No olvide la importancia de una alimentaci\u00f3n variada y un estilo de vida saludable, por lo que el complemento alimenticio no sustituye a una alimentaci\u00f3n equilibrada y variada. No se debe exceder la dosis diaria recomendada. Recomendamos a las mujeres embarazadas y en periodo de lactancia que consulten siempre a su m\u00e9dico antes de utilizar este producto.<\/p>\n<h2><span style=\"color: #000000;\">Envase<\/span><\/h2>\n<p><span style=\"color: #000000;\">Bolsa herm\u00e9tica con cierre, donde el producto conserva toda su frescura y aroma. El envase protege de la luz y el aire, ya que est\u00e1 compuesto por varias capas de protecci\u00f3n que conservan las propiedades del contenido.<\/span><\/p>\n<p><span style=\"color: #000000;\">El envase es muy pr\u00e1ctico y se puede reciclar.<\/span><\/p>\n<h2><span style=\"color: #000000;\">Origen<\/span><\/h2>\n<p><span style=\"color: #000000;\">Noruega o Canad\u00e1<\/span><\/p>\n","protected":false},"excerpt":{"rendered":"<p align=\"JUSTIFY\">En los mares m\u00e1s fr\u00edos del mundo crece un <strong>alga parda<\/strong> llamada <strong>kelp<\/strong>. Es especialmente rica en minerales, que absorbe del agua pura del mar m\u00e1s fr\u00edo de Noruega. Estos minerales son extremadamente importantes para nuestro organismo y se ha demostrado en numerosas ocasiones que, sin una cantidad suficiente de ellos, nuestro cuerpo no funciona como deber\u00eda, lo que da lugar a diversas enfermedades, tanto de origen f\u00edsico como ps\u00edquico.<\/p>\n<p align=\"JUSTIFY\"><span style=\"color: #000000;\">\ud83d\udc9a Con la ayuda de fitoqu\u00edmicos, elimina <strong>elementos radiactivos<\/strong> y <strong>metales nocivos<\/strong> del cuerpo.<br \/>\n<span style=\"color: #000000;\">\ud83d\udc9a Es una de las fuentes m\u00e1s ricas en yodo, que regula el funcionamiento de la tiroides.<br \/>\n\ud83d\udc9a Es un excelente prebi\u00f3tico, alimento para nuestras bacterias intestinales beneficiosas.<br \/>\n<span style=\"color: #000000;\">\ud83d\udc9a Es una fuente rica en prote\u00ednas vegetales.<\/span><\/span><\/span><\/p>\n<p align=\"JUSTIFY\">\n","protected":false},"featured_media":4182,"comment_status":"open","ping_status":"closed","template":"","meta":{"_acf_changed":false},"product_brand":[],"product_cat":[15,222,195,216],"product_tag":[],"class_list":{"0":"post-6500","1":"product","2":"type-product","3":"status-publish","4":"has-post-thumbnail","6":"product_cat-uncategorized","7":"product_cat-algas-y-hierbas","8":"product_cat-superalimentos","9":"product_cat-todos-los-productos","11":"first","12":"instock","13":"sale","14":"taxable","15":"shipping-taxable","16":"purchasable","17":"product-type-simple"},"acf":[],"_links":{"self":[{"href":"https:\/\/fengchashop.com\/es\/wp-json\/wp\/v2\/product\/6500","targetHints":{"allow":["GET"]}}],"collection":[{"href":"https:\/\/fengchashop.com\/es\/wp-json\/wp\/v2\/product"}],"about":[{"href":"https:\/\/fengchashop.com\/es\/wp-json\/wp\/v2\/types\/product"}],"replies":[{"embeddable":true,"href":"https:\/\/fengchashop.com\/es\/wp-json\/wp\/v2\/comments?post=6500"}],"wp:featuredmedia":[{"embeddable":true,"href":"https:\/\/fengchashop.com\/es\/wp-json\/wp\/v2\/media\/4182"}],"wp:attachment":[{"href":"https:\/\/fengchashop.com\/es\/wp-json\/wp\/v2\/media?parent=6500"}],"wp:term":[{"taxonomy":"product_brand","embeddable":true,"href":"https:\/\/fengchashop.com\/es\/wp-json\/wp\/v2\/product_brand?post=6500"},{"taxonomy":"product_cat","embeddable":true,"href":"https:\/\/fengchashop.com\/es\/wp-json\/wp\/v2\/product_cat?post=6500"},{"taxonomy":"product_tag","embeddable":true,"href":"https:\/\/fengchashop.com\/es\/wp-json\/wp\/v2\/product_tag?post=6500"}],"curies":[{"name":"wp","href":"https:\/\/api.w.org\/{rel}","templated":true}]}}