{"id":6498,"date":"2022-03-03T19:45:27","date_gmt":"2022-03-03T18:45:27","guid":{"rendered":"https:\/\/fengchashop.com\/es\/product\/klorela-tablete-bio\/"},"modified":"2026-05-04T20:46:13","modified_gmt":"2026-05-04T18:46:13","slug":"clorela-en-tabletas-bio","status":"publish","type":"product","link":"https:\/\/fengchashop.com\/es\/product\/clorela-en-tabletas-bio\/","title":{"rendered":"Clorela en tabletas BIO 250 g"},"content":{"rendered":"<h2><span style=\"color: #000000;\">Clorela en comprimidos BIO<\/span><\/h2>\n<p><span style=\"color: #000000;\">La planta m\u00e1s rica en clorofila, que crece en aguas dulces de todo el mundo, se llama clorela. La clorela tiene numerosos efectos positivos para la salud. Tiene un caracter\u00edstico color verde brillante y numerosas propiedades beneficiosas para la salud. Es conocida principalmente como un alga que contiene <strong>una cantidad extraordinaria de prote\u00ednas<\/strong> y una estructura rica y, sobre todo, equilibrada e ideal. Debido a su contenido en betacaroteno, tambi\u00e9n se considera un <strong>excelente desintoxicante<\/strong>. <strong>Nos limpia de sustancias nocivas que son el resultado de la contaminaci\u00f3n del medio ambiente y los alimentos<\/strong> (pesticidas, herbicidas, metales pesados) que consumimos.<\/span><\/p>\n<p><span style=\"color: #000000;\">Es un alga verde microsc\u00f3pica con una estructura equilibrada y, por lo tanto, con m\u00faltiples ventajas:<\/span><\/p>\n<p><span style=\"color: #000000;\">\ud83d\udc9a<strong> Su alto contenido en clorofila<\/strong> desempe\u00f1a un papel importante en la desintoxicaci\u00f3n del organismo.<br \/>\n<span style=\"color: #000000;\">\ud83d\udc9a produce<strong> la prote\u00edna interfer\u00f3n, importante para el funcionamiento \u00f3ptimo del sistema inmunol\u00f3gico,<\/strong><\/span><br \/>\n<span style=\"color: #000000;\">\ud83d\udc9a <strong>tiene un alto contenido en prote\u00ednas<\/strong> (alrededor del 55 %),<br \/>\n<span style=\"color: #000000;\">\ud83d\udc9a contiene <strong>hidratos de carbono, prote\u00ednas, enzimas, minerales y vitaminas<\/strong> esenciales para la vida.<\/span><\/span><\/span><\/p>\n<p><span style=\"color: #000000;\">La clorela y otras algas se consumen principalmente en polvo. Sin embargo, tambi\u00e9n ofrecemos clorela en comprimidos.<\/span><\/p>\n<p><span style=\"color: #000000;\">Nuestra clorela es de cultivo ecol\u00f3gico.<\/span><\/p>\n<h2><span style=\"color: #000000;\">\u00bfPor qu\u00e9 la clorela tiene un efecto tan beneficioso en el organismo humano?<\/span><\/h2>\n<p><span style=\"color: #000000;\"><span style=\"color: #000000;\">La clorela tiene un alto contenido en antioxidantes y clorofila, que se unen a las toxinas del cuerpo y tienen un efecto purificador y desintoxicante extraordinario en el organismo humano. Limpia la sangre, el h\u00edgado y todo el tracto digestivo. Esto mejora la digesti\u00f3n, a lo que tambi\u00e9n contribuye la <strong>enzima digestiva pepsina,<\/strong> que se produce en la clorela y participa en el sistema digestivo. La clorela contiene 18 amino\u00e1cidos, 8 de los cuales son esenciales, lo que significa que tiene una composici\u00f3n proteica ideal. Adem\u00e1s, est\u00e1 llena de vitaminas y minerales, como las vitaminas del grupo B, las vitaminas C, E y K, hierro, calcio, magnesio, f\u00f3sforo y, por supuesto, yodo.<\/span><\/span><\/p>\n<p>Tambi\u00e9n se la conoce como el alga que regula la digesti\u00f3n, ya que favorece el crecimiento de bacterias beneficiosas en el intestino y una buena flora intestinal. Debido a su alto contenido en clorofila, limpia el intestino, el h\u00edgado y la sangre. De este modo, desintoxica todo el cuerpo y tambi\u00e9n ayuda a combatir el estre\u00f1imiento. Una sangre limpia y una digesti\u00f3n regulada tambi\u00e9n influyen favorablemente en el aspecto y la salud de nuestra piel, nuestro \u00f3rgano m\u00e1s grande. La clorela tambi\u00e9n puede ayudar a combatir la <strong>c\u00e1ndida.<\/strong><\/p>\n<p><span style=\"color: #000000;\">La clorela contiene <strong>mucho hierro,<\/strong> que el cuerpo absorbe r\u00e1pidamente y utiliza para sus gl\u00f3bulos rojos. De esta manera, tiene un efecto positivo en los problemas de anemia, fatiga, sobrecarga y malestar. Tambi\u00e9n tiene un efecto beneficioso en personas que se est\u00e1n recuperando de enfermedades prolongadas.<\/span><\/p>\n<p><span style=\"color: #000000;\">El factor de crecimiento de la clorela<strong> acelera la regeneraci\u00f3n celular<\/strong>, por lo que las heridas se curar\u00e1n m\u00e1s r\u00e1pidamente, ser\u00e1s m\u00e1s resistente a las infecciones y tendr\u00e1s m\u00e1s energ\u00eda.<\/span><\/p>\n<h2><span style=\"color: #000000;\">\u00bfA qui\u00e9n va dirigida la clorela?<\/span><\/h2>\n<p><span style=\"color: #000000;\">Al igual que la espirulina, la clorela es un excelente complemento alimenticio para todos, pero es especialmente beneficiosa para quienes no consumen carne ni productos c\u00e1rnicos, para personas desnutridas, ancianos y enfermos. Tambi\u00e9n es adecuada para personas que no consumen suficientes verduras frescas de calidad. Tambi\u00e9n es adecuada para mujeres embarazadas y madres lactantes, que a menudo tienen anemia o bajos niveles de hierro en sangre. Tambi\u00e9n es adecuada para deportistas, ya que ayuda a absorber mejor los nutrientes.<\/span><\/p>\n<p><span style=\"color: #000000;\">Tambi\u00e9n es adecuado para personas que est\u00e1n expuestas a un estr\u00e9s excesivo y, por lo tanto, tienen problemas de concentraci\u00f3n.<\/span><\/p>\n<p><span style=\"color: #000000;\">Est\u00e1 destinado a personas que desean mantener su peso corporal o perder alg\u00fan kilo, por lo que la clorela es un excelente complemento para diversas dietas (adelgazantes). Regula la digesti\u00f3n y nos <strong>aporta importantes nutrientes.<\/strong><\/span><\/p>\n<h2><span style=\"color: #000000;\">Almacenamiento y advertencias<\/span><\/h2>\n<p><span style=\"color: #000000;\">Almacenar en un lugar seco y fresco a una temperatura m\u00e1xima de 25 \u00b0C. Mantener el complemento alimenticio fuera del alcance de los ni\u00f1os.<\/span><\/p>\n<p><span style=\"color: #000000;\">No olvide la importancia de una dieta variada y un estilo de vida saludable, por lo que el complemento alimenticio no sustituye una dieta equilibrada y variada. No se debe exceder la cantidad diaria recomendada. Siempre recomendamos a las mujeres embarazadas y en periodo de lactancia que consulten a su m\u00e9dico antes de usar este producto.<\/span><\/p>\n<p><span style=\"color: #000000;\">La clorela puede contener sulfitos, que est\u00e1n presentes de forma natural en las algas.<\/span><\/p>\n<h2><span style=\"color: #000000;\">Envase<\/span><\/h2>\n<p><span style=\"color: #000000;\">Bolsa herm\u00e9tica con cierre, donde el producto conserva toda su frescura y aroma. El envase protege de la luz y el aire, ya que est\u00e1 compuesto por varias capas de protecci\u00f3n que conservan las propiedades del contenido.<\/span><\/p>\n<p><span style=\"color: #000000;\">El envase es muy pr\u00e1ctico y se puede reciclar.<\/span><\/p>\n<h2><span style=\"color: #000000;\">Origen<\/span><\/h2>\n<p><span style=\"color: #000000;\">China.<\/span><\/p>\n<p><span style=\"color: #000000;\">Contamos con proveedores muy fiables que nos env\u00edan un an\u00e1lisis qu\u00edmico detallado del alimento para cada serie. En m\u00e1s de diez a\u00f1os, no hemos tenido ninguna devoluci\u00f3n ni ning\u00fan otro problema con este art\u00edculo, ni tampoco con otros art\u00edculos del mismo proveedor.<\/span><\/p>\n<p><span style=\"color: #000000;\">El art\u00edculo tiene un certificado 100 % ecol\u00f3gico.<\/span><\/p>\n","protected":false},"excerpt":{"rendered":"<p align=\"JUSTIFY\">La planta m\u00e1s rica en clorofila que crece en aguas dulces de todo el mundo se llama clorela. La clorela tiene numerosos efectos positivos para la salud. Es conocida principalmente como un alga que contiene una cantidad extraordinaria de prote\u00ednas y una estructura rica y, sobre todo, equilibrada e ideal. Debido a su contenido en betacaroteno, tambi\u00e9n se considera un excelente desintoxicante. Nos limpia de sustancias nocivas que son el resultado de la contaminaci\u00f3n del medio ambiente y los alimentos (pesticidas, herbicidas, metales pesados) que consumimos.<\/p>\n<p align=\"JUSTIFY\"><span style=\"color: #000000;\">\ud83d\udc9a Ayuda a desintoxicar el cuerpo.<br \/>\n<span style=\"color: #000000;\">\ud83d\udc9a Tiene un alto contenido en antioxidantes y clorofila.<br \/>\n<span style=\"color: #000000;\">\ud83d\udc9a Limpia el intestino, el h\u00edgado y la sangre.<br \/>\n<span style=\"color: #000000;\">\ud83d\udc9a Es una fuente rica en prote\u00ednas vegetales.<\/span><\/span><\/span><\/span><\/p>\n<p align=\"JUSTIFY\">\n","protected":false},"featured_media":4168,"comment_status":"open","ping_status":"closed","template":"","meta":{"_acf_changed":false},"product_brand":[],"product_cat":[15,222,225,195,216],"product_tag":[],"class_list":{"0":"post-6498","1":"product","2":"type-product","3":"status-publish","4":"has-post-thumbnail","6":"product_cat-uncategorized","7":"product_cat-algas-y-hierbas","8":"product_cat-oferta-especial","9":"product_cat-superalimentos","10":"product_cat-todos-los-productos","12":"first","13":"instock","14":"sale","15":"taxable","16":"shipping-taxable","17":"purchasable","18":"product-type-simple"},"acf":[],"_links":{"self":[{"href":"https:\/\/fengchashop.com\/es\/wp-json\/wp\/v2\/product\/6498","targetHints":{"allow":["GET"]}}],"collection":[{"href":"https:\/\/fengchashop.com\/es\/wp-json\/wp\/v2\/product"}],"about":[{"href":"https:\/\/fengchashop.com\/es\/wp-json\/wp\/v2\/types\/product"}],"replies":[{"embeddable":true,"href":"https:\/\/fengchashop.com\/es\/wp-json\/wp\/v2\/comments?post=6498"}],"wp:featuredmedia":[{"embeddable":true,"href":"https:\/\/fengchashop.com\/es\/wp-json\/wp\/v2\/media\/4168"}],"wp:attachment":[{"href":"https:\/\/fengchashop.com\/es\/wp-json\/wp\/v2\/media?parent=6498"}],"wp:term":[{"taxonomy":"product_brand","embeddable":true,"href":"https:\/\/fengchashop.com\/es\/wp-json\/wp\/v2\/product_brand?post=6498"},{"taxonomy":"product_cat","embeddable":true,"href":"https:\/\/fengchashop.com\/es\/wp-json\/wp\/v2\/product_cat?post=6498"},{"taxonomy":"product_tag","embeddable":true,"href":"https:\/\/fengchashop.com\/es\/wp-json\/wp\/v2\/product_tag?post=6498"}],"curies":[{"name":"wp","href":"https:\/\/api.w.org\/{rel}","templated":true}]}}