{"id":6496,"date":"2022-03-03T19:05:37","date_gmt":"2022-03-03T18:05:37","guid":{"rendered":"https:\/\/fengchashop.com\/es\/product\/maca-v-prahu-bio\/"},"modified":"2026-05-04T21:01:04","modified_gmt":"2026-05-04T19:01:04","slug":"maca-en-polvo-bio","status":"publish","type":"product","link":"https:\/\/fengchashop.com\/es\/product\/maca-en-polvo-bio\/","title":{"rendered":"Maca en polvo BIO 500 g"},"content":{"rendered":"<h2><span style=\"color: #000000;\">Maca en polvo BIO<\/span><\/h2>\n<p><span style=\"color: #000000;\">La maca es una planta de ra\u00edz que crece en las tierras altas de Per\u00fa y los Andes, expuesta a condiciones clim\u00e1ticas extremas y grandes diferencias de temperatura entre el d\u00eda y la noche. Tambi\u00e9n se la conoce como <strong>ginseng peruano<\/strong>. Debido a su capacidad pr\u00e1cticamente insuperable para sobrevivir, los antiguos incas ya aprovechaban sus principios activos, que tienen un efecto especialmente beneficioso sobre la potencia sexual masculina y una influencia positiva sobre el estado de salud general. Precisamente por esto se considera un superalimento extremadamente valioso.<\/span><\/p>\n<p><span style=\"color: #000000;\">La parte medicinal de la maca es el tub\u00e9rculo, que<strong> contiene muchas vitaminas, minerales y amino\u00e1cidos.<\/strong> Gracias a sus sustancias, que act\u00faan de forma similar a las hormonas, regula los niveles de estr\u00f3geno y progesterona o testosterona, lo que influye positivamente en nuestro bienestar y nos da fuerza y resistencia. Su contenido en vitaminas importantes, como la vitamina B1, B12, C y E, as\u00ed como de \u00e1cidos grasos, minerales y amino\u00e1cidos (entre ellos 7 esenciales, que nuestro cuerpo necesita imperiosamente), la maca es uno de los superalimentos naturales m\u00e1s eficaces, deseados y recomendados, con una tradici\u00f3n milenaria.<\/span><\/p>\n<p>Es una planta adapt\u00f3gena que aumenta la energ\u00eda, la resistencia, la vitalidad y la fuerza f\u00edsica. Nos ayuda a responder al estr\u00e9s y a adaptarnos m\u00e1s f\u00e1cilmente a los cambios. Crece principalmente en los Andes, en el centro de Per\u00fa, en condiciones dif\u00edciles y a altitudes muy elevadas, por encima de los 4000 metros. Es una cruc\u00edfera, como el br\u00f3coli, la coliflor, la col, el repollo, la col rizada y el r\u00e1bano. La parte m\u00e1s comestible de la planta es la ra\u00edz o el tub\u00e9rculo. Existe en varios colores, desde el blanco hasta el negro. Los m\u00e1s populares son el amarillo, el rojo y el negro. La maca amarilla com\u00fan se utiliza para el consumo diario y prolongado. La maca roja y la negra se consideran variedades sagradas y se utilizan para problemas terap\u00e9uticos cr\u00f3nicos.<\/p>\n<p><span style=\"color: #000000;\">Tiene un sabor muy dulce y un amplio espectro de uso.<\/span><\/p>\n<p><span style=\"color: #000000;\">Nuestra maca es <strong>100 % ecol\u00f3gica.<\/strong><\/span><\/p>\n<h2><span style=\"color: #000000;\">\u00bfCu\u00e1les son las propiedades clave que nos ofrece la maca?<\/span><\/h2>\n<p><strong><span style=\"color: #000000;\">Es muy nutritiva<\/span><\/strong><\/p>\n<p><span style=\"color: #000000;\">La maca es una excelente fuente de varias vitaminas y minerales importantes, como vitamina C, A, E, B2, B6, B12, cobre, magnesio, selenio, calcio, potasio, sodio, f\u00f3sfor, manganeso y hierro. Es una buena fuente de carbohidratos, amino\u00e1cidos y grasas, y contiene bastante fibra y otros fitonutrientes. Tambi\u00e9n contiene diversos compuestos vegetales, como glucosinolatos, polifenoles y fitoesteroles, que inhiben la absorci\u00f3n del colesterol e incluso pueden reducir su nivel en sangre.<\/span><\/p>\n<p><strong><span style=\"color: #000000;\">Aumenta la libido<\/span><\/strong><\/p>\n<p><span style=\"color: #000000;\">Aumenta el deseo sexual en hombres y mujeres. Es un afrodis\u00edaco natural. Elimina los trastornos de la erecci\u00f3n. La maca es eficaz para mejorar el deseo sexual y esta afirmaci\u00f3n est\u00e1 respaldada por diversas investigaciones. Una investigaci\u00f3n de 2010, que incluy\u00f3 cuatro estudios cl\u00ednicos con un total de 131 participantes, demostr\u00f3 que la maca mejora el deseo sexual despu\u00e9s de al menos seis semanas de consumo. Otro estudio demostr\u00f3 que la maca reduce la disfunci\u00f3n sexual causada por los medicamentos para tratar la depresi\u00f3n.<\/span><\/p>\n<p><strong><span style=\"color: #000000;\">Aumenta la fertilidad<\/span><\/strong><\/p>\n<p><span style=\"color: #000000;\">La maca aumenta la fertilidad en hombres y mujeres. Una revisi\u00f3n de cinco peque\u00f1os estudios demostr\u00f3 que la maca aumenta la producci\u00f3n de esperma y mejora la calidad del semen en hombres inf\u00e9rtiles, pero por lo dem\u00e1s sanos. Tras cuatro meses de consumo de maca, aument\u00f3 el volumen, el n\u00famero y la motilidad de los espermatozoides. En las mujeres, regula el ciclo menstrual y alivia los s\u00edntomas del s\u00edndrome premenstrual y los dolores menstruales.<\/span><\/p>\n<p><strong><span style=\"color: #000000;\">Reduce el tama\u00f1o de la pr\u00f3stata<\/span><\/strong><\/p>\n<p><span style=\"color: #000000;\">Algunos estudios han demostrado que la maca roja reduce el tama\u00f1o de la pr\u00f3stata, ya que contiene una gran cantidad de glucosinolatos. Estos tambi\u00e9n se asocian con un menor riesgo de desarrollar c\u00e1ncer de pr\u00f3stata y una pr\u00f3stata m\u00e1s sana.<\/span><\/p>\n<p><strong><span style=\"color: #000000;\">Equilibrio hormonal<\/span><\/strong><\/p>\n<p><span style=\"color: #000000;\">Apoya el sistema endocrino, que, entre otras cosas, se encarga del transporte de ox\u00edgeno por el cuerpo. Estimula el funcionamiento correcto de las gl\u00e1ndulas (hipot\u00e1lamo, hip\u00f3fisis, gl\u00e1ndula suprarrenal, tiroides) y, con ello, estimula la producci\u00f3n de hormonas (progesterona, testosterona, DHEA) y regula el funcionamiento de todo el sistema hormonal. El funcionamiento correcto del sistema endocrino tambi\u00e9n est\u00e1 relacionado con el funcionamiento correcto del sistema inmunol\u00f3gico. Si se rompe el equilibrio en cualquier parte del sistema endocrino, se reduce la capacidad de nuestro mecanismo de defensa.<\/span><\/p>\n<p><strong><span style=\"color: #000000;\">Alivia los s\u00edntomas de la menopausia y la andropausia (la llamada menopausia masculina)<\/span><\/strong><\/p>\n<p><span style=\"color: #000000;\">La disminuci\u00f3n natural de estr\u00f3genos que se produce durante la menopausia puede provocar una serie de s\u00edntomas desagradables, como sofocos, sequedad vaginal, cambios de humor, problemas para dormir e irritabilidad. Un estudio realizado en mujeres menop\u00e1usicas demostr\u00f3 que la maca ayudaba a aliviar los s\u00edntomas de la menopausia, incluidos los sofocos y los problemas para dormir. La maca tambi\u00e9n ayuda a proteger la salud \u00f3sea y reduce el riesgo de osteoporosis. Retrasa los procesos de envejecimiento.<\/span><\/p>\n<p><strong><span style=\"color: #000000;\">Mejora el estado de \u00e1nimo<\/span><\/strong><\/p>\n<p><span style=\"color: #000000;\">Varios estudios han demostrado que la maca puede mejorar el estado de \u00e1nimo y el bienestar mental, ya que contiene flavonoides. Tambi\u00e9n reduce la ansiedad y los s\u00edntomas de la depresi\u00f3n, especialmente en mujeres menop\u00e1usicas. Ayuda a reducir el estr\u00e9s y la tensi\u00f3n nerviosa, ya que aumenta la cantidad de ox\u00edgeno en la sangre.<\/span><\/p>\n<p><strong><span style=\"color: #000000;\">Aumenta la energ\u00eda y el rendimiento deportivo<\/span><\/strong><\/p>\n<p><span style=\"color: #000000;\">La maca tambi\u00e9n es muy popular entre los deportistas. Ayuda a ganar masa muscular, aumentar la fuerza, la energ\u00eda y la resistencia, y mejorar la eficacia del entrenamiento. El consumo de maca puede mejorar el rendimiento f\u00edsico, especialmente durante los entrenamientos de resistencia. Ayuda a combatir la fatiga cr\u00f3nica. Aumenta la vitalidad del cuerpo y la energ\u00eda f\u00edsica y mental.<\/span><\/p>\n<p><strong><span style=\"color: #000000;\">Tiene un efecto positivo sobre el aprendizaje y la memoria<\/span><\/strong><\/p>\n<p><span style=\"color: #000000;\">La maca puede mejorar el funcionamiento del cerebro y tambi\u00e9n tiene un efecto beneficioso sobre el aprendizaje, la concentraci\u00f3n y la memoria. Tradicionalmente, los habitantes de Per\u00fa la utilizaban para mejorar el rendimiento escolar de los ni\u00f1os. En este caso, la maca negra ha demostrado ser la m\u00e1s eficaz.<\/span><\/p>\n<h2><span style=\"color: #000000;\">\u00bfPara qu\u00e9 problemas ayuda y a qui\u00e9n se la recomendamos?<\/span><\/h2>\n<p><span style=\"color: #000000;\">La maca es una planta adapt\u00f3gena, lo que significa que se adapta de alguna manera a las necesidades de cada persona. Los adapt\u00f3genos fortalecen los sistemas org\u00e1nicos (respiratorio, digestivo, urinario&#8230;), pero al mismo tiempo no los estimulan en exceso ni interfieren de ninguna otra manera en su funcionamiento. Recomendamos su consumo a personas que necesitan ayuda para:<\/span><\/p>\n<p><span style=\"color: #000000;\">\ud83d\udc9a superar problemas de <strong>altibajos emocionales,<\/strong><\/span><br \/>\n<span style=\"color: #000000;\">\ud83d\udc9a infertilidad y problemas de<strong> menopausia,<\/strong><\/span><br \/>\n<span style=\"color: #000000;\">\ud83d\udc9a lograr una mayor <strong>eficacia f\u00edsica y mental,<\/strong><\/span><br \/>\n<span style=\"color: #000000;\">\ud83d\udc9a aumentar la <strong>potencia sexual,<\/strong><\/span><br \/>\n<span style=\"color: #000000;\">\ud83d\udc9a muchos otros problemas de salud.<\/span><\/p>\n<h2><span style=\"color: #000000;\">\u00bfPor qu\u00e9 pedir precisamente nuestra maca?<\/span><\/h2>\n<p><span style=\"color: #000000;\"><span style=\"color: #000000;\">Nuestra maca en polvo procede de <strong>cultivos ecol\u00f3gicos controlados,<\/strong> se seca cuidadosamente y se muele hasta obtener un polvo similar a la harina. Adem\u00e1s, nos aseguramos regularmente de que nuestras existencias de maca <strong>est\u00e9n siempre frescas. <\/strong>Por eso preparamos cuidadosamente la mezcla nosotros mismos, ya que solo as\u00ed podemos garantizar su impecabilidad con ingredientes frescos en la proporci\u00f3n adecuada.<\/span><\/span><\/p>\n<p><span style=\"color: #000000;\">La maca procede de <strong>granjas ecol\u00f3gicas<\/strong> situadas en las altas monta\u00f1as de Per\u00fa. Disponemos de an\u00e1lisis y certificados v\u00e1lidos para cada serie.<\/span><\/p>\n<h2><span style=\"color: #000000;\">Valores nutricionales<\/span><\/h2>\n<p><span style=\"color: #000000;\">Valores nutricionales medios por cada 100 g de maca: valor energ\u00e9tico: 1431 kJ\/342 kcal; grasas: 1 g, de las cuales saturadas: 1 g; hidratos de carbono: 69,8 g, de los cuales az\u00facares: 30 g; prote\u00ednas: 13,72 g y sales: &lt;0,1 g.<\/span><\/p>\n<h2><span style=\"color: #000000;\">Almacenamiento y advertencias<\/span><\/h2>\n<p><span style=\"color: #000000;\">Almacenar en un lugar seco y fresco a una temperatura m\u00e1xima de 25 \u00b0C. \u00a1Mantenga el complemento alimenticio fuera del alcance de los ni\u00f1os!<\/span><\/p>\n<p><span style=\"color: #000000;\">No olvide la importancia de una dieta variada y un estilo de vida saludable, por lo que el complemento alimenticio no sustituye una dieta equilibrada y variada. No se debe exceder la dosis diaria recomendada. Se recomienda a las mujeres embarazadas y en periodo de lactancia que consulten siempre a su m\u00e9dico antes de utilizar este producto.<\/span><\/p>\n<h2><span style=\"color: #000000;\">Envase<\/span><\/h2>\n<p><span style=\"color: #000000;\">Bolsa herm\u00e9tica con cierre, donde el producto conserva toda su frescura y aroma. El envase protege de la luz y el aire, ya que est\u00e1 compuesto por varias capas de protecci\u00f3n que conservan las propiedades del contenido.<\/span><\/p>\n<p><span style=\"color: #000000;\">El envase es muy pr\u00e1ctico y permite su reciclaje.<\/span><\/p>\n<h2><span style=\"color: #000000;\">Origen<\/span><\/h2>\n<p><span style=\"color: #000000;\">Per\u00fa<\/span><\/p>\n","protected":false},"excerpt":{"rendered":"<p align=\"JUSTIFY\">La maca es una planta de ra\u00edz que crece en las alturas andinas de Per\u00fa, expuesta a <strong>condiciones clim\u00e1ticas extremas<\/strong> y grandes diferencias de temperatura entre el d\u00eda y la noche. La parte medicinal de la maca es el tub\u00e9rculo, que contiene gran cantidad de <strong>vitaminas, minerales y amino\u00e1cidos<\/strong>. Debido a su contenido en vitaminas importantes, como la B1, la B12, la C y la E, as\u00ed como en \u00e1cidos grasos, minerales y amino\u00e1cidos, la maca es uno de los superalimentos naturales m\u00e1s eficaces, deseados y recomendados, con una tradici\u00f3n milenaria.<br \/>\n\ud83d\udc9a Aumenta la libido.<br \/>\n\ud83d\udc9a Alivia los s\u00edntomas de la menopausia y la andropausia.<br \/>\n\ud83d\udc9a Mejora el estado de \u00e1nimo, alivia el estr\u00e9s y la ansiedad.<br \/>\n\ud83d\udc9a Aumenta la energ\u00eda.<\/p>\n","protected":false},"featured_media":4103,"comment_status":"open","ping_status":"closed","template":"","meta":{"_acf_changed":false},"product_brand":[],"product_cat":[15,195,216],"product_tag":[],"class_list":{"0":"post-6496","1":"product","2":"type-product","3":"status-publish","4":"has-post-thumbnail","6":"product_cat-uncategorized","7":"product_cat-superalimentos","8":"product_cat-todos-los-productos","10":"first","11":"instock","12":"taxable","13":"shipping-taxable","14":"purchasable","15":"product-type-simple"},"acf":[],"_links":{"self":[{"href":"https:\/\/fengchashop.com\/es\/wp-json\/wp\/v2\/product\/6496","targetHints":{"allow":["GET"]}}],"collection":[{"href":"https:\/\/fengchashop.com\/es\/wp-json\/wp\/v2\/product"}],"about":[{"href":"https:\/\/fengchashop.com\/es\/wp-json\/wp\/v2\/types\/product"}],"replies":[{"embeddable":true,"href":"https:\/\/fengchashop.com\/es\/wp-json\/wp\/v2\/comments?post=6496"}],"wp:featuredmedia":[{"embeddable":true,"href":"https:\/\/fengchashop.com\/es\/wp-json\/wp\/v2\/media\/4103"}],"wp:attachment":[{"href":"https:\/\/fengchashop.com\/es\/wp-json\/wp\/v2\/media?parent=6496"}],"wp:term":[{"taxonomy":"product_brand","embeddable":true,"href":"https:\/\/fengchashop.com\/es\/wp-json\/wp\/v2\/product_brand?post=6496"},{"taxonomy":"product_cat","embeddable":true,"href":"https:\/\/fengchashop.com\/es\/wp-json\/wp\/v2\/product_cat?post=6496"},{"taxonomy":"product_tag","embeddable":true,"href":"https:\/\/fengchashop.com\/es\/wp-json\/wp\/v2\/product_tag?post=6496"}],"curies":[{"name":"wp","href":"https:\/\/api.w.org\/{rel}","templated":true}]}}