{"id":6494,"date":"2022-03-03T18:31:11","date_gmt":"2022-03-03T17:31:11","guid":{"rendered":"https:\/\/fengchashop.com\/es\/product\/spirulina-v-prahu-bio\/"},"modified":"2026-05-04T08:06:45","modified_gmt":"2026-05-04T06:06:45","slug":"espirulina-en-polvo-bio","status":"publish","type":"product","link":"https:\/\/fengchashop.com\/es\/product\/espirulina-en-polvo-bio\/","title":{"rendered":"Espirulina en polvo BIO 250 g"},"content":{"rendered":"<h2><span style=\"color: #000000;\">Espirulina en polvo BIO<\/span><\/h2>\n<p><span style=\"color: #000000;\">Las aguas ricas en minerales de los c\u00e1lidos mares tropicales son el h\u00e1bitat ideal para la espirulina, una alga conocida como superalimento natural. Recibe su nombre por su forma espiral y se considera una de las primeras formas de vida en la Tierra. Ya era muy popular y apreciada entre los aztecas. Tradicionalmente se utilizaba para preparar guisos y diversos pasteles, y se consum\u00eda para obtener fuerza y resistencia. Sin embargo, la espirulina ha recuperado su popularidad en los \u00faltimos a\u00f1os. De hecho, se considera uno de los mejores y m\u00e1s populares superalimentos desde hace ya varios a\u00f1os. Ha sido aprobada por la FDA y la OMS, y se recomienda su consumo a los astronautas en misiones espaciales. La espirulina est\u00e1 llena de minerales y sales del mar y los oc\u00e9anos. Estos contienen los mismos minerales que la sangre humana. Las algas contienen <strong>vitaminas y minerales<\/strong> naturales que el cuerpo<strong> digiere f\u00e1cilmente.<\/strong><\/span><\/p>\n<p><span style=\"color: #000000;\">La espirulina y otras algas se consumen principalmente en forma de polvo. Tambi\u00e9n ofrecemos espirulina en comprimidos.<\/span><\/p>\n<p><span style=\"color: #000000;\">Nuestra espirulina es de cultivo ecol\u00f3gico.<\/span><\/p>\n<h2><span style=\"color: #000000;\">\u00bfCu\u00e1les son los beneficios de la espirulina?<\/span><\/h2>\n<p><span style=\"color: #000000;\"><span style=\"color: #000000;\">Contiene <strong>clorofila,<\/strong> un alto porcentaje de prote\u00ednas, todos los <strong>amino\u00e1cidos esenciales<\/strong> y solo un peque\u00f1o porcentaje de grasas, principalmente insaturadas. A veces llamamos al clorofilo \u00absangre verde\u00bb, ya que su composici\u00f3n molecular es muy similar a la de la hemoglobina y, por lo tanto, es muy beneficiosa para nosotros, ya que mejora el cuadro sangu\u00edneo. La espirulina tambi\u00e9n es muy f\u00e1cil de digerir gracias a su pared celular, que est\u00e1 compuesta por mucopolisac\u00e1ridos digeribles (y no de celulosa, como en otras plantas). Entre los amino\u00e1cidos, el m\u00e1s importante es el <strong>\u00e1cido gamma-linol\u00e9nico<\/strong> (GLA), que solo se encuentra en la leche materna, el aceite de camelina, las semillas de c\u00e1\u00f1amo y algunas otras algas. Esta tiene un efecto antiinflamatorio, ayuda a reducir la presi\u00f3n arterial, mejora el funcionamiento del sistema nervioso y previene la aparici\u00f3n de alergias, ya que estimula una respuesta saludable a los al\u00e9rgenos. Tambi\u00e9n contiene <strong>ficocianina<\/strong>, que estimula la producci\u00f3n de c\u00e9lulas madre.<\/span><\/span><\/p>\n<p><span style=\"color: #000000;\">Tambi\u00e9n tiene un efecto beneficioso sobre la digesti\u00f3n, estimula el crecimiento de bacterias buenas en el intestino y mejora la flora intestinal. La espirulina es un excelente complemento para una alimentaci\u00f3n saludable y para diversas dietas (adelgazantes).<\/span><\/p>\n<p><span style=\"color: #000000;\">La espirulina es una fuente natural rica en potasio, as\u00ed como en hierro, calcio, zinc, sodio, manganeso, magnesio, selenio, yodo, cromo e incluso azufre. Tambi\u00e9n contiene betacarotenos y electrolitos. Entre las vitaminas, las m\u00e1s importantes son la A1, B1, B2, B3, B6, B9, B12, C, D y E.<\/span><\/p>\n<p>Adem\u00e1s de lo anterior, cabe mencionar que la espirulina tambi\u00e9n tiene un efecto beneficioso sobre el cabello y la piel. Previene la ca\u00edda excesiva del cabello, lo fortalece y elimina la caspa. Calma la piel, le devuelve la elasticidad y retrasa el envejecimiento. Con un cuarto de cucharadita de espirulina y unas gotas de agua, puede preparar una mascarilla facial que se aplica sobre la piel limpia del rostro y se deja actuar durante 20 minutos. A continuaci\u00f3n, acl\u00e1rela bien y humedezca la piel con crema. Puede repetir el proceso 2-3 veces por semana.<\/p>\n<h2><span style=\"color: #000000;\">\u00bfPor qu\u00e9 se considera la espirulina un superalimento y por qu\u00e9 es bueno consumirla?<\/span><\/h2>\n<p><span style=\"color: #000000;\">La espirulina tiene una composici\u00f3n \u00fanica que incluye una alta cantidad de prote\u00ednas vegetales (tambi\u00e9n prote\u00ednas esenciales y amino\u00e1cidos), vitaminas, minerales y otros importantes principios activos. Su composici\u00f3n \u00fanica nutre completamente las c\u00e9lulas del organismo humano. Adem\u00e1s, estimula el fortalecimiento del sistema inmunol\u00f3gico, alivia los s\u00edntomas de las alergias, ya que reduce la secreci\u00f3n de histamina, protege contra infecciones por diversos microbios y tiene propiedades probi\u00f3ticas. Elimina los metales pesados del cuerpo y, por lo tanto, lo desintoxica.<\/span><\/p>\n<p><span style=\"color: #000000;\">Tambi\u00e9n la consideramos un superalimento porque tiene una alta proporci\u00f3n de prote\u00ednas eficaces, ya que las prote\u00ednas de la espirulina son f\u00e1cilmente digeribles y el cuerpo puede utilizarlas eficazmente en sus procesos.<\/span><\/p>\n<p><span style=\"color: #000000;\">La espirulina es una planta microsc\u00f3pica de color azul verdoso que es muy recomendable consumir, ya que:<\/span><\/p>\n<p><span style=\"color: #000000;\">\ud83d\udc9a contiene todo el espectro de micronutrientes que nutren el cuerpo y la mente,<\/span><br \/>\n<span style=\"color: #000000;\">\ud83d\udc9a <strong>fortalece el sistema inmunol\u00f3gico<\/strong>, ya que es un potente antioxidante,<\/span><br \/>\n<span style=\"color: #000000;\">\ud83d\udc9a <strong>desintoxica el cuerpo<\/strong>, ya que se une a las toxinas,<\/span><br \/>\n<span style=\"color: #000000;\">\ud83d\udc9a controla el apetito y ayuda a controlar el peso corporal,<\/span><br \/>\n<span style=\"color: #000000;\">\ud83d\udc9a es una fuente rica en prote\u00ednas vegetales, ya que contiene entre un 60 y un 70 % de ellas.<\/span><\/p>\n<h2><span style=\"color: #000000;\">Almacenamiento y advertencias<\/span><\/h2>\n<p><span style=\"color: #000000;\">Almacenar en un lugar seco y fresco a una temperatura m\u00e1xima de 25 \u00b0C. Mantener el complemento alimenticio fuera del alcance de los ni\u00f1os.<\/span><\/p>\n<p><span style=\"color: #000000;\">No olvide la importancia de una dieta variada y un estilo de vida saludable, por lo que el complemento alimenticio no sustituye una dieta equilibrada y variada. No se debe exceder la dosis diaria recomendada. Se recomienda a las mujeres embarazadas y en periodo de lactancia que consulten siempre a su m\u00e9dico antes de utilizar este producto.<\/span><\/p>\n<h2><span style=\"color: #000000;\">Envase<\/span><\/h2>\n<p><span style=\"color: #000000;\">Bolsa herm\u00e9tica con cierre, donde el producto conserva toda su frescura y aroma. El envase protege de la luz y el aire, ya que est\u00e1 compuesto por varias capas de protecci\u00f3n que conservan las propiedades del contenido.<\/span><\/p>\n<p><span style=\"color: #000000;\">El envase es muy pr\u00e1ctico y se puede reciclar.<\/span><\/p>\n<h2><span style=\"color: #000000;\">Origen<\/span><\/h2>\n<p><span style=\"color: #000000;\">China.<\/span><\/p>\n<p><span style=\"color: #000000;\">Contamos con proveedores muy fiables que nos env\u00edan un an\u00e1lisis qu\u00edmico detallado de los alimentos para cada serie. En m\u00e1s de diez a\u00f1os, no hemos tenido ninguna devoluci\u00f3n ni ning\u00fan otro problema con este art\u00edculo, ni tampoco con otros art\u00edculos del mismo proveedor.<\/span><\/p>\n<p><span style=\"color: #000000;\">El art\u00edculo tiene un certificado 100 % ecol\u00f3gico.<\/span><\/p>\n","protected":false},"excerpt":{"rendered":"<p align=\"JUSTIFY\">En las aguas ricas en minerales del c\u00e1lido mar tropical crece mejor la alga espirulina, conocida como superalimento natural. La espirulina est\u00e1 llena de minerales y sales del mar y los oc\u00e9anos. Estos contienen los mismos minerales que la sangre humana. Las algas contienen vitaminas y minerales naturales que el cuerpo digiere f\u00e1cilmente.<\/p>\n<p align=\"JUSTIFY\"><span style=\"color: #000000;\">\ud83d\udc9a Fortalece el sistema inmunol\u00f3gico, ya que es un potente antioxidante.<br \/>\n<span style=\"color: #000000;\">\ud83d\udc9a Desintoxica el cuerpo, ya que se une a las toxinas.<br \/>\n<span style=\"color: #000000;\">\ud83d\udc9a Controla el apetito y ayuda a controlar el peso corporal.<br \/>\n<span style=\"color: #000000;\">\ud83d\udc9a Es una fuente rica en prote\u00ednas vegetales.<\/span><\/span><\/span><\/span><\/p>\n<p align=\"JUSTIFY\">\n","protected":false},"featured_media":4302,"comment_status":"open","ping_status":"closed","template":"","meta":{"_acf_changed":false},"product_brand":[],"product_cat":[15,222,225,195,216],"product_tag":[],"class_list":{"0":"post-6494","1":"product","2":"type-product","3":"status-publish","4":"has-post-thumbnail","6":"product_cat-uncategorized","7":"product_cat-algas-y-hierbas","8":"product_cat-oferta-especial","9":"product_cat-superalimentos","10":"product_cat-todos-los-productos","12":"first","13":"instock","14":"sale","15":"taxable","16":"shipping-taxable","17":"purchasable","18":"product-type-simple"},"acf":[],"_links":{"self":[{"href":"https:\/\/fengchashop.com\/es\/wp-json\/wp\/v2\/product\/6494","targetHints":{"allow":["GET"]}}],"collection":[{"href":"https:\/\/fengchashop.com\/es\/wp-json\/wp\/v2\/product"}],"about":[{"href":"https:\/\/fengchashop.com\/es\/wp-json\/wp\/v2\/types\/product"}],"replies":[{"embeddable":true,"href":"https:\/\/fengchashop.com\/es\/wp-json\/wp\/v2\/comments?post=6494"}],"wp:featuredmedia":[{"embeddable":true,"href":"https:\/\/fengchashop.com\/es\/wp-json\/wp\/v2\/media\/4302"}],"wp:attachment":[{"href":"https:\/\/fengchashop.com\/es\/wp-json\/wp\/v2\/media?parent=6494"}],"wp:term":[{"taxonomy":"product_brand","embeddable":true,"href":"https:\/\/fengchashop.com\/es\/wp-json\/wp\/v2\/product_brand?post=6494"},{"taxonomy":"product_cat","embeddable":true,"href":"https:\/\/fengchashop.com\/es\/wp-json\/wp\/v2\/product_cat?post=6494"},{"taxonomy":"product_tag","embeddable":true,"href":"https:\/\/fengchashop.com\/es\/wp-json\/wp\/v2\/product_tag?post=6494"}],"curies":[{"name":"wp","href":"https:\/\/api.w.org\/{rel}","templated":true}]}}