{"id":6491,"date":"2022-03-03T09:33:34","date_gmt":"2022-03-03T08:33:34","guid":{"rendered":"https:\/\/fengchashop.com\/es\/product\/mucuna-pruriens-bio\/"},"modified":"2026-05-04T10:55:02","modified_gmt":"2026-05-04T08:55:02","slug":"mucuna-pruriens-bio","status":"publish","type":"product","link":"https:\/\/fengchashop.com\/es\/product\/mucuna-pruriens-bio\/","title":{"rendered":"Mucuna pruriens BIO 250 g"},"content":{"rendered":"<h2><span style=\"color: #000000;\">Mucuna pruriens BIO en polvo<\/span><\/h2>\n<p><span style=\"color: #000000;\">La Mucuna pruriens es una leguminosa tropical originaria de \u00c1frica y Asia tropical. En nuestra regi\u00f3n tambi\u00e9n se la conoce con el nombre de frijol terciopelo. La planta es conocida por su <strong>alto contenido en l-dopa o levodopa<\/strong>, que es la forma metab\u00f3lica de la dopamina. En otras palabras, se trata de un precursor del neurotransmisor llamado dopamina. La producci\u00f3n insuficiente de dopamina es la causa de los s\u00edntomas de la enfermedad de Parkinson. A menudo se alivia con medicamentos que contienen el precursor de la dopamina, ya que, a diferencia de la dopamina, este puede atravesar la barrera hematoencef\u00e1lica y, por lo tanto, <strong>alivia los s\u00edntomas de la enfermedad de Parkinson<\/strong>.<\/span><\/p>\n<p><span style=\"color: #000000;\">La mucuna pruriens es muy popular en la medicina ayurv\u00e9dica desde hace m\u00e1s de 4500 a\u00f1os, donde es conocida por su capacidad para aliviar significativamente la neurotoxicidad causada por la enfermedad de Parkinson. En algunos lugares tambi\u00e9n se utiliza tradicionalmente como ant\u00eddoto contra las mordeduras de algunas serpientes venenosas.<\/span><\/p>\n<p>La Mucuna pruriens tambi\u00e9n tiene otro efecto interesante, ya que influye en la calidad del esperma de los hombres inf\u00e9rtiles. Las pruebas disponibles hasta la fecha indican que puede influir en la movilidad y la concentraci\u00f3n del esperma, mejorando as\u00ed la fertilidad. Tambi\u00e9n ayuda a resolver los problemas sexuales de las mujeres.<\/p>\n<h2><span style=\"color: #000000;\">\u00bfA qui\u00e9n recomendamos tomar mucuna pruriens?<\/span><\/h2>\n<p><span style=\"color: #000000;\">Dado que la mucuna pruriens es una fuente natural de l-dopa, se la puede recomendar a todas las personas que padecen la <strong>enfermedad de Parkinson<\/strong>. Como alivio adicional o inicial de los s\u00edntomas de esta grave enfermedad. Por supuesto, en estos casos siempre bajo el consejo y la supervisi\u00f3n de un m\u00e9dico.<\/span><\/p>\n<p>Tambi\u00e9n se puede utilizar para ayudar en la infertilidad masculina, ya que influye en la cantidad y la calidad del esperma.<\/p>\n<p><span style=\"color: #000000;\">Tambi\u00e9n es una ayuda excelente para el sistema endocrino, ya que ayuda a <strong>establecer el equilibrio hormonal.<\/strong><\/span><\/p>\n<p><span style=\"color: #000000;\">Mejora el <strong>bienestar mental y el estado de \u00e1nimo.<\/strong><\/span><\/p>\n<p><span style=\"color: #000000;\">Tiene una potente <strong>acci\u00f3n antioxidante.<\/strong> Junto con la L-dopa, promueve la salud cerebral y ayuda a aumentar los niveles de dopamina en el cerebro, que tambi\u00e9n se asocia con la regulaci\u00f3n del estado de \u00e1nimo y la cognici\u00f3n. Al mismo tiempo, mejora el funcionamiento del cerebro, aumenta la concentraci\u00f3n y la capacidad intelectual.<\/span><\/p>\n<p><span style=\"color: #000000;\">La tradici\u00f3n ayurv\u00e9dica tambi\u00e9n utiliza la jud\u00eda aterca para estimular positivamente la salud mental y mejorar la respuesta al estr\u00e9s.<\/span><\/p>\n<p><span style=\"color: #000000;\">Varios estudios tambi\u00e9n est\u00e1n investigando la mucuna prurens por su capacidad para <strong>reducir la glucosa en sangre<\/strong> y, por lo tanto, prevenir la diabetes.<\/span><\/p>\n<p><span style=\"color: #000000;\">La presencia de serotonina y levodopa<strong> mejora el ciclo del sue\u00f1o y la vigilia y favorece el sue\u00f1o profundo y la relajaci\u00f3n.<\/strong><\/span><\/p>\n<h2><span style=\"color: #000000;\">Almacenamiento y advertencias<\/span><\/h2>\n<p><span style=\"color: #000000;\">Almacenar en un lugar seco y fresco. \u00a1Mantener el complemento alimenticio fuera del alcance de los ni\u00f1os!<\/span><\/p>\n<p><span style=\"color: #000000;\">No olvide la importancia de una dieta variada y un estilo de vida saludable, por lo que el complemento alimenticio no sustituye una dieta equilibrada y variada. No se debe exceder la cantidad diaria recomendada. Se desaconseja su uso a mujeres embarazadas y lactantes, ya que puede afectar negativamente al \u00fatero y al feto. Tambi\u00e9n se recomienda precauci\u00f3n al tomar medicamentos para la enfermedad de Parkinson (por ejemplo, inhibidores de la MAO); en este caso, utilice el producto solo bajo supervisi\u00f3n m\u00e9dica.<\/span><\/p>\n<p><span style=\"color: #000000;\">En casos excepcionales, el producto puede provocar n\u00e1useas, v\u00f3mitos o diarrea en personas sensibles. En tal caso, se desaconseja su uso.<\/span><\/p>\n<h2><span style=\"color: #000000;\">Envase<\/span><\/h2>\n<p><span style=\"color: #000000;\">Bolsa herm\u00e9tica con cierre, donde el producto conserva toda su frescura y aroma. El envase protege de la luz y el aire, ya que est\u00e1 compuesto por varias capas de protecci\u00f3n que conservan las propiedades del contenido.<\/span><\/p>\n<p><span style=\"color: #000000;\">El envase es muy pr\u00e1ctico y se puede reciclar.<\/span><\/p>\n<h2><span style=\"color: #000000;\">Origen<\/span><\/h2>\n<p><span style=\"color: #000000;\">India<\/span><\/p>\n","protected":false},"excerpt":{"rendered":"<p align=\"JUSTIFY\">La Mucuna pruriens es una leguminosa tropical originaria de \u00c1frica y Asia tropical. En nuestro pa\u00eds tambi\u00e9n se la conoce con el nombre de frijol terciopelo.<\/p>\n<p align=\"JUSTIFY\"><span style=\"color: #000000;\">\ud83d\udc9a Es una fuente natural de L-dopa.<br \/>\n<span style=\"color: #000000;\">\ud83d\udc9a Ayuda a restablecer el equilibrio hormonal.<br \/>\n<span style=\"color: #000000;\">\ud83d\udc9a Mejora el bienestar mental y el estado de \u00e1nimo.<br \/>\n<span style=\"color: #000000;\">\ud83d\udc9a Tiene un efecto antioxidante.<\/span><\/span><\/span><\/span><\/p>\n<p align=\"JUSTIFY\">\n","protected":false},"featured_media":4291,"comment_status":"open","ping_status":"closed","template":"","meta":{"_acf_changed":false},"product_brand":[],"product_cat":[15,194,218,195,216],"product_tag":[],"class_list":{"0":"post-6491","1":"product","2":"type-product","3":"status-publish","4":"has-post-thumbnail","6":"product_cat-uncategorized","7":"product_cat-ayurveda","8":"product_cat-mas-vendidos","9":"product_cat-superalimentos","10":"product_cat-todos-los-productos","12":"first","13":"instock","14":"sale","15":"taxable","16":"shipping-taxable","17":"purchasable","18":"product-type-simple"},"acf":[],"_links":{"self":[{"href":"https:\/\/fengchashop.com\/es\/wp-json\/wp\/v2\/product\/6491","targetHints":{"allow":["GET"]}}],"collection":[{"href":"https:\/\/fengchashop.com\/es\/wp-json\/wp\/v2\/product"}],"about":[{"href":"https:\/\/fengchashop.com\/es\/wp-json\/wp\/v2\/types\/product"}],"replies":[{"embeddable":true,"href":"https:\/\/fengchashop.com\/es\/wp-json\/wp\/v2\/comments?post=6491"}],"wp:featuredmedia":[{"embeddable":true,"href":"https:\/\/fengchashop.com\/es\/wp-json\/wp\/v2\/media\/4291"}],"wp:attachment":[{"href":"https:\/\/fengchashop.com\/es\/wp-json\/wp\/v2\/media?parent=6491"}],"wp:term":[{"taxonomy":"product_brand","embeddable":true,"href":"https:\/\/fengchashop.com\/es\/wp-json\/wp\/v2\/product_brand?post=6491"},{"taxonomy":"product_cat","embeddable":true,"href":"https:\/\/fengchashop.com\/es\/wp-json\/wp\/v2\/product_cat?post=6491"},{"taxonomy":"product_tag","embeddable":true,"href":"https:\/\/fengchashop.com\/es\/wp-json\/wp\/v2\/product_tag?post=6491"}],"curies":[{"name":"wp","href":"https:\/\/api.w.org\/{rel}","templated":true}]}}