{"id":6490,"date":"2022-03-03T09:14:54","date_gmt":"2022-03-03T08:14:54","guid":{"rendered":"https:\/\/fengchashop.com\/es\/product\/pegasti-badelj-v-prahu-bio\/"},"modified":"2026-05-04T10:32:42","modified_gmt":"2026-05-04T08:32:42","slug":"cardo-mariano-en-polvo-bio","status":"publish","type":"product","link":"https:\/\/fengchashop.com\/es\/product\/cardo-mariano-en-polvo-bio\/","title":{"rendered":"Cardo mariano en polvo BIO 250 g"},"content":{"rendered":"<h2><span style=\"color: #000000;\">Cardo mariano en polvo BIO<\/span><\/h2>\n<p><span style=\"color: #000000;\">El cardo mariano (Silybum marianum) en polvo es de cultivo ecol\u00f3gico y de primera calidad.<\/span><\/p>\n<p><span style=\"color: #000000;\">El cardo mariano, tambi\u00e9n conocido como \u00abcardo de Mar\u00eda\u00bb, es una hierba conocida principalmente por sus propiedades curativas para el h\u00edgado. Ya se cultivaba en la antigua Grecia y Roma. Crece en muchas regiones de Europa y Asia.<\/span><\/p>\n<p><span style=\"color: #000000;\">El cardo mariano lo pueden tomar todas aquellas personas que deseen proteger su h\u00edgado, tengan una alimentaci\u00f3n poco saludable, acidez estomacal, otros problemas digestivos o est\u00e9n sometidas a un estr\u00e9s constante. Recordemos que todo lo que comemos y bebemos pasa por el h\u00edgado. Como filtro, elimina las sustancias t\u00f3xicas del cuerpo.<\/span><\/p>\n<p>El cardo mariano protege principalmente al h\u00edgado de las toxinas y ayuda a desintoxicarlo. Tambi\u00e9n ayuda en caso de da\u00f1os hep\u00e1ticos causados por el tratamiento de enfermedades cancerosas. La sustancia clave es la <strong>silimarina.<\/strong> Esta protege la pared celular, evitando la entrada de sustancias nocivas. La silimarina tambi\u00e9n regenera y estimula las c\u00e9lulas hep\u00e1ticas. Act\u00faa sobre las lesiones y la inflamaci\u00f3n del h\u00edgado, y tambi\u00e9n ayuda en casos de cirrosis hep\u00e1tica y hepatitis.<\/p>\n<p><span style=\"color: #000000;\">Tambi\u00e9n ayuda con los <strong>problemas digestivos, los espasmos de los \u00f3rganos internos, la prevenci\u00f3n de c\u00e1lculos biliares y acelera el flujo de bilis.<\/strong><\/span><\/p>\n<h2><span style=\"color: #000000;\">\u00bfC\u00f3mo funciona el cardo mariano?<\/span><\/h2>\n<p><span style=\"color: #000000;\">El h\u00edgado es nuestro \u00f3rgano m\u00e1s importante cuando se trata de limpiar y desintoxicar el cuerpo. En el mundo moderno, lleno de alimentos procesados y estr\u00e9s, el h\u00edgado suele estar sobrecargado de grasa, lo que, entre otras cosas, afecta negativamente a nuestra salud. El h\u00edgado no puede realizar su funci\u00f3n o lo hace con dificultad. Esto se manifiesta en forma de malestar, hinchaz\u00f3n y cansancio. A menudo tambi\u00e9n observamos una acumulaci\u00f3n excesiva de grasa alrededor de la cintura y un peso corporal excesivo. Aunque la afecci\u00f3n no presenta s\u00edntomas evidentes, puede provocar problemas y enfermedades graves.<\/span><\/p>\n<p><span style=\"color: #000000;\">Se ha demostrado que el cardo mariano ayuda a proteger el h\u00edgado y a desintoxicar el organismo.<\/span><\/p>\n<p><span style=\"color: #000000;\">Gracias a su principio activo principal (silimarina), el cardo mariano tambi\u00e9n <strong>influye en la reducci\u00f3n de los procesos oxidativos<\/strong>, ya que, debido a su acci\u00f3n antioxidante, aumenta las sustancias protectoras naturales y captura los radicales libres.<\/span><\/p>\n<h2><span style=\"color: #000000;\">\u00bfA qui\u00e9n recomendamos tomar cardo mariano en polvo?<\/span><\/h2>\n<p><span style=\"color: #000000;\">Recomendamos el cardo mariano sobre todo a aquellas personas que tienen problemas de h\u00edgado, h\u00edgado graso, hinchaz\u00f3n y pinchazos en la zona de las costillas. Tomar cardo mariano tambi\u00e9n es una excelente cura desintoxicante. La contaminaci\u00f3n ambiental, el sobrepeso o la obesidad, el consumo de alimentos procesados y grasos y de alcohol, y un estilo de vida sedentario pueden provocar h\u00edgado graso. Dado que los s\u00edntomas rara vez se manifiestan o los problemas aparecen cuando la enfermedad ya est\u00e1 avanzada, es importante tomar medidas preventivas.<\/span><\/p>\n<h2><span style=\"color: #000000;\">Almacenamiento y advertencias<\/span><\/h2>\n<p><span style=\"color: #000000;\">Almacenar en un lugar seco y fresco a una temperatura m\u00e1xima de 25 \u00b0C. Mantener el complemento alimenticio fuera del alcance de los ni\u00f1os.<\/span><\/p>\n<p><span style=\"color: #000000;\">No olvide la importancia de una dieta variada y un estilo de vida saludable, por lo que el complemento alimenticio no sustituye una dieta equilibrada y variada. No se debe exceder la dosis diaria recomendada. Se desaconseja su uso a mujeres embarazadas y lactantes. Se recomienda precauci\u00f3n al tomar ciertos medicamentos para la diabetes.<\/span><\/p>\n<h2><span style=\"color: #000000;\">Envase<\/span><\/h2>\n<p><span style=\"color: #000000;\">Bolsa herm\u00e9tica con cierre, donde el producto conserva toda su frescura y aroma. El envase protege de la luz y el aire, ya que est\u00e1 compuesto por varias capas de protecci\u00f3n que conservan las propiedades del contenido.<\/span><\/p>\n<p><span style=\"color: #000000;\">El envase es muy pr\u00e1ctico y se puede reciclar.<\/span><\/p>\n<h2><span style=\"color: #000000;\">Origen<\/span><\/h2>\n<p><span style=\"color: #000000;\">UE<\/span><\/p>\n","protected":false},"excerpt":{"rendered":"<p align=\"JUSTIFY\">El cardo mariano, tambi\u00e9n conocido como cardo de Mar\u00eda, es una hierba conocida principalmente por sus propiedades curativas para el h\u00edgado, ya que:<\/p>\n<p align=\"JUSTIFY\"><span style=\"color: #000000;\">\ud83d\udc9a protege el h\u00edgado de las toxinas,<\/span><br \/>\n<span style=\"color: #000000;\">\ud83d\udc9a ayuda a desintoxicar,<\/span><br \/>\n<span style=\"color: #000000;\">\ud83d\udc9a tiene un efecto antioxidante,<\/span><br \/>\n<span style=\"color: #000000;\">\ud83d\udc9a alivia los problemas relacionados con las enfermedades hep\u00e1ticas.<\/span><\/p>\n<p align=\"JUSTIFY\">\n","protected":false},"featured_media":4114,"comment_status":"open","ping_status":"closed","template":"","meta":{"_acf_changed":false},"product_brand":[],"product_cat":[15,194,195,216],"product_tag":[],"class_list":{"0":"post-6490","1":"product","2":"type-product","3":"status-publish","4":"has-post-thumbnail","6":"product_cat-uncategorized","7":"product_cat-ayurveda","8":"product_cat-superalimentos","9":"product_cat-todos-los-productos","11":"first","12":"instock","13":"sale","14":"taxable","15":"shipping-taxable","16":"purchasable","17":"product-type-simple"},"acf":[],"_links":{"self":[{"href":"https:\/\/fengchashop.com\/es\/wp-json\/wp\/v2\/product\/6490","targetHints":{"allow":["GET"]}}],"collection":[{"href":"https:\/\/fengchashop.com\/es\/wp-json\/wp\/v2\/product"}],"about":[{"href":"https:\/\/fengchashop.com\/es\/wp-json\/wp\/v2\/types\/product"}],"replies":[{"embeddable":true,"href":"https:\/\/fengchashop.com\/es\/wp-json\/wp\/v2\/comments?post=6490"}],"wp:featuredmedia":[{"embeddable":true,"href":"https:\/\/fengchashop.com\/es\/wp-json\/wp\/v2\/media\/4114"}],"wp:attachment":[{"href":"https:\/\/fengchashop.com\/es\/wp-json\/wp\/v2\/media?parent=6490"}],"wp:term":[{"taxonomy":"product_brand","embeddable":true,"href":"https:\/\/fengchashop.com\/es\/wp-json\/wp\/v2\/product_brand?post=6490"},{"taxonomy":"product_cat","embeddable":true,"href":"https:\/\/fengchashop.com\/es\/wp-json\/wp\/v2\/product_cat?post=6490"},{"taxonomy":"product_tag","embeddable":true,"href":"https:\/\/fengchashop.com\/es\/wp-json\/wp\/v2\/product_tag?post=6490"}],"curies":[{"name":"wp","href":"https:\/\/api.w.org\/{rel}","templated":true}]}}