{"id":6489,"date":"2022-03-03T08:56:17","date_gmt":"2022-03-03T07:56:17","guid":{"rendered":"https:\/\/fengchashop.com\/es\/product\/amla-v-prahu-bio\/"},"modified":"2026-04-07T11:47:10","modified_gmt":"2026-04-07T09:47:10","slug":"amla-en-polvo-bio","status":"publish","type":"product","link":"https:\/\/fengchashop.com\/es\/product\/amla-en-polvo-bio\/","title":{"rendered":"Amla en polvo BIO 250 g"},"content":{"rendered":"<h2><span style=\"color: #000000;\">Amla en polvo BIO<\/span><\/h2>\n<p><span style=\"color: #000000;\">La amla tambi\u00e9n se conoce con el nombre de <strong>amalaki o grosella espinosa india.<\/strong> El amla es un fruto verde similar a la grosella espinosa, con un interesante sabor agridulce. En la medicina ayurv\u00e9dica se considera <strong>el fruto de la juventud y la belleza.<\/strong> En Oriente, el amla se venera como un regalo divino para la humanidad. Se encuentra en las zonas monta\u00f1osas bajas del subcontinente indio. El fruto de la amla se seca y se muele suavemente hasta convertirlo en un polvo fino. Seg\u00fan el ayurveda, la amla equilibra las tres energ\u00edas vitales (vata, pitta y kapha).<\/span><\/p>\n<p><span style=\"color: #000000;\">El amla es extremadamente <strong>rico en vitamina C<\/strong> (aproximadamente 4 g por cada 100 g de polvo). Tambi\u00e9n contiene numerosos <strong>antioxidantes, taninos, flavonoides, l\u00edpidos, vitaminas y minerales, as\u00ed como otros aceites esenciales<\/strong>.<\/span><\/p>\n<p><span style=\"color: #000000;\">Efectos:<\/span><\/p>\n<p><span style=\"color: #000000;\">\ud83d\udc9a mejora el <strong>sistema inmunol\u00f3gico<\/strong>,<\/span><br \/>\n<span style=\"color: #000000;\">\ud83d\udc9a <strong>rejuvenece<\/strong> (efecto antienvejecimiento),<\/span><br \/>\n<span style=\"color: #000000;\">\ud83d\udc9a fortalece el <strong>sistema cardiovascular,<\/strong><\/span><br \/>\n<span style=\"color: #000000;\">\ud83d\udc9a<strong> estimula el crecimiento del cabello,<\/strong><\/span><br \/>\n<span style=\"color: #000000;\">\ud83d\udc9a limpia e <strong>hidrata la piel,<\/strong><\/span><br \/>\n<span style=\"color: #000000;\">\ud83d\udc9a<strong> mejora la digesti\u00f3n<\/strong> y act\u00faa como diur\u00e9tico suave,<\/span><br \/>\n<span style=\"color: #000000;\">\ud83d\udc9a<strong> tiene propiedades antivirales y antibacterianas<\/strong>,<br \/>\n<span style=\"color: #000000;\">\ud83d\udc9a<strong> destruye los radicales libres<\/strong>.<\/span><\/span><\/p>\n<p><span style=\"color: #000000;\">Tradicionalmente tambi\u00e9n se utiliza para <strong>tratar problemas del cuero cabelludo y la piel impura<\/strong>. Se pueden preparar pastas para el cuero cabelludo o mascarillas faciales.<br \/>\n<span style=\"color: #000000;\">Act\u00faa <strong>contra la ca\u00edda del cabello, fortalece el cuero cabelludo y, con un uso regular, puede devolver el color al cabello canoso. Se mezcla perfectamente con otros tintes naturales para el cabello.<\/strong><\/span><\/span><\/p>\n<p><span style=\"color: #000000;\">Tambi\u00e9n act\u00faa sobre la <strong>elasticidad de la piel, la limpia y previene la aparici\u00f3n de arrugas.<\/strong><\/span><\/p>\n<h2><span style=\"color: #000000;\">Almacenamiento y advertencias<\/span><\/h2>\n<p><span style=\"color: #000000;\">Almacenar en un lugar seco y fresco. \u00a1Mantener el complemento alimenticio fuera del alcance de los ni\u00f1os!<\/span><\/p>\n<p><span style=\"color: #000000;\">No olvide la importancia de una dieta variada y un estilo de vida saludable, por lo que el complemento alimenticio no sustituye a una dieta equilibrada y variada. No se debe exceder la dosis diaria recomendada. Recomendamos a las mujeres embarazadas y en periodo de lactancia que consulten siempre a su m\u00e9dico antes de utilizar este producto.<\/span><\/p>\n<h2><span style=\"color: #000000;\">Envase<\/span><\/h2>\n<p><span style=\"color: #000000;\">Bolsa herm\u00e9tica con cierre, donde el producto conserva toda su frescura y aroma. El envase protege de la luz y el aire, ya que est\u00e1 compuesto por varias capas de protecci\u00f3n que conservan las propiedades del contenido.<\/span><\/p>\n<p><span style=\"color: #000000;\">El envase es muy pr\u00e1ctico y se puede reciclar.<\/span><\/p>\n<h2><span style=\"color: #000000;\">Origen<\/span><\/h2>\n<p><span style=\"color: #000000;\">India<\/span><\/p>\n","protected":false},"excerpt":{"rendered":"<p align=\"JUSTIFY\"><span style=\"color: #000000;\">El amlo tambi\u00e9n se conoce con el nombre de amalaki o grosella espinosa india. El amla es un fruto verde similar a la grosella espinosa, con un interesante sabor agridulce. En la medicina ayurv\u00e9dica se considera el fruto de la juventud y la belleza. En Oriente, el amlo se celebra como un regalo divino para la humanidad, ya que:<\/span><\/p>\n<p align=\"JUSTIFY\"><span style=\"color: #000000;\">\ud83d\udc9a estimula el crecimiento del cabello,<\/span><br \/>\n<span style=\"color: #000000;\">\ud83d\udc9a limpia e hidrata la piel,<\/span><br \/>\n<span style=\"color: #000000;\">\ud83d\udc9a refuerza el sistema inmunol\u00f3gico,<\/span><br \/>\n<span style=\"color: #000000;\">\ud83d\udc9a rejuvenece. <\/span><\/p>\n<p align=\"JUSTIFY\">\n","protected":false},"featured_media":4136,"comment_status":"open","ping_status":"closed","template":"","meta":{"_acf_changed":false},"product_brand":[],"product_cat":[15,194,195,216],"product_tag":[],"class_list":{"0":"post-6489","1":"product","2":"type-product","3":"status-publish","4":"has-post-thumbnail","6":"product_cat-uncategorized","7":"product_cat-ayurveda","8":"product_cat-superalimentos","9":"product_cat-todos-los-productos","11":"first","12":"instock","13":"taxable","14":"shipping-taxable","15":"purchasable","16":"product-type-simple"},"acf":[],"_links":{"self":[{"href":"https:\/\/fengchashop.com\/es\/wp-json\/wp\/v2\/product\/6489","targetHints":{"allow":["GET"]}}],"collection":[{"href":"https:\/\/fengchashop.com\/es\/wp-json\/wp\/v2\/product"}],"about":[{"href":"https:\/\/fengchashop.com\/es\/wp-json\/wp\/v2\/types\/product"}],"replies":[{"embeddable":true,"href":"https:\/\/fengchashop.com\/es\/wp-json\/wp\/v2\/comments?post=6489"}],"wp:featuredmedia":[{"embeddable":true,"href":"https:\/\/fengchashop.com\/es\/wp-json\/wp\/v2\/media\/4136"}],"wp:attachment":[{"href":"https:\/\/fengchashop.com\/es\/wp-json\/wp\/v2\/media?parent=6489"}],"wp:term":[{"taxonomy":"product_brand","embeddable":true,"href":"https:\/\/fengchashop.com\/es\/wp-json\/wp\/v2\/product_brand?post=6489"},{"taxonomy":"product_cat","embeddable":true,"href":"https:\/\/fengchashop.com\/es\/wp-json\/wp\/v2\/product_cat?post=6489"},{"taxonomy":"product_tag","embeddable":true,"href":"https:\/\/fengchashop.com\/es\/wp-json\/wp\/v2\/product_tag?post=6489"}],"curies":[{"name":"wp","href":"https:\/\/api.w.org\/{rel}","templated":true}]}}